{"id":916,"date":"2023-10-16T08:35:55","date_gmt":"2023-10-16T08:35:55","guid":{"rendered":"https:\/\/ntnui.no\/volleyball\/?page_id=916"},"modified":"2024-03-06T11:07:11","modified_gmt":"2024-03-06T11:07:11","slug":"aeresmedlem-ntnui-volleyball","status":"publish","type":"page","link":"https:\/\/ntnui.no\/volleyball\/aeresmedlem-ntnui-volleyball\/","title":{"rendered":"\u00c6resmedlem NTNUI Volleyball"},"content":{"rendered":"\n<figure class=\"wp-block-image size-large\"><img loading=\"lazy\" decoding=\"async\" width=\"1230\" height=\"650\" src=\"https:\/\/ntnui.no\/volleyball\/wp-content\/uploads\/sites\/296\/2023\/10\/Skjermbilde-2023-10-16-kl.-10.34.00.png\" alt=\"\" class=\"wp-image-917\" \/><\/figure>\n\n\n\n<p>NTNUI Volleyball begynte med \u00e6resmedlemskap i sesongen 22\/23, for \u00e5 gi en ekstra takk til de som gj\u00f8r en ekstraordin\u00e6r innsats for klubben. Grunnlaget for \u00e5 bli \u00e6resmedlem er:<\/p>\n\n\n\n<ul class=\"wp-block-list\"><li>Ekstraordin\u00e6r innsats til klubben gjennom administrativt arbeid, eller bidrag til andre oppgaver utover det som naturlig forventes<\/li><li>Sportslige resultater som representant for NTNUI<\/li><li>Gode holdninger og generelt bidrag til klubben som forbilder for andre i gruppa<\/li><\/ul>\n\n\n\n<p><em>(m\u00e5 ikke blandes med NTNUI sin ridderordning)<\/em><\/p>\n\n\n\n<p><\/p>\n\n\n\n<p><strong>Oda Margrethe Skaug<\/strong><\/p>\n\n\n\n<p>I tillegg til \u00e5 ha v\u00e6rt en sentral spiller p\u00e5 klubbens lag i 1. divisjon og elite de siste sesongene, har Oda ogs\u00e5 levert ekstremt gode resultater i sanden, og toppet det hele i sommer med seier under NT Lofoten.<\/p>\n\n\n\n<p>I tillegg til \u00e5 v\u00e6re et forbilde p\u00e5 banen, er Oda ogs\u00e5 et forbilde av banen, og blir av sine medspillere omtalt som en inkluderende, og trygg spiller som tar ansvar for at nye spillere p\u00e5 laget skal trives.<\/p>\n\n\n\n<p>Utover arbeidet Oda gj\u00f8r som spiller, var hun i l\u00f8pet av sesongen 21\/22 en kritisk brikke for driften av NTNUI volleyball. Oda tok p\u00e5 seg masse ansvar, ogs\u00e5 utover det som var forventet av hennes rolle. Oda var med p\u00e5 \u00e5 sette standarden for hvordan NTNUI volleyball skal driftes, og hennes arbeid vil sette preg p\u00e5 gruppen i lang tid fremover.<\/p>\n\n\n\n<p><\/p>\n\n\n\n<p><strong>Astrid Vangdal<\/strong><\/p>\n\n\n\n<p>Til tross for at Astrid i sesongen 22\/23 var uheldig og fikk sesongen \u00f8delagt p\u00e5 grunn av skade stiller hun alltid opp for laget sitt. Hun bidrar i hallen og heier, og st\u00f8tter opp rundt laget sitt i st\u00f8rre grad enn forventningen til en skadet spiller.<\/p>\n\n\n\n<p>Under sesongen 21\/22 var Astrid ogs\u00e5 et viktig medlem i NTNUI volleyball med bakgrunn i hennes innsats i volleyballstyret og som trener for H2B. Som informasjonsansvarlig i styret var Astrid viktig for \u00e5 lage nye rutiner for bruk av gruppens sosiale medier, og var et viktig medlem for ellers drift i gruppen. Som trener var hun en viktig medvirker til at H2B til slutt klarte \u00e5 sikre plassen i serien, og en som s\u00e5 alle spillere p\u00e5 laget.<\/p>\n\n\n\n<p>Utover dette er Astrid en spiller nye spillere fort f\u00e5r kjennskap til basert p\u00e5 hennes tilstedev\u00e6relse i hallen, og alltid im\u00f8tekommende holdning som gj\u00f8r at vi ser p\u00e5 henne som et fantastisk forbilde.<\/p>\n\n\n\n<p><\/p>\n\n\n\n<p><strong>Olav Str\u00f8mmen Jevne<\/strong><\/p>\n\n\n\n<p>Olav over har flere sesonger v\u00e6rt sentral for at mosjons\u00f8ktene til NTNUI volleyball har bygget seg opp til \u00e5 bli en av de mest popul\u00e6re mosjons\u00f8ktene til NTNUI. I tillegg til dette har det kommet uoppfordrede tilbakemeldinger om at Olav er avgj\u00f8rende for \u00e5 gj\u00f8re mosjons\u00f8ktene til ukas h\u00f8ydepunkt.<\/p>\n\n\n\n<p>I tillegg har Olav de siste sesongene v\u00e6rt en trener som har vist god kompetanse og dedikasjon. Han f\u00e5r gode tilbakemeldinger fra guttene han er trener for, om at gj\u00f8r en utrolig god jobb som trener. Olav er ogs\u00e5 en trener som alltid stiller opp i tilfellet der andre lag mangler trener, enten om det er \u00e5 stille opp som trener p\u00e5 kamp eller p\u00e5 trening. Olav stiller opp p\u00e5 kort tid, og med samme dedikasjon uansett om det er sitt eget lag eller noen andre.<\/p>\n\n\n\n<p>Olav er en sentral skikkelse i NTNUI volleyball, og er god p\u00e5 \u00e5 inkludere nye spillere.<\/p>\n\n\n\n<p><\/p>\n\n\n\n<p><strong>Hallvard og Lo\u00efc<\/strong><\/p>\n\n\n\n<p>Hallvard og Loic har over flere sesonger v\u00e6rt trenere for flere av klubbens damelag i 3. divisjon, og er beskrevet som de som alltid gj\u00f8r det litte ekstra. De er klubbens eneste trenere som stiller opp p\u00e5 kamp i dress, alternativ ogs\u00e5 helrosa joggedress. Guttene er alltid tidlig ute til \u00e5 gi ekstra tilbud til sine spillere som ekstra treninger, b\u00e5de alene og med andre lag.<\/p>\n\n\n\n<p>I tillegg til dette er Hallvard og Lo\u00efc alltid fleksible til \u00e5 stille opp for andre lag, og her ogs\u00e5 strekker de seg det lille ekstra. N\u00e5r de skal v\u00e6re trenere for andre lag stiller de gjerne opp p\u00e5 treninger tidligere for \u00e5 f\u00e5 oversikt over hvordan laget fungerer. Og de stiller alltid opp n\u00e5r gruppen trenger det.<\/p>\n\n\n\n<p>Gutta sin holdning til \u00e5 alltid stille opp, og \u00e5 alltid gj\u00f8re det lille ekstra er grunnen for at de har blitt en elsket trenerduo, og et forbilde for resten av klubben.<\/p>\n\n\n\n<p><\/p>\n\n\n\n<p><strong>Sigurd Fest\u00f8y<\/strong><\/p>\n\n\n\n<p>Daljekomiteen ved NTNUI volleyball 2023 \u00f8nsker \u00e5 gj\u00f8re SIgurd Van Djik Fest\u00f8y til \u00e6resmedlemmer av NTNUI volleyball basert p\u00e5 hans ekstraordin\u00e6re innsats p\u00e5 herrenes elitelag.<\/p>\n\n\n\n<p>I \u00e5r etter \u00e5r har Sigurd prestert for klubben. Hans mest markante rolle har v\u00e6rt \u00e5 lede ved eksempel, b\u00e5de i kamp og p\u00e5 treningsfeltet. Sigurds dedikasjon til laget, klubben og sporten har v\u00e6rt eksemplarisk, og han fremst\u00e5r som et gjennomf\u00f8rt forbilde for medspillere, motstandere og resten av klubben.<\/p>\n\n\n\n<p>F\u00f8r \u00e5rets sesongstart har Sigurd registrert over 1300 angrepspoeng p\u00e5 toppniv\u00e5 for NTNUI, samt i underkant av 100 blokk-og 100 servepoeng. Noe som har f\u00f8rt til flere sesonger som st\u00f8rste poengplukker i ligaen, og flere sesonger som ligaens beste spiller i sin posisjon.<\/p>\n\n\n\n<p>I l\u00f8pet av mange \u00e5r med 100% fokus p\u00e5 sine oppgaver, p\u00e5 og utenfor banen, har Sigurd blitt klubbens trolig tydeligste ansikt utad i Mizunoligaen. Uten Sigurd hadde ikke NTNUI H-elite hatt den posisjonen de har i dag.<\/p>\n\n\n\n<p><\/p>\n\n\n\n<p><strong>Kathinka Lund<\/strong><\/p>\n\n\n\n<p>Daljekomiteen ved NTNUI volleyball 2023 \u00f8nsker \u00e5 gj\u00f8re Kathinka Lund til \u00e6resmedlem i NTNUI volleyball basert p\u00e5 hennes ekstraordin\u00e6re innsats for klubben og for hennes fremtredene rolle som klubbens ansikt utad gjennom to \u00e5r.<\/p>\n\n\n\n<p>Kathinka er p\u00e5 sitt andre \u00e5r som leder og har gjort en formidabel innsats med \u00e5 lede NTNUI Volleyball ved \u00e5 v\u00e6re forst\u00e5elsesfull, tydelig, inkluderende og l\u00f8sningsorientert. I tillegg representerer hun NTNUI Volleyball godt gjennom NVBF sitt prosjekt \u201cVi leder sammen\u201d. Denne sesongen har det ikke v\u00e6rt nok med dette, men hun har ogs\u00e5 tatt p\u00e5 seg \u00e5 v\u00e6re trener for NTNUI Volleyball sitt 1.Divisjonslag hvor hun gj\u00f8r en god figur.<\/p>\n\n\n\n<p>Kathinka var i l\u00f8pet av sesongen 21\/22 en p\u00e5driver for \u00e5 starte opp med veldedighetshelg og har v\u00e6rt ansvarlig for gjennomf\u00f8ringen av arrangementet hvert \u00e5r siden. Kathinkas bidrag gikk langt utover det som var forventet av hennes rolle som kasserer i styret, og hun var en viktig brikke for driften av NTNUI Volleyball den sesongen.<\/p>\n\n\n\n<p>Kathinkas lederskap, tilstedev\u00e6relse og engasjement gjennom hennes \u00e5r i klubben har v\u00e6rt med p\u00e5 \u00e5 sette standarden for hvordan NTNUI volleyball skal driftes, og hennes arbeid vil sette preg p\u00e5 gruppen i lang tid fremover.<\/p>\n\n\n\n<p><\/p>\n\n\n\n<p><strong>Karoline Ruud Dahlen<\/strong><\/p>\n\n\n\n<p>Daljekomiteen ved NTNUI volleyball 2023 \u00f8nsker \u00e5 gj\u00f8re Karoline Ruud Dahlen til \u00e6resmedlem i NTNUI volleyball basert p\u00e5 hennes ekstraordin\u00e6r innsats p\u00e5 og utenfor banen.<\/p>\n\n\n\n<p>Siden Karoline startet i klubben i 2018 har hun vist et genuint engasjement for klubben. At hun dette \u00e5ret ble igjen i Trondheim for \u00e5 kunne v\u00e6re lengre i NTNUI, viser en lojalitet som vi er veldig takknemlige for. Det hun har gitt tilbake til klubben de siste \u00e5rene som trener, 1.div spiller og nestleder m\u00e5 hedres.<\/p>\n\n\n\n<p>Karoline er i sitt andre \u00e5r som nestleder i NTNUI volleyball, der hun er en viktig brikke i drifta av gruppen. Den jobben hun har gjort og gj\u00f8r bak i kulissene som nestleder er \u00e5 se opp til. Hun stiller alltid opp og har alltid et \u00f8nske om \u00e5 hjelpe andre, uansett om det ikke er hennes arbeidsoppgaver.<\/p>\n\n\n\n<p>H2B har v\u00e6rt s\u00e5 heldige av \u00e5 ha Karoline som trener i tre \u00e5r p\u00e5 rad. Det \u00e5 se alle sine spillere er noe som kjennetegner Karoline som trener. Hun stiller alltid opp p\u00e5 treninger og kamper, samme hvor mye hun har \u00e5 gj\u00f8re. I tillegg blir det brennende NTNUI-engasjementet hennes smittet over til spillerne, og alle andre i klubben.<\/p>\n\n\n\n<p><\/p>\n\n\n\n<p><strong>Roar Munkeby Fenne<\/strong><\/p>\n\n\n\n<p>Daljekomiteen ved NTNUI volleyball 2023 \u00f8nsker \u00e5 gj\u00f8re Roar Munkeby Fenne til \u00e6resmedlem i NTNUI volleyball basert p\u00e5 hans ekstraordin\u00e6re innsats over flere \u00e5r som spiller, trener og godgutt i gr\u00f8nt, gult og svart.<\/p>\n\n\n\n<p>Roar har i en \u00e5rrekke v\u00e6rt et kjent fjes i NTNUI Volleyball. Hans vinnende vesen, im\u00f8tekommenhet og effektive innsats for klubben er et kj\u00e6rtegn vi alle setter pris p\u00e5. Med mange \u00e5r som trener, flere \u00e5r som spiller, og alle \u00e5r som godgutt, er det ingen tvil om hva Roar tilf\u00f8rer klubben.<\/p>\n\n\n\n<p>Hans f\u00f8rste sesong var helt tilbake i det herrens \u00e5r to tusen og fjorten \u2013 den gang han var ung og sprek. I dag er han derimot formet til en utpr\u00f8vd og respektert trener, samt en erfaringsrik, moden og verdsatt spiller.<\/p>\n\n\n\n<p>I l\u00f8pet av \u00e5rene har han ikke bare spilt og trent for klubben, men ogs\u00e5 tatt ansvar i sosiale sammenhenger, p\u00e5 treningsleir og for laget. Som en bestefar i andredivisjon har Roar blitt en prominent skikkelse i klubben som er flink til \u00e5 inkludere b\u00e5de nye og gamle spillere.<\/p>\n","protected":false},"excerpt":{"rendered":"<p>NTNUI Volleyball begynte med \u00e6resmedlemskap i sesongen 22\/23, for \u00e5 gi en ekstra takk til de som gj\u00f8r en ekstraordin\u00e6r innsats for klubben. Grunnlaget for \u00e5 bli \u00e6resmedlem er: Ekstraordin\u00e6r innsats til klubben gjennom administrativt arbeid, eller bidrag til andre oppgaver utover det som naturlig forventes Sportslige resultater som representant for NTNUI Gode holdninger og [&hellip;]<\/p>\n","protected":false},"author":500,"featured_media":917,"parent":0,"menu_order":0,"comment_status":"closed","ping_status":"closed","template":"","meta":{"_coblocks_attr":"","_coblocks_dimensions":"","_coblocks_responsive_height":"","_coblocks_accordion_ie_support":"","_price":"","_stock":"","_tribe_ticket_header":"","_tribe_default_ticket_provider":"","_tribe_ticket_capacity":"0","_ticket_start_date":"","_ticket_end_date":"","_tribe_ticket_show_description":"","_tribe_ticket_show_not_going":false,"_tribe_ticket_use_global_stock":"","_tribe_ticket_global_stock_level":"","_global_stock_mode":"","_global_stock_cap":"","_tribe_rsvp_for_event":"","_tribe_ticket_going_count":"","_tribe_ticket_not_going_count":"","_tribe_tickets_list":[],"_tribe_ticket_has_attendee_info_fields":false,"footnotes":""},"class_list":["post-916","page","type-page","status-publish","has-post-thumbnail","hentry"],"featured_image_src":"https:\/\/ntnui.no\/volleyball\/wp-content\/uploads\/sites\/296\/2023\/10\/Skjermbilde-2023-10-16-kl.-10.34.00.png","featured_image_src_square":"https:\/\/ntnui.no\/volleyball\/wp-content\/uploads\/sites\/296\/2023\/10\/Skjermbilde-2023-10-16-kl.-10.34.00.png","_links":{"self":[{"href":"https:\/\/ntnui.no\/volleyball\/wp-json\/wp\/v2\/pages\/916","targetHints":{"allow":["GET"]}}],"collection":[{"href":"https:\/\/ntnui.no\/volleyball\/wp-json\/wp\/v2\/pages"}],"about":[{"href":"https:\/\/ntnui.no\/volleyball\/wp-json\/wp\/v2\/types\/page"}],"author":[{"embeddable":true,"href":"https:\/\/ntnui.no\/volleyball\/wp-json\/wp\/v2\/users\/500"}],"replies":[{"embeddable":true,"href":"https:\/\/ntnui.no\/volleyball\/wp-json\/wp\/v2\/comments?post=916"}],"version-history":[{"count":3,"href":"https:\/\/ntnui.no\/volleyball\/wp-json\/wp\/v2\/pages\/916\/revisions"}],"predecessor-version":[{"id":958,"href":"https:\/\/ntnui.no\/volleyball\/wp-json\/wp\/v2\/pages\/916\/revisions\/958"}],"wp:featuredmedia":[{"embeddable":true,"href":"https:\/\/ntnui.no\/volleyball\/wp-json\/wp\/v2\/media\/917"}],"wp:attachment":[{"href":"https:\/\/ntnui.no\/volleyball\/wp-json\/wp\/v2\/media?parent=916"}],"curies":[{"name":"wp","href":"https:\/\/api.w.org\/{rel}","templated":true}]}}