{"id":865,"date":"2023-09-28T11:24:44","date_gmt":"2023-09-28T11:24:44","guid":{"rendered":"https:\/\/ntnui.no\/volleyball\/?page_id=865"},"modified":"2024-10-19T07:28:14","modified_gmt":"2024-10-19T07:28:14","slug":"arrangementshandbok","status":"publish","type":"page","link":"https:\/\/ntnui.no\/volleyball\/arrangementshandbok\/","title":{"rendered":"Arrangementsh\u00e5ndbok"},"content":{"rendered":"\n<figure class=\"wp-block-pullquote\"><blockquote><p>NTNUI Volleyball &#8211; Kamper i \u00f8vre divisjoner<\/p><cite>6.versjon&nbsp;<br>Volleyballstyret<br><em>Sist oppdatert &#8211; 28.09.2023<\/em><\/cite><\/blockquote><\/figure>\n\n\n\n<h2 class=\"wp-block-heading\">1 Innledning&nbsp;<\/h2>\n\n\n\n<p>Intensjonen med denne h\u00e5ndboka er \u00e5 gj\u00f8re det mer oversiktlig hva som er den enkeltes arbeidsoppgave ved funking av v\u00e5re arrangementer i Dragvollhallen. I l\u00f8pet av en sesong arrangerer vi omtrent 30 seriekamper, som krever en del dugnad. Erfaringsmessig er det mange som er litt uklare p\u00e5 hva som er deres oppgaver, s\u00e5 m\u00e5let med dette skrivet er \u00e5 gj\u00f8re det lettere \u00e5 funke. Sp\u00f8rsm\u00e5l om funking eller denne h\u00e5ndboka kan rettes til arrangementsansvarlig i NTNUI Volleyball p\u00e5 mail: volleyball-arrangement@ntnui.no. <\/p>\n\n\n\n<p>Dette dokumentet er en revidert versjon av den originale arrangementsh\u00e5ndboka skrevet av Vegard Buset i 2017.&nbsp;<\/p>\n\n\n\n<h2 class=\"wp-block-heading\">2 Til deg som er kampansvarlig<\/h2>\n\n\n\n<p>Det vil alltid v\u00e6re en fra styret som er kampansvarlig. Hvem dette er skal det bli gitt informasjon om til dugnadsansvarlige i forkant av funking.&nbsp; Alle skal komme en time f\u00f8r kampstart, inkludert deg, og det er derfor greit \u00e5 benytte seg av den gode tiden du har. Sjekk at alt fungerer, som mikrofon osv, slik at dette ikke sjekkes noen minutter f\u00f8r kampstart, og eventuelt risikerer \u00e5 utsette kampstart. F\u00e5 hjelp til det som eventuelt ikke fungerer som det skal i god tid, slik at kampene kan starte etter planen.<\/p>\n\n\n\n<p>Som kampansvarlig er det viktig at du kan de forskjellige rollene og kan hjelpe lag med funking. Du blir den personen alle kontakter dersom det er noe som ikke fungerer som det skal, dersom noen lurer p\u00e5 noe, og dersom noe mangler. Derfor vil det l\u00f8nne seg \u00e5 ha forberedt seg godt. Her kommer en liste med ting du som kampansvarlig b\u00f8r tenke p\u00e5 f\u00f8r du har dratt til hallen.&nbsp;<\/p>\n\n\n\n<ul class=\"wp-block-list\"><li>Husk \u00e5 skrive ut 2x logoene til lagene som skal spille. Heng opp en p\u00e5 d\u00f8ra til garderoben som vises ut i hallen, og en p\u00e5 d\u00f8ra som vises ut i gangen bak, slik at det ikke blir misforst\u00e5elser om hvem som skal ha hvilken garderobe.<\/li><li>Husk \u00e5 skrive ut alt i mappen: Til deg som er kampansvarlig<\/li><li>Det er tekniske problemer med den digitale klokka p\u00e5 veggen, s\u00e5 dersom den blir brukt i hall-b, m\u00e5 to stykker sitte med poengscore i hallen (en p\u00e5 siden til sekretariat, og en p\u00e5 motsatt side ved skilleveggen, slik at tribunen og stream ser resultatet tydelig).&nbsp;<\/li><li>Husk \u00e5 tenke slik som bortelaget tenker. \u201cHva er det fint om arrang\u00f8ren har fikset f\u00f8r du kommer, og hva forventer du at arrang\u00f8ren har fikset?\u201d For det er n\u00e5 du som er arrang\u00f8r.<\/li><li>Er det helt krise, og du ikke f\u00e5r tak i kampansvarlig, ta kontakt med Vegard Buset, Eirik Palm, Magnus Rodahl eller Vebj\u00f8rn Jokstad for hjelp, alle har god kontroll p\u00e5 det meste og har arrangert et par kamper tidligere. Bedre \u00e5 sp\u00f8rre de om et par ting for mye, enn en ting for lite. Alle vil bare at serierunden skal v\u00e6re s\u00e5 bra som overhodet mulig, s\u00e5 sp\u00f8r om det du lurer p\u00e5.&nbsp;<\/li><li>Funkelagene blir p\u00e5minnet dugnad dagen f\u00f8r kamp, s\u00e5 her regner jeg med at 99% stiller opp til dugnad, s\u00e5 dette slipper dere tenke p\u00e5. Dra p\u00e5 deg den gule genseren og ta med litt godt hum\u00f8r, s\u00e5 g\u00e5r det nok veldig bra!<\/li><\/ul>\n\n\n\n<h2 class=\"wp-block-heading\">3 I forkant av arrangementet&nbsp;<\/h2>\n\n\n\n<p>For at vi skal unng\u00e5 at lag glemmer \u00e5 m\u00f8te til funking, har laget som spiller selv ansvar for \u00e5 minne funkelagene p\u00e5 funking. Dette skal gj\u00f8res senest 4 dager f\u00f8r kamp ved \u00e5 sende mail til dugnadsansvarlig p\u00e5 de respektive funke lagene. SoMe-ansvarlig p\u00e5 laget som spiller, har ansvar for \u00e5 lage facebook arrangement i regi av NTNUI Volleyball, omtrent en uke f\u00f8r kamp.&nbsp;<\/p>\n\n\n\n<h2 class=\"wp-block-heading\">4 Rollefordeling&nbsp;<\/h2>\n\n\n\n<p>Denne sesongen vil det v\u00e6re tre lag som funker hver hjemmekamp, og arbeidsoppgavene til de tre funkelaga er som f\u00f8lger:&nbsp;<\/p>\n\n\n\n<p><strong>A:<\/strong> DataVolley, Escore, Speaker\/Musikk, Streamingteknikker\/Takball-registrering, (+1 kommentator).<br><strong>B:<\/strong> Poengtavle, Kiosk x2, Mopper, (+1 kommentator). En av disse baker ogs\u00e5 kake.<br><strong>C:<\/strong> Fire balltrillere. En av disse baker ogs\u00e5 kake (NB: Kun ved f\u00f8rste kamp)&nbsp;<\/p>\n\n\n\n<p>Dette betyr at alle funkelag stiller med 4 personer i hallen. Oppm\u00f8te for alle funkelag er 60 min f\u00f8r kampstart! Funkelag B stiller med en kake. Funkelag C stiller med en kake dersom de funker f\u00f8rste kampen den dagen. Ved <em>n<\/em> kamper gir dette <em>n + 1<\/em> kaker. Les mer om hva de ulike oppgavene inneb\u00e6rer i kapittel 7-12.&nbsp;<\/p>\n\n\n\n<p>Ved serierunder der det spilles b\u00e5de herre og damekamp, er funkelag B ansvarlige for \u00e5 stille nettet mellom kampene.&nbsp;<\/p>\n\n\n\n<h2 class=\"wp-block-heading\">5 Kommentator<\/h2>\n\n\n\n<p>Funkelag A og B stiller med en kommentator hver til elitekamper, de gangene det ikke stiller noen fra kommentatorgruppa. Det er et krav fra TV2 med kommentatorer, og det m\u00e5 derfor f\u00f8lges.&nbsp;<\/p>\n\n\n\n<p>Vi \u00f8nsker selvf\u00f8lgelig at kommentatorgruppa tar alle kampene, men dersom det ikke er mulig vil funkelag A og B stille med en kommentator hver. Om de ikke trenger \u00e5 stille, vil dette bli gitt beskjed om.<\/p>\n\n\n\n<h3 class=\"wp-block-heading\">5.1 Hvordan skal det kommenteres under kamp<\/h3>\n\n\n\n<p>Det kan v\u00e6re greit \u00e5 huske p\u00e5 f\u00f8lgende:<br>Sp\u00f8r deg selv, n\u00e5r du har sett sportsarrangementer p\u00e5 tv med kommentatorer, hva er det de gj\u00f8r bra? Hva kan jeg ta med meg n\u00e5r jeg skal kommentere. Alle har sett sport p\u00e5 tv, slik at man har et grunnlag. Det trenger ikke v\u00e6re volleyball, men det er klart at det hjelper \u00e5 ha sett litt av det ogs\u00e5.&nbsp;<\/p>\n\n\n\n<ul class=\"wp-block-list\"><li>V\u00e6r forberedt. Se gjennom laglister og les stats fra tidligere kamper som et minimum.<\/li><li>V\u00e6r engasjert for spillet, ikke laget.<\/li><li>Bruk sunn fornuft<\/li><li>Sp\u00f8r deg selv, hva \u00f8nsker jeg \u00e5 vite hvis jeg ser p\u00e5 en kamp p\u00e5 tv.&nbsp;<\/li><li>Det gj\u00f8r ingenting om man sier feil av og til. T\u00f8r og drite deg litt ut, hva er det verste som kan skje?<\/li><li>Gj\u00f8r ditt beste og ha det g\u00f8y!<\/li><\/ul>\n\n\n\n<p>Pr\u00f8v \u00e5 innfri det du selv hadde forventet av en kommentator, hvis du satt hjemme og s\u00e5 kamp p\u00e5 tv.&nbsp;<\/p>\n\n\n\n<p>Et par konkrete ting som er greit \u00e5 ha med seg som man kan si litt om:<\/p>\n\n\n\n<ul class=\"wp-block-list\"><li>Hvilke lag spiller<\/li><li>Form<\/li><li>Skader<\/li><li>N\u00f8kkelspillere<\/li><li>Tabellsituasjon<\/li><li>Tidligere oppgj\u00f8r<\/li><\/ul>\n\n\n\n<h2 class=\"wp-block-heading\">6 Opprigg&nbsp;<\/h2>\n\n\n\n<p>Laget som spiller st\u00e5r selv ansvarlig for rigging. Det vil si:&nbsp;<\/p>\n\n\n\n<p>\u2022 Oppsett av nett og dommerstol i rett h\u00f8yde.&nbsp;<\/p>\n\n\n\n<p>\u2022 B\u00e6re ned stoler. 9 stoler p\u00e5 hver benk, og fire til sekretariatet.<\/p>\n\n\n\n<p>\u2022 Hent vant\/gjerde som er i lille gymsalen p\u00e5 tribunen om vante blir brukt.&nbsp;<\/p>\n\n\n\n<p>\u2022 Henge opp eventuelle reklameplakater (Gjelder Mizunoligaen).&nbsp;<\/p>\n\n\n\n<p>\u2022 Hente bord til sekretariat.&nbsp;<\/p>\n\n\n\n<p>\u2022 Lage til utstyr for musikkansvarlig, speaker, statistikkf\u00f8rer, m.m.&nbsp;<\/p>\n\n\n\n<p><em>\u2022 <\/em>Hente oppstillingslapper, poengtavle og baller i skapet.&nbsp;<\/p>\n\n\n\n<p><em>\u2022 <\/em>Polstre nettstolper og dommerstol.&nbsp;<\/p>\n\n\n\n<p><em>\u2022 <\/em>Rigge til stream og kommentatorboks. Instrukser finner dere i klubbh\u00e5ndboka. Eller <a href=\"https:\/\/docs.google.com\/document\/d\/17rfVdYU_5Ir2Th8yFz1551lo7u9m1ePuguLnzmtV7LQ\/edit#\">HER<\/a>!&nbsp;<\/p>\n\n\n\n<p>Alt dette skal v\u00e6re gjort senest 60 minutter f\u00f8r kampstart. Laget skal f\u00e5 tid til \u00e5 varme opp og forberede seg til kamp, og skal slippe \u00e5 bidra med noe den siste timen. Laget st\u00e5r fritt til \u00e5 bestemme n\u00e5r de vil rigge, bare det blir gjort i tide.&nbsp;<\/p>\n\n\n\n<h2 class=\"wp-block-heading\">7 Hvordan det skal rigges&nbsp;<\/h2>\n\n\n\n<p>Vant p\u00e5 begge kortsider og p\u00e5 langsiden borte fra benkene. Vantene skal minst tre meter fra sidelinjen og sju meter fra baklinjen. <strong>Ni stoler<\/strong> av samme farge utgj\u00f8r en \u201clagbenk\u201d. Stolen n\u00e6rmest nettet skal starte ved tremeter linjen. <strong>Innbytterskiltene<\/strong> skal mellom f\u00f8rste og andre stol p\u00e5 benken. Sekretariatsbordet skal ha plass til tre personer. Det skal v\u00e6re fire stoler, to mopper og to h\u00e5ndkl\u00e6r ved bordet. Mopper ligger p\u00e5 vaskerommet (den hvite d\u00f8ra n\u00e6rmest trappa), h\u00e5ndkl\u00e6r i skapet. To bord til bak sekretariats bordet. Ett til speaker\/DJ, ett til dommerobservat\u00f8r og\/eller media. Rigg opp musikkanlegg bak sekretariatet. Vend h\u00f8yttalerne opp mot publikum. Nettstolpene polstres. Fire kampballer hentes fra lageret og settes p\u00e5 bordet i sekretariatet. Dommerstol rigges opp med matter som polstrer nederste del av stolpen, og en vektskive legges opp\u00e5 dommerstolen for stabilitet. Bord for DataVolley\/statistikk rigges til bak vantene p\u00e5 den ene kortsiden. Ett bord, to stoler. Roll-ups og NTNUI-flagg monteres\/festes bak f\u00f8rstedommer, slik at de er godt synlige fra tribunen. Oppstillingslapper, PC, lader, og penner legges p\u00e5 sekretariatsbordet i god tid f\u00f8r kampstart. Funksjon\u00e6rer tar p\u00e5 hvite overdeler som ligger i volleyballskapet. En ferdig rigget hall skal se omtrent ut som vist p\u00e5 figur 1.&nbsp;<\/p>\n\n\n\n<figure class=\"wp-block-image\"><img decoding=\"async\" src=\"https:\/\/lh3.googleusercontent.com\/a8bJlP7F_r16eQrA-I8i-k-9gnGjrn1UVqxGOaoBcMHL3Q-FYKpXIyCLnMGFs_L1CJKhMK25q_5DdnKCk4YeTADWDBWOiY7Cm0qK5b6TnjiXpBYHc59wrgMESEitY0QgW8no80LbqFpg5B8\" alt=\"\" \/><\/figure>\n\n\n\n<p>Figur 1: Slik skal det se ut n\u00e5r alt er p\u00e5 plass.&nbsp;<\/p>\n\n\n\n<h3 class=\"wp-block-heading\">7.1 Scoreboard<\/h3>\n\n\n\n<p>Hentes OG leveres med ledning i SIT-resepsjonen. For \u00e5 koble til scoreboardet, m\u00e5 du g\u00e5 mot garasjen (under tribuna). N\u00e5r du st\u00e5r i \u00e5pningen av garasjen, s\u00e5 er det en rad med stikkontakter p\u00e5 h\u00f8yre side. P\u00e5 undersiden av den raden finner du inngangen til den svarte ledningen som g\u00e5r fra scoreboardet og til kontakten opp til veggen. Den svarte ledningen ser ut som en type nettverkskabel.&nbsp;<\/p>\n\n\n\n<h2 class=\"wp-block-heading\">8 Sekretariat&nbsp;<\/h2>\n\n\n\n<h3 class=\"wp-block-heading\">8.1 Escoresheet&nbsp;<\/h3>\n\n\n\n<p>Escoresheet f\u00f8res p\u00e5 datamaskin. Maskinen ligger oppe p\u00e5 lageret. Passordet til maskinen er oppgitt. Man bruker appen Escoresheet NVBF, som ligger p\u00e5 skrivebordet til maskinen. Selve f\u00f8ringen av kampskjema skal v\u00e6re idiotsikkert. En god sekret\u00e6r jobber selvstendig og effektivt, men det er viktig \u00e5 gi beskjed til 2.dommer med en gang dersom du mistenker at noe er feil.&nbsp;<\/p>\n\n\n\n<h3 class=\"wp-block-heading\">8.2 Datavolley&nbsp;<\/h3>\n\n\n\n<p>DataVolley er et statistikkprogram som skal f\u00f8res p\u00e5 alle kamper i \u00f8vre divisjoner. Dette er kanskje den mest krevende oppgaven da man m\u00e5 ha god volleyballkunnskap og -forst\u00e5else. Man m\u00e5 ogs\u00e5 forberede seg p\u00e5 forh\u00e5nd da man m\u00e5 jobbe raskt og effektivt. \u00d8velse gj\u00f8r mester, ingen f\u00e5r det til perfekt f\u00f8rste gang! I starten kan det v\u00e6re lurt \u00e5 ha noen ved siden av seg som snakker flytende datavolleyspr\u00e5k som hjelper til. NB: Den som f\u00f8rer DataVolley m\u00e5 ha med egen datamaskin!&nbsp;<\/p>\n\n\n\n<h3 class=\"wp-block-heading\">8.3 Poengtavle&nbsp;<\/h3>\n\n\n\n<p>En person har ansvar for \u00e5 flippe poeng. Poengflipping er enkelt; F\u00f8lg med p\u00e5 kampen hele tiden, gi poeng p\u00e5 riktig side, og dobbeltsjekk med jevne mellomrom med f\u00f8rer av Escoresheet at dere er p\u00e5 samme stilling.&nbsp;<\/p>\n\n\n\n<h2 class=\"wp-block-heading\">9 Balltrillere&nbsp;<\/h2>\n\n\n\n<p>Hver kamp skal ha fire balltrillere. En i hvert hj\u00f8rne, p\u00e5 utsiden av vantet. Det spilles med tre baller i \u00f8vre divisjoner, til en hver tid er en ball i spill mens de to som st\u00e5r i posisjon 1 holder en ball hver. Baller skal ikke trilles mellom balltrillere mens en ballveksling p\u00e5g\u00e5r. Balltrillere skal ogs\u00e5 bidra under den offisielle nettoppvarminga.&nbsp;<\/p>\n\n\n\n<p><em>Smitteverntiltak:<\/em> Balltrillere hjelper mopperen \u00e5 vaske mellom hver kamp (gulv, stenger, stoler, sekretariat og alt annet som er blitt ber\u00f8rt).&nbsp;<\/p>\n\n\n\n<h2 class=\"wp-block-heading\">10 Mopper&nbsp;<\/h2>\n\n\n\n<p>Det skal v\u00e6re en mopper p\u00e5 hver kamp. Mopperen g\u00e5r kun inn p\u00e5 banen mellom sett, i timeout og n\u00e5r 2.dommer ber om det. I timeout g\u00e5r man raskt over banen p\u00e5 innsiden av tremeteren, ellers mopper man kun der 2.dommer ber om at det blir moppet. H\u00f8r med 2.dommer i forkant av kampen om n\u00e5r han \u00f8nsker at du mopper.&nbsp;<\/p>\n\n\n\n<p><em>Smitteverntiltak:<\/em> Mellom hver kamp m\u00e5 gulvet, stenger, stoler, sekretariat og alt annet som er blitt ber\u00f8rt vaskes. Balltrillere hjelper til. Spillende lag har selv ansvar for \u00e5 t\u00f8rke av stoler mellom hvert sidebytte, men s\u00f8rg for at det er antibac servietter e.l. tilgjengelig.&nbsp;<\/p>\n\n\n\n<h2 class=\"wp-block-heading\">11 Kiosk og billettsalg&nbsp;<\/h2>\n\n\n\n<p>To personer har ansvar for kiosk og billettsalg. Vi tar ikke lenger cash, s\u00e5 billetter og kioskvarer betales via Vipps til \u201dNTNUI Volleyball\u201d. Har man ikke koden p\u00e5 vipps, kan man s\u00f8ke opp NTNUI Volleyball p\u00e5 betal.&nbsp;<\/p>\n\n\n\n<h3 class=\"wp-block-heading\">11.1 Billettsalg&nbsp;<\/h3>\n\n\n\n<p>Personene som sitter i kiosken har ansvar for billettsalg. Prisen er 50,- pr.person, men barn under 18 \u00e5r og SiT medlemmer g\u00e5r gratis. <em>Smitteverntiltak:<\/em> Personene i kiosken har ansvar for \u00e5 informere alle som kommer opp p\u00e5 tribunen om \u00e5 registrere seg via QR-kode, i tilfelle smittesporing blir n\u00f8dvendig.&nbsp;<\/p>\n\n\n\n<h3 class=\"wp-block-heading\">11.2 Kiosk&nbsp;<\/h3>\n\n\n\n<p>Kioskansvarlige begynner \u00e5 rigge kiosken <strong>senest<\/strong> 60 min f\u00f8r kampstart. Sett p\u00e5 kaffe s\u00e5 fort som mulig(dommeren er glad i kaffe f\u00f8r kamp!)! Kiosken best\u00e5r av to-tre bord. Sett frem salgsvarer fra lageret bak kj\u00f8kkenet. Dersom lageret er l\u00e5st f\u00e5r dere l\u00e5ne n\u00f8kkel i resepsjonen. Sett frem varene slik at det ser innbydende ut. Heng opp QR-kode plakatene for vipps slik at de lett kommer inn p\u00e5 menyen p\u00e5 vipps.<br><\/p>\n\n\n\n<p><em>Smitteverntiltak:<\/em> S\u00f8rg for at det alltid er Antibac tilgjengelig i kiosken. Kaker og annen mat skal v\u00e6re dekket av plastfolie eller lignende. Forsyn kundene med kake (p\u00e5 den m\u00e5ten unng\u00e5r vi at mange tar i samme kakespade).&nbsp;<\/p>\n\n\n\n<h2 class=\"wp-block-heading\">12 Musikk og speaker&nbsp;<\/h2>\n\n\n\n<h3 class=\"wp-block-heading\">12.1 Musikk&nbsp;<\/h3>\n\n\n\n<p>Personen som har ansvaret for musikken skrur denne p\u00e5 og av mellom hvert poeng. N\u00e5r en ballveksling er over settes musikken p\u00e5. Musikken stoppes igjen n\u00e5r 1.dommer tar ut armen for serve.&nbsp;<\/p>\n\n\n\n<h3 class=\"wp-block-heading\">12.2 Speaker&nbsp;<\/h3>\n\n\n\n<p>Personen som styrer musikken er i de fleste tilfeller ogs\u00e5 speaker (med mindre det er satt opp en annen speaker). Speakeren sin oppgave er \u00e5 v\u00e6re informativ og \u00e5 skape engasjement. Speakeren trenger ikke \u00e5 v\u00e6re helt upartisk, men noen krav stilles. Speakeren skal ikke:&nbsp;<\/p>\n\n\n\n<p><em>\u2022 <\/em>Kritisere dommeravgj\u00f8relser&nbsp;<\/p>\n\n\n\n<p><em>\u2022 <\/em>V\u00e6re ufin mot motstanderlaget&nbsp;<\/p>\n\n\n\n<p><em>\u2022 <\/em>V\u00e6re leder for heiagjengen&nbsp;<\/p>\n\n\n\n<h4 class=\"wp-block-heading\">12.2.1 Mal for hva speakeren skal si\u00a0<\/h4>\n\n\n\n<div class=\"wp-block-atomic-blocks-ab-button ab-block-button\"><a href=\"https:\/\/ntnui.no\/volleyball\/protokoll-for-speaker\/\" class=\"ab-button ab-button-shape-rounded ab-button-size-medium\" style=\"color:#ffffff;background-color:#3373dc\">Til speakerinfo<\/a><\/div>\n\n\n\n<p><\/p>\n\n\n\n<h2 class=\"wp-block-heading\">13 Streaming og streamingtekniker&nbsp;<\/h2>\n\n\n\n<p>Streamingtekniker skal v\u00e6re behjelpelig for kommentatorer og streaming gruppa i forkant av kampstart. Streaminggruppa og kommentatorer tar hovedansvar for for at streamen er oppe og g\u00e5r som den skal. <\/p>\n\n\n\n<h2 class=\"wp-block-heading\">14 Nedrigg&nbsp;<\/h2>\n\n\n\n<p>Alle lag som har funket p\u00e5 dagens siste kamp skal bidra til nedrigging. Banen rigges ned, streamingutsyret skal inn p\u00e5 lageret, kj\u00f8kkenet ryddes, h\u00f8yttalere og miksebord skal tilbake i resepsjonen, s\u00f8ppel plukkes p\u00e5 tribunen\/banen++ Det er viktig at ingen g\u00e5r f\u00f8r dette er i orden.<\/p>\n","protected":false},"excerpt":{"rendered":"<p>NTNUI Volleyball &#8211; Kamper i \u00f8vre divisjoner 6.versjon&nbsp;VolleyballstyretSist oppdatert &#8211; 28.09.2023 1 Innledning&nbsp; Intensjonen med denne h\u00e5ndboka er \u00e5 gj\u00f8re det mer oversiktlig hva som er den enkeltes arbeidsoppgave ved funking av v\u00e5re arrangementer i Dragvollhallen. I l\u00f8pet av en sesong arrangerer vi omtrent 30 seriekamper, som krever en del dugnad. Erfaringsmessig er det mange [&hellip;]<\/p>\n","protected":false},"author":500,"featured_media":0,"parent":0,"menu_order":0,"comment_status":"closed","ping_status":"closed","template":"","meta":{"_coblocks_attr":"","_coblocks_dimensions":"","_coblocks_responsive_height":"","_coblocks_accordion_ie_support":"","_price":"","_stock":"","_tribe_ticket_header":"","_tribe_default_ticket_provider":"","_tribe_ticket_capacity":"0","_ticket_start_date":"","_ticket_end_date":"","_tribe_ticket_show_description":"","_tribe_ticket_show_not_going":false,"_tribe_ticket_use_global_stock":"","_tribe_ticket_global_stock_level":"","_global_stock_mode":"","_global_stock_cap":"","_tribe_rsvp_for_event":"","_tribe_ticket_going_count":"","_tribe_ticket_not_going_count":"","_tribe_tickets_list":[],"_tribe_ticket_has_attendee_info_fields":false,"footnotes":""},"class_list":["post-865","page","type-page","status-publish","hentry"],"featured_image_src":null,"featured_image_src_square":null,"_links":{"self":[{"href":"https:\/\/ntnui.no\/volleyball\/wp-json\/wp\/v2\/pages\/865","targetHints":{"allow":["GET"]}}],"collection":[{"href":"https:\/\/ntnui.no\/volleyball\/wp-json\/wp\/v2\/pages"}],"about":[{"href":"https:\/\/ntnui.no\/volleyball\/wp-json\/wp\/v2\/types\/page"}],"author":[{"embeddable":true,"href":"https:\/\/ntnui.no\/volleyball\/wp-json\/wp\/v2\/users\/500"}],"replies":[{"embeddable":true,"href":"https:\/\/ntnui.no\/volleyball\/wp-json\/wp\/v2\/comments?post=865"}],"version-history":[{"count":6,"href":"https:\/\/ntnui.no\/volleyball\/wp-json\/wp\/v2\/pages\/865\/revisions"}],"predecessor-version":[{"id":1084,"href":"https:\/\/ntnui.no\/volleyball\/wp-json\/wp\/v2\/pages\/865\/revisions\/1084"}],"wp:attachment":[{"href":"https:\/\/ntnui.no\/volleyball\/wp-json\/wp\/v2\/media?parent=865"}],"curies":[{"name":"wp","href":"https:\/\/api.w.org\/{rel}","templated":true}]}}