{"id":854,"date":"2023-09-27T19:15:35","date_gmt":"2023-09-27T19:15:35","guid":{"rendered":"https:\/\/ntnui.no\/volleyball\/?page_id=854"},"modified":"2024-03-06T12:43:13","modified_gmt":"2024-03-06T12:43:13","slug":"antidoping","status":"publish","type":"page","link":"https:\/\/ntnui.no\/volleyball\/antidoping\/","title":{"rendered":"Antidoping"},"content":{"rendered":"\n<figure class=\"wp-block-image size-large is-resized\"><img loading=\"lazy\" decoding=\"async\" src=\"https:\/\/ntnui.no\/volleyball\/wp-content\/uploads\/sites\/296\/2023\/09\/Skjermbilde-2023-09-27-kl.-21.28.17.png\" alt=\"\" class=\"wp-image-862\" width=\"182\" height=\"188\" \/><\/figure>\n\n\n\n<p><\/p>\n\n\n\n<p>NTNUI Volleyball er en del NTNUI, som er et RENT IDRETTSLAG med nulltoleranse for doping og andre prestasjonsfremmende midler. SiT sine lokaler (treningssenter og hall) har sertifisering som Rent Senter, og er stolte over dette. <\/p>\n\n\n\n<p>Spillere har selv ansvar for \u00e5 sjekke at de ikke f\u00e5r i seg stoffer som st\u00e5r p\u00e5 dopinglisten. Listen kan du finne her:<\/p>\n\n\n\n<p><a href=\"https:\/\/www.antidoping.no\/medisinsk\/dopinglisten\">https:\/\/www.antidoping.no\/medisinsk\/dopinglisten<\/a><\/p>\n\n\n\n<p><\/p>\n\n\n\n<p>Informasjon for toppidrettsut\u00f8vere finnes her: https:\/\/www.antidoping.no\/topputovere <\/p>\n\n\n\n<p>Vi erkl\u00e6rer herved at vi som Rent Idrettslag har et s\u00e6rskilt ansvar for \u00e5 spre gode holdninger og kunnskap om antidoping gjennom klare m\u00e5l og handlinger.<\/p>\n\n\n\n<p>Vi skal sammen ta ansvar for idrettslagets holdningsskapende arbeid, lage og gjennomf\u00f8re en m\u00e5lrettet handlingsplan og jobbe for et sunt og dopingfritt milj\u00f8.<\/p>\n\n\n\n<p>V\u00e5re tiltak er:<\/p>\n\n\n\n<ul class=\"wp-block-list\"><li>Vi samarbeider bare med treningssentre som er sertifisert som Rent Treningssenter. SiT sine sentrene er det!<\/li><\/ul>\n\n\n\n<ul class=\"wp-block-list\"><li>Vi fronter ikke, promoterer ikke og oppfordrer ikke til bruk av noen typer kosttilskudd.<\/li><\/ul>\n\n\n\n<ul class=\"wp-block-list\"><li>Vi legger til rette for at alle v\u00e5re spillere skal gjennomf\u00f8re Ren ut\u00f8ver: https:\/\/renutover.no\/<\/li><\/ul>\n\n\n\n<ul class=\"wp-block-list\"><li>Vi gjennomf\u00f8rer et felles antidopingkurs for hele foreningen en gang i \u00e5ret, og gj\u00f8re relevant informasjon f\u00e5r v\u00e5re medlemmer. <\/li><\/ul>\n\n\n\n<p>Vi jobber for et idretts-Norge som er trygt og st\u00f8tter opp under FairPlay prinsippet.&nbsp;<\/p>\n","protected":false},"excerpt":{"rendered":"<p>NTNUI Volleyball er en del NTNUI, som er et RENT IDRETTSLAG med nulltoleranse for doping og andre prestasjonsfremmende midler. SiT sine lokaler (treningssenter og hall) har sertifisering som Rent Senter, og er stolte over dette. Spillere har selv ansvar for \u00e5 sjekke at de ikke f\u00e5r i seg stoffer som st\u00e5r p\u00e5 dopinglisten. Listen kan [&hellip;]<\/p>\n","protected":false},"author":500,"featured_media":862,"parent":0,"menu_order":0,"comment_status":"closed","ping_status":"closed","template":"","meta":{"_coblocks_attr":"","_coblocks_dimensions":"","_coblocks_responsive_height":"","_coblocks_accordion_ie_support":"","_price":"","_stock":"","_tribe_ticket_header":"","_tribe_default_ticket_provider":"","_tribe_ticket_capacity":"0","_ticket_start_date":"","_ticket_end_date":"","_tribe_ticket_show_description":"","_tribe_ticket_show_not_going":false,"_tribe_ticket_use_global_stock":"","_tribe_ticket_global_stock_level":"","_global_stock_mode":"","_global_stock_cap":"","_tribe_rsvp_for_event":"","_tribe_ticket_going_count":"","_tribe_ticket_not_going_count":"","_tribe_tickets_list":[],"_tribe_ticket_has_attendee_info_fields":false,"footnotes":""},"class_list":["post-854","page","type-page","status-publish","has-post-thumbnail","hentry"],"featured_image_src":"https:\/\/ntnui.no\/volleyball\/wp-content\/uploads\/sites\/296\/2023\/09\/Skjermbilde-2023-09-27-kl.-21.28.17.png","featured_image_src_square":"https:\/\/ntnui.no\/volleyball\/wp-content\/uploads\/sites\/296\/2023\/09\/Skjermbilde-2023-09-27-kl.-21.28.17.png","_links":{"self":[{"href":"https:\/\/ntnui.no\/volleyball\/wp-json\/wp\/v2\/pages\/854","targetHints":{"allow":["GET"]}}],"collection":[{"href":"https:\/\/ntnui.no\/volleyball\/wp-json\/wp\/v2\/pages"}],"about":[{"href":"https:\/\/ntnui.no\/volleyball\/wp-json\/wp\/v2\/types\/page"}],"author":[{"embeddable":true,"href":"https:\/\/ntnui.no\/volleyball\/wp-json\/wp\/v2\/users\/500"}],"replies":[{"embeddable":true,"href":"https:\/\/ntnui.no\/volleyball\/wp-json\/wp\/v2\/comments?post=854"}],"version-history":[{"count":8,"href":"https:\/\/ntnui.no\/volleyball\/wp-json\/wp\/v2\/pages\/854\/revisions"}],"predecessor-version":[{"id":999,"href":"https:\/\/ntnui.no\/volleyball\/wp-json\/wp\/v2\/pages\/854\/revisions\/999"}],"wp:featuredmedia":[{"embeddable":true,"href":"https:\/\/ntnui.no\/volleyball\/wp-json\/wp\/v2\/media\/862"}],"wp:attachment":[{"href":"https:\/\/ntnui.no\/volleyball\/wp-json\/wp\/v2\/media?parent=854"}],"curies":[{"name":"wp","href":"https:\/\/api.w.org\/{rel}","templated":true}]}}