{"id":705,"date":"2023-04-15T13:51:30","date_gmt":"2023-04-15T13:51:30","guid":{"rendered":"https:\/\/ntnui.no\/volleyball\/?page_id=705"},"modified":"2025-06-28T22:36:40","modified_gmt":"2025-06-28T22:36:40","slug":"for-nye-spillere","status":"publish","type":"page","link":"https:\/\/ntnui.no\/volleyball\/for-nye-spillere\/","title":{"rendered":"For nye spillere"},"content":{"rendered":"\n<figure class=\"wp-block-image size-large\"><img loading=\"lazy\" decoding=\"async\" width=\"2124\" height=\"910\" src=\"https:\/\/ntnui.no\/volleyball\/wp-content\/uploads\/sites\/296\/2024\/03\/Skjermbilde-2024-03-06-kl.-14.01.10.png\" alt=\"\" class=\"wp-image-1003\" \/><\/figure>\n\n\n\n<p>Hu&amp;Hei, Velkommen til NTNUI Volleyball!<\/p>\n\n\n\n<p>NTNUI volleyball er Norges st\u00f8rste volleyballklubb, med 350 medlemmer fordelt over 20 lag. Vi har lag p\u00e5 alle niv\u00e5, s\u00e5 her er det noe for de fleste!<\/p>\n\n\n\n<p><\/p>\n\n\n\n<p><strong>Er du usikker p\u00e5 hvilket lag som passer for deg? Les mer om v\u00e5re lag her:<\/strong><\/p>\n\n\n\n<div class=\"wp-block-coblocks-row coblocks-row-26124558314\" data-columns=\"2\" data-layout=\"50-50\"><div class=\"wp-block-coblocks-row__inner has-no-padding has-no-margin is-stacked-on-mobile has-medium-gutter\">\n<div class=\"wp-block-coblocks-column coblocks-column-26124559728\" style=\"width:50%\"><div class=\"wp-block-coblocks-column__inner has-no-padding has-no-margin\">\n<div class=\"wp-block-atomic-blocks-ab-button ab-block-button\"><a href=\"https:\/\/ntnui.no\/volleyball\/damelag\/\" class=\"ab-button ab-button-shape-rounded ab-button-size-medium\" style=\"color:#ffffff;background-color:#00843d\">Informasjon om Damelag<\/a><\/div>\n<\/div><\/div>\n\n\n\n<div class=\"wp-block-coblocks-column coblocks-column-26124559746\" style=\"width:50%\"><div class=\"wp-block-coblocks-column__inner has-no-padding has-no-margin\">\n<div class=\"wp-block-atomic-blocks-ab-button ab-block-button\"><a href=\"https:\/\/ntnui.no\/volleyball\/herrelag\/\" class=\"ab-button ab-button-shape-rounded ab-button-size-medium\" style=\"color:#ffffff;background-color:#00843d\">Informasjon om Herrelag<\/a><\/div>\n<\/div><\/div>\n<\/div><\/div>\n\n\n\n<p style=\"font-size:23px\"><strong>Vurderer du utdanning i Trondheim til h\u00f8sten?<\/strong><\/p>\n\n\n\n<p style=\"font-size:21px\"><strong>Her er det som skjer framover<\/strong>:<\/p>\n\n\n\n<p><strong>15. april:<\/strong> S\u00f8knadsfrist h\u00f8yere utdanning<\/p>\n\n\n\n<p><strong>1. juli: <\/strong>Omprioriteringsfrist<\/p>\n\n\n\n<p><strong>20. juli:<\/strong> Svar p\u00e5 s\u00f8knad<\/p>\n\n\n\n<p><strong>18. juli:<\/strong> P\u00e5melding til uttak \u00e5pner (link p\u00e5 Facebook og nettside)<\/p>\n\n\n\n<p><strong>24. juli: <\/strong>Svarfrist h\u00f8yere utdanning<\/p>\n\n\n\n<p><strong>12. august:<\/strong> Studiestart<\/p>\n\n\n\n<p><strong>12. august:<\/strong> Uttak starter p\u00e5 Dragvoll idrettssenter<\/p>\n\n\n\n<div style=\"height:50px\" aria-hidden=\"true\" class=\"wp-block-spacer\"><\/div>\n\n\n\n<p style=\"font-size:23px\"><strong>Kostnader<\/strong><\/p>\n\n\n\n<p>Kostnadene for \u00e9n sesong er oppsummert i tabellen under.<\/p>\n\n\n\n<figure class=\"wp-block-table alignwide is-style-stripes\"><table><tbody><tr><td><\/td><td><strong>Elite<\/strong><\/td><td><strong>1. divisjon<\/strong><\/td><td><strong>2. divisjon<\/strong><\/td><td><strong>3. divisjon<\/strong><\/td><td><strong>Bredde<\/strong><\/td><\/tr><tr><td>Lisens<\/td><td>1800kr<\/td><td>1800kr<\/td><td>1150kr<\/td><td>1150kr<\/td><td>300kr<\/td><\/tr><tr><td>Treningsavgift<\/td><td>1300kr<\/td><td>1300kr<\/td><td>1100kr<\/td><td>1000kr<\/td><td>800kr<\/td><\/tr><tr><td>Reisekostnader<\/td><td>10 000-<br>15 000kr<\/td><td>10 000-<br>15 000kr<\/td><td>1000-2000kr<\/td><td>500-1000kr<\/td><td>0kr<\/td><\/tr><tr><td>SiT-medlemskap<br>230kr i m\u00e5neden<\/td><td>2760kr<\/td><td>2760kr<\/td><td>2760kr<\/td><td>2760kr<\/td><td>2760kr<\/td><\/tr><\/tbody><\/table><\/figure>\n\n\n\n<p>I tillegg til dette p\u00e5l\u00f8per det en del valgfrie kostnader i l\u00f8pet av en sesong. Dette er ting som treningsleir, julebord og NTNUI-merch.<\/p>\n\n\n\n<p>Informasjon om 4. divisjon kommer fortl\u00f8pende.<\/p>\n\n\n\n<div style=\"height:50px\" aria-hidden=\"true\" class=\"wp-block-spacer\"><\/div>\n\n\n\n<p class=\"has-large-font-size\" style=\"font-size:23px\"><strong>Sp\u00f8rsm\u00e5l? Kontakt oss<\/strong><\/p>\n\n\n\n<div class=\"wp-block-atomic-blocks-ab-button ab-block-button\"><a href=\"https:\/\/ntnui.no\/volleyball\/styret-2\/\" class=\"ab-button ab-button-shape-rounded ab-button-size-medium\" style=\"color:#ffffff;background-color:#00843d\">Trykk her for kontaktinformasjonen til styret<\/a><\/div>\n\n\n\n<div class=\"wp-block-coblocks-row coblocks-row-26121614565\" data-columns=\"2\" data-layout=\"66-33\"><div class=\"wp-block-coblocks-row__inner has-no-padding has-no-margin is-stacked-on-mobile has-medium-gutter\">\n<div class=\"wp-block-coblocks-column coblocks-column-26121621659\" style=\"width:67.71%\"><div class=\"wp-block-coblocks-column__inner has-no-padding has-no-margin\">\n<p><strong>Kristin Nordt\u00f8mme<\/strong><\/p>\n\n\n\n<p>Kristin er sportslig ansvarlig i styret og spiller legger i eliteserien. Hun har spilt to sesonger i klubben og er kontaktperson for h\u00f8yere divisjoner. Dersom du har noen sp\u00f8rsm\u00e5l er det bare til \u00e5 ta kontakt.<\/p>\n\n\n\n<p>Mail: volleyball-sportslig@ntnui.no<\/p>\n<\/div><\/div>\n\n\n\n<div class=\"wp-block-coblocks-column coblocks-column-26121621710\" style=\"width:31.29%\"><div class=\"wp-block-coblocks-column__inner has-no-padding has-no-margin\">\n<figure class=\"wp-block-image size-full\"><img loading=\"lazy\" decoding=\"async\" width=\"724\" height=\"1086\" src=\"https:\/\/ntnui.no\/volleyball\/wp-content\/uploads\/sites\/296\/2025\/06\/E92FBE71-F981-4103-94F2-26885C8111ED_1_105_c.jpeg\" alt=\"\" class=\"wp-image-1193\" \/><\/figure>\n<\/div><\/div>\n<\/div><\/div>\n\n\n\n<div class=\"wp-block-coblocks-row coblocks-row-26122518786\" data-columns=\"2\" data-layout=\"66-33\"><div class=\"wp-block-coblocks-row__inner has-no-padding has-no-margin is-stacked-on-mobile has-medium-gutter\">\n<div class=\"wp-block-coblocks-column coblocks-column-26122520525\" style=\"width:66%\"><div class=\"wp-block-coblocks-column__inner has-no-padding has-no-margin\">\n<p><strong>Benjamin Vonheim Kragseth<\/strong><\/p>\n\n\n\n<p>Benjamin er arrangementansvarlig i styret og spiller legger i 2. divisjon. Han har v\u00e6rt i klubben i 4 \u00e5r og har erfaring fra b\u00e5de 1. og 2. divisjon. Har dere noen sp\u00f8rsm\u00e5l er det bare \u00e5 ta kontakt<\/p>\n\n\n\n<p>Mail: volleyball-arrangement@ntnui.no<\/p>\n<\/div><\/div>\n\n\n\n<div class=\"wp-block-coblocks-column coblocks-column-26122520538\" style=\"width:33%\"><div class=\"wp-block-coblocks-column__inner has-no-padding has-no-margin\"><\/div><\/div>\n<\/div><\/div>\n\n\n\n<p><\/p>\n","protected":false},"excerpt":{"rendered":"<p>Hu&amp;Hei, Velkommen til NTNUI Volleyball! NTNUI volleyball er Norges st\u00f8rste volleyballklubb, med 350 medlemmer fordelt over 20 lag. Vi har lag p\u00e5 alle niv\u00e5, s\u00e5 her er det noe for de fleste! Er du usikker p\u00e5 hvilket lag som passer for deg? Les mer om v\u00e5re lag her: Vurderer du utdanning i Trondheim til h\u00f8sten? [&hellip;]<\/p>\n","protected":false},"author":500,"featured_media":0,"parent":0,"menu_order":0,"comment_status":"closed","ping_status":"closed","template":"","meta":{"_coblocks_attr":"","_coblocks_dimensions":"","_coblocks_responsive_height":"","_coblocks_accordion_ie_support":"","_price":"","_stock":"","_tribe_ticket_header":"","_tribe_default_ticket_provider":"","_tribe_ticket_capacity":"0","_ticket_start_date":"","_ticket_end_date":"","_tribe_ticket_show_description":"","_tribe_ticket_show_not_going":false,"_tribe_ticket_use_global_stock":"","_tribe_ticket_global_stock_level":"","_global_stock_mode":"","_global_stock_cap":"","_tribe_rsvp_for_event":"","_tribe_ticket_going_count":"","_tribe_ticket_not_going_count":"","_tribe_tickets_list":[],"_tribe_ticket_has_attendee_info_fields":false,"footnotes":""},"class_list":["post-705","page","type-page","status-publish","hentry"],"featured_image_src":null,"featured_image_src_square":null,"_links":{"self":[{"href":"https:\/\/ntnui.no\/volleyball\/wp-json\/wp\/v2\/pages\/705","targetHints":{"allow":["GET"]}}],"collection":[{"href":"https:\/\/ntnui.no\/volleyball\/wp-json\/wp\/v2\/pages"}],"about":[{"href":"https:\/\/ntnui.no\/volleyball\/wp-json\/wp\/v2\/types\/page"}],"author":[{"embeddable":true,"href":"https:\/\/ntnui.no\/volleyball\/wp-json\/wp\/v2\/users\/500"}],"replies":[{"embeddable":true,"href":"https:\/\/ntnui.no\/volleyball\/wp-json\/wp\/v2\/comments?post=705"}],"version-history":[{"count":52,"href":"https:\/\/ntnui.no\/volleyball\/wp-json\/wp\/v2\/pages\/705\/revisions"}],"predecessor-version":[{"id":1210,"href":"https:\/\/ntnui.no\/volleyball\/wp-json\/wp\/v2\/pages\/705\/revisions\/1210"}],"wp:attachment":[{"href":"https:\/\/ntnui.no\/volleyball\/wp-json\/wp\/v2\/media?parent=705"}],"curies":[{"name":"wp","href":"https:\/\/api.w.org\/{rel}","templated":true}]}}