{"id":330,"date":"2023-02-14T15:54:50","date_gmt":"2023-02-14T15:54:50","guid":{"rendered":"https:\/\/ntnui.no\/volleyball\/?page_id=330"},"modified":"2023-09-28T12:25:34","modified_gmt":"2023-09-28T12:25:34","slug":"info-2","status":"publish","type":"page","link":"https:\/\/ntnui.no\/volleyball\/info-2\/","title":{"rendered":"For medlemmer"},"content":{"rendered":"\n<figure class=\"wp-block-image size-large is-resized\"><img loading=\"lazy\" decoding=\"async\" src=\"https:\/\/ntnui.no\/volleyball\/wp-content\/uploads\/sites\/296\/2023\/06\/i-fh7X2bt-X3-2.jpg\" alt=\"\" class=\"wp-image-800\" width=\"400\" height=\"267\" \/><\/figure>\n\n\n\n<p>P\u00e5 alle lag i NTNUI Volleyball er det flere roller som skal dekkes. Dette er dugnadsarbeid som gjennomf\u00f8res for at klubben skal g\u00e5 rundt. <\/p>\n\n\n\n<p>P\u00e5 denne siden \u00f8nsker vi \u00e5 samle alt du trenger for \u00e5 kunne gjennomf\u00f8re jobben din p\u00e5 en effektiv og enkel m\u00e5te. <\/p>\n\n\n\n<p><\/p>\n\n\n\n<div class=\"wp-block-atomic-blocks-ab-columns ab-layout-columns-4 ab-4-col-equal\"><div class=\"ab-layout-column-wrap ab-block-layout-column-gap-2 ab-is-responsive-column\">\n<div class=\"wp-block-atomic-blocks-ab-column ab-block-layout-column\"><div class=\"ab-block-layout-column-inner\">\n<div style=\"text-align:center\" class=\"wp-block-atomic-blocks-ab-button ab-block-button\"><a class=\"ab-button ab-button-shape-rounded ab-button-size-medium\" style=\"color:#ffffff;background-color:#00843d\">Oppmann<\/a><\/div>\n<\/div><\/div>\n\n\n\n<div class=\"wp-block-atomic-blocks-ab-column ab-block-layout-column\"><div class=\"ab-block-layout-column-inner\">\n<div style=\"text-align:center\" class=\"wp-block-atomic-blocks-ab-button ab-block-button\"><a class=\"ab-button ab-button-shape-rounded ab-button-size-medium\" style=\"color:#ffffff;background-color:#3373dc\">Trener<\/a><\/div>\n<\/div><\/div>\n\n\n\n<div class=\"wp-block-atomic-blocks-ab-column ab-block-layout-column\"><div class=\"ab-block-layout-column-inner\">\n<div style=\"text-align:center\" class=\"wp-block-atomic-blocks-ab-button ab-block-button\"><a class=\"ab-button ab-button-shape-rounded ab-button-size-medium\" style=\"color:#ffffff;background-color:#00843d\">Ut\u00f8ver<\/a><\/div>\n<\/div><\/div>\n\n\n\n<div class=\"wp-block-atomic-blocks-ab-column ab-block-layout-column\"><div class=\"ab-block-layout-column-inner\">\n<div style=\"text-align:center\" class=\"wp-block-atomic-blocks-ab-button ab-block-button\"><a class=\"ab-button ab-button-shape-rounded ab-button-size-medium\" style=\"color:#ffffff;background-color:#00843d\">Sosial<\/a><\/div>\n<\/div><\/div>\n<\/div><\/div>\n\n\n\n<div class=\"wp-block-atomic-blocks-ab-columns ab-layout-columns-4 ab-4-col-equal\"><div class=\"ab-layout-column-wrap ab-block-layout-column-gap-2 ab-is-responsive-column\">\n<div class=\"wp-block-atomic-blocks-ab-column ab-block-layout-column\"><div class=\"ab-block-layout-column-inner\">\n<div style=\"text-align:center\" class=\"wp-block-atomic-blocks-ab-button ab-block-button\"><a class=\"ab-button ab-button-shape-rounded ab-button-size-medium\" style=\"color:#ffffff;background-color:#00843d\">Reise\/\u00f8konomi<\/a><\/div>\n<\/div><\/div>\n\n\n\n<div class=\"wp-block-atomic-blocks-ab-column ab-block-layout-column\"><div class=\"ab-block-layout-column-inner\">\n<div style=\"text-align:center\" class=\"wp-block-atomic-blocks-ab-button ab-block-button\"><a class=\"ab-button ab-button-shape-rounded ab-button-size-medium\" style=\"color:#ffffff;background-color:#00843d\">SoMe<\/a><\/div>\n<\/div><\/div>\n\n\n\n<div class=\"wp-block-atomic-blocks-ab-column ab-block-layout-column\"><div class=\"ab-block-layout-column-inner\">\n<div style=\"text-align:center\" class=\"wp-block-atomic-blocks-ab-button ab-block-button\"><a class=\"ab-button ab-button-shape-rounded ab-button-size-medium\" style=\"color:#ffffff;background-color:#00843d\">Dugnad<\/a><\/div>\n<\/div><\/div>\n\n\n\n<div class=\"wp-block-atomic-blocks-ab-column ab-block-layout-column\"><div class=\"ab-block-layout-column-inner\">\n<p><\/p>\n<\/div><\/div>\n<\/div><\/div>\n\n\n\n<p>Andre ressurser du som spiller kan trenge:<\/p>\n\n\n\n<div class=\"wp-block-atomic-blocks-ab-button ab-block-button\"><a href=\"https:\/\/ntnui.no\/volleyball\/Arrangementshandbok\/\" class=\"ab-button ab-button-shape-rounded ab-button-size-medium\" style=\"color:#ffffff;background-color:#00843d\">Arrangementsh\u00e5ndbok<\/a><\/div>\n\n\n\n<div class=\"wp-block-atomic-blocks-ab-button ab-block-button\"><a href=\"https:\/\/ntnui.no\/volleyball\/klubbhandbok\/\" class=\"ab-button ab-button-shape-rounded ab-button-size-medium\" style=\"color:#f8f8f8;background-color:#00843d\">Klubbh\u00e5ndbok<\/a><\/div>\n\n\n\n<p><\/p>\n","protected":false},"excerpt":{"rendered":"<p>P\u00e5 alle lag i NTNUI Volleyball er det flere roller som skal dekkes. Dette er dugnadsarbeid som gjennomf\u00f8res for at klubben skal g\u00e5 rundt. P\u00e5 denne siden \u00f8nsker vi \u00e5 samle alt du trenger for \u00e5 kunne gjennomf\u00f8re jobben din p\u00e5 en effektiv og enkel m\u00e5te. Andre ressurser du som spiller kan trenge:<\/p>\n","protected":false},"author":439,"featured_media":0,"parent":0,"menu_order":0,"comment_status":"closed","ping_status":"closed","template":"","meta":{"_coblocks_attr":"","_coblocks_dimensions":"","_coblocks_responsive_height":"","_coblocks_accordion_ie_support":"","_price":"","_stock":"","_tribe_ticket_header":"","_tribe_default_ticket_provider":"","_tribe_ticket_capacity":"0","_ticket_start_date":"","_ticket_end_date":"","_tribe_ticket_show_description":"","_tribe_ticket_show_not_going":false,"_tribe_ticket_use_global_stock":"","_tribe_ticket_global_stock_level":"","_global_stock_mode":"","_global_stock_cap":"","_tribe_rsvp_for_event":"","_tribe_ticket_going_count":"","_tribe_ticket_not_going_count":"","_tribe_tickets_list":[],"_tribe_ticket_has_attendee_info_fields":false,"footnotes":""},"class_list":["post-330","page","type-page","status-publish","hentry"],"featured_image_src":null,"featured_image_src_square":null,"_links":{"self":[{"href":"https:\/\/ntnui.no\/volleyball\/wp-json\/wp\/v2\/pages\/330","targetHints":{"allow":["GET"]}}],"collection":[{"href":"https:\/\/ntnui.no\/volleyball\/wp-json\/wp\/v2\/pages"}],"about":[{"href":"https:\/\/ntnui.no\/volleyball\/wp-json\/wp\/v2\/types\/page"}],"author":[{"embeddable":true,"href":"https:\/\/ntnui.no\/volleyball\/wp-json\/wp\/v2\/users\/439"}],"replies":[{"embeddable":true,"href":"https:\/\/ntnui.no\/volleyball\/wp-json\/wp\/v2\/comments?post=330"}],"version-history":[{"count":10,"href":"https:\/\/ntnui.no\/volleyball\/wp-json\/wp\/v2\/pages\/330\/revisions"}],"predecessor-version":[{"id":885,"href":"https:\/\/ntnui.no\/volleyball\/wp-json\/wp\/v2\/pages\/330\/revisions\/885"}],"wp:attachment":[{"href":"https:\/\/ntnui.no\/volleyball\/wp-json\/wp\/v2\/media?parent=330"}],"curies":[{"name":"wp","href":"https:\/\/api.w.org\/{rel}","templated":true}]}}