{"id":304,"date":"2023-02-14T15:42:41","date_gmt":"2023-02-14T15:42:41","guid":{"rendered":"https:\/\/ntnui.no\/volleyball\/?page_id=304"},"modified":"2023-04-07T12:07:50","modified_gmt":"2023-04-07T12:07:50","slug":"d3b-2","status":"publish","type":"page","link":"https:\/\/ntnui.no\/volleyball\/d3b-2\/","title":{"rendered":"D3B"},"content":{"rendered":"\n<p class=\"has-text-align-center has-custom-font\" style=\"font-family:Georgia;font-size:25px\">Sesongen 2022\/23<\/p>\n\n\n\n<div class=\"wp-block-image\"><figure class=\"aligncenter size-large\"><img loading=\"lazy\" decoding=\"async\" width=\"1447\" height=\"1144\" src=\"https:\/\/ntnui.no\/volleyball\/wp-content\/uploads\/sites\/296\/2023\/04\/308268195_539037041364120_5112741542218228493_n.jpg\" alt=\"\" class=\"wp-image-592\" \/><figcaption>\u00d8verst f.v. Eirik Frestad, Tuva Espedal, Elvira Hafstr\u00f6m, Kristin Vethe, Andrea Sandboe, Maren Berg Kjerringv\u00e5g, Tina Kleven, Sigrid S\u00f8nnesyn, Ole Henrik B\u00f8hler. Nederst f.v. Aud Stalsberg, Anette Kleven, Gina Dalene, Line Sofie Flaate, Lotte Riise, Marloes Stemerdink (H\u00f8st 22), Ingvild S\u00e6trang (H\u00f8st 22)<br>Ikke til stede: Ida Ahlsand, Liv Annika Sagvolden (V\u00e5r 23), Marte L\u00f8nn Foss (V\u00e5r 23)<\/figcaption><\/figure><\/div>\n\n\n\n<figure class=\"wp-block-table alignleft is-style-stripes\"><table><tbody><tr><td>Treningstider:<\/td><\/tr><tr><td>Tirsdag 20:00-21:30<br>Onsdag 16:30-18:00<\/td><\/tr><\/tbody><\/table><\/figure>\n\n\n\n<figure class=\"wp-block-table is-style-stripes\"><table><tbody><tr><td>Hovedtrener: Ole Henrik B\u00f8hler <\/td><td><\/td><\/tr><tr><td>Hovedtrener: Eirik Frestad<\/td><td><\/td><\/tr><tr><td>Instagram: ntnuivolleyd3b<\/td><td><\/td><\/tr><tr><td><\/td><td><\/td><\/tr><\/tbody><\/table><\/figure>\n\n\n\n<figure class=\"wp-block-table alignfull is-style-stripes\"><table><tbody><tr><td><strong>Nr.<\/strong><\/td><td><strong>Navn<\/strong><\/td><td><strong>H\u00f8yde<\/strong><\/td><td><strong>Alder<\/strong><\/td><td><strong>Posisjon<\/strong><\/td><td><strong>Bilde<\/strong><\/td><td><\/td><\/tr><tr><td>1<\/td><td>Liv Annika Sagvolden<\/td><td>175<\/td><td>2001<\/td><td>Kant<\/td><td><\/td><td><\/td><\/tr><tr><td>2<\/td><td>Tina Kleven <\/td><td>170<\/td><td>1998<\/td><td>Midt<\/td><td><img loading=\"lazy\" decoding=\"async\" width=\"1536\" height=\"2048\" class=\"wp-image-595\" style=\"width: 150px\" src=\"https:\/\/ntnui.no\/volleyball\/wp-content\/uploads\/sites\/296\/2023\/04\/received_494058675912559.jpeg\" alt=\"\"><\/td><td><\/td><\/tr><tr><td>3<\/td><td>Sigrid V\u00e5rvik S\u00f8nnesyn<\/td><td>180<\/td><td>1998<\/td><td>Midt<\/td><td><img loading=\"lazy\" decoding=\"async\" width=\"1536\" height=\"2048\" class=\"wp-image-599\" style=\"width: 150px\" src=\"https:\/\/ntnui.no\/volleyball\/wp-content\/uploads\/sites\/296\/2023\/04\/received_1150288845908703.jpeg\" alt=\"\"><\/td><td><\/td><\/tr><tr><td>4<\/td><td>Kristin Elisabeth Vethe<\/td><td>174<\/td><td>1998<\/td><td>Kant<\/td><td><img loading=\"lazy\" decoding=\"async\" width=\"1536\" height=\"2048\" class=\"wp-image-600\" style=\"width: 150px\" src=\"https:\/\/ntnui.no\/volleyball\/wp-content\/uploads\/sites\/296\/2023\/04\/received_1154776158453951.jpeg\" alt=\"\"><\/td><td><\/td><\/tr><tr><td>5 <\/td><td>Maren Berg Kjerringv\u00e5g<\/td><td>180<\/td><td>1999<\/td><td>Diagonal<\/td><td><img loading=\"lazy\" decoding=\"async\" width=\"1536\" height=\"2048\" class=\"wp-image-602\" style=\"width: 150px\" src=\"https:\/\/ntnui.no\/volleyball\/wp-content\/uploads\/sites\/296\/2023\/04\/received_1156029785265139.jpeg\" alt=\"\"><\/td><td><\/td><\/tr><tr><td>6<\/td><td>Gina Dalene<\/td><td>172<\/td><td>2002<\/td><td>Kant<\/td><td><img loading=\"lazy\" decoding=\"async\" width=\"1536\" height=\"2048\" class=\"wp-image-603\" style=\"width: 150px\" src=\"https:\/\/ntnui.no\/volleyball\/wp-content\/uploads\/sites\/296\/2023\/04\/received_748958250177871.jpeg\" alt=\"\"><\/td><td><\/td><\/tr><tr><td>7<\/td><td>Line Sofie Flaate <\/td><td>153<\/td><td>2002<\/td><td>Libero<\/td><td><img loading=\"lazy\" decoding=\"async\" width=\"1536\" height=\"2048\" class=\"wp-image-604\" style=\"width: 150px\" src=\"https:\/\/ntnui.no\/volleyball\/wp-content\/uploads\/sites\/296\/2023\/04\/received_458434852757913.jpeg\" alt=\"\"><\/td><td><\/td><\/tr><tr><td>9<\/td><td>Ida Ahlsand<\/td><td>183<\/td><td>1999<\/td><td>Midt<\/td><td><\/td><td><\/td><\/tr><tr><td>10<\/td><td>Tuva Espedal<\/td><td>177<\/td><td>2000<\/td><td>Kant<\/td><td><\/td><td><\/td><\/tr><tr><td>11<\/td><td>Lotte Walsnes Riise<\/td><td>157<\/td><td>2000<\/td><td>Legger<\/td><td><img loading=\"lazy\" decoding=\"async\" width=\"1536\" height=\"2048\" class=\"wp-image-605\" style=\"width: 150px\" src=\"https:\/\/ntnui.no\/volleyball\/wp-content\/uploads\/sites\/296\/2023\/04\/received_415541630536465.jpeg\" alt=\"\"><\/td><td><\/td><\/tr><tr><td>12<\/td><td>Anette Kleven<\/td><td>167<\/td><td>2002<\/td><td>Legger<\/td><td><img loading=\"lazy\" decoding=\"async\" width=\"1536\" height=\"2048\" class=\"wp-image-606\" style=\"width: 150px\" src=\"https:\/\/ntnui.no\/volleyball\/wp-content\/uploads\/sites\/296\/2023\/04\/received_428686482727825.jpeg\" alt=\"\"><\/td><td><\/td><\/tr><tr><td>13<\/td><td>Aud Stalsberg<\/td><td>171<\/td><td>2000<\/td><td>Diagonal<\/td><td><img loading=\"lazy\" decoding=\"async\" width=\"1536\" height=\"2048\" class=\"wp-image-607\" style=\"width: 150px\" src=\"https:\/\/ntnui.no\/volleyball\/wp-content\/uploads\/sites\/296\/2023\/04\/received_510475157198374.jpeg\" alt=\"\"><\/td><td><\/td><\/tr><tr><td>14<\/td><td>Elvira Hafstr\u00f6m <\/td><td>161<\/td><td>2001<\/td><td>Libero<\/td><td><\/td><td><\/td><\/tr><tr><td>15<\/td><td>Andrea Sandboe<\/td><td>175<\/td><td>2000<\/td><td>Midt<\/td><td><img loading=\"lazy\" decoding=\"async\" width=\"1536\" height=\"2048\" class=\"wp-image-608\" style=\"width: 150px\" src=\"https:\/\/ntnui.no\/volleyball\/wp-content\/uploads\/sites\/296\/2023\/04\/received_655272709292200.jpeg\" alt=\"\"><\/td><td><\/td><\/tr><tr><td>5\/13<\/td><td>Marte L\u00f8nn Foss<\/td><td><\/td><td>2001<\/td><td>Diagonal<\/td><td><\/td><td><\/td><\/tr><\/tbody><\/table><\/figure>\n","protected":false},"excerpt":{"rendered":"<p>Sesongen 2022\/23 Treningstider: Tirsdag 20:00-21:30Onsdag 16:30-18:00 Hovedtrener: Ole Henrik B\u00f8hler Hovedtrener: Eirik Frestad Instagram: ntnuivolleyd3b Nr. Navn H\u00f8yde Alder Posisjon Bilde 1 Liv Annika Sagvolden 175 2001 Kant 2 Tina Kleven 170 1998 Midt 3 Sigrid V\u00e5rvik S\u00f8nnesyn 180 1998 Midt 4 Kristin Elisabeth Vethe 174 1998 Kant 5 Maren Berg Kjerringv\u00e5g 180 1999 Diagonal [&hellip;]<\/p>\n","protected":false},"author":439,"featured_media":0,"parent":0,"menu_order":0,"comment_status":"closed","ping_status":"closed","template":"","meta":{"_coblocks_attr":"Georgia","_coblocks_dimensions":"","_coblocks_responsive_height":"","_coblocks_accordion_ie_support":"","_price":"","_stock":"","_tribe_ticket_header":"","_tribe_default_ticket_provider":"","_tribe_ticket_capacity":"0","_ticket_start_date":"","_ticket_end_date":"","_tribe_ticket_show_description":"","_tribe_ticket_show_not_going":false,"_tribe_ticket_use_global_stock":"","_tribe_ticket_global_stock_level":"","_global_stock_mode":"","_global_stock_cap":"","_tribe_rsvp_for_event":"","_tribe_ticket_going_count":"","_tribe_ticket_not_going_count":"","_tribe_tickets_list":[],"_tribe_ticket_has_attendee_info_fields":false,"footnotes":""},"class_list":["post-304","page","type-page","status-publish","hentry"],"featured_image_src":null,"featured_image_src_square":null,"_links":{"self":[{"href":"https:\/\/ntnui.no\/volleyball\/wp-json\/wp\/v2\/pages\/304","targetHints":{"allow":["GET"]}}],"collection":[{"href":"https:\/\/ntnui.no\/volleyball\/wp-json\/wp\/v2\/pages"}],"about":[{"href":"https:\/\/ntnui.no\/volleyball\/wp-json\/wp\/v2\/types\/page"}],"author":[{"embeddable":true,"href":"https:\/\/ntnui.no\/volleyball\/wp-json\/wp\/v2\/users\/439"}],"replies":[{"embeddable":true,"href":"https:\/\/ntnui.no\/volleyball\/wp-json\/wp\/v2\/comments?post=304"}],"version-history":[{"count":4,"href":"https:\/\/ntnui.no\/volleyball\/wp-json\/wp\/v2\/pages\/304\/revisions"}],"predecessor-version":[{"id":614,"href":"https:\/\/ntnui.no\/volleyball\/wp-json\/wp\/v2\/pages\/304\/revisions\/614"}],"wp:attachment":[{"href":"https:\/\/ntnui.no\/volleyball\/wp-json\/wp\/v2\/media?parent=304"}],"curies":[{"name":"wp","href":"https:\/\/api.w.org\/{rel}","templated":true}]}}