{"id":230,"date":"2023-02-14T13:21:53","date_gmt":"2023-02-14T13:21:53","guid":{"rendered":"https:\/\/ntnui.no\/volleyball\/?page_id=230"},"modified":"2023-10-19T14:12:41","modified_gmt":"2023-10-19T14:12:41","slug":"d2c","status":"publish","type":"page","link":"https:\/\/ntnui.no\/volleyball\/d2c\/","title":{"rendered":"D2C"},"content":{"rendered":"\n<p class=\"has-text-align-center has-custom-font\" style=\"font-family:Georgia;font-size:25px\">Sesongen 2023\/24<\/p>\n\n\n\n<div class=\"wp-block-image\"><figure class=\"aligncenter size-large\"><img loading=\"lazy\" decoding=\"async\" width=\"4032\" height=\"3024\" src=\"https:\/\/ntnui.no\/volleyball\/wp-content\/uploads\/sites\/296\/2023\/10\/377921316_1292939304674265_7316748150858769696_n.jpg\" alt=\"\" class=\"wp-image-895\" \/><\/figure><\/div>\n\n\n\n<figure class=\"wp-block-table alignleft is-style-stripes\"><table><tbody><tr><td>Treningstider:<\/td><\/tr><tr><td>Mandag 17:30-19:00<br>Tirsdag 21:30-23:00<br>Fredag 17:00-19:00<\/td><\/tr><\/tbody><\/table><\/figure>\n\n\n\n<figure class=\"wp-block-table is-style-stripes\"><table><tbody><tr><td>Kontaktinfo:<\/td><td><\/td><\/tr><tr><td>Trenere: Hallvard Echtermeyer &amp; Lo\u00efc Duffo<\/td><td><\/td><\/tr><tr><td><\/td><td><\/td><\/tr><tr><td><\/td><td><\/td><\/tr><\/tbody><\/table><\/figure>\n\n\n\n<figure class=\"wp-block-table alignfull is-style-stripes\"><table><tbody><tr><td><strong>Nr.<\/strong><\/td><td><strong>Navn<\/strong><\/td><td><strong>H\u00f8yde<\/strong><\/td><td><strong>\u00c5rskull<\/strong><\/td><td><strong>Posisjon<\/strong><\/td><td><\/td><\/tr><tr><td><\/td><td>Alisa Resch<\/td><td><\/td><td>1995<\/td><td>Midt<\/td><td><\/td><\/tr><tr><td><\/td><td>Anne C. Bekkelund<\/td><td><\/td><td>2002<\/td><td>Diagonal<\/td><td><\/td><\/tr><tr><td><\/td><td>Audrey Kubler<\/td><td><\/td><td>2004<\/td><td>Potet<\/td><td><\/td><\/tr><tr><td><\/td><td>Elisa Julb\u00f8<\/td><td><\/td><td>2001<\/td><td>Legger<\/td><td><\/td><\/tr><tr><td><\/td><td>Elise Mj\u00f8en<\/td><td><\/td><td>2000<\/td><td>Kant<\/td><td><\/td><\/tr><tr><td><\/td><td>Frida Skjelvik Aune<\/td><td>163<\/td><td>2001<\/td><td>Libero<\/td><td><\/td><\/tr><tr><td><\/td><td>Fujita Rio<\/td><td><\/td><td>2002<\/td><td>Libero<\/td><td><\/td><\/tr><tr><td><\/td><td>Hanne T. Haugerud<\/td><td><\/td><td>1998<\/td><td>Midt<\/td><td><\/td><\/tr><tr><td><\/td><td>Karina Lunde<\/td><td><\/td><td>2000<\/td><td>Kant<\/td><td><\/td><\/tr><tr><td><\/td><td>Kathinka Lund<\/td><td><\/td><td>2000<\/td><td>Diagonal<\/td><td><\/td><\/tr><tr><td><\/td><td>Kristine M. Nedregaard<\/td><td><\/td><td>2002<\/td><td>Legger<\/td><td><\/td><\/tr><tr><td><\/td><td>Lina M. T. Malmedal<\/td><td><\/td><td>1999<\/td><td>Potet<\/td><td><\/td><\/tr><tr><td><\/td><td>Linn M. H\u00f8yland<\/td><td><\/td><td>2000<\/td><td>Kant<\/td><td><\/td><\/tr><tr><td><\/td><td>Live Reiestad<\/td><td><\/td><td>2002<\/td><td>Kant<\/td><td><\/td><\/tr><tr><td><\/td><td>Mathilde Mosekj\u00e6r<\/td><td><\/td><td>1998<\/td><td>Midt<\/td><td><\/td><\/tr><\/tbody><\/table><\/figure>\n\n\n\n<p><\/p>\n","protected":false},"excerpt":{"rendered":"<p>Sesongen 2023\/24 Treningstider: Mandag 17:30-19:00Tirsdag 21:30-23:00Fredag 17:00-19:00 Kontaktinfo: Trenere: Hallvard Echtermeyer &amp; Lo\u00efc Duffo Nr. Navn H\u00f8yde \u00c5rskull Posisjon Alisa Resch 1995 Midt Anne C. Bekkelund 2002 Diagonal Audrey Kubler 2004 Potet Elisa Julb\u00f8 2001 Legger Elise Mj\u00f8en 2000 Kant Frida Skjelvik Aune 163 2001 Libero Fujita Rio 2002 Libero Hanne T. Haugerud 1998 Midt [&hellip;]<\/p>\n","protected":false},"author":439,"featured_media":0,"parent":0,"menu_order":0,"comment_status":"closed","ping_status":"closed","template":"","meta":{"_coblocks_attr":"Georgia","_coblocks_dimensions":"","_coblocks_responsive_height":"","_coblocks_accordion_ie_support":"","_price":"","_stock":"","_tribe_ticket_header":"","_tribe_default_ticket_provider":"","_tribe_ticket_capacity":"0","_ticket_start_date":"","_ticket_end_date":"","_tribe_ticket_show_description":"","_tribe_ticket_show_not_going":false,"_tribe_ticket_use_global_stock":"","_tribe_ticket_global_stock_level":"","_global_stock_mode":"","_global_stock_cap":"","_tribe_rsvp_for_event":"","_tribe_ticket_going_count":"","_tribe_ticket_not_going_count":"","_tribe_tickets_list":[],"_tribe_ticket_has_attendee_info_fields":false,"footnotes":""},"class_list":["post-230","page","type-page","status-publish","hentry"],"featured_image_src":null,"featured_image_src_square":null,"_links":{"self":[{"href":"https:\/\/ntnui.no\/volleyball\/wp-json\/wp\/v2\/pages\/230","targetHints":{"allow":["GET"]}}],"collection":[{"href":"https:\/\/ntnui.no\/volleyball\/wp-json\/wp\/v2\/pages"}],"about":[{"href":"https:\/\/ntnui.no\/volleyball\/wp-json\/wp\/v2\/types\/page"}],"author":[{"embeddable":true,"href":"https:\/\/ntnui.no\/volleyball\/wp-json\/wp\/v2\/users\/439"}],"replies":[{"embeddable":true,"href":"https:\/\/ntnui.no\/volleyball\/wp-json\/wp\/v2\/comments?post=230"}],"version-history":[{"count":8,"href":"https:\/\/ntnui.no\/volleyball\/wp-json\/wp\/v2\/pages\/230\/revisions"}],"predecessor-version":[{"id":920,"href":"https:\/\/ntnui.no\/volleyball\/wp-json\/wp\/v2\/pages\/230\/revisions\/920"}],"wp:attachment":[{"href":"https:\/\/ntnui.no\/volleyball\/wp-json\/wp\/v2\/media?parent=230"}],"curies":[{"name":"wp","href":"https:\/\/api.w.org\/{rel}","templated":true}]}}