{"id":217,"date":"2023-02-14T13:11:13","date_gmt":"2023-02-14T13:11:13","guid":{"rendered":"https:\/\/ntnui.no\/volleyball\/?page_id=217"},"modified":"2025-08-13T11:36:14","modified_gmt":"2025-08-13T11:36:14","slug":"damelag","status":"publish","type":"page","link":"https:\/\/ntnui.no\/volleyball\/damelag\/","title":{"rendered":"Damelag"},"content":{"rendered":"\n<p>NTNUI er norges st\u00f8rste volleyball-lag, og har for sesongen 25\/26 10 lag p\u00e5 damesiden. Her kan du lese litt mer om de ulike lagene, og se hvilket niv\u00e5 som kan passe for deg!<\/p>\n\n\n\n<figure class=\"wp-block-image size-large\"><img loading=\"lazy\" decoding=\"async\" width=\"1600\" height=\"1067\" src=\"https:\/\/ntnui.no\/volleyball\/wp-content\/uploads\/sites\/296\/2023\/06\/i-fh7X2bt-X3-1.jpg\" alt=\"\" class=\"wp-image-786\" \/><\/figure>\n\n\n\n<p><strong>Elite:<\/strong><\/p>\n\n\n\n<p>Jentene i elite har 4 \u00f8kter i uka, i tillegg til styrketreninger og videoanalyse. De konkurrerer p\u00e5 det \u00f8verste niv\u00e5et i Norge, og laget passer for spillere som har h\u00f8ye ambisjoner, og gjerne har spilt volleyball en stund! Det er en forventning om at spillere p\u00e5 dette niv\u00e5et prioriterer trening og kamp h\u00f8yt. <\/p>\n\n\n\n<p>Hvis du er interessert &#8211; ta kontakt med sportslig ansvarlig p\u00e5 mail: kristin.nordtomme@ntnui.no<\/p>\n\n\n\n<p><strong>1. divisjon<\/strong><\/p>\n\n\n\n<p>Jentene i f\u00f8rstedivisjon har 3 \u00f8kter i uka, i tillegg til styrke og video. De konkurrer p\u00e5 nasjonalt niv\u00e5, og er tilpasset spillere med h\u00f8ye ambisjoner men ikke er helt klare for \u00e5 ta steget opp til elite. Det er en forventning om at spillere p\u00e5 dette niv\u00e5et prioriterer trening og kamp h\u00f8yt.<\/p>\n\n\n\n<p><strong>2. divisjon<\/strong> &#8211; 3 lag<\/p>\n\n\n\n<p>Fordelt over 3 lag i 2. divisjon er det en god miks av spillere. P\u00e5 D2A er det en del jenter som \u00f8nsker \u00e5 utfordre jentene p\u00e5 1. divisjon om plassene p\u00e5 sikt. D2B og D2C er for de som har spillt volleyball tidligere, men ikke \u00f8nsker et like seri\u00f8st treningsmilj\u00f8. <\/p>\n\n\n\n<p><strong>3. divisjon<\/strong> &#8211; 3 lag<\/p>\n\n\n\n<p>Tredjedivisjon er for spillere som har mindre erfaring, eller kun \u00f8nsker 2 \u00f8kter i uken. De \u00f8verste lagene i 3. divisjon best\u00e5r for det meste av spillere med erfaring, mens p\u00e5 de nederste lagene er det mye spillere som er relativt nye til volleyball, og det er gode muligheter \u00e5 starte som volleyballspiller i Trondheim og jobbe seg oppover dersom man skulle \u00f8nske. <\/p>\n\n\n\n<p><strong>4. divisjon<\/strong> &#8211; 1 lag<\/p>\n\n\n\n<p>Denne sesongen vil det bli opprettet 4. divisjon i Tr\u00f8ndelag. Her vil det v\u00e6re spillere som er relativt nye til volleyball og gir mulighet for jevn motstand i divisjonen med gode utviklingsmuligheter.<\/p>\n\n\n\n<p><strong>Bredde<\/strong><\/p>\n\n\n\n<p>Bredde er for de som aldri har spillt volleyball tidligere. De har en trening og deltar ikke i seriespill, men er med p\u00e5 alt annet som skjer i klubben som Julebord, treningsleir, sommerfl\u00f8rt og lagsfester. <\/p>\n","protected":false},"excerpt":{"rendered":"<p>NTNUI er norges st\u00f8rste volleyball-lag, og har for sesongen 25\/26 10 lag p\u00e5 damesiden. Her kan du lese litt mer om de ulike lagene, og se hvilket niv\u00e5 som kan passe for deg! Elite: Jentene i elite har 4 \u00f8kter i uka, i tillegg til styrketreninger og videoanalyse. De konkurrerer p\u00e5 det \u00f8verste niv\u00e5et i [&hellip;]<\/p>\n","protected":false},"author":439,"featured_media":0,"parent":0,"menu_order":0,"comment_status":"closed","ping_status":"closed","template":"","meta":{"_coblocks_attr":"","_coblocks_dimensions":"","_coblocks_responsive_height":"","_coblocks_accordion_ie_support":"","_price":"","_stock":"","_tribe_ticket_header":"","_tribe_default_ticket_provider":"","_tribe_ticket_capacity":"0","_ticket_start_date":"","_ticket_end_date":"","_tribe_ticket_show_description":"","_tribe_ticket_show_not_going":false,"_tribe_ticket_use_global_stock":"","_tribe_ticket_global_stock_level":"","_global_stock_mode":"","_global_stock_cap":"","_tribe_rsvp_for_event":"","_tribe_ticket_going_count":"","_tribe_ticket_not_going_count":"","_tribe_tickets_list":[],"_tribe_ticket_has_attendee_info_fields":false,"footnotes":""},"class_list":["post-217","page","type-page","status-publish","hentry"],"featured_image_src":null,"featured_image_src_square":null,"_links":{"self":[{"href":"https:\/\/ntnui.no\/volleyball\/wp-json\/wp\/v2\/pages\/217","targetHints":{"allow":["GET"]}}],"collection":[{"href":"https:\/\/ntnui.no\/volleyball\/wp-json\/wp\/v2\/pages"}],"about":[{"href":"https:\/\/ntnui.no\/volleyball\/wp-json\/wp\/v2\/types\/page"}],"author":[{"embeddable":true,"href":"https:\/\/ntnui.no\/volleyball\/wp-json\/wp\/v2\/users\/439"}],"replies":[{"embeddable":true,"href":"https:\/\/ntnui.no\/volleyball\/wp-json\/wp\/v2\/comments?post=217"}],"version-history":[{"count":7,"href":"https:\/\/ntnui.no\/volleyball\/wp-json\/wp\/v2\/pages\/217\/revisions"}],"predecessor-version":[{"id":1312,"href":"https:\/\/ntnui.no\/volleyball\/wp-json\/wp\/v2\/pages\/217\/revisions\/1312"}],"wp:attachment":[{"href":"https:\/\/ntnui.no\/volleyball\/wp-json\/wp\/v2\/media?parent=217"}],"curies":[{"name":"wp","href":"https:\/\/api.w.org\/{rel}","templated":true}]}}