{"id":185,"date":"2023-02-14T12:54:11","date_gmt":"2023-02-14T12:54:11","guid":{"rendered":"https:\/\/ntnui.no\/volleyball\/?page_id=185"},"modified":"2023-03-23T00:00:09","modified_gmt":"2023-03-23T00:00:09","slug":"h2c","status":"publish","type":"page","link":"https:\/\/ntnui.no\/volleyball\/h2c\/","title":{"rendered":"H2C"},"content":{"rendered":"\n<p class=\"has-text-align-center has-custom-font\" style=\"font-family:Georgia;font-size:25px\">Sesongen 2022\/23<\/p>\n\n\n\n<div class=\"wp-block-image\"><figure class=\"aligncenter size-large\"><img loading=\"lazy\" decoding=\"async\" width=\"1170\" height=\"906\" src=\"https:\/\/ntnui.no\/volleyball\/wp-content\/uploads\/sites\/296\/2023\/03\/lagbildeH2C2023.jpg\" alt=\"\" class=\"wp-image-521\" \/><\/figure><\/div>\n\n\n\n<figure class=\"wp-block-table alignleft is-style-stripes\"><table><tbody><tr><td>Treningstider:<\/td><\/tr><tr><td>Mandag 16:00-17:30<br>Onsdag 21:15-23:00<br>Torsdag 19:00-20:30<br><\/td><\/tr><\/tbody><\/table><\/figure>\n\n\n\n<figure class=\"wp-block-table aligncenter is-style-stripes\"><table><tbody><tr><td>Kontaktinfo:<\/td><td><\/td><\/tr><tr><td>Hovedtrenere: Hanna Brevik Aar\u00f8nes og Samuel H. Dyga<\/td><td><\/td><\/tr><\/tbody><\/table><\/figure>\n\n\n\n<figure class=\"wp-block-table alignwide is-style-regular\"><table class=\"has-subtle-pale-green-background-color has-background\"><tbody><tr><td><strong>Nr.<\/strong><\/td><td class=\"has-text-align-left\" data-align=\"left\"><strong>Navn<\/strong><\/td><td><strong>H\u00f8yde<\/strong><\/td><td><strong>Alder<\/strong><\/td><td><strong>Posisjon<\/strong><\/td><\/tr><tr><td>1<\/td><td class=\"has-text-align-left\" data-align=\"left\">Lo\u00efc Duffo<\/td><td>187<\/td><td>26<\/td><td>Legger<\/td><\/tr><tr><td>2<\/td><td class=\"has-text-align-left\" data-align=\"left\">Marko Kova\u010devi\u0107<\/td><td>185<\/td><td>31<\/td><td>Midt<\/td><\/tr><tr><td>3<\/td><td class=\"has-text-align-left\" data-align=\"left\">Magnus Alban Mehmeti<\/td><td>185<\/td><td>27<\/td><td>Kant<\/td><\/tr><tr><td>4<\/td><td class=\"has-text-align-left\" data-align=\"left\">Adrian Alfonso<\/td><td>180 <\/td><td>20<\/td><td>Legger<\/td><\/tr><tr><td>5<\/td><td class=\"has-text-align-left\" data-align=\"left\"> Diego S\u00e1nchez Salda\u00f1a<\/td><td>179<\/td><td>26<\/td><td>Kant<\/td><\/tr><tr><td>6<\/td><td class=\"has-text-align-left\" data-align=\"left\">Richard Bj\u00f8rnstad<\/td><td>187<\/td><td>27<\/td><td>Kant<\/td><\/tr><tr><td>7<\/td><td class=\"has-text-align-left\" data-align=\"left\">Anders Folkestad Osdal <\/td><td>178<\/td><td>21<\/td><td>Libero<\/td><\/tr><tr><td>8<\/td><td class=\"has-text-align-left\" data-align=\"left\">Mattias Rusten<\/td><td>190<\/td><td>20<\/td><td>Midt<\/td><\/tr><tr><td>9<\/td><td class=\"has-text-align-left\" data-align=\"left\">Karl Halvdan Lind<\/td><td>178<\/td><td>24<\/td><td>Libero<\/td><\/tr><tr><td>10<\/td><td class=\"has-text-align-left\" data-align=\"left\">Joar Ulvenes<\/td><td>189<\/td><td>21<\/td><td>Diagonal<\/td><\/tr><tr><td>11<\/td><td class=\"has-text-align-left\" data-align=\"left\">Bendik L\u00f8vlie <\/td><td>185<\/td><td>22<\/td><td>Kant<\/td><\/tr><tr><td>12<\/td><td class=\"has-text-align-left\" data-align=\"left\">Marius Lindl\u00f8kken<\/td><td>180<\/td><td>23<\/td><td>Legger<\/td><\/tr><tr><td>13<\/td><td class=\"has-text-align-left\" data-align=\"left\">Adrian Pischedda<\/td><td>191<\/td><td>23<\/td><td>Midt<\/td><\/tr><tr><td>14<\/td><td class=\"has-text-align-left\" data-align=\"left\">Henok Hayalu<\/td><td>191<\/td><td>22<\/td><td>Digonal<\/td><\/tr><tr><td>15<\/td><td class=\"has-text-align-left\" data-align=\"left\">Sondre Auran Smit<\/td><td>188<\/td><td>21<\/td><td>Kant<\/td><\/tr><tr><td>16<\/td><td class=\"has-text-align-left\" data-align=\"left\">Hallvard Echtermeyer<\/td><td>186<\/td><td>22<\/td><td>Libero<\/td><\/tr><\/tbody><\/table><\/figure>\n\n\n\n<p><\/p>\n","protected":false},"excerpt":{"rendered":"<p>Sesongen 2022\/23 Treningstider: Mandag 16:00-17:30Onsdag 21:15-23:00Torsdag 19:00-20:30 Kontaktinfo: Hovedtrenere: Hanna Brevik Aar\u00f8nes og Samuel H. Dyga Nr. Navn H\u00f8yde Alder Posisjon 1 Lo\u00efc Duffo 187 26 Legger 2 Marko Kova\u010devi\u0107 185 31 Midt 3 Magnus Alban Mehmeti 185 27 Kant 4 Adrian Alfonso 180 20 Legger 5 Diego S\u00e1nchez Salda\u00f1a 179 26 Kant 6 Richard [&hellip;]<\/p>\n","protected":false},"author":512,"featured_media":0,"parent":0,"menu_order":0,"comment_status":"closed","ping_status":"closed","template":"","meta":{"_coblocks_attr":"Georgia","_coblocks_dimensions":"","_coblocks_responsive_height":"","_coblocks_accordion_ie_support":"","_price":"","_stock":"","_tribe_ticket_header":"","_tribe_default_ticket_provider":"","_tribe_ticket_capacity":"0","_ticket_start_date":"","_ticket_end_date":"","_tribe_ticket_show_description":"","_tribe_ticket_show_not_going":false,"_tribe_ticket_use_global_stock":"","_tribe_ticket_global_stock_level":"","_global_stock_mode":"","_global_stock_cap":"","_tribe_rsvp_for_event":"","_tribe_ticket_going_count":"","_tribe_ticket_not_going_count":"","_tribe_tickets_list":[],"_tribe_ticket_has_attendee_info_fields":false,"footnotes":""},"class_list":["post-185","page","type-page","status-publish","hentry"],"featured_image_src":null,"featured_image_src_square":null,"_links":{"self":[{"href":"https:\/\/ntnui.no\/volleyball\/wp-json\/wp\/v2\/pages\/185","targetHints":{"allow":["GET"]}}],"collection":[{"href":"https:\/\/ntnui.no\/volleyball\/wp-json\/wp\/v2\/pages"}],"about":[{"href":"https:\/\/ntnui.no\/volleyball\/wp-json\/wp\/v2\/types\/page"}],"author":[{"embeddable":true,"href":"https:\/\/ntnui.no\/volleyball\/wp-json\/wp\/v2\/users\/512"}],"replies":[{"embeddable":true,"href":"https:\/\/ntnui.no\/volleyball\/wp-json\/wp\/v2\/comments?post=185"}],"version-history":[{"count":4,"href":"https:\/\/ntnui.no\/volleyball\/wp-json\/wp\/v2\/pages\/185\/revisions"}],"predecessor-version":[{"id":525,"href":"https:\/\/ntnui.no\/volleyball\/wp-json\/wp\/v2\/pages\/185\/revisions\/525"}],"wp:attachment":[{"href":"https:\/\/ntnui.no\/volleyball\/wp-json\/wp\/v2\/media?parent=185"}],"curies":[{"name":"wp","href":"https:\/\/api.w.org\/{rel}","templated":true}]}}