{"id":15,"date":"2019-01-10T17:37:49","date_gmt":"2019-01-10T17:37:49","guid":{"rendered":"https:\/\/ntnui.no\/volleyball2\/?page_id=15"},"modified":"2023-01-10T13:08:26","modified_gmt":"2023-01-10T13:08:26","slug":"nyheter","status":"publish","type":"page","link":"https:\/\/ntnui.no\/volleyball\/nyheter\/","title":{"rendered":"Nyheter"},"content":{"rendered":"<section class=\"ab-block-post-grid featuredpost aligncenter\"><div class=\"ab-post-grid-items is-grid columns-2\"><article id=\"post-1393\" class=\"ab-post-grid-item post-1393 post type-post status-publish format-standard has-post-thumbnail hentry category-ukategorisert-en\"><div class=\"ab-block-post-grid-image\"><a href=\"https:\/\/ntnui.no\/volleyball\/en\/2025\/12\/10\/registration-for-the-supplementary-tryouts-is-now-open\/\" rel=\"bookmark\" aria-hidden=\"true\" tabindex=\"-1\"><img loading=\"lazy\" decoding=\"async\" width=\"1080\" height=\"1350\" src=\"https:\/\/ntnui.no\/volleyball\/wp-content\/uploads\/sites\/296\/2025\/12\/Januar-uttak-2026-1.png\" class=\"attachment-full size-full\" alt=\"\" \/><\/a><\/div><div class=\"ab-block-post-grid-text\"><header class=\"ab-block-post-grid-header\"><h3 class=\"ab-block-post-grid-title\"><a href=\"https:\/\/ntnui.no\/volleyball\/en\/2025\/12\/10\/registration-for-the-supplementary-tryouts-is-now-open\/\" rel=\"bookmark\">Registration for the supplementary tryouts is now open!<\/a><\/h3><div class=\"ab-block-post-grid-byline\"><time datetime=\"2025-12-10T22:31:53+00:00\" class=\"ab-block-post-grid-date\" itemprop=\"datePublished\">desember 10, 2025<\/time><\/div><\/header><div class=\"ab-block-post-grid-excerpt\"><\/div><\/div><\/article>\n<article id=\"post-1389\" class=\"ab-post-grid-item post-1389 post type-post status-publish format-standard has-post-thumbnail hentry category-uncategorized tag-volleyball-nb\"><div class=\"ab-block-post-grid-image\"><a href=\"https:\/\/ntnui.no\/volleyball\/2025\/12\/10\/pamelding-til-pafyllingsuttak-er-na-apent\/\" rel=\"bookmark\" aria-hidden=\"true\" tabindex=\"-1\"><img loading=\"lazy\" decoding=\"async\" width=\"1080\" height=\"1350\" src=\"https:\/\/ntnui.no\/volleyball\/wp-content\/uploads\/sites\/296\/2025\/12\/Januar-uttak-2026-1.png\" class=\"attachment-full size-full\" alt=\"\" \/><\/a><\/div><div class=\"ab-block-post-grid-text\"><header class=\"ab-block-post-grid-header\"><h3 class=\"ab-block-post-grid-title\"><a href=\"https:\/\/ntnui.no\/volleyball\/2025\/12\/10\/pamelding-til-pafyllingsuttak-er-na-apent\/\" rel=\"bookmark\">P\u00e5melding til p\u00e5fyllingsuttak er n\u00e5 \u00e5pent!<\/a><\/h3><div class=\"ab-block-post-grid-byline\"><time datetime=\"2025-12-10T22:27:58+00:00\" class=\"ab-block-post-grid-date\" itemprop=\"datePublished\">desember 10, 2025<\/time><\/div><\/header><div class=\"ab-block-post-grid-excerpt\"><\/div><\/div><\/article>\n<article id=\"post-1385\" class=\"ab-post-grid-item post-1385 post type-post status-publish format-standard has-post-thumbnail hentry category-news category-ukategorisert-en\"><div class=\"ab-block-post-grid-image\"><a href=\"https:\/\/ntnui.no\/volleyball\/en\/2025\/12\/06\/supplementary-tryouts-2026\/\" rel=\"bookmark\" aria-hidden=\"true\" tabindex=\"-1\"><img loading=\"lazy\" decoding=\"async\" width=\"1080\" height=\"1080\" src=\"https:\/\/ntnui.no\/volleyball\/wp-content\/uploads\/sites\/296\/2025\/12\/Try-outs-1.png\" class=\"attachment-full size-full\" alt=\"\" \/><\/a><\/div><div class=\"ab-block-post-grid-text\"><header class=\"ab-block-post-grid-header\"><h3 class=\"ab-block-post-grid-title\"><a href=\"https:\/\/ntnui.no\/volleyball\/en\/2025\/12\/06\/supplementary-tryouts-2026\/\" rel=\"bookmark\">Supplementary tryouts 2026<\/a><\/h3><div class=\"ab-block-post-grid-byline\"><time datetime=\"2025-12-06T18:08:17+00:00\" class=\"ab-block-post-grid-date\" itemprop=\"datePublished\">desember 6, 2025<\/time><\/div><\/header><div class=\"ab-block-post-grid-excerpt\"><\/div><\/div><\/article>\n<article id=\"post-1382\" class=\"ab-post-grid-item post-1382 post type-post status-publish format-standard has-post-thumbnail hentry category-uncategorized\"><div class=\"ab-block-post-grid-image\"><a href=\"https:\/\/ntnui.no\/volleyball\/2025\/12\/06\/pafyllingsuttak-2026\/\" rel=\"bookmark\" aria-hidden=\"true\" tabindex=\"-1\"><img loading=\"lazy\" decoding=\"async\" width=\"1080\" height=\"1080\" src=\"https:\/\/ntnui.no\/volleyball\/wp-content\/uploads\/sites\/296\/2025\/12\/Try-outs-1.png\" class=\"attachment-full size-full\" alt=\"\" \/><\/a><\/div><div class=\"ab-block-post-grid-text\"><header class=\"ab-block-post-grid-header\"><h3 class=\"ab-block-post-grid-title\"><a href=\"https:\/\/ntnui.no\/volleyball\/2025\/12\/06\/pafyllingsuttak-2026\/\" rel=\"bookmark\">P\u00e5fyllingsuttak 2026<\/a><\/h3><div class=\"ab-block-post-grid-byline\"><time datetime=\"2025-12-06T18:06:25+00:00\" class=\"ab-block-post-grid-date\" itemprop=\"datePublished\">desember 6, 2025<\/time><\/div><\/header><div class=\"ab-block-post-grid-excerpt\"><\/div><\/div><\/article>\n<article id=\"post-1373\" class=\"ab-post-grid-item post-1373 post type-post status-publish format-standard has-post-thumbnail hentry category-reisebrev tag-d-elite tag-ntnui-nb tag-reisebrev tag-volleyball-nb\"><div class=\"ab-block-post-grid-image\"><a href=\"https:\/\/ntnui.no\/volleyball\/2025\/10\/28\/reisebrev-d-elite-i-oslo\/\" rel=\"bookmark\" aria-hidden=\"true\" tabindex=\"-1\"><img loading=\"lazy\" decoding=\"async\" width=\"1500\" height=\"843\" src=\"https:\/\/ntnui.no\/volleyball\/wp-content\/uploads\/sites\/296\/2025\/10\/Reisebrev.png\" class=\"attachment-full size-full\" alt=\"\" \/><\/a><\/div><div class=\"ab-block-post-grid-text\"><header class=\"ab-block-post-grid-header\"><h3 class=\"ab-block-post-grid-title\"><a href=\"https:\/\/ntnui.no\/volleyball\/2025\/10\/28\/reisebrev-d-elite-i-oslo\/\" rel=\"bookmark\">Reisebrev: D-elite i Oslo<\/a><\/h3><div class=\"ab-block-post-grid-byline\"><time datetime=\"2025-10-28T11:37:17+00:00\" class=\"ab-block-post-grid-date\" itemprop=\"datePublished\">oktober 28, 2025<\/time><\/div><\/header><div class=\"ab-block-post-grid-excerpt\"><\/div><\/div><\/article>\n<article id=\"post-1367\" class=\"ab-post-grid-item post-1367 post type-post status-publish format-standard has-post-thumbnail hentry category-reisebrev tag-d-elite tag-ntnui-nb tag-reisebrev tag-volleyball-nb\"><div class=\"ab-block-post-grid-image\"><a href=\"https:\/\/ntnui.no\/volleyball\/2025\/10\/03\/reisebrev-d-elite\/\" rel=\"bookmark\" aria-hidden=\"true\" tabindex=\"-1\"><img loading=\"lazy\" decoding=\"async\" width=\"962\" height=\"596\" src=\"https:\/\/ntnui.no\/volleyball\/wp-content\/uploads\/sites\/296\/2025\/10\/Screenshot-2025-10-03-151700.png\" class=\"attachment-full size-full\" alt=\"\" \/><\/a><\/div><div class=\"ab-block-post-grid-text\"><header class=\"ab-block-post-grid-header\"><h3 class=\"ab-block-post-grid-title\"><a href=\"https:\/\/ntnui.no\/volleyball\/2025\/10\/03\/reisebrev-d-elite\/\" rel=\"bookmark\">Reisebrev D-elite<\/a><\/h3><div class=\"ab-block-post-grid-byline\"><time datetime=\"2025-10-03T13:25:44+00:00\" class=\"ab-block-post-grid-date\" itemprop=\"datePublished\">oktober 3, 2025<\/time><\/div><\/header><div class=\"ab-block-post-grid-excerpt\"><\/div><\/div><\/article>\n<article id=\"post-1329\" class=\"ab-post-grid-item post-1329 post type-post status-publish format-standard has-post-thumbnail hentry category-ukategorisert-en tag-ntnui tag-recreational-volleyball tag-volleyball\"><div class=\"ab-block-post-grid-image\"><a href=\"https:\/\/ntnui.no\/volleyball\/en\/2025\/08\/22\/sign-up-for-the-recreational-team\/\" rel=\"bookmark\" aria-hidden=\"true\" tabindex=\"-1\"><img loading=\"lazy\" decoding=\"async\" width=\"836\" height=\"571\" src=\"https:\/\/ntnui.no\/volleyball\/wp-content\/uploads\/sites\/296\/2025\/08\/Screenshot-2025-08-22-010435.png\" class=\"attachment-full size-full\" alt=\"\" \/><\/a><\/div><div class=\"ab-block-post-grid-text\"><header class=\"ab-block-post-grid-header\"><h3 class=\"ab-block-post-grid-title\"><a href=\"https:\/\/ntnui.no\/volleyball\/en\/2025\/08\/22\/sign-up-for-the-recreational-team\/\" rel=\"bookmark\">Sign up for the recreational team!<\/a><\/h3><div class=\"ab-block-post-grid-byline\"><time datetime=\"2025-08-22T12:05:54+00:00\" class=\"ab-block-post-grid-date\" itemprop=\"datePublished\">august 22, 2025<\/time><\/div><\/header><div class=\"ab-block-post-grid-excerpt\"><\/div><\/div><\/article>\n<article id=\"post-1324\" class=\"ab-post-grid-item post-1324 post type-post status-publish format-standard has-post-thumbnail hentry category-uncategorized tag-breddelag tag-volleyball-nb\"><div class=\"ab-block-post-grid-image\"><a href=\"https:\/\/ntnui.no\/volleyball\/2025\/08\/21\/pamelding-til-breddelaget\/\" rel=\"bookmark\" aria-hidden=\"true\" tabindex=\"-1\"><img loading=\"lazy\" decoding=\"async\" width=\"836\" height=\"571\" src=\"https:\/\/ntnui.no\/volleyball\/wp-content\/uploads\/sites\/296\/2025\/08\/Screenshot-2025-08-22-010435.png\" class=\"attachment-full size-full\" alt=\"\" \/><\/a><\/div><div class=\"ab-block-post-grid-text\"><header class=\"ab-block-post-grid-header\"><h3 class=\"ab-block-post-grid-title\"><a href=\"https:\/\/ntnui.no\/volleyball\/2025\/08\/21\/pamelding-til-breddelaget\/\" rel=\"bookmark\">P\u00e5melding til breddelaget!<\/a><\/h3><div class=\"ab-block-post-grid-byline\"><time datetime=\"2025-08-21T23:07:14+00:00\" class=\"ab-block-post-grid-date\" itemprop=\"datePublished\">august 21, 2025<\/time><\/div><\/header><div class=\"ab-block-post-grid-excerpt\"><\/div><\/div><\/article>\n<article id=\"post-1259\" class=\"ab-post-grid-item post-1259 post type-post status-publish format-standard has-post-thumbnail hentry category-uncategorized tag-volleyball-nb\"><div class=\"ab-block-post-grid-image\"><a href=\"https:\/\/ntnui.no\/volleyball\/2025\/07\/09\/pamelding-til-uttak-2025-26-sesongen-er-apent\/\" rel=\"bookmark\" aria-hidden=\"true\" tabindex=\"-1\"><img loading=\"lazy\" decoding=\"async\" width=\"1080\" height=\"1080\" src=\"https:\/\/ntnui.no\/volleyball\/wp-content\/uploads\/sites\/296\/2025\/07\/c9792895-4dc3-4046-9090-5fd126e8eddb.jpeg\" class=\"attachment-full size-full\" alt=\"\" \/><\/a><\/div><div class=\"ab-block-post-grid-text\"><header class=\"ab-block-post-grid-header\"><h3 class=\"ab-block-post-grid-title\"><a href=\"https:\/\/ntnui.no\/volleyball\/2025\/07\/09\/pamelding-til-uttak-2025-26-sesongen-er-apent\/\" rel=\"bookmark\">P\u00e5melding til uttak 2025\/26 sesongen er \u00e5pent!<\/a><\/h3><div class=\"ab-block-post-grid-byline\"><time datetime=\"2025-07-09T21:20:26+00:00\" class=\"ab-block-post-grid-date\" itemprop=\"datePublished\">juli 9, 2025<\/time><\/div><\/header><div class=\"ab-block-post-grid-excerpt\"><\/div><\/div><\/article>\n<article id=\"post-1266\" class=\"ab-post-grid-item post-1266 post type-post status-publish format-standard has-post-thumbnail hentry category-news category-ukategorisert-en tag-ntnui tag-tryouts tag-uttak tag-volleyball\"><div class=\"ab-block-post-grid-image\"><a href=\"https:\/\/ntnui.no\/volleyball\/en\/2025\/07\/09\/tryout-registration-for-the-2025-26-season-is-now-open\/\" rel=\"bookmark\" aria-hidden=\"true\" tabindex=\"-1\"><img loading=\"lazy\" decoding=\"async\" width=\"1080\" height=\"1080\" src=\"https:\/\/ntnui.no\/volleyball\/wp-content\/uploads\/sites\/296\/2025\/07\/c9792895-4dc3-4046-9090-5fd126e8eddb.jpeg\" class=\"attachment-full size-full\" alt=\"\" \/><\/a><\/div><div class=\"ab-block-post-grid-text\"><header class=\"ab-block-post-grid-header\"><h3 class=\"ab-block-post-grid-title\"><a href=\"https:\/\/ntnui.no\/volleyball\/en\/2025\/07\/09\/tryout-registration-for-the-2025-26-season-is-now-open\/\" rel=\"bookmark\">Tryout Registration for the 2025\/26 Season is Now Open!<\/a><\/h3><div class=\"ab-block-post-grid-byline\"><time datetime=\"2025-07-09T21:19:18+00:00\" class=\"ab-block-post-grid-date\" itemprop=\"datePublished\">juli 9, 2025<\/time><\/div><\/header><div class=\"ab-block-post-grid-excerpt\"><\/div><\/div><\/article>\n<article id=\"post-1068\" class=\"ab-post-grid-item post-1068 post type-post status-publish format-standard has-post-thumbnail hentry category-uncategorized\"><div class=\"ab-block-post-grid-image\"><a href=\"https:\/\/ntnui.no\/volleyball\/2024\/07\/17\/pamelding-til-uttak-har-apnet\/\" rel=\"bookmark\" aria-hidden=\"true\" tabindex=\"-1\"><img loading=\"lazy\" decoding=\"async\" width=\"2244\" height=\"1494\" src=\"https:\/\/ntnui.no\/volleyball\/wp-content\/uploads\/sites\/296\/2024\/03\/Skjermbilde-2024-03-06-kl.-08.40.15.png\" class=\"attachment-full size-full\" alt=\"\" \/><\/a><\/div><div class=\"ab-block-post-grid-text\"><header class=\"ab-block-post-grid-header\"><h3 class=\"ab-block-post-grid-title\"><a href=\"https:\/\/ntnui.no\/volleyball\/2024\/07\/17\/pamelding-til-uttak-har-apnet\/\" rel=\"bookmark\">P\u00e5melding til Uttak har \u00e5pnet<\/a><\/h3><div class=\"ab-block-post-grid-byline\"><time datetime=\"2024-07-17T22:53:12+00:00\" class=\"ab-block-post-grid-date\" itemprop=\"datePublished\">juli 17, 2024<\/time><\/div><\/header><div class=\"ab-block-post-grid-excerpt\"><\/div><\/div><\/article>\n<article id=\"post-1044\" class=\"ab-post-grid-item post-1044 post type-post status-publish format-standard has-post-thumbnail hentry category-uncategorized\"><div class=\"ab-block-post-grid-image\"><a href=\"https:\/\/ntnui.no\/volleyball\/2024\/05\/27\/en-bauta-takker-for-seg\/\" rel=\"bookmark\" aria-hidden=\"true\" tabindex=\"-1\"><img loading=\"lazy\" decoding=\"async\" width=\"2392\" height=\"1596\" src=\"https:\/\/ntnui.no\/volleyball\/wp-content\/uploads\/sites\/296\/2024\/05\/Skjermbilde-2024-05-27-kl.-13.53.00.png\" class=\"attachment-full size-full\" alt=\"\" \/><\/a><\/div><div class=\"ab-block-post-grid-text\"><header class=\"ab-block-post-grid-header\"><h3 class=\"ab-block-post-grid-title\"><a href=\"https:\/\/ntnui.no\/volleyball\/2024\/05\/27\/en-bauta-takker-for-seg\/\" rel=\"bookmark\">En bauta takker for seg<\/a><\/h3><div class=\"ab-block-post-grid-byline\"><time datetime=\"2024-05-27T12:10:16+00:00\" class=\"ab-block-post-grid-date\" itemprop=\"datePublished\">mai 27, 2024<\/time><\/div><\/header><div class=\"ab-block-post-grid-excerpt\"><\/div><\/div><\/article>\n<article id=\"post-1039\" class=\"ab-post-grid-item post-1039 post type-post status-publish format-standard has-post-thumbnail hentry category-uncategorized\"><div class=\"ab-block-post-grid-image\"><a href=\"https:\/\/ntnui.no\/volleyball\/2024\/03\/20\/cato-seljevold-kamp-nr-200\/\" rel=\"bookmark\" aria-hidden=\"true\" tabindex=\"-1\"><img loading=\"lazy\" decoding=\"async\" width=\"820\" height=\"1118\" src=\"https:\/\/ntnui.no\/volleyball\/wp-content\/uploads\/sites\/296\/2024\/03\/Skjermbilde-2024-03-20-kl.-09.59.48.png\" class=\"attachment-full size-full\" alt=\"\" \/><\/a><\/div><div class=\"ab-block-post-grid-text\"><header class=\"ab-block-post-grid-header\"><h3 class=\"ab-block-post-grid-title\"><a href=\"https:\/\/ntnui.no\/volleyball\/2024\/03\/20\/cato-seljevold-kamp-nr-200\/\" rel=\"bookmark\">Cato Seljevold &#8211; kamp nr 200<\/a><\/h3><div class=\"ab-block-post-grid-byline\"><time datetime=\"2024-03-20T09:03:26+00:00\" class=\"ab-block-post-grid-date\" itemprop=\"datePublished\">mars 20, 2024<\/time><\/div><\/header><div class=\"ab-block-post-grid-excerpt\"><\/div><\/div><\/article>\n<article id=\"post-904\" class=\"ab-post-grid-item post-904 post type-post status-publish format-standard has-post-thumbnail hentry category-uncategorized\"><div class=\"ab-block-post-grid-image\"><a href=\"https:\/\/ntnui.no\/volleyball\/2023\/10\/13\/intersport-lefstad\/\" rel=\"bookmark\" aria-hidden=\"true\" tabindex=\"-1\"><img loading=\"lazy\" decoding=\"async\" width=\"1230\" height=\"1028\" src=\"https:\/\/ntnui.no\/volleyball\/wp-content\/uploads\/sites\/296\/2023\/10\/Skjermbilde-2023-10-13-kl.-11.19.09.png\" class=\"attachment-full size-full\" alt=\"\" \/><\/a><\/div><div class=\"ab-block-post-grid-text\"><header class=\"ab-block-post-grid-header\"><h3 class=\"ab-block-post-grid-title\"><a href=\"https:\/\/ntnui.no\/volleyball\/2023\/10\/13\/intersport-lefstad\/\" rel=\"bookmark\">Intersport Lefstad<\/a><\/h3><div class=\"ab-block-post-grid-byline\"><time datetime=\"2023-10-13T08:58:32+00:00\" class=\"ab-block-post-grid-date\" itemprop=\"datePublished\">oktober 13, 2023<\/time><\/div><\/header><div class=\"ab-block-post-grid-excerpt\"><\/div><\/div><\/article>\n<article id=\"post-831\" class=\"ab-post-grid-item post-831 post type-post status-publish format-standard has-post-thumbnail hentry category-uncategorized\"><div class=\"ab-block-post-grid-image\"><a href=\"https:\/\/ntnui.no\/volleyball\/2023\/08\/27\/breddelag-signup\/\" rel=\"bookmark\" aria-hidden=\"true\" tabindex=\"-1\"><img loading=\"lazy\" decoding=\"async\" width=\"1600\" height=\"1067\" src=\"https:\/\/ntnui.no\/volleyball\/wp-content\/uploads\/sites\/296\/2023\/06\/i-fh7X2bt-X3.jpg\" class=\"attachment-full size-full\" alt=\"\" \/><\/a><\/div><div class=\"ab-block-post-grid-text\"><header class=\"ab-block-post-grid-header\"><h3 class=\"ab-block-post-grid-title\"><a href=\"https:\/\/ntnui.no\/volleyball\/2023\/08\/27\/breddelag-signup\/\" rel=\"bookmark\">Breddelag Signup!<\/a><\/h3><div class=\"ab-block-post-grid-byline\"><time datetime=\"2023-08-27T00:00:00+00:00\" class=\"ab-block-post-grid-date\" itemprop=\"datePublished\">august 27, 2023<\/time><\/div><\/header><div class=\"ab-block-post-grid-excerpt\"><\/div><\/div><\/article>\n<article id=\"post-827\" class=\"ab-post-grid-item post-827 post type-post status-publish format-standard has-post-thumbnail hentry category-uncategorized\"><div class=\"ab-block-post-grid-image\"><a href=\"https:\/\/ntnui.no\/volleyball\/2023\/08\/26\/save-the-date\/\" rel=\"bookmark\" aria-hidden=\"true\" tabindex=\"-1\"><img loading=\"lazy\" decoding=\"async\" width=\"1414\" height=\"2000\" src=\"https:\/\/ntnui.no\/volleyball\/wp-content\/uploads\/sites\/296\/2023\/08\/Hjemmekamper-2324.png\" class=\"attachment-full size-full\" alt=\"\" \/><\/a><\/div><div class=\"ab-block-post-grid-text\"><header class=\"ab-block-post-grid-header\"><h3 class=\"ab-block-post-grid-title\"><a href=\"https:\/\/ntnui.no\/volleyball\/2023\/08\/26\/save-the-date\/\" rel=\"bookmark\">Save the date!<\/a><\/h3><div class=\"ab-block-post-grid-byline\"><time datetime=\"2023-08-26T08:54:59+00:00\" class=\"ab-block-post-grid-date\" itemprop=\"datePublished\">august 26, 2023<\/time><\/div><\/header><div class=\"ab-block-post-grid-excerpt\"><\/div><\/div><\/article>\n<article id=\"post-820\" class=\"ab-post-grid-item post-820 post type-post status-publish format-standard hentry category-uncategorized\"><div class=\"ab-block-post-grid-text\"><header class=\"ab-block-post-grid-header\"><h3 class=\"ab-block-post-grid-title\"><a href=\"https:\/\/ntnui.no\/volleyball\/2023\/08\/18\/midtnordisk-2023\/\" rel=\"bookmark\">Midtnordisk 2023<\/a><\/h3><div class=\"ab-block-post-grid-byline\"><time datetime=\"2023-08-18T20:16:09+00:00\" class=\"ab-block-post-grid-date\" itemprop=\"datePublished\">august 18, 2023<\/time><\/div><\/header><div class=\"ab-block-post-grid-excerpt\"><\/div><\/div><\/article>\n<article id=\"post-804\" class=\"ab-post-grid-item post-804 post type-post status-publish format-standard has-post-thumbnail hentry category-uncategorized\"><div class=\"ab-block-post-grid-image\"><a href=\"https:\/\/ntnui.no\/volleyball\/2023\/08\/10\/uttakstrening-tider\/\" rel=\"bookmark\" aria-hidden=\"true\" tabindex=\"-1\"><img loading=\"lazy\" decoding=\"async\" width=\"1200\" height=\"630\" src=\"https:\/\/ntnui.no\/volleyball\/wp-content\/uploads\/sites\/296\/2023\/08\/Uttaks-tider.jpg\" class=\"attachment-full size-full\" alt=\"\" \/><\/a><\/div><div class=\"ab-block-post-grid-text\"><header class=\"ab-block-post-grid-header\"><h3 class=\"ab-block-post-grid-title\"><a href=\"https:\/\/ntnui.no\/volleyball\/2023\/08\/10\/uttakstrening-tider\/\" rel=\"bookmark\">Uttakstrening tider<\/a><\/h3><div class=\"ab-block-post-grid-byline\"><time datetime=\"2023-08-10T16:29:58+00:00\" class=\"ab-block-post-grid-date\" itemprop=\"datePublished\">august 10, 2023<\/time><\/div><\/header><div class=\"ab-block-post-grid-excerpt\"><\/div><\/div><\/article>\n<article id=\"post-778\" class=\"ab-post-grid-item post-778 post type-post status-publish format-standard has-post-thumbnail hentry category-nyheter category-uncategorized\"><div class=\"ab-block-post-grid-image\"><a href=\"https:\/\/ntnui.no\/volleyball\/2023\/06\/25\/registrering-til-uttakstreninger\/\" rel=\"bookmark\" aria-hidden=\"true\" tabindex=\"-1\"><img loading=\"lazy\" decoding=\"async\" width=\"1600\" height=\"1067\" src=\"https:\/\/ntnui.no\/volleyball\/wp-content\/uploads\/sites\/296\/2023\/06\/i-fh7X2bt-X3.jpg\" class=\"attachment-full size-full\" alt=\"\" \/><\/a><\/div><div class=\"ab-block-post-grid-text\"><header class=\"ab-block-post-grid-header\"><h3 class=\"ab-block-post-grid-title\"><a href=\"https:\/\/ntnui.no\/volleyball\/2023\/06\/25\/registrering-til-uttakstreninger\/\" rel=\"bookmark\">Registrering til uttakstreninger<\/a><\/h3><div class=\"ab-block-post-grid-byline\"><time datetime=\"2023-06-25T23:23:03+00:00\" class=\"ab-block-post-grid-date\" itemprop=\"datePublished\">juni 25, 2023<\/time><\/div><\/header><div class=\"ab-block-post-grid-excerpt\"><\/div><\/div><\/article>\n<article id=\"post-670\" class=\"ab-post-grid-item post-670 post type-post status-publish format-standard has-post-thumbnail hentry category-uncategorized\"><div class=\"ab-block-post-grid-image\"><a href=\"https:\/\/ntnui.no\/volleyball\/2023\/04\/13\/uttak-2023\/\" rel=\"bookmark\" aria-hidden=\"true\" tabindex=\"-1\"><img loading=\"lazy\" decoding=\"async\" width=\"1886\" height=\"1178\" src=\"https:\/\/ntnui.no\/volleyball\/wp-content\/uploads\/sites\/296\/2023\/04\/Screenshot-2023-04-13-at-13.03.38.png\" class=\"attachment-full size-full\" alt=\"\" \/><\/a><\/div><div class=\"ab-block-post-grid-text\"><header class=\"ab-block-post-grid-header\"><h3 class=\"ab-block-post-grid-title\"><a href=\"https:\/\/ntnui.no\/volleyball\/2023\/04\/13\/uttak-2023\/\" rel=\"bookmark\">Uttak 2023<\/a><\/h3><div class=\"ab-block-post-grid-byline\"><time datetime=\"2023-04-13T11:39:48+00:00\" class=\"ab-block-post-grid-date\" itemprop=\"datePublished\">april 13, 2023<\/time><\/div><\/header><div class=\"ab-block-post-grid-excerpt\"><\/div><\/div><\/article>\n<article id=\"post-78\" class=\"ab-post-grid-item post-78 post type-post status-publish format-standard has-post-thumbnail hentry category-uncategorized\"><div class=\"ab-block-post-grid-image\"><a href=\"https:\/\/ntnui.no\/volleyball\/2023\/01\/10\/vi-har-ny-hjemmeside\/\" rel=\"bookmark\" aria-hidden=\"true\" tabindex=\"-1\"><img loading=\"lazy\" decoding=\"async\" width=\"96\" height=\"96\" src=\"https:\/\/ntnui.no\/volleyball\/wp-content\/uploads\/sites\/296\/2019\/01\/NTNUI-favicon.png\" class=\"attachment-full size-full\" alt=\"\" \/><\/a><\/div><div class=\"ab-block-post-grid-text\"><header class=\"ab-block-post-grid-header\"><h3 class=\"ab-block-post-grid-title\"><a href=\"https:\/\/ntnui.no\/volleyball\/2023\/01\/10\/vi-har-ny-hjemmeside\/\" rel=\"bookmark\">Vi har ny hjemmeside<\/a><\/h3><div class=\"ab-block-post-grid-byline\"><time datetime=\"2023-01-10T13:05:39+00:00\" class=\"ab-block-post-grid-date\" itemprop=\"datePublished\">januar 10, 2023<\/time><\/div><\/header><div class=\"ab-block-post-grid-excerpt\"><\/div><\/div><\/article>\n<\/div><\/section>","protected":false},"excerpt":{"rendered":"","protected":false},"author":7,"featured_media":0,"parent":0,"menu_order":0,"comment_status":"closed","ping_status":"closed","template":"","meta":{"_coblocks_attr":"","_coblocks_dimensions":"","_coblocks_responsive_height":"","_coblocks_accordion_ie_support":"","_price":"","_stock":"","_tribe_ticket_header":"","_tribe_default_ticket_provider":"","_tribe_ticket_capacity":"0","_ticket_start_date":"","_ticket_end_date":"","_tribe_ticket_show_description":"","_tribe_ticket_show_not_going":false,"_tribe_ticket_use_global_stock":"","_tribe_ticket_global_stock_level":"","_global_stock_mode":"","_global_stock_cap":"","_tribe_rsvp_for_event":"","_tribe_ticket_going_count":"","_tribe_ticket_not_going_count":"","_tribe_tickets_list":[],"_tribe_ticket_has_attendee_info_fields":false,"footnotes":""},"class_list":["post-15","page","type-page","status-publish","hentry"],"featured_image_src":null,"featured_image_src_square":null,"_links":{"self":[{"href":"https:\/\/ntnui.no\/volleyball\/wp-json\/wp\/v2\/pages\/15","targetHints":{"allow":["GET"]}}],"collection":[{"href":"https:\/\/ntnui.no\/volleyball\/wp-json\/wp\/v2\/pages"}],"about":[{"href":"https:\/\/ntnui.no\/volleyball\/wp-json\/wp\/v2\/types\/page"}],"author":[{"embeddable":true,"href":"https:\/\/ntnui.no\/volleyball\/wp-json\/wp\/v2\/users\/7"}],"replies":[{"embeddable":true,"href":"https:\/\/ntnui.no\/volleyball\/wp-json\/wp\/v2\/comments?post=15"}],"version-history":[{"count":2,"href":"https:\/\/ntnui.no\/volleyball\/wp-json\/wp\/v2\/pages\/15\/revisions"}],"predecessor-version":[{"id":81,"href":"https:\/\/ntnui.no\/volleyball\/wp-json\/wp\/v2\/pages\/15\/revisions\/81"}],"wp:attachment":[{"href":"https:\/\/ntnui.no\/volleyball\/wp-json\/wp\/v2\/media?parent=15"}],"curies":[{"name":"wp","href":"https:\/\/api.w.org\/{rel}","templated":true}]}}