{"id":1115,"date":"2025-05-23T09:58:51","date_gmt":"2025-05-23T09:58:51","guid":{"rendered":"https:\/\/ntnui.no\/volleyball\/?page_id=1115"},"modified":"2025-09-08T09:25:07","modified_gmt":"2025-09-08T09:25:07","slug":"styret-2","status":"publish","type":"page","link":"https:\/\/ntnui.no\/volleyball\/styret-2\/","title":{"rendered":"Styret"},"content":{"rendered":"\n<p class=\"has-text-align-center\">2025\/2026<\/p>\n\n\n\n<p><\/p>\n\n\n\n<figure class=\"wp-block-image size-full\"><img loading=\"lazy\" decoding=\"async\" width=\"4032\" height=\"3024\" src=\"https:\/\/ntnui.no\/volleyball\/wp-content\/uploads\/sites\/296\/2025\/05\/484028162_1140397541165779_4182709530521726959_n-1.jpg\" alt=\"\" class=\"wp-image-1116\" \/><\/figure>\n\n\n\n<div class=\"wp-block-coblocks-row coblocks-row-2612839598\" data-columns=\"2\" data-layout=\"66-33\"><div class=\"wp-block-coblocks-row__inner has-no-padding has-no-margin is-stacked-on-mobile has-medium-gutter\">\n<div class=\"wp-block-coblocks-column coblocks-column-2612842701\" style=\"width:66%\"><div class=\"wp-block-coblocks-column__inner has-no-padding has-no-margin\">\n<p class=\"has-large-font-size\" style=\"font-size:25px\"><strong>Leder: Laura Moravcikova<\/strong><\/p>\n\n\n\n<p>Leder er ansvarlig for den daglige driften av klubben, og koordinerer klubbens totale aktiviteter. Leder har hovedkontakt med forbund, region og hovedstyret til NTNUI. Leder har ansvar for \u00e5 lede styrem\u00f8ter<\/p>\n\n\n\n<p><\/p>\n\n\n\n<p>Kontakt: volleyball-leder@ntnui.no<\/p>\n<\/div><\/div>\n\n\n\n<div class=\"wp-block-coblocks-column coblocks-column-2612842718\" style=\"width:33%\"><div class=\"wp-block-coblocks-column__inner has-no-padding has-no-margin\">\n<figure class=\"wp-block-image size-full is-resized\"><img loading=\"lazy\" decoding=\"async\" width=\"720\" height=\"960\" src=\"https:\/\/ntnui.no\/volleyball\/wp-content\/uploads\/sites\/296\/2025\/09\/Laura-portrett.jpg\" alt=\"\" class=\"wp-image-1337\" style=\"width:176px;height:auto\" \/><\/figure>\n<\/div><\/div>\n<\/div><\/div>\n\n\n\n<div class=\"wp-block-coblocks-row coblocks-row-26121339822\" data-columns=\"2\" data-layout=\"66-33\"><div class=\"wp-block-coblocks-row__inner has-no-padding has-no-margin is-stacked-on-mobile has-medium-gutter\">\n<div class=\"wp-block-coblocks-column coblocks-column-26121341258\" style=\"width:66%\"><div class=\"wp-block-coblocks-column__inner has-no-padding has-no-margin\">\n<p class=\"has-large-font-size\" style=\"font-size:25px\"><strong>Nestleder: Frida Skjelvik Aune<\/strong><\/p>\n\n\n\n<p>Nestleder er stedfortreder for leder, samt ansvarlig for lisenser, overganger og er parakontakt. Nestleder er ogs\u00e5 med \u00e5 representerer klubben eksternt.<\/p>\n\n\n\n<p><\/p>\n\n\n\n<p>Kontakt: volleyball-nestleder@ntnui.no<\/p>\n<\/div><\/div>\n\n\n\n<div class=\"wp-block-coblocks-column coblocks-column-26121341267\" style=\"width:33%\"><div class=\"wp-block-coblocks-column__inner has-no-padding has-no-margin\">\n<figure class=\"wp-block-image size-full is-resized\"><img loading=\"lazy\" decoding=\"async\" width=\"720\" height=\"960\" src=\"https:\/\/ntnui.no\/volleyball\/wp-content\/uploads\/sites\/296\/2025\/09\/Frida-portrett.jpg\" alt=\"\" class=\"wp-image-1339\" style=\"width:183px;height:auto\" \/><\/figure>\n<\/div><\/div>\n<\/div><\/div>\n\n\n\n<div class=\"wp-block-coblocks-row coblocks-row-26121842987\" data-columns=\"2\" data-layout=\"66-33\"><div class=\"wp-block-coblocks-row__inner has-no-padding has-no-margin is-stacked-on-mobile has-medium-gutter\">\n<div class=\"wp-block-coblocks-column coblocks-column-26121844211\" style=\"width:66%\"><div class=\"wp-block-coblocks-column__inner has-no-padding has-no-margin\">\n<p class=\"has-large-font-size\" style=\"font-size:25px\"><strong>Kasserer: Line Sofie Flaate<\/strong><\/p>\n\n\n\n<p>Kasserer er ansvarlig for den \u00f8konomiske driften av klubben, utbetaling av fakturaer og regnskapsf\u00f8ring for \u00e5 holde kontroll p\u00e5 den \u00f8konomiske situasjonen til gruppen. Kasserer er ansvarlig for budsjettprosessen.<\/p>\n\n\n\n<p><\/p>\n\n\n\n<p>Kontakt: volleyball-kasserer@ntnui.no<\/p>\n<\/div><\/div>\n\n\n\n<div class=\"wp-block-coblocks-column coblocks-column-26121844224\" style=\"width:33%\"><div class=\"wp-block-coblocks-column__inner has-no-padding has-no-margin\">\n<figure class=\"wp-block-image size-full is-resized\"><img loading=\"lazy\" decoding=\"async\" width=\"720\" height=\"960\" src=\"https:\/\/ntnui.no\/volleyball\/wp-content\/uploads\/sites\/296\/2025\/09\/Line-Sofie-portrett.jpg\" alt=\"\" class=\"wp-image-1340\" style=\"width:188px;height:auto\" \/><\/figure>\n<\/div><\/div>\n<\/div><\/div>\n\n\n\n<div class=\"wp-block-coblocks-row coblocks-row-427143414833\" data-columns=\"2\" data-layout=\"66-33\"><div class=\"wp-block-coblocks-row__inner has-no-padding has-no-margin is-stacked-on-mobile has-medium-gutter\">\n<div class=\"wp-block-coblocks-column coblocks-column-427143416517\" style=\"width:66%\"><div class=\"wp-block-coblocks-column__inner has-no-padding has-no-margin\">\n<p id=\"block-8c005ad5-187e-4ca1-9bd1-42c48bd82833\" style=\"font-size:25px\"><strong><br>Kasserer: Kasper Amundsen Svendsen<\/strong><\/p>\n\n\n\n<p id=\"block-c0d702ab-edb3-4efa-a7b7-7f2b6f9e21ba\">Kasserer er ansvarlig for den \u00f8konomiske driften av klubben, utbetaling av fakturaer og regnskapsf\u00f8ring for \u00e5 holde kontroll p\u00e5 den \u00f8konomiske situasjonen til gruppen. Kasserer er ansvarlig for budsjettprosessen.<\/p>\n\n\n\n<p id=\"block-8a95c19f-5226-4ce0-912c-7e634b15d498\">Kontakt: kasper.svendsen@ntnui.no<\/p>\n<\/div><\/div>\n\n\n\n<div class=\"wp-block-coblocks-column coblocks-column-427143416527\" style=\"width:33%\"><div class=\"wp-block-coblocks-column__inner has-no-padding has-no-margin\">\n<figure class=\"wp-block-image size-full is-resized wp-duotone-unset-1\"><img loading=\"lazy\" decoding=\"async\" width=\"720\" height=\"960\" src=\"https:\/\/ntnui.no\/volleyball\/wp-content\/uploads\/sites\/296\/2025\/09\/Kasper-portrett.jpg\" alt=\"\" class=\"wp-image-1341\" style=\"width:197px;height:auto\" \/><\/figure>\n<\/div><\/div>\n<\/div><\/div>\n\n\n\n<div class=\"wp-block-group\"><div class=\"wp-block-group__inner-container is-layout-flow wp-block-group-is-layout-flow\"><\/div><\/div>\n\n\n\n<div class=\"wp-block-coblocks-row coblocks-row-26122020656\" data-columns=\"2\" data-layout=\"66-33\"><div class=\"wp-block-coblocks-row__inner has-no-padding has-no-margin is-stacked-on-mobile has-medium-gutter\">\n<div class=\"wp-block-coblocks-column coblocks-column-26122022131\" style=\"width:66%\"><div class=\"wp-block-coblocks-column__inner has-no-padding has-no-margin\">\n<p style=\"font-size:25px\"><strong>Sportslig ansvarlig<\/strong>: <strong>Kristin Nordt\u00f8mme<\/strong><\/p>\n\n\n\n<p>Sportslig ansvarlig jobber med aktiviteten i klubbens lag. Sportslig har ansvar for \u00e5 skaffe trenere til alle lag, og fordele treningstidene klubben f\u00e5r utdelt. Sportslig ansvarlig har ogs\u00e5 ekstra ansvar for topplagene i klubben. <\/p>\n\n\n\n<p><\/p>\n\n\n\n<p>kontakt: volleyball-sportslig@ntnui.no<\/p>\n<\/div><\/div>\n\n\n\n<div class=\"wp-block-coblocks-column coblocks-column-26122022138\" style=\"width:33%\"><div class=\"wp-block-coblocks-column__inner has-no-padding has-no-margin\">\n<figure class=\"wp-block-image size-full is-resized\"><img loading=\"lazy\" decoding=\"async\" width=\"720\" height=\"960\" src=\"https:\/\/ntnui.no\/volleyball\/wp-content\/uploads\/sites\/296\/2025\/09\/Kristin-portrett.jpg\" alt=\"\" class=\"wp-image-1342\" style=\"width:211px;height:auto\" \/><\/figure>\n<\/div><\/div>\n<\/div><\/div>\n\n\n\n<div class=\"wp-block-coblocks-row coblocks-row-26122512962\" data-columns=\"2\" data-layout=\"66-33\"><div class=\"wp-block-coblocks-row__inner has-no-padding has-no-margin is-stacked-on-mobile has-medium-gutter\">\n<div class=\"wp-block-coblocks-column coblocks-column-26122514581\" style=\"width:66%\"><div class=\"wp-block-coblocks-column__inner has-no-padding has-no-margin\">\n<p style=\"font-size:25px\"><strong>Arrangementsansvarlig: Benjamin Vonheim Kragseth<\/strong><\/p>\n\n\n\n<p>Gjennom sesongen gjennomf\u00f8rer NTNUI volleyball treningsleir, turneringer og hjemmekamper i toppdivisjonene. Arrangementsansvarlig har kontakt med TV2, bortelag og dommere. Vedkommende er ogs\u00e5 ansvarlig for dugnadsoppsettet. <\/p>\n\n\n\n<p><\/p>\n\n\n\n<p>Kontakt: volleyball-arrangement@ntnui.no<\/p>\n<\/div><\/div>\n\n\n\n<div class=\"wp-block-coblocks-column coblocks-column-26122514594\" style=\"width:33%\"><div class=\"wp-block-coblocks-column__inner has-no-padding has-no-margin\">\n<figure class=\"wp-block-image size-full is-resized\"><img loading=\"lazy\" decoding=\"async\" width=\"720\" height=\"960\" src=\"https:\/\/ntnui.no\/volleyball\/wp-content\/uploads\/sites\/296\/2025\/09\/Benjamin-portrett.jpg\" alt=\"\" class=\"wp-image-1343\" style=\"width:211px;height:auto\" \/><\/figure>\n<\/div><\/div>\n<\/div><\/div>\n\n\n\n<div class=\"wp-block-coblocks-row coblocks-row-26122728974\" data-columns=\"2\" data-layout=\"66-33\"><div class=\"wp-block-coblocks-row__inner has-no-padding has-no-margin is-stacked-on-mobile has-medium-gutter\">\n<div class=\"wp-block-coblocks-column coblocks-column-2612273040\" style=\"width:66%\"><div class=\"wp-block-coblocks-column__inner has-no-padding has-no-margin\">\n<p style=\"font-size:25px\"><strong>Materialansvarlig: Selina Gjervan<\/strong><\/p>\n\n\n\n<p>Materialansvarlig st\u00e5r for bestilling av kl\u00e6r og drakter til alle klubbens medlemmer. Materialansvarlig har ogs\u00e5 kontroll p\u00e5 gruppens utstyr, og st\u00e5r for bestilling av nytt utstyr ved behov. <\/p>\n\n\n\n<p><\/p>\n\n\n\n<p>kontakt: volleyball-material@ntnui.no<\/p>\n<\/div><\/div>\n\n\n\n<div class=\"wp-block-coblocks-column coblocks-column-2612273049\" style=\"width:33%\"><div class=\"wp-block-coblocks-column__inner has-no-padding has-no-margin\">\n<figure class=\"wp-block-image size-full is-resized\"><img loading=\"lazy\" decoding=\"async\" width=\"720\" height=\"960\" src=\"https:\/\/ntnui.no\/volleyball\/wp-content\/uploads\/sites\/296\/2025\/09\/Selina-portrett.jpg\" alt=\"\" class=\"wp-image-1344\" style=\"width:204px;height:auto\" \/><\/figure>\n<\/div><\/div>\n<\/div><\/div>\n\n\n\n<div class=\"wp-block-coblocks-row coblocks-row-26123046330\" data-columns=\"2\" data-layout=\"66-33\"><div class=\"wp-block-coblocks-row__inner has-no-padding has-no-margin is-stacked-on-mobile has-medium-gutter\">\n<div class=\"wp-block-coblocks-column coblocks-column-26123047549\" style=\"width:66%\"><div class=\"wp-block-coblocks-column__inner has-no-padding has-no-margin\">\n<p style=\"font-size:25px\"><strong>Sosialansvarlig: Nicolai Austnes Brekken<\/strong><\/p>\n\n\n\n<p>I l\u00f8pet av sesongen gjennomf\u00f8res det flere sosiale aktiviteter som julebord, lagsfester, sommerfl\u00f8rt og julegris. Sosialansvarlig i styret er kontaktpunktet for lagenes sosialansvarlig, og jobber for \u00e5 styrke milj\u00f8et i klubben b\u00e5de p\u00e5 og av banen. <\/p>\n\n\n\n<p><\/p>\n\n\n\n<p>Kontakt: nicolai.brekken@ntnui.no<\/p>\n<\/div><\/div>\n\n\n\n<div class=\"wp-block-coblocks-column coblocks-column-26123047560\" style=\"width:33%\"><div class=\"wp-block-coblocks-column__inner has-no-padding has-no-margin\">\n<figure class=\"wp-block-image size-full is-resized\"><img loading=\"lazy\" decoding=\"async\" width=\"720\" height=\"960\" src=\"https:\/\/ntnui.no\/volleyball\/wp-content\/uploads\/sites\/296\/2025\/09\/Nicolai-portrett.jpg\" alt=\"\" class=\"wp-image-1345\" style=\"width:214px;height:auto\" \/><\/figure>\n<\/div><\/div>\n<\/div><\/div>\n\n\n\n<div class=\"wp-block-coblocks-row coblocks-row-2612502783\" data-columns=\"2\" data-layout=\"66-33\"><div class=\"wp-block-coblocks-row__inner has-no-padding has-no-margin is-stacked-on-mobile has-medium-gutter\">\n<div class=\"wp-block-coblocks-column coblocks-column-26125028474\" style=\"width:66%\"><div class=\"wp-block-coblocks-column__inner has-no-padding has-no-margin\">\n<p style=\"font-size:25px\"><strong>Promoansvarlig: Adrian Pacificador Alfonso<\/strong><\/p>\n\n\n\n<p>Promoteringsansvarlig har kontroll p\u00e5 gruppens SoMe-kanaler, og er ansvarlig for innholdet som er tilgjengelig p\u00e5 gruppens nettside. Promoansvarlig er ogs\u00e5 ansvarlig for \u00e5 dele informasjon med gruppens medlemmer.<\/p>\n\n\n\n<p><\/p>\n\n\n\n<p>kontakt: adrian.alfonso@ntuni.no<\/p>\n<\/div><\/div>\n\n\n\n<div class=\"wp-block-coblocks-column coblocks-column-26125028481\" style=\"width:33%\"><div class=\"wp-block-coblocks-column__inner has-no-padding has-no-margin\">\n<figure class=\"wp-block-image size-full is-resized\"><img loading=\"lazy\" decoding=\"async\" width=\"720\" height=\"960\" src=\"https:\/\/ntnui.no\/volleyball\/wp-content\/uploads\/sites\/296\/2025\/09\/Adrian-portrett.jpg\" alt=\"\" class=\"wp-image-1346\" style=\"width:206px;height:auto\" \/><\/figure>\n<\/div><\/div>\n<\/div><\/div>\n\n\n\n<div class=\"wp-block-coblocks-row coblocks-row-2612404089\" data-columns=\"2\" data-layout=\"66-33\"><div class=\"wp-block-coblocks-row__inner has-no-padding has-no-margin is-stacked-on-mobile has-medium-gutter\">\n<div class=\"wp-block-coblocks-column coblocks-column-26124041314\" style=\"width:66%\"><div class=\"wp-block-coblocks-column__inner has-no-padding has-no-margin\">\n<p style=\"font-size:25px\"><strong>Sekret\u00e6r: Hannah Brevik Aar\u00f8nes<\/strong><\/p>\n\n\n\n<p>Styrets Sekret\u00e6r og potet har ansvar for \u00e5 referere og renskrive m\u00f8tereferat og protokoll. Sekret\u00e6ren er ansvarlig for \u00e5 bidra der det trengs, og bidra til styrets prosjekter.<\/p>\n\n\n\n<p><\/p>\n\n\n\n<p>Kontakt: hannah.aar\u00f8nes@ntnui.no<\/p>\n<\/div><\/div>\n\n\n\n<div class=\"wp-block-coblocks-column coblocks-column-26124041332\" style=\"width:33%\"><div class=\"wp-block-coblocks-column__inner has-no-padding has-no-margin\">\n<figure class=\"wp-block-image size-full is-resized\"><img loading=\"lazy\" decoding=\"async\" width=\"720\" height=\"960\" src=\"https:\/\/ntnui.no\/volleyball\/wp-content\/uploads\/sites\/296\/2025\/09\/Hannah-portrett.jpg\" alt=\"\" class=\"wp-image-1347\" style=\"width:207px;height:auto\" \/><\/figure>\n<\/div><\/div>\n<\/div><\/div>\n\n\n\n<p>Foto: Thomas Vinnes\/NTNUI (CC BY 4.0)<\/p>\n","protected":false},"excerpt":{"rendered":"<p>2025\/2026 Foto: Thomas Vinnes\/NTNUI (CC BY 4.0)<\/p>\n","protected":false},"author":439,"featured_media":1051,"parent":0,"menu_order":0,"comment_status":"closed","ping_status":"closed","template":"","meta":{"_coblocks_attr":"","_coblocks_dimensions":"","_coblocks_responsive_height":"","_coblocks_accordion_ie_support":"","_price":"","_stock":"","_tribe_ticket_header":"","_tribe_default_ticket_provider":"","_tribe_ticket_capacity":"0","_ticket_start_date":"","_ticket_end_date":"","_tribe_ticket_show_description":"","_tribe_ticket_show_not_going":false,"_tribe_ticket_use_global_stock":"","_tribe_ticket_global_stock_level":"","_global_stock_mode":"","_global_stock_cap":"","_tribe_rsvp_for_event":"","_tribe_ticket_going_count":"","_tribe_ticket_not_going_count":"","_tribe_tickets_list":[],"_tribe_ticket_has_attendee_info_fields":false,"footnotes":""},"class_list":["post-1115","page","type-page","status-publish","has-post-thumbnail","hentry"],"featured_image_src":"https:\/\/ntnui.no\/volleyball\/wp-content\/uploads\/sites\/296\/2024\/05\/Skjermbilde-2024-05-27-kl.-14.26.58.png","featured_image_src_square":"https:\/\/ntnui.no\/volleyball\/wp-content\/uploads\/sites\/296\/2024\/05\/Skjermbilde-2024-05-27-kl.-14.26.58.png","_links":{"self":[{"href":"https:\/\/ntnui.no\/volleyball\/wp-json\/wp\/v2\/pages\/1115","targetHints":{"allow":["GET"]}}],"collection":[{"href":"https:\/\/ntnui.no\/volleyball\/wp-json\/wp\/v2\/pages"}],"about":[{"href":"https:\/\/ntnui.no\/volleyball\/wp-json\/wp\/v2\/types\/page"}],"author":[{"embeddable":true,"href":"https:\/\/ntnui.no\/volleyball\/wp-json\/wp\/v2\/users\/439"}],"replies":[{"embeddable":true,"href":"https:\/\/ntnui.no\/volleyball\/wp-json\/wp\/v2\/comments?post=1115"}],"version-history":[{"count":4,"href":"https:\/\/ntnui.no\/volleyball\/wp-json\/wp\/v2\/pages\/1115\/revisions"}],"predecessor-version":[{"id":1361,"href":"https:\/\/ntnui.no\/volleyball\/wp-json\/wp\/v2\/pages\/1115\/revisions\/1361"}],"wp:featuredmedia":[{"embeddable":true,"href":"https:\/\/ntnui.no\/volleyball\/wp-json\/wp\/v2\/media\/1051"}],"wp:attachment":[{"href":"https:\/\/ntnui.no\/volleyball\/wp-json\/wp\/v2\/media?parent=1115"}],"curies":[{"name":"wp","href":"https:\/\/api.w.org\/{rel}","templated":true}]}}