{"id":1082,"date":"2024-10-19T07:26:06","date_gmt":"2024-10-19T07:26:06","guid":{"rendered":"https:\/\/ntnui.no\/volleyball\/?page_id=1082"},"modified":"2024-10-19T07:26:07","modified_gmt":"2024-10-19T07:26:07","slug":"protokoll-for-speaker","status":"publish","type":"page","link":"https:\/\/ntnui.no\/volleyball\/protokoll-for-speaker\/","title":{"rendered":"Protokoll for Speaker:"},"content":{"rendered":"\n<p><em>Som speaker er din jobb<\/em> <em>\u00e5 skape interesse og stemning i hallen! <\/em><\/p>\n\n\n\n<figure class=\"wp-block-image size-large\"><img loading=\"lazy\" decoding=\"async\" width=\"1600\" height=\"1067\" src=\"https:\/\/ntnui.no\/volleyball\/wp-content\/uploads\/sites\/296\/2023\/02\/i-xNZ6nQW-X3.jpg\" alt=\"\" class=\"wp-image-134\" \/><\/figure>\n\n\n\n<p><strong>Hva skal du gj\u00f8re:<\/strong><\/p>\n\n\n\n<p>Fire minutter f\u00f8r kampstart stiller laga seg opp p\u00e5 rekke. <\/p>\n\n\n\n<p>F\u00f8rstedommeren bl\u00e5ser lagene inn p\u00e5 banen, og speakeren begynner \u00e5 snakke entusiastisk: \u00abJeg vil p\u00e5 vegne av NTNUI Volleyball \u00f8nske hjertelig velkommen til kamp i Dragvollhallen. Dagens motstander er &lt;LAGNAVN&gt;. Bortelaget har sin kaptein i spiller &lt;NUMMER&gt;, &lt;NAVN&gt;, og sin trener i &lt;NAVN&gt;. S\u00e5, p\u00e5 hjemmelaget NTNUI har vi kaptein i spiller &lt;NUMMER&gt;, &lt;NAVN&gt;, og trener &lt;NAVN&gt;.\u00bb <\/p>\n\n\n\n<p>Lagene h\u00e5ndhilser og g\u00e5r til benken. <\/p>\n\n\n\n<p>Dommerne g\u00e5r ut p\u00e5 banen og stiller seg opp midt p\u00e5 banen. <\/p>\n\n\n\n<p>Speaker presenterer dommere: \u00abDagens f\u00f8rstedommer er &lt;NAVN&gt;. Og dagens andredommer er &lt;NAVN&gt;. Vi \u00f8nsker lagene, dommerne og publikum en god kamp, og h\u00e5per p\u00e5 mye bra volleyball her i Dragvollhallen!\u00bb <\/p>\n\n\n\n<p>Dommere g\u00e5r til plassene sine, n\u00e5r 1.dommer er oppe p\u00e5 stolen presenteres lagoppstillingene. <\/p>\n\n\n\n<p>Man leser bortelaget f\u00f8rst, og man leser spillerne i stigende rekkef\u00f8lge etter draktnummer. Liberoen blir alltid lest opp til slutt. Spillere leses opp &lt;NUMMER&gt;, &lt;NAVN&gt;. Bruk stemningsfull bakgrunnsmusikk n\u00e5r hjemmelaget sine spillere presenteres. <\/p>\n\n\n\n<p>Underveis i kampen kan speaker snakke s\u00e5 mye han f\u00f8ler for selv. Den eneste restriksjonen er at speaker ikke kan snakke under ballveksling. Det vil si i intervallet fra dommer bl\u00e5ser for serv, til dommer bl\u00e5ser av ballvekslinga. Den som spiller musikk, m\u00e5 f\u00f8lge de samme kravene, og ikke spille musikk mens ballvekslinger p\u00e5g\u00e5r.<\/p>\n\n\n\n<p>Det er klart kjekkest for publikum med en aktiv speaker! Lykke til<\/p>\n","protected":false},"excerpt":{"rendered":"<p>Som speaker er din jobb \u00e5 skape interesse og stemning i hallen! Hva skal du gj\u00f8re: Fire minutter f\u00f8r kampstart stiller laga seg opp p\u00e5 rekke. F\u00f8rstedommeren bl\u00e5ser lagene inn p\u00e5 banen, og speakeren begynner \u00e5 snakke entusiastisk: \u00abJeg vil p\u00e5 vegne av NTNUI Volleyball \u00f8nske hjertelig velkommen til kamp i Dragvollhallen. Dagens motstander er [&hellip;]<\/p>\n","protected":false},"author":500,"featured_media":0,"parent":0,"menu_order":0,"comment_status":"closed","ping_status":"closed","template":"","meta":{"_coblocks_attr":"","_coblocks_dimensions":"","_coblocks_responsive_height":"","_coblocks_accordion_ie_support":"","_price":"","_stock":"","_tribe_ticket_header":"","_tribe_default_ticket_provider":"","_tribe_ticket_capacity":"0","_ticket_start_date":"","_ticket_end_date":"","_tribe_ticket_show_description":"","_tribe_ticket_show_not_going":false,"_tribe_ticket_use_global_stock":"","_tribe_ticket_global_stock_level":"","_global_stock_mode":"","_global_stock_cap":"","_tribe_rsvp_for_event":"","_tribe_ticket_going_count":"","_tribe_ticket_not_going_count":"","_tribe_tickets_list":[],"_tribe_ticket_has_attendee_info_fields":false,"footnotes":""},"class_list":["post-1082","page","type-page","status-publish","hentry"],"featured_image_src":null,"featured_image_src_square":null,"_links":{"self":[{"href":"https:\/\/ntnui.no\/volleyball\/wp-json\/wp\/v2\/pages\/1082","targetHints":{"allow":["GET"]}}],"collection":[{"href":"https:\/\/ntnui.no\/volleyball\/wp-json\/wp\/v2\/pages"}],"about":[{"href":"https:\/\/ntnui.no\/volleyball\/wp-json\/wp\/v2\/types\/page"}],"author":[{"embeddable":true,"href":"https:\/\/ntnui.no\/volleyball\/wp-json\/wp\/v2\/users\/500"}],"replies":[{"embeddable":true,"href":"https:\/\/ntnui.no\/volleyball\/wp-json\/wp\/v2\/comments?post=1082"}],"version-history":[{"count":1,"href":"https:\/\/ntnui.no\/volleyball\/wp-json\/wp\/v2\/pages\/1082\/revisions"}],"predecessor-version":[{"id":1083,"href":"https:\/\/ntnui.no\/volleyball\/wp-json\/wp\/v2\/pages\/1082\/revisions\/1083"}],"wp:attachment":[{"href":"https:\/\/ntnui.no\/volleyball\/wp-json\/wp\/v2\/media?parent=1082"}],"curies":[{"name":"wp","href":"https:\/\/api.w.org\/{rel}","templated":true}]}}