{"id":9,"date":"2019-01-10T17:36:22","date_gmt":"2019-01-10T17:36:22","guid":{"rendered":"https:\/\/ntnui.no\/veldedighetshelg2\/?page_id=9"},"modified":"2023-11-01T22:09:37","modified_gmt":"2023-11-01T22:09:37","slug":"frontpage","status":"publish","type":"page","link":"https:\/\/ntnui.no\/veldedighetshelg\/en\/frontpage\/","title":{"rendered":"CHARITY WEEKEND"},"content":{"rendered":"\n<figure class=\"wp-block-image alignwide size-large is-style-default\"><img loading=\"lazy\" decoding=\"async\" width=\"2400\" height=\"1350\" src=\"https:\/\/ntnui.no\/veldedighetshelg\/wp-content\/uploads\/sites\/300\/2023\/11\/2.jpg\" alt=\"\" class=\"wp-image-322\" \/><\/figure>\n\n\n\n<p><strong>Welcome to NTNUIs Charity Weekend of 2023!<\/strong><\/p>\n\n\n\n<p>During the first five days of November, NTNUI will arrange a fundraiser for Kreftforeningen. In 2023 the money will contribute to the fight against prostate cancer. <\/p>\n\n\n\n<div class=\"wp-block-atomic-blocks-ab-button ab-block-button\"><a href=\"https:\/\/forms.gle\/8jPnpcATjaeSy6e1A\" class=\"ab-button ab-button-shape-rounded ab-button-size-medium\" style=\"color:#ffffff;background-color:#2ca7c0\">Become a volunteer here!<\/a><\/div>\n\n\n\n<div id=\"sb_instagram\"  class=\"sbi sbi_mob_col_1 sbi_tab_col_2 sbi_col_4 sbi_width_resp\" style=\"padding-bottom: 10px;\" data-feedid=\"*1\"  data-res=\"auto\" data-cols=\"4\" data-colsmobile=\"1\" data-colstablet=\"2\" data-num=\"20\" data-nummobile=\"20\" data-item-padding=\"5\" data-shortcode-atts=\"{&quot;cachetime&quot;:30}\"  data-postid=\"9\" data-locatornonce=\"23518be806\" data-imageaspectratio=\"1:1\" data-sbi-flags=\"favorLocal\">\n\t<div class=\"sb_instagram_header  sbi_medium sbi_no_avatar\"   >\n\t<a class=\"sbi_header_link\" target=\"_blank\" rel=\"nofollow noopener\" href=\"https:\/\/www.instagram.com\/ntnui_veldedighetshelg\/\" title=\"@ntnui_veldedighetshelg\">\n\t\t<div class=\"sbi_header_text sbi_no_bio\">\n\t\t\t<div class=\"sbi_header_img\">\n\t\t\t\t\t\t\t\t\t\t\t\t\t<div class=\"sbi_header_hashtag_icon\"  ><svg class=\"sbi_new_logo fa-instagram fa-w-14\" aria-hidden=\"true\" data-fa-processed=\"\" aria-label=\"Instagram\" data-prefix=\"fab\" data-icon=\"instagram\" role=\"img\" viewBox=\"0 0 448 512\">\n\t                <path fill=\"currentColor\" d=\"M224.1 141c-63.6 0-114.9 51.3-114.9 114.9s51.3 114.9 114.9 114.9S339 319.5 339 255.9 287.7 141 224.1 141zm0 189.6c-41.1 0-74.7-33.5-74.7-74.7s33.5-74.7 74.7-74.7 74.7 33.5 74.7 74.7-33.6 74.7-74.7 74.7zm146.4-194.3c0 14.9-12 26.8-26.8 26.8-14.9 0-26.8-12-26.8-26.8s12-26.8 26.8-26.8 26.8 12 26.8 26.8zm76.1 27.2c-1.7-35.9-9.9-67.7-36.2-93.9-26.2-26.2-58-34.4-93.9-36.2-37-2.1-147.9-2.1-184.9 0-35.8 1.7-67.6 9.9-93.9 36.1s-34.4 58-36.2 93.9c-2.1 37-2.1 147.9 0 184.9 1.7 35.9 9.9 67.7 36.2 93.9s58 34.4 93.9 36.2c37 2.1 147.9 2.1 184.9 0 35.9-1.7 67.7-9.9 93.9-36.2 26.2-26.2 34.4-58 36.2-93.9 2.1-37 2.1-147.8 0-184.8zM398.8 388c-7.8 19.6-22.9 34.7-42.6 42.6-29.5 11.7-99.5 9-132.1 9s-102.7 2.6-132.1-9c-19.6-7.8-34.7-22.9-42.6-42.6-11.7-29.5-9-99.5-9-132.1s-2.6-102.7 9-132.1c7.8-19.6 22.9-34.7 42.6-42.6 29.5-11.7 99.5-9 132.1-9s102.7-2.6 132.1 9c19.6 7.8 34.7 22.9 42.6 42.6 11.7 29.5 9 99.5 9 132.1s2.7 102.7-9 132.1z\"><\/path>\n\t            <\/svg><\/div>\n\t\t\t\t\t\t\t<\/div>\n\n\t\t\t<div class=\"sbi_feedtheme_header_text\">\n\t\t\t\t<h3>ntnui_veldedighetshelg<\/h3>\n\t\t\t\t\t\t\t<\/div>\n\t\t<\/div>\n\t<\/a>\n<\/div>\n\n    <div id=\"sbi_images\"  style=\"gap: 10px;\">\n\t\t<div class=\"sbi_item sbi_type_image sbi_new sbi_transition\" id=\"sbi_17950936571582067\" data-date=\"1696433479\">\n    <div class=\"sbi_photo_wrap\">\n        <a class=\"sbi_photo\" href=\"https:\/\/www.instagram.com\/p\/Cx-2UNFodZ0\/\" target=\"_blank\" rel=\"noopener nofollow\" data-full-res=\"https:\/\/scontent-fra3-2.cdninstagram.com\/v\/t51.29350-15\/385202352_355388803576352_7775842653321031822_n.jpg?_nc_cat=107&#038;ccb=1-7&#038;_nc_sid=c4dd86&#038;_nc_ohc=1J6Nx7ULVqAAX8pQKP3&#038;_nc_ht=scontent-fra3-2.cdninstagram.com&#038;edm=ANo9K5cEAAAA&#038;oh=00_AfB7TA7ejqvW5IVAg5uMeKdulwmCE9dXO4pVo-ngSgtxVw&#038;oe=652C633A\" data-img-src-set=\"{&quot;d&quot;:&quot;https:\\\/\\\/scontent-fra3-2.cdninstagram.com\\\/v\\\/t51.29350-15\\\/385202352_355388803576352_7775842653321031822_n.jpg?_nc_cat=107&amp;ccb=1-7&amp;_nc_sid=c4dd86&amp;_nc_ohc=1J6Nx7ULVqAAX8pQKP3&amp;_nc_ht=scontent-fra3-2.cdninstagram.com&amp;edm=ANo9K5cEAAAA&amp;oh=00_AfB7TA7ejqvW5IVAg5uMeKdulwmCE9dXO4pVo-ngSgtxVw&amp;oe=652C633A&quot;,&quot;150&quot;:&quot;https:\\\/\\\/scontent-fra3-2.cdninstagram.com\\\/v\\\/t51.29350-15\\\/385202352_355388803576352_7775842653321031822_n.jpg?_nc_cat=107&amp;ccb=1-7&amp;_nc_sid=c4dd86&amp;_nc_ohc=1J6Nx7ULVqAAX8pQKP3&amp;_nc_ht=scontent-fra3-2.cdninstagram.com&amp;edm=ANo9K5cEAAAA&amp;oh=00_AfB7TA7ejqvW5IVAg5uMeKdulwmCE9dXO4pVo-ngSgtxVw&amp;oe=652C633A&quot;,&quot;320&quot;:&quot;https:\\\/\\\/scontent-fra3-2.cdninstagram.com\\\/v\\\/t51.29350-15\\\/385202352_355388803576352_7775842653321031822_n.jpg?_nc_cat=107&amp;ccb=1-7&amp;_nc_sid=c4dd86&amp;_nc_ohc=1J6Nx7ULVqAAX8pQKP3&amp;_nc_ht=scontent-fra3-2.cdninstagram.com&amp;edm=ANo9K5cEAAAA&amp;oh=00_AfB7TA7ejqvW5IVAg5uMeKdulwmCE9dXO4pVo-ngSgtxVw&amp;oe=652C633A&quot;,&quot;640&quot;:&quot;https:\\\/\\\/scontent-fra3-2.cdninstagram.com\\\/v\\\/t51.29350-15\\\/385202352_355388803576352_7775842653321031822_n.jpg?_nc_cat=107&amp;ccb=1-7&amp;_nc_sid=c4dd86&amp;_nc_ohc=1J6Nx7ULVqAAX8pQKP3&amp;_nc_ht=scontent-fra3-2.cdninstagram.com&amp;edm=ANo9K5cEAAAA&amp;oh=00_AfB7TA7ejqvW5IVAg5uMeKdulwmCE9dXO4pVo-ngSgtxVw&amp;oe=652C633A&quot;}\">\n            <span class=\"sbi-screenreader\">\u00d8nsker du \u00e5 hjelpe oss med \u00e5 hjelpe andre, og v<\/span>\n            \t                    <img decoding=\"async\" src=\"https:\/\/ntnui.no\/veldedighetshelg\/wp-content\/plugins\/instagram-feed\/img\/placeholder.png\" alt=\"\u00d8nsker du \u00e5 hjelpe oss med \u00e5 hjelpe andre, og v\u00e6re del av en skikkelig morsom helg med masse aktiviteter? Vi s\u00f8ker n\u00e5 frivillige som kan hjelpe oss med \u00e5 gjennomf\u00f8re Veldedighetshelg 2023!\ud83d\udc99 Vi s\u00f8ker deg som er interessert i \u00e5 hjelpe med masse forskjellige oppgaver til inntekt for en god sak. F\u00f8lg linken i bio eller story for \u00e5 lese mer eller melde deg som frivillig\ud83d\udc99\n\nFoto: Andreas Flo\/NTNUI Blits\">\n        <\/a>\n    <\/div>\n<\/div><div class=\"sbi_item sbi_type_image sbi_new sbi_transition\" id=\"sbi_17987281201916929\" data-date=\"1685105462\">\n    <div class=\"sbi_photo_wrap\">\n        <a class=\"sbi_photo\" href=\"https:\/\/www.instagram.com\/p\/CstP1mcoB59\/\" target=\"_blank\" rel=\"noopener nofollow\" data-full-res=\"https:\/\/scontent-fra5-1.cdninstagram.com\/v\/t51.29350-15\/350085365_985084162911367_3994652908152064115_n.jpg?_nc_cat=110&#038;ccb=1-7&#038;_nc_sid=c4dd86&#038;_nc_ohc=3hq9mmugj-sAX9fBfuI&#038;_nc_ht=scontent-fra5-1.cdninstagram.com&#038;edm=ANo9K5cEAAAA&#038;oh=00_AfBkL2CphCmoP588wtAo58qi5cvA-5t8sQHLBAuPFiRqUA&#038;oe=652B6D48\" data-img-src-set=\"{&quot;d&quot;:&quot;https:\\\/\\\/scontent-fra5-1.cdninstagram.com\\\/v\\\/t51.29350-15\\\/350085365_985084162911367_3994652908152064115_n.jpg?_nc_cat=110&amp;ccb=1-7&amp;_nc_sid=c4dd86&amp;_nc_ohc=3hq9mmugj-sAX9fBfuI&amp;_nc_ht=scontent-fra5-1.cdninstagram.com&amp;edm=ANo9K5cEAAAA&amp;oh=00_AfBkL2CphCmoP588wtAo58qi5cvA-5t8sQHLBAuPFiRqUA&amp;oe=652B6D48&quot;,&quot;150&quot;:&quot;https:\\\/\\\/scontent-fra5-1.cdninstagram.com\\\/v\\\/t51.29350-15\\\/350085365_985084162911367_3994652908152064115_n.jpg?_nc_cat=110&amp;ccb=1-7&amp;_nc_sid=c4dd86&amp;_nc_ohc=3hq9mmugj-sAX9fBfuI&amp;_nc_ht=scontent-fra5-1.cdninstagram.com&amp;edm=ANo9K5cEAAAA&amp;oh=00_AfBkL2CphCmoP588wtAo58qi5cvA-5t8sQHLBAuPFiRqUA&amp;oe=652B6D48&quot;,&quot;320&quot;:&quot;https:\\\/\\\/scontent-fra5-1.cdninstagram.com\\\/v\\\/t51.29350-15\\\/350085365_985084162911367_3994652908152064115_n.jpg?_nc_cat=110&amp;ccb=1-7&amp;_nc_sid=c4dd86&amp;_nc_ohc=3hq9mmugj-sAX9fBfuI&amp;_nc_ht=scontent-fra5-1.cdninstagram.com&amp;edm=ANo9K5cEAAAA&amp;oh=00_AfBkL2CphCmoP588wtAo58qi5cvA-5t8sQHLBAuPFiRqUA&amp;oe=652B6D48&quot;,&quot;640&quot;:&quot;https:\\\/\\\/scontent-fra5-1.cdninstagram.com\\\/v\\\/t51.29350-15\\\/350085365_985084162911367_3994652908152064115_n.jpg?_nc_cat=110&amp;ccb=1-7&amp;_nc_sid=c4dd86&amp;_nc_ohc=3hq9mmugj-sAX9fBfuI&amp;_nc_ht=scontent-fra5-1.cdninstagram.com&amp;edm=ANo9K5cEAAAA&amp;oh=00_AfBkL2CphCmoP588wtAo58qi5cvA-5t8sQHLBAuPFiRqUA&amp;oe=652B6D48&quot;}\">\n            <span class=\"sbi-screenreader\">Denne gjengen utgj\u00f8r styret i Veldedighetshelg 20<\/span>\n            \t                    <img decoding=\"async\" src=\"https:\/\/ntnui.no\/veldedighetshelg\/wp-content\/plugins\/instagram-feed\/img\/placeholder.png\" alt=\"Denne gjengen utgj\u00f8r styret i Veldedighetshelg 2023\ud83d\udc99 \nVi h\u00e5per dere koser dere med takeoverne v\u00e5re p\u00e5 story og \u00f8nsker dere god helg!\ud83d\udc99\n\nHar dere forresten sjekket ut nettbutikken v\u00e5r? https:\/\/ntnui.no\/veldedighetshelg\/nettbutikk\/\n\n\ud83d\udcf8:NTNUI Blits\/Andreas Flo\">\n        <\/a>\n    <\/div>\n<\/div><div class=\"sbi_item sbi_type_carousel sbi_new sbi_transition\" id=\"sbi_17998845292803163\" data-date=\"1683541714\">\n    <div class=\"sbi_photo_wrap\">\n        <a class=\"sbi_photo\" href=\"https:\/\/www.instagram.com\/p\/Cr-pOgZIIoN\/\" target=\"_blank\" rel=\"noopener nofollow\" data-full-res=\"https:\/\/scontent-fra5-1.cdninstagram.com\/v\/t51.29350-15\/345501129_1363306967562247_4610012875683583695_n.jpg?_nc_cat=110&#038;ccb=1-7&#038;_nc_sid=c4dd86&#038;_nc_ohc=iIkQ6b_R5qgAX9bkMVL&#038;_nc_ht=scontent-fra5-1.cdninstagram.com&#038;edm=ANo9K5cEAAAA&#038;oh=00_AfBuYpvy1ROq88gtiD3CygHBaMU6fAys7LQ0e3AsZO3h1w&#038;oe=652C0C21\" data-img-src-set=\"{&quot;d&quot;:&quot;https:\\\/\\\/scontent-fra5-1.cdninstagram.com\\\/v\\\/t51.29350-15\\\/345501129_1363306967562247_4610012875683583695_n.jpg?_nc_cat=110&amp;ccb=1-7&amp;_nc_sid=c4dd86&amp;_nc_ohc=iIkQ6b_R5qgAX9bkMVL&amp;_nc_ht=scontent-fra5-1.cdninstagram.com&amp;edm=ANo9K5cEAAAA&amp;oh=00_AfBuYpvy1ROq88gtiD3CygHBaMU6fAys7LQ0e3AsZO3h1w&amp;oe=652C0C21&quot;,&quot;150&quot;:&quot;https:\\\/\\\/scontent-fra5-1.cdninstagram.com\\\/v\\\/t51.29350-15\\\/345501129_1363306967562247_4610012875683583695_n.jpg?_nc_cat=110&amp;ccb=1-7&amp;_nc_sid=c4dd86&amp;_nc_ohc=iIkQ6b_R5qgAX9bkMVL&amp;_nc_ht=scontent-fra5-1.cdninstagram.com&amp;edm=ANo9K5cEAAAA&amp;oh=00_AfBuYpvy1ROq88gtiD3CygHBaMU6fAys7LQ0e3AsZO3h1w&amp;oe=652C0C21&quot;,&quot;320&quot;:&quot;https:\\\/\\\/scontent-fra5-1.cdninstagram.com\\\/v\\\/t51.29350-15\\\/345501129_1363306967562247_4610012875683583695_n.jpg?_nc_cat=110&amp;ccb=1-7&amp;_nc_sid=c4dd86&amp;_nc_ohc=iIkQ6b_R5qgAX9bkMVL&amp;_nc_ht=scontent-fra5-1.cdninstagram.com&amp;edm=ANo9K5cEAAAA&amp;oh=00_AfBuYpvy1ROq88gtiD3CygHBaMU6fAys7LQ0e3AsZO3h1w&amp;oe=652C0C21&quot;,&quot;640&quot;:&quot;https:\\\/\\\/scontent-fra5-1.cdninstagram.com\\\/v\\\/t51.29350-15\\\/345501129_1363306967562247_4610012875683583695_n.jpg?_nc_cat=110&amp;ccb=1-7&amp;_nc_sid=c4dd86&amp;_nc_ohc=iIkQ6b_R5qgAX9bkMVL&amp;_nc_ht=scontent-fra5-1.cdninstagram.com&amp;edm=ANo9K5cEAAAA&amp;oh=00_AfBuYpvy1ROq88gtiD3CygHBaMU6fAys7LQ0e3AsZO3h1w&amp;oe=652C0C21&quot;}\">\n            <span class=\"sbi-screenreader\">I g\u00e5r l\u00f8p rundt 50 NTNUIere p\u00e5 Wings for Life W<\/span>\n            <svg class=\"svg-inline--fa fa-clone fa-w-16 sbi_lightbox_carousel_icon\" aria-hidden=\"true\" aria-label=\"Clone\" data-fa-pro\u0192cessed=\"\" data-prefix=\"far\" data-icon=\"clone\" role=\"img\" xmlns=\"http:\/\/www.w3.org\/2000\/svg\" viewBox=\"0 0 512 512\">\n\t                <path fill=\"currentColor\" d=\"M464 0H144c-26.51 0-48 21.49-48 48v48H48c-26.51 0-48 21.49-48 48v320c0 26.51 21.49 48 48 48h320c26.51 0 48-21.49 48-48v-48h48c26.51 0 48-21.49 48-48V48c0-26.51-21.49-48-48-48zM362 464H54a6 6 0 0 1-6-6V150a6 6 0 0 1 6-6h42v224c0 26.51 21.49 48 48 48h224v42a6 6 0 0 1-6 6zm96-96H150a6 6 0 0 1-6-6V54a6 6 0 0 1 6-6h308a6 6 0 0 1 6 6v308a6 6 0 0 1-6 6z\"><\/path>\n\t            <\/svg>\t                    <img decoding=\"async\" src=\"https:\/\/ntnui.no\/veldedighetshelg\/wp-content\/plugins\/instagram-feed\/img\/placeholder.png\" alt=\"I g\u00e5r l\u00f8p rundt 50 NTNUIere p\u00e5 Wings for Life World Run\ud83d\udc9a\nBlant de l\u00f8p ogs\u00e5 representanter fra Hovedstyret og Veldedighetshelgen\ud83d\udc99\n#wflwr #veldedighetshelgen\">\n        <\/a>\n    <\/div>\n<\/div>    <\/div>\n\n\t<div id=\"sbi_load\" >\n\n\t\n\t\t\t<span class=\"sbi_follow_btn sbi_custom\">\n        <a href=\"https:\/\/www.instagram.com\/ntnui_veldedighetshelg\/\" style=\"background: rgb(64,139,209);\" target=\"_blank\" rel=\"nofollow noopener\">\n            <svg class=\"svg-inline--fa fa-instagram fa-w-14\" aria-hidden=\"true\" data-fa-processed=\"\" aria-label=\"Instagram\" data-prefix=\"fab\" data-icon=\"instagram\" role=\"img\" viewBox=\"0 0 448 512\">\n\t                <path fill=\"currentColor\" d=\"M224.1 141c-63.6 0-114.9 51.3-114.9 114.9s51.3 114.9 114.9 114.9S339 319.5 339 255.9 287.7 141 224.1 141zm0 189.6c-41.1 0-74.7-33.5-74.7-74.7s33.5-74.7 74.7-74.7 74.7 33.5 74.7 74.7-33.6 74.7-74.7 74.7zm146.4-194.3c0 14.9-12 26.8-26.8 26.8-14.9 0-26.8-12-26.8-26.8s12-26.8 26.8-26.8 26.8 12 26.8 26.8zm76.1 27.2c-1.7-35.9-9.9-67.7-36.2-93.9-26.2-26.2-58-34.4-93.9-36.2-37-2.1-147.9-2.1-184.9 0-35.8 1.7-67.6 9.9-93.9 36.1s-34.4 58-36.2 93.9c-2.1 37-2.1 147.9 0 184.9 1.7 35.9 9.9 67.7 36.2 93.9s58 34.4 93.9 36.2c37 2.1 147.9 2.1 184.9 0 35.9-1.7 67.7-9.9 93.9-36.2 26.2-26.2 34.4-58 36.2-93.9 2.1-37 2.1-147.8 0-184.8zM398.8 388c-7.8 19.6-22.9 34.7-42.6 42.6-29.5 11.7-99.5 9-132.1 9s-102.7 2.6-132.1-9c-19.6-7.8-34.7-22.9-42.6-42.6-11.7-29.5-9-99.5-9-132.1s-2.6-102.7 9-132.1c7.8-19.6 22.9-34.7 42.6-42.6 29.5-11.7 99.5-9 132.1-9s102.7-2.6 132.1 9c19.6 7.8 34.7 22.9 42.6 42.6 11.7 29.5 9 99.5 9 132.1s2.7 102.7-9 132.1z\"><\/path>\n\t            <\/svg>            <span>Follow on Instagram<\/span>\n        <\/a>\n    <\/span>\n\t\n<\/div>\n\n\t    <span class=\"sbi_resized_image_data\" data-feed-id=\"*1\" data-resized=\"{&quot;17950936571582067&quot;:{&quot;id&quot;:&quot;error&quot;,&quot;ratio&quot;:&quot;1.00&quot;,&quot;sizes&quot;:{&quot;full&quot;:640,&quot;low&quot;:320,&quot;thumb&quot;:150}},&quot;17987281201916929&quot;:{&quot;id&quot;:&quot;error&quot;,&quot;ratio&quot;:&quot;1.00&quot;,&quot;sizes&quot;:{&quot;full&quot;:640,&quot;low&quot;:320,&quot;thumb&quot;:150}},&quot;17998845292803163&quot;:{&quot;id&quot;:&quot;error&quot;,&quot;ratio&quot;:&quot;1.00&quot;,&quot;sizes&quot;:{&quot;full&quot;:640,&quot;low&quot;:320,&quot;thumb&quot;:150}}}\">\n\t<\/span>\n\t<\/div>\n\n","protected":false},"excerpt":{"rendered":"<p>Welcome to NTNUIs Charity Weekend of 2023! During the first five days of November, NTNUI will arrange a fundraiser for Kreftforeningen. In 2023 the money will contribute to the fight against prostate cancer.<\/p>\n","protected":false},"author":7,"featured_media":0,"parent":0,"menu_order":0,"comment_status":"closed","ping_status":"closed","template":"","meta":{"_coblocks_attr":"","_coblocks_dimensions":"","_coblocks_responsive_height":"","_coblocks_accordion_ie_support":"","_price":"","_stock":"","_tribe_ticket_header":"","_tribe_default_ticket_provider":"","_tribe_ticket_capacity":"0","_ticket_start_date":"","_ticket_end_date":"","_tribe_ticket_show_description":"","_tribe_ticket_show_not_going":false,"_tribe_ticket_use_global_stock":"","_tribe_ticket_global_stock_level":"","_global_stock_mode":"","_global_stock_cap":"","_tribe_rsvp_for_event":"","_tribe_ticket_going_count":"","_tribe_ticket_not_going_count":"","_tribe_tickets_list":[],"_tribe_ticket_has_attendee_info_fields":false,"footnotes":""},"class_list":["post-9","page","type-page","status-publish","hentry"],"featured_image_src":null,"featured_image_src_square":null,"_links":{"self":[{"href":"https:\/\/ntnui.no\/veldedighetshelg\/wp-json\/wp\/v2\/pages\/9","targetHints":{"allow":["GET"]}}],"collection":[{"href":"https:\/\/ntnui.no\/veldedighetshelg\/wp-json\/wp\/v2\/pages"}],"about":[{"href":"https:\/\/ntnui.no\/veldedighetshelg\/wp-json\/wp\/v2\/types\/page"}],"author":[{"embeddable":true,"href":"https:\/\/ntnui.no\/veldedighetshelg\/wp-json\/wp\/v2\/users\/7"}],"replies":[{"embeddable":true,"href":"https:\/\/ntnui.no\/veldedighetshelg\/wp-json\/wp\/v2\/comments?post=9"}],"version-history":[{"count":6,"href":"https:\/\/ntnui.no\/veldedighetshelg\/wp-json\/wp\/v2\/pages\/9\/revisions"}],"predecessor-version":[{"id":323,"href":"https:\/\/ntnui.no\/veldedighetshelg\/wp-json\/wp\/v2\/pages\/9\/revisions\/323"}],"wp:attachment":[{"href":"https:\/\/ntnui.no\/veldedighetshelg\/wp-json\/wp\/v2\/media?parent=9"}],"curies":[{"name":"wp","href":"https:\/\/api.w.org\/{rel}","templated":true}]}}