{"id":300,"date":"2023-11-01T20:51:37","date_gmt":"2023-11-01T20:51:37","guid":{"rendered":"https:\/\/ntnui.no\/veldedighetshelg\/?page_id=300"},"modified":"2023-11-01T21:29:15","modified_gmt":"2023-11-01T21:29:15","slug":"program","status":"publish","type":"page","link":"https:\/\/ntnui.no\/veldedighetshelg\/program\/","title":{"rendered":"Program"},"content":{"rendered":"\n<p class=\"coblocks-animate\" data-coblocks-animation=\"slideInLeft\"><strong>Onsdag 1. november:&nbsp;<\/strong><\/p>\n\n\n\n<p>Vi inviterer alle menn til \u00e5 ta skjegget hos oss p\u00e5 Klubbhuset til NTNUI. Dette markerer \u00e5pningen p\u00e5 Veldedighetshelgen!&nbsp;Vi stiller med engangsh\u00f8vler til de som \u00f8nsker, men om du har preferanser anbefaler jeg \u00e5 ta med din egen!&nbsp;Kom fra kl. 18:00!&nbsp;Alle damer er selvf\u00f8lgelig velkomne til \u00e5 heie p\u00e5 alle som blir med p\u00e5 Movember.&nbsp;<br><\/p>\n\n\n\n<p>\u00d8nsker du \u00e5 bevege litt p\u00e5 deg etter en lang dag p\u00e5 skolen &#8211; kan du ogs\u00e5 ta turen ned til l\u00f8pebanen p\u00e5 \u00d8ya for \u00e5 l\u00f8pe med Friidrett!<br><\/p>\n\n\n\n<p class=\"coblocks-animate\" data-coblocks-animation=\"slideInLeft\"><strong>Torsdag 2. november:&nbsp;<\/strong><\/p>\n\n\n\n<p>Torsdagen vil E-sport ha stream for Veldedighetshelgen, som varer fra 15:00 til 21:00 p\u00e5 Arkaden!&nbsp;Se streamen <a href=\"https:\/\/www.twitch.tv\/ntnuiesport\" data-type=\"URL\" data-id=\"https:\/\/www.twitch.tv\/ntnuiesport\"><strong>her<\/strong><\/a>. <br><\/p>\n\n\n\n<p>Vi \u00f8nsker ogs\u00e5 \u00e5 invitere til bl\u00e5 kveld p\u00e5 Heidis &#8211; hvor inngangspengene g\u00e5r til veldedighet.&nbsp;Her er det bare \u00e5 komme fra 22:00, og gjerne ta med deg vennegjengen, kollektivet, kj\u00e6resten eller kanskje mor og far! Alle er velkomne!<br><\/p>\n\n\n\n<p class=\"coblocks-animate\" data-coblocks-animation=\"slideInLeft\"><strong>Fredag 3. november:&nbsp;<\/strong><\/p>\n\n\n\n<p>P\u00e5 fredag arrangerer vi perling av fuck cancer-armb\u00e5nd! Dette vil skje p\u00e5 Smia (p\u00e5 Gl\u00f8shaugen) fra 14:00 til 18:00.&nbsp;Stikk innom, ta deg en pause fra skole eller kanskje en tidlig helg, og bli med p\u00e5 en hyggelig aktivitet!<br><\/p>\n\n\n\n<p>Senere p\u00e5 fredag inviterer Volleyball til eliteseriekamp p\u00e5 Dragvoll, hvor ogs\u00e5 Tv2 vil v\u00e6re tilstede for \u00e5 filme!&nbsp;Dette vil dere ikke g\u00e5 glipp av &#8211; s\u00e5 bli med for \u00e5 heie frem NTNUI til seier.&nbsp;<br><\/p>\n\n\n\n<p class=\"coblocks-animate\" data-coblocks-animation=\"slideInLeft\"><strong>L\u00f8rdag 4. november:<\/strong> <\/p>\n\n\n\n<p>Helgen har ankommet og det er tid for de f\u00f8rste kursene til Dans.&nbsp;P\u00e5 l\u00f8rdag kan du melde deg p\u00e5 Girly \u00e5pent, Girly \u00f8vet og Hip Hop.&nbsp;En gyllen mulighet for \u00e5 bli med p\u00e5 noen av de mest ettertraktede dansekursene i Trondheim!&nbsp;<br><\/p>\n\n\n\n<p>Volleyball fortsetter ogs\u00e5 med kamper, og p\u00e5 l\u00f8rdag er det duket for internoppgj\u00f8r i 2. divisjon for damene fra 11:00.&nbsp;Stikk innom og se NTNUI ta seieren&nbsp;<br><\/p>\n\n\n\n<p>Vi f\u00e5r ogs\u00e5 bes\u00f8k av foredragsholder fra Antidoping Norge, som vil s\u00f8rge for at vi f\u00e5r den n\u00f8dvendige kunnskapen om antidopingrelaterte tema som regelverk, konsekvenser, dopinglista, dopingkontroll, medisinbruk og kosttilskudd. Dette blir veldig spennende, og vil v\u00e6re helt gratis \u00e5 bli med p\u00e5. Foredraget skjer fra 12:00 i EL4 (p\u00e5 Gl\u00f8shaugen)&nbsp;<\/p>\n\n\n\n<p class=\"coblocks-animate\" data-coblocks-animation=\"slideInLeft\"><strong>S\u00f8ndag 5. november:<\/strong><\/p>\n\n\n\n<p>Dansekursene fortsetter ogs\u00e5 p\u00e5 s\u00f8ndagen, og da vil det v\u00e6re mulig \u00e5 melde seg p\u00e5 Samba, Female Dancehall og Hoop.&nbsp;Spennende og varierte kurs hvor plassene fyller seg raskt!&nbsp;<\/p>\n\n\n\n<p>P\u00e5 s\u00f8ndag vil Blits ogs\u00e5 arrangere Fotokurs, hvor man vil l\u00e6re mer om kamera og samtidig f\u00e5 testet den nyetablerte kunnskapen i praksis.&nbsp;En mulighet av de sjeldne man ikke b\u00f8r g\u00e5 glipp av!&nbsp;<\/p>\n\n\n\n<p>Veldedighetshelgens aller siste arrangement vil v\u00e6re gallamiddagen p\u00e5 Ringve Musikkmuseum.\u00a0Dette vil v\u00e6re selve avslutningen &#8211; og det er fortsatt mulig \u00e5 sikre seg en billett!\u00a0Det kan gj\u00f8res<strong> <a href=\"https:\/\/www.nettbutikk.ntnui.no\/veldedighetshelg-nettbutikk\/p\/galla-veldedighetshelg\" data-type=\"URL\" data-id=\"https:\/\/www.nettbutikk.ntnui.no\/veldedighetshelg-nettbutikk\/p\/galla-veldedighetshelg\">her<\/a><\/strong>.\u00a0Her vil det bli servert deilig mat, og det vil v\u00e6re mulig \u00e5 by p\u00e5 noen flotte auksjonsobjekter!<\/p>\n\n\n\n<figure class=\"wp-block-image size-large\"><img loading=\"lazy\" decoding=\"async\" width=\"2112\" height=\"1400\" src=\"https:\/\/ntnui.no\/veldedighetshelg\/wp-content\/uploads\/sites\/300\/2023\/11\/Skjermbilde-2023-11-01-kl.-21.49.11-1.png\" alt=\"\" class=\"wp-image-303\" \/><\/figure>\n","protected":false},"excerpt":{"rendered":"<p>Onsdag 1. november:&nbsp; Vi inviterer alle menn til \u00e5 ta skjegget hos oss p\u00e5 Klubbhuset til NTNUI. Dette markerer \u00e5pningen p\u00e5 Veldedighetshelgen!&nbsp;Vi stiller med engangsh\u00f8vler til de som \u00f8nsker, men om du har preferanser anbefaler jeg \u00e5 ta med din egen!&nbsp;Kom fra kl. 18:00!&nbsp;Alle damer er selvf\u00f8lgelig velkomne til \u00e5 heie p\u00e5 alle som blir [&hellip;]<\/p>\n","protected":false},"author":436,"featured_media":0,"parent":0,"menu_order":0,"comment_status":"closed","ping_status":"closed","template":"","meta":{"_coblocks_attr":"","_coblocks_dimensions":"","_coblocks_responsive_height":"","_coblocks_accordion_ie_support":"","_price":"","_stock":"","_tribe_ticket_header":"","_tribe_default_ticket_provider":"","_tribe_ticket_capacity":"0","_ticket_start_date":"","_ticket_end_date":"","_tribe_ticket_show_description":"","_tribe_ticket_show_not_going":false,"_tribe_ticket_use_global_stock":"","_tribe_ticket_global_stock_level":"","_global_stock_mode":"","_global_stock_cap":"","_tribe_rsvp_for_event":"","_tribe_ticket_going_count":"","_tribe_ticket_not_going_count":"","_tribe_tickets_list":[],"_tribe_ticket_has_attendee_info_fields":false,"footnotes":""},"class_list":["post-300","page","type-page","status-publish","hentry"],"featured_image_src":null,"featured_image_src_square":null,"_links":{"self":[{"href":"https:\/\/ntnui.no\/veldedighetshelg\/wp-json\/wp\/v2\/pages\/300","targetHints":{"allow":["GET"]}}],"collection":[{"href":"https:\/\/ntnui.no\/veldedighetshelg\/wp-json\/wp\/v2\/pages"}],"about":[{"href":"https:\/\/ntnui.no\/veldedighetshelg\/wp-json\/wp\/v2\/types\/page"}],"author":[{"embeddable":true,"href":"https:\/\/ntnui.no\/veldedighetshelg\/wp-json\/wp\/v2\/users\/436"}],"replies":[{"embeddable":true,"href":"https:\/\/ntnui.no\/veldedighetshelg\/wp-json\/wp\/v2\/comments?post=300"}],"version-history":[{"count":8,"href":"https:\/\/ntnui.no\/veldedighetshelg\/wp-json\/wp\/v2\/pages\/300\/revisions"}],"predecessor-version":[{"id":318,"href":"https:\/\/ntnui.no\/veldedighetshelg\/wp-json\/wp\/v2\/pages\/300\/revisions\/318"}],"wp:attachment":[{"href":"https:\/\/ntnui.no\/veldedighetshelg\/wp-json\/wp\/v2\/media?parent=300"}],"curies":[{"name":"wp","href":"https:\/\/api.w.org\/{rel}","templated":true}]}}