{"id":19,"date":"2019-01-10T17:38:32","date_gmt":"2019-01-10T17:38:32","guid":{"rendered":"https:\/\/ntnui.no\/veldedighetshelg2\/?page_id=19"},"modified":"2023-03-24T12:46:30","modified_gmt":"2023-03-24T12:46:30","slug":"treninger","status":"publish","type":"page","link":"https:\/\/ntnui.no\/veldedighetshelg\/treninger\/","title":{"rendered":"Samarbeidspartnere"},"content":{"rendered":"\n<p>For \u00e5 kunne gjennomf\u00f8re \u00e5rets veldedighetshelg p\u00e5 en god m\u00e5te &#8211; og for \u00e5 kunne samle inn mest mulig penger trenger vi samarbeidspartnere. Og her vil alle bidrag hjelpe! Enten om du eller din bedrift har mulighet til \u00e5 stille med et \u00f8konomisk bidrag, om du \u00f8nsker \u00e5 bidra med premier, foredrag eller bare er nysgjerrig p\u00e5 hva vi gj\u00f8r!<\/p>\n\n\n\n<p>Absolutt alt settes pris p\u00e5!<\/p>\n\n\n\n<p><strong>Bedriftssponsor:<\/strong><\/p>\n\n\n\n<p>Vi \u00f8nsker \u00e5 f\u00e5 med oss bedrifter p\u00e5 laget, og tilbake for \u00f8konomiske bidrag kan vi tilby ulike promoteringspakker, om det er \u00f8nskelig med standplass, logo p\u00e5 alt av kl\u00e6r og t-skjorter, promotering gjennom v\u00e5re kanaler p\u00e5 sosiale medier eller noe annet &#8211; her kan vi finne ut av hva som passer best for deg og din bedrift i fellesskap.<\/p>\n\n\n\n<p><\/p>\n\n\n\n<p>Absolutt alle bidrag hjelper, enten om det er 50kr eller 50 000kr vil dette kunne v\u00e6re med p\u00e5 \u00e5 gj\u00f8re det bedre for de som virkelig trenger det!<\/p>\n","protected":false},"excerpt":{"rendered":"<p>For \u00e5 kunne gjennomf\u00f8re \u00e5rets veldedighetshelg p\u00e5 en god m\u00e5te &#8211; og for \u00e5 kunne samle inn mest mulig penger trenger vi samarbeidspartnere. Og her vil alle bidrag hjelpe! Enten om du eller din bedrift har mulighet til \u00e5 stille med et \u00f8konomisk bidrag, om du \u00f8nsker \u00e5 bidra med premier, foredrag eller bare er [&hellip;]<\/p>\n","protected":false},"author":7,"featured_media":0,"parent":0,"menu_order":0,"comment_status":"closed","ping_status":"closed","template":"","meta":{"_coblocks_attr":"","_coblocks_dimensions":"","_coblocks_responsive_height":"","_coblocks_accordion_ie_support":"","_price":"","_stock":"","_tribe_ticket_header":"","_tribe_default_ticket_provider":"","_tribe_ticket_capacity":"0","_ticket_start_date":"","_ticket_end_date":"","_tribe_ticket_show_description":"","_tribe_ticket_show_not_going":false,"_tribe_ticket_use_global_stock":"","_tribe_ticket_global_stock_level":"","_global_stock_mode":"","_global_stock_cap":"","_tribe_rsvp_for_event":"","_tribe_ticket_going_count":"","_tribe_ticket_not_going_count":"","_tribe_tickets_list":[],"_tribe_ticket_has_attendee_info_fields":false,"footnotes":""},"class_list":["post-19","page","type-page","status-publish","hentry"],"featured_image_src":null,"featured_image_src_square":null,"_links":{"self":[{"href":"https:\/\/ntnui.no\/veldedighetshelg\/wp-json\/wp\/v2\/pages\/19","targetHints":{"allow":["GET"]}}],"collection":[{"href":"https:\/\/ntnui.no\/veldedighetshelg\/wp-json\/wp\/v2\/pages"}],"about":[{"href":"https:\/\/ntnui.no\/veldedighetshelg\/wp-json\/wp\/v2\/types\/page"}],"author":[{"embeddable":true,"href":"https:\/\/ntnui.no\/veldedighetshelg\/wp-json\/wp\/v2\/users\/7"}],"replies":[{"embeddable":true,"href":"https:\/\/ntnui.no\/veldedighetshelg\/wp-json\/wp\/v2\/comments?post=19"}],"version-history":[{"count":5,"href":"https:\/\/ntnui.no\/veldedighetshelg\/wp-json\/wp\/v2\/pages\/19\/revisions"}],"predecessor-version":[{"id":293,"href":"https:\/\/ntnui.no\/veldedighetshelg\/wp-json\/wp\/v2\/pages\/19\/revisions\/293"}],"wp:attachment":[{"href":"https:\/\/ntnui.no\/veldedighetshelg\/wp-json\/wp\/v2\/media?parent=19"}],"curies":[{"name":"wp","href":"https:\/\/api.w.org\/{rel}","templated":true}]}}