{"id":11,"date":"2019-01-10T17:36:42","date_gmt":"2019-01-10T17:36:42","guid":{"rendered":"https:\/\/ntnui.no\/veldedighetshelg2\/?page_id=11"},"modified":"2023-10-12T13:36:56","modified_gmt":"2023-10-12T13:36:56","slug":"styret","status":"publish","type":"page","link":"https:\/\/ntnui.no\/veldedighetshelg\/styret\/","title":{"rendered":"Styret 2023"},"content":{"rendered":"\n<p class=\"has-text-align-left\">Styret er ansvarlig for gjennomf\u00f8ringen av veldedighetshelgen i 2023. <\/p>\n\n\n\n<div class=\"wp-block-coblocks-alert is-style-info\" aria-label=\"Alert section of type info\"><p class=\"wp-block-coblocks-alert__text\">Ved sp\u00f8rsm\u00e5l, forslag eller andre henvendelser, ta kontakt p\u00e5: veldedighet@ntnui.no<\/p><\/div>\n\n\n\n<div class=\"wp-block-atomic-blocks-ab-columns ab-layout-columns-3 ab-3-col-equal\"><div class=\"ab-layout-column-wrap ab-block-layout-column-gap-2 ab-is-responsive-column\">\n<div class=\"wp-block-atomic-blocks-ab-column ab-block-layout-column\"><div class=\"ab-block-layout-column-inner\">\n<figure class=\"wp-block-image size-large is-resized\"><img loading=\"lazy\" decoding=\"async\" src=\"https:\/\/ntnui.no\/veldedighetshelg\/wp-content\/uploads\/sites\/300\/2023\/06\/Skjermbilde-2023-06-08-kl.-11.10.54.png\" alt=\"\" class=\"wp-image-176\" width=\"274\" height=\"411\" \/><figcaption>Jenny Hunvik<br>Leder<\/figcaption><\/figure>\n<\/div><\/div>\n\n\n\n<div class=\"wp-block-atomic-blocks-ab-column ab-block-layout-column\"><div class=\"ab-block-layout-column-inner\">\n<figure class=\"wp-block-image size-large is-resized\"><img loading=\"lazy\" decoding=\"async\" src=\"https:\/\/ntnui.no\/veldedighetshelg\/wp-content\/uploads\/sites\/300\/2023\/06\/Skjermbilde-2023-06-08-kl.-11.11.34.png\" alt=\"\" class=\"wp-image-177\" width=\"274\" height=\"411\" \/><figcaption>Kathinka Lund<br>Nestleder<\/figcaption><\/figure>\n<\/div><\/div>\n\n\n\n<div class=\"wp-block-atomic-blocks-ab-column ab-block-layout-column\"><div class=\"ab-block-layout-column-inner\">\n<figure class=\"wp-block-image size-large is-resized\"><img loading=\"lazy\" decoding=\"async\" src=\"https:\/\/ntnui.no\/veldedighetshelg\/wp-content\/uploads\/sites\/300\/2023\/06\/Skjermbilde-2023-06-08-kl.-11.11.57.png\" alt=\"\" class=\"wp-image-178\" width=\"273\" height=\"412\" \/><figcaption>Taran Five<br>Materialansvarlig<\/figcaption><\/figure>\n<\/div><\/div>\n<\/div><\/div>\n\n\n\n<div class=\"wp-block-atomic-blocks-ab-columns ab-layout-columns-3 ab-3-col-equal\"><div class=\"ab-layout-column-wrap ab-block-layout-column-gap-2 ab-is-responsive-column\">\n<div class=\"wp-block-atomic-blocks-ab-column ab-block-layout-column\"><div class=\"ab-block-layout-column-inner\">\n<figure class=\"wp-block-image size-large\"><img loading=\"lazy\" decoding=\"async\" width=\"1090\" height=\"1642\" src=\"https:\/\/ntnui.no\/veldedighetshelg\/wp-content\/uploads\/sites\/300\/2023\/06\/Skjermbilde-2023-06-08-kl.-11.13.13.png\" alt=\"\" class=\"wp-image-180\" \/><figcaption>Emilie Eilertsen<br>Promoteringsansvarlig <\/figcaption><\/figure>\n\n\n\n<figure class=\"wp-block-image size-large\"><img loading=\"lazy\" decoding=\"async\" width=\"1092\" height=\"1642\" src=\"https:\/\/ntnui.no\/veldedighetshelg\/wp-content\/uploads\/sites\/300\/2023\/06\/Skjermbilde-2023-06-08-kl.-11.16.32.png\" alt=\"\" class=\"wp-image-185\" \/><figcaption>Kasper Malkenes S\u00f8rtun<br>Gruppekontakt<\/figcaption><\/figure>\n<\/div><\/div>\n\n\n\n<div class=\"wp-block-atomic-blocks-ab-column ab-block-layout-column\"><div class=\"ab-block-layout-column-inner\">\n<figure class=\"wp-block-image size-large\"><img loading=\"lazy\" decoding=\"async\" width=\"1092\" height=\"1642\" src=\"https:\/\/ntnui.no\/veldedighetshelg\/wp-content\/uploads\/sites\/300\/2023\/06\/Skjermbilde-2023-06-08-kl.-11.13.35.png\" alt=\"\" class=\"wp-image-181\" \/><figcaption>Sofie Broum<br>Sponsoransvarlig <\/figcaption><\/figure>\n\n\n\n<figure class=\"wp-block-image size-large is-resized\"><img loading=\"lazy\" decoding=\"async\" src=\"https:\/\/ntnui.no\/veldedighetshelg\/wp-content\/uploads\/sites\/300\/2023\/06\/Skjermbilde-2023-06-08-kl.-11.18.01.png\" alt=\"\" class=\"wp-image-187\" width=\"273\" height=\"411\" \/><figcaption>Andreas Bothner<br>Logistikkansvarlig <\/figcaption><\/figure>\n<\/div><\/div>\n\n\n\n<div class=\"wp-block-atomic-blocks-ab-column ab-block-layout-column\"><div class=\"ab-block-layout-column-inner\">\n<figure class=\"wp-block-image size-large\"><img loading=\"lazy\" decoding=\"async\" width=\"1092\" height=\"1640\" src=\"https:\/\/ntnui.no\/veldedighetshelg\/wp-content\/uploads\/sites\/300\/2023\/06\/Skjermbilde-2023-06-08-kl.-11.15.14.png\" alt=\"\" class=\"wp-image-183\" \/><figcaption>Julie Hansen Gleinsv\u00e5g<br>\u00d8konomiansvarlig <\/figcaption><\/figure>\n\n\n\n<figure class=\"wp-block-image size-large\"><img loading=\"lazy\" decoding=\"async\" width=\"1088\" height=\"1642\" src=\"https:\/\/ntnui.no\/veldedighetshelg\/wp-content\/uploads\/sites\/300\/2023\/06\/Skjermbilde-2023-06-08-kl.-11.37.20.png\" alt=\"\" class=\"wp-image-190\" \/><figcaption>Ronja Pavall<br>Arrangementsansvarlig<\/figcaption><\/figure>\n<\/div><\/div>\n<\/div><\/div>\n","protected":false},"excerpt":{"rendered":"<p>Styret er ansvarlig for gjennomf\u00f8ringen av veldedighetshelgen i 2023.<\/p>\n","protected":false},"author":7,"featured_media":0,"parent":0,"menu_order":0,"comment_status":"closed","ping_status":"closed","template":"","meta":{"_coblocks_attr":"","_coblocks_dimensions":"","_coblocks_responsive_height":"","_coblocks_accordion_ie_support":"","_price":"","_stock":"","_tribe_ticket_header":"","_tribe_default_ticket_provider":"","_tribe_ticket_capacity":"0","_ticket_start_date":"","_ticket_end_date":"","_tribe_ticket_show_description":"","_tribe_ticket_show_not_going":false,"_tribe_ticket_use_global_stock":"","_tribe_ticket_global_stock_level":"","_global_stock_mode":"","_global_stock_cap":"","_tribe_rsvp_for_event":"","_tribe_ticket_going_count":"","_tribe_ticket_not_going_count":"","_tribe_tickets_list":[],"_tribe_ticket_has_attendee_info_fields":false,"footnotes":""},"class_list":["post-11","page","type-page","status-publish","hentry"],"featured_image_src":null,"featured_image_src_square":null,"_links":{"self":[{"href":"https:\/\/ntnui.no\/veldedighetshelg\/wp-json\/wp\/v2\/pages\/11","targetHints":{"allow":["GET"]}}],"collection":[{"href":"https:\/\/ntnui.no\/veldedighetshelg\/wp-json\/wp\/v2\/pages"}],"about":[{"href":"https:\/\/ntnui.no\/veldedighetshelg\/wp-json\/wp\/v2\/types\/page"}],"author":[{"embeddable":true,"href":"https:\/\/ntnui.no\/veldedighetshelg\/wp-json\/wp\/v2\/users\/7"}],"replies":[{"embeddable":true,"href":"https:\/\/ntnui.no\/veldedighetshelg\/wp-json\/wp\/v2\/comments?post=11"}],"version-history":[{"count":25,"href":"https:\/\/ntnui.no\/veldedighetshelg\/wp-json\/wp\/v2\/pages\/11\/revisions"}],"predecessor-version":[{"id":242,"href":"https:\/\/ntnui.no\/veldedighetshelg\/wp-json\/wp\/v2\/pages\/11\/revisions\/242"}],"wp:attachment":[{"href":"https:\/\/ntnui.no\/veldedighetshelg\/wp-json\/wp\/v2\/media?parent=11"}],"curies":[{"name":"wp","href":"https:\/\/api.w.org\/{rel}","templated":true}]}}