{"id":19,"date":"2019-01-10T17:38:32","date_gmt":"2019-01-10T17:38:32","guid":{"rendered":"https:\/\/ntnui.no\/turn2\/?page_id=19"},"modified":"2025-12-09T20:54:33","modified_gmt":"2025-12-09T19:54:33","slug":"treninger","status":"publish","type":"page","link":"https:\/\/ntnui.no\/turn\/treninger\/","title":{"rendered":"Treninger"},"content":{"rendered":"\n<p class=\"has-lato-font-family has-custom-font\" style=\"font-family:Lato\">NTNUI Turn har fire treninger i uka, hvor tre av disse er i turnhallen til Trondhjems Turnforening, og en er i Flerbrukshallen, Sit \u00d8ya Treningssenter.<\/p>\n\n\n\n<p class=\"has-lato-font-family has-custom-font\" style=\"font-family:Lato\">Treningene onsdag, l\u00f8rdag og s\u00f8ndag foreg\u00e5r i en fullt utrustet turnhall som vi leier av Trondhjems Turnforening. Her kan man gj\u00f8re alt fra \u00e5 turne p\u00e5 frittst\u00e5endegulv til \u00e5 svinge seg i svingstanga. <\/p>\n\n\n\n<p class=\"has-lato-font-family has-custom-font\" style=\"font-family:Lato\">Mandagstreningen foreg\u00e5r i Flerbrukshallen, Sit \u00d8ya Treningssenter. Her har vi air-track og matter som vi bruker til basistrening.<\/p>\n\n\n\n<div class=\"wp-block-media-text alignwide\"><figure class=\"wp-block-media-text__media\"><img loading=\"lazy\" decoding=\"async\" width=\"746\" height=\"739\" src=\"https:\/\/ntnui.no\/turn\/wp-content\/uploads\/sites\/257\/2019\/03\/kartTurnhall.png\" alt=\"\" class=\"wp-image-94 size-full\" srcset=\"https:\/\/ntnui.no\/turn\/wp-content\/uploads\/sites\/257\/2019\/03\/kartTurnhall.png 746w, https:\/\/ntnui.no\/turn\/wp-content\/uploads\/sites\/257\/2019\/03\/kartTurnhall-150x150.png 150w, https:\/\/ntnui.no\/turn\/wp-content\/uploads\/sites\/257\/2019\/03\/kartTurnhall-300x297.png 300w, https:\/\/ntnui.no\/turn\/wp-content\/uploads\/sites\/257\/2019\/03\/kartTurnhall-600x594.png 600w, https:\/\/ntnui.no\/turn\/wp-content\/uploads\/sites\/257\/2019\/03\/kartTurnhall-100x100.png 100w\" sizes=\"auto, (max-width: 746px) 100vw, 746px\" \/><\/figure><div class=\"wp-block-media-text__content\">\n<p class=\"has-text-align-right has-lato-font-family has-custom-font\" style=\"font-family:Lato\">Treningstider i turnhallen til Trondhjems turnforening<\/p>\n\n\n\n<p class=\"has-text-align-right has-lato-font-family has-custom-font\" style=\"font-family:Lato\">Onsdag 20:30 &#8211; 22:30<\/p>\n\n\n\n<p class=\"has-text-align-right has-lato-font-family has-custom-font\" style=\"font-family:Lato\">L\u00f8rdag 15:15 -17:15<\/p>\n\n\n\n<p class=\"has-text-align-right has-lato-font-family has-custom-font\" style=\"font-family:Lato\">S\u00f8ndag 13:15 &#8211; 15:15<\/p>\n\n\n\n<ul class=\"wp-block-list is-style-none\"><\/ul>\n<\/div><\/div>\n\n\n\n<div class=\"wp-block-media-text alignwide\"><figure class=\"wp-block-media-text__media\"><img loading=\"lazy\" decoding=\"async\" width=\"957\" height=\"751\" src=\"https:\/\/ntnui.no\/turn\/wp-content\/uploads\/sites\/257\/2024\/10\/sitoya.png\" alt=\"\" class=\"wp-image-707 size-full\" \/><\/figure><div class=\"wp-block-media-text__content\">\n<p class=\"has-text-align-right has-lato-font-family has-custom-font\" style=\"font-family:Lato\">Treningstider i Flerbrukshallen, Sit \u00d8ya Treningssenter<\/p>\n\n\n\n<p class=\"has-text-align-right has-lato-font-family has-custom-font\" style=\"font-family:Lato\">Mandag 20:00 &#8211; 22:00<\/p>\n\n\n\n<p><\/p>\n<\/div><\/div>\n","protected":false},"excerpt":{"rendered":"<p>NTNUI Turn har fire treninger i uka, hvor tre av disse er i turnhallen til Trondhjems Turnforening, og en er i Flerbrukshallen, Sit \u00d8ya Treningssenter. Treningene onsdag, l\u00f8rdag og s\u00f8ndag foreg\u00e5r i en fullt utrustet turnhall som vi leier av Trondhjems Turnforening. Her kan man gj\u00f8re alt fra \u00e5 turne p\u00e5 frittst\u00e5endegulv til \u00e5 svinge [&hellip;]<\/p>\n","protected":false},"author":129,"featured_media":0,"parent":0,"menu_order":0,"comment_status":"closed","ping_status":"closed","template":"","meta":{"_coblocks_attr":"Lato,Lato","_coblocks_dimensions":"","_coblocks_responsive_height":"","_coblocks_accordion_ie_support":"","_price":"","_stock":"","_tribe_ticket_header":"","_tribe_default_ticket_provider":"","_tribe_ticket_capacity":"0","_ticket_start_date":"","_ticket_end_date":"","_tribe_ticket_show_description":"","_tribe_ticket_show_not_going":false,"_tribe_ticket_use_global_stock":"","_tribe_ticket_global_stock_level":"","_global_stock_mode":"","_global_stock_cap":"","_tribe_rsvp_for_event":"","_tribe_ticket_going_count":"","_tribe_ticket_not_going_count":"","_tribe_tickets_list":[],"_tribe_ticket_has_attendee_info_fields":false,"footnotes":""},"class_list":["post-19","page","type-page","status-publish","hentry"],"featured_image_src":null,"featured_image_src_square":null,"_links":{"self":[{"href":"https:\/\/ntnui.no\/turn\/wp-json\/wp\/v2\/pages\/19","targetHints":{"allow":["GET"]}}],"collection":[{"href":"https:\/\/ntnui.no\/turn\/wp-json\/wp\/v2\/pages"}],"about":[{"href":"https:\/\/ntnui.no\/turn\/wp-json\/wp\/v2\/types\/page"}],"author":[{"embeddable":true,"href":"https:\/\/ntnui.no\/turn\/wp-json\/wp\/v2\/users\/129"}],"replies":[{"embeddable":true,"href":"https:\/\/ntnui.no\/turn\/wp-json\/wp\/v2\/comments?post=19"}],"version-history":[{"count":25,"href":"https:\/\/ntnui.no\/turn\/wp-json\/wp\/v2\/pages\/19\/revisions"}],"predecessor-version":[{"id":784,"href":"https:\/\/ntnui.no\/turn\/wp-json\/wp\/v2\/pages\/19\/revisions\/784"}],"wp:attachment":[{"href":"https:\/\/ntnui.no\/turn\/wp-json\/wp\/v2\/media?parent=19"}],"curies":[{"name":"wp","href":"https:\/\/api.w.org\/{rel}","templated":true}]}}