{"id":7652,"date":"2024-02-09T11:58:57","date_gmt":"2024-02-09T10:58:57","guid":{"rendered":"https:\/\/ntnui.no\/triatlon\/?post_type=product&#038;p=7652"},"modified":"2026-04-02T16:49:46","modified_gmt":"2026-04-02T14:49:46","slug":"badehette-2024-edition","status":"publish","type":"product","link":"https:\/\/ntnui.no\/triatlon\/product\/badehette-2024-edition\/","title":{"rendered":"Badehette &#8211; 2024\/25 Edition"},"content":{"rendered":"","protected":false},"excerpt":{"rendered":"<p>Vi feirer nytt \u00e5r med nytt r\u00e5tt design p\u00e5 badehettene v\u00e5re! Det g\u00e5r rykter om at man blir farlig hydrodynamisk med denne&#8230;<\/p>\n","protected":false},"featured_media":7653,"comment_status":"closed","ping_status":"closed","template":"","meta":{"_coblocks_attr":"","_coblocks_dimensions":"","_coblocks_responsive_height":"","_coblocks_accordion_ie_support":"","_price":"200","_stock":"46","_tribe_ticket_header":"","_tribe_default_ticket_provider":"","_tribe_ticket_capacity":"50","_ticket_start_date":"","_ticket_end_date":"","_tribe_ticket_show_description":"","_tribe_ticket_show_not_going":false,"_tribe_ticket_use_global_stock":"","_tribe_ticket_global_stock_level":"","_global_stock_mode":"","_global_stock_cap":"","_tribe_rsvp_for_event":"","_tribe_ticket_going_count":"","_tribe_ticket_not_going_count":"","_tribe_tickets_list":[],"_tribe_ticket_has_attendee_info_fields":false,"jetpack_post_was_ever_published":false,"jetpack_publicize_message":"","jetpack_publicize_feature_enabled":true,"jetpack_social_post_already_shared":true,"jetpack_social_options":{"image_generator_settings":{"template":"highway","enabled":false},"version":2}},"product_brand":[],"product_cat":[32],"product_tag":[],"class_list":{"0":"post-7652","1":"product","2":"type-product","3":"status-publish","4":"has-post-thumbnail","6":"product_cat-ukategorisert","8":"first","9":"instock","10":"shipping-taxable","11":"purchasable","12":"product-type-simple"},"jetpack_publicize_connections":[],"jetpack_sharing_enabled":true,"_links":{"self":[{"href":"https:\/\/ntnui.no\/triatlon\/wp-json\/wp\/v2\/product\/7652","targetHints":{"allow":["GET"]}}],"collection":[{"href":"https:\/\/ntnui.no\/triatlon\/wp-json\/wp\/v2\/product"}],"about":[{"href":"https:\/\/ntnui.no\/triatlon\/wp-json\/wp\/v2\/types\/product"}],"replies":[{"embeddable":true,"href":"https:\/\/ntnui.no\/triatlon\/wp-json\/wp\/v2\/comments?post=7652"}],"wp:featuredmedia":[{"embeddable":true,"href":"https:\/\/ntnui.no\/triatlon\/wp-json\/wp\/v2\/media\/7653"}],"wp:attachment":[{"href":"https:\/\/ntnui.no\/triatlon\/wp-json\/wp\/v2\/media?parent=7652"}],"wp:term":[{"taxonomy":"product_brand","embeddable":true,"href":"https:\/\/ntnui.no\/triatlon\/wp-json\/wp\/v2\/product_brand?post=7652"},{"taxonomy":"product_cat","embeddable":true,"href":"https:\/\/ntnui.no\/triatlon\/wp-json\/wp\/v2\/product_cat?post=7652"},{"taxonomy":"product_tag","embeddable":true,"href":"https:\/\/ntnui.no\/triatlon\/wp-json\/wp\/v2\/product_tag?post=7652"}],"curies":[{"name":"wp","href":"https:\/\/api.w.org\/{rel}","templated":true}]}}