{"id":6629,"date":"2022-04-20T18:17:55","date_gmt":"2022-04-20T16:17:55","guid":{"rendered":"https:\/\/ntnui.no\/triatlon\/?post_type=product&#038;p=6629"},"modified":"2025-09-26T08:36:21","modified_gmt":"2025-09-26T06:36:21","slug":"leie-av-vatdrakt-1-helg-rental-of-wetsuit-1-weekend","status":"publish","type":"product","link":"https:\/\/ntnui.no\/triatlon\/product\/leie-av-vatdrakt-1-helg-rental-of-wetsuit-1-weekend\/","title":{"rendered":"Leie av v\u00e5tdrakt &#8211; 1 helg \/\/ rental of wetsuit &#8211; 1 weekend"},"content":{"rendered":"","protected":false},"excerpt":{"rendered":"<p><strong>MERK:<\/strong><br \/>\nKontakt Utstyrsansvarlig p\u00e5 epost: triatlon-utstyr@ntnui.no <strong>F\u00d8R<\/strong> du betaler, for \u00e5 sikre at vi har en v\u00e5tdrakt ledig i din st\u00f8rrelse.<br \/>\nLeieperioden g\u00e5r for 3 dager av gangen.<\/p>\n<p>V\u00e5tdrakten skal kun brukes til sv\u00f8mming, ikke surfing, padling etc.<\/p>\n<p><strong>NB!<br \/>\n<\/strong>Contact Utstyrsansvarlig at: triatlon-utstyr@ntnui.no <strong>BEFORE<\/strong> paying, to make sure there is a wetsuit available in your size.<br \/>\nYou rent the wetsuit for 3 days at a time.<\/p>\n<p>The wetsuit should only be used for swimming, not surfing, paddling etc.<\/p>\n","protected":false},"featured_media":6630,"comment_status":"closed","ping_status":"closed","template":"","meta":{"_coblocks_attr":"","_coblocks_dimensions":"","_coblocks_responsive_height":"","_coblocks_accordion_ie_support":"","_price":"100","_stock":"","_tribe_ticket_header":"","_tribe_default_ticket_provider":"","_tribe_ticket_capacity":"0","_ticket_start_date":"","_ticket_end_date":"","_tribe_ticket_show_description":"","_tribe_ticket_show_not_going":false,"_tribe_ticket_use_global_stock":"","_tribe_ticket_global_stock_level":"","_global_stock_mode":"","_global_stock_cap":"","_tribe_rsvp_for_event":"","_tribe_ticket_going_count":"","_tribe_ticket_not_going_count":"","_tribe_tickets_list":[],"_tribe_ticket_has_attendee_info_fields":false,"jetpack_post_was_ever_published":false,"jetpack_publicize_message":"","jetpack_publicize_feature_enabled":true,"jetpack_social_post_already_shared":true,"jetpack_social_options":{"image_generator_settings":{"template":"highway","enabled":false},"version":2}},"product_brand":[],"product_cat":[39,35,113],"product_tag":[],"class_list":{"0":"post-6629","1":"product","2":"type-product","3":"status-publish","4":"has-post-thumbnail","6":"product_cat-konkurranse","7":"product_cat-svomming","8":"product_cat-trisprinten","10":"first","11":"instock","12":"shipping-taxable","13":"purchasable","14":"product-type-simple"},"jetpack_publicize_connections":[],"jetpack_sharing_enabled":true,"_links":{"self":[{"href":"https:\/\/ntnui.no\/triatlon\/wp-json\/wp\/v2\/product\/6629","targetHints":{"allow":["GET"]}}],"collection":[{"href":"https:\/\/ntnui.no\/triatlon\/wp-json\/wp\/v2\/product"}],"about":[{"href":"https:\/\/ntnui.no\/triatlon\/wp-json\/wp\/v2\/types\/product"}],"replies":[{"embeddable":true,"href":"https:\/\/ntnui.no\/triatlon\/wp-json\/wp\/v2\/comments?post=6629"}],"wp:featuredmedia":[{"embeddable":true,"href":"https:\/\/ntnui.no\/triatlon\/wp-json\/wp\/v2\/media\/6630"}],"wp:attachment":[{"href":"https:\/\/ntnui.no\/triatlon\/wp-json\/wp\/v2\/media?parent=6629"}],"wp:term":[{"taxonomy":"product_brand","embeddable":true,"href":"https:\/\/ntnui.no\/triatlon\/wp-json\/wp\/v2\/product_brand?post=6629"},{"taxonomy":"product_cat","embeddable":true,"href":"https:\/\/ntnui.no\/triatlon\/wp-json\/wp\/v2\/product_cat?post=6629"},{"taxonomy":"product_tag","embeddable":true,"href":"https:\/\/ntnui.no\/triatlon\/wp-json\/wp\/v2\/product_tag?post=6629"}],"curies":[{"name":"wp","href":"https:\/\/api.w.org\/{rel}","templated":true}]}}