{"id":5599,"date":"2020-04-20T00:42:28","date_gmt":"2020-04-19T22:42:28","guid":{"rendered":"https:\/\/ntnui.no\/triatlon\/?post_type=product&#038;p=5599"},"modified":"2025-03-03T21:50:43","modified_gmt":"2025-03-03T20:50:43","slug":"trimtex-sykkelshorts-dame-i-storrelse-l","status":"publish","type":"product","link":"https:\/\/ntnui.no\/triatlon\/product\/trimtex-sykkelshorts-dame-i-storrelse-l\/","title":{"rendered":"Sykkelshorts dame L \/\/ Biking shorts woman L"},"content":{"rendered":"","protected":false},"excerpt":{"rendered":"<p>Sykkelshorts i st\u00f8rrelse L\u00a0 (str 4) dame.<br \/>\nNTNUI logo og striper p\u00e5 l\u00e5rene.<\/p>\n<p>1 stk fra Bioracer og 1 fra Trimtex. Legg ved kommentar p\u00e5 hvilken av merkene du \u00f8nsker \u00e5 kj\u00f8pe. (Bildet er av Bioracer, men den fra Trimtex ligner.)<\/p>\n<p>Biking shorts in size M (size 3) woman.<\/p>\n<p>NTNUI logo and stripes on the thighs.<\/p>\n<p>1 from Bioracer and 1 from Trimtex. Add a comment on which of the brands you want to buy. (Photo is of BioRacer, but the one from Trimtex looks quite similar).<\/p>\n","protected":false},"featured_media":5596,"comment_status":"closed","ping_status":"closed","template":"","meta":{"_coblocks_attr":"","_coblocks_dimensions":"","_coblocks_responsive_height":"","_coblocks_accordion_ie_support":"","_price":"525","_stock":"2","_tribe_ticket_header":"","_tribe_default_ticket_provider":"","_tribe_ticket_capacity":"3","_ticket_start_date":"","_ticket_end_date":"","_tribe_ticket_show_description":"","_tribe_ticket_show_not_going":false,"_tribe_ticket_use_global_stock":"","_tribe_ticket_global_stock_level":"","_global_stock_mode":"","_global_stock_cap":"","_tribe_rsvp_for_event":"","_tribe_ticket_going_count":"","_tribe_ticket_not_going_count":"","_tribe_tickets_list":[],"_tribe_ticket_has_attendee_info_fields":false,"jetpack_post_was_ever_published":false,"jetpack_publicize_message":"","jetpack_publicize_feature_enabled":true,"jetpack_social_post_already_shared":true,"jetpack_social_options":{"image_generator_settings":{"template":"highway","enabled":false},"version":2}},"product_brand":[],"product_cat":[38,40],"product_tag":[],"class_list":{"0":"post-5599","1":"product","2":"type-product","3":"status-publish","4":"has-post-thumbnail","6":"product_cat-klubbekledning","7":"product_cat-sykling","9":"first","10":"instock","11":"shipping-taxable","12":"purchasable","13":"product-type-simple"},"jetpack_publicize_connections":[],"jetpack_sharing_enabled":true,"_links":{"self":[{"href":"https:\/\/ntnui.no\/triatlon\/wp-json\/wp\/v2\/product\/5599","targetHints":{"allow":["GET"]}}],"collection":[{"href":"https:\/\/ntnui.no\/triatlon\/wp-json\/wp\/v2\/product"}],"about":[{"href":"https:\/\/ntnui.no\/triatlon\/wp-json\/wp\/v2\/types\/product"}],"replies":[{"embeddable":true,"href":"https:\/\/ntnui.no\/triatlon\/wp-json\/wp\/v2\/comments?post=5599"}],"wp:featuredmedia":[{"embeddable":true,"href":"https:\/\/ntnui.no\/triatlon\/wp-json\/wp\/v2\/media\/5596"}],"wp:attachment":[{"href":"https:\/\/ntnui.no\/triatlon\/wp-json\/wp\/v2\/media?parent=5599"}],"wp:term":[{"taxonomy":"product_brand","embeddable":true,"href":"https:\/\/ntnui.no\/triatlon\/wp-json\/wp\/v2\/product_brand?post=5599"},{"taxonomy":"product_cat","embeddable":true,"href":"https:\/\/ntnui.no\/triatlon\/wp-json\/wp\/v2\/product_cat?post=5599"},{"taxonomy":"product_tag","embeddable":true,"href":"https:\/\/ntnui.no\/triatlon\/wp-json\/wp\/v2\/product_tag?post=5599"}],"curies":[{"name":"wp","href":"https:\/\/api.w.org\/{rel}","templated":true}]}}