{"id":5557,"date":"2020-03-23T17:22:00","date_gmt":"2020-03-23T16:22:00","guid":{"rendered":"https:\/\/ntnui.no\/triatlon\/?post_type=product&#038;p=5557"},"modified":"2024-02-27T17:58:37","modified_gmt":"2024-02-27T16:58:37","slug":"sesongleie-av-sykkelrulle","status":"publish","type":"product","link":"https:\/\/ntnui.no\/triatlon\/product\/sesongleie-av-sykkelrulle\/","title":{"rendered":"Sesongleie av sykkelrulle \/\/ Rent bicycle roller for a season"},"content":{"rendered":"","protected":false},"excerpt":{"rendered":"<p>Leie av sykkelrulle (Tacx) uten wattm\u00e5ler.<\/p>\n<p>VIKTIG:<br \/>\nF\u00d8R du betaler i nettbutikken, ta kontakt med Utstyrsansvarlig p\u00e5 e-post: triatlon-utstyr@ntnui.no for \u00e5 sikre at det er rulle tilgjengelig til deg. Du f\u00e5r ogs\u00e5 tilsendt kontrakt for utleieperioden n\u00e5r du tar kontakt.<\/p>\n<p><em>(Merk: Denne avtalen gjelder for en vintersesong og er derfor for en lengre periode. Ved kortere leieperiode se &#8220;Leie av sykkelrulle 1 mnd&#8221;)\u00a0<\/em><\/p>\n<p>&nbsp;<\/p>\n<p>Rental of bicycle roller (Tacx) without wattmeter.<\/p>\n<p>IMPORTANT:<br \/>\nBEFORE you pay in the online store, contact Utstyrsansvarlig by e-mail: triatlon-utstyr@ntnui.no to ensure that a roller is available to you. You will also be sent a contract for the rental period when you contact us.<\/p>\n<p><em>(Note: This agreement is valid for a winter season and is therefore for a longer period. For shorter rental periods see &#8220;Rental of bicycle roll 1 month&#8221;)<\/em><\/p>\n","protected":false},"featured_media":5556,"comment_status":"closed","ping_status":"closed","template":"","meta":{"_coblocks_attr":"","_coblocks_dimensions":"","_coblocks_responsive_height":"","_coblocks_accordion_ie_support":"","_price":"550","_stock":"","_tribe_ticket_header":"","_tribe_default_ticket_provider":"","_tribe_ticket_capacity":"0","_ticket_start_date":"","_ticket_end_date":"","_tribe_ticket_show_description":"","_tribe_ticket_show_not_going":false,"_tribe_ticket_use_global_stock":"","_tribe_ticket_global_stock_level":"","_global_stock_mode":"","_global_stock_cap":"","_tribe_rsvp_for_event":"","_tribe_ticket_going_count":"","_tribe_ticket_not_going_count":"","_tribe_tickets_list":[],"_tribe_ticket_has_attendee_info_fields":false,"jetpack_post_was_ever_published":false,"jetpack_publicize_message":"","jetpack_publicize_feature_enabled":true,"jetpack_social_post_already_shared":true,"jetpack_social_options":{"image_generator_settings":{"template":"highway","enabled":false},"version":2}},"product_brand":[],"product_cat":[40],"product_tag":[],"class_list":{"0":"post-5557","1":"product","2":"type-product","3":"status-publish","4":"has-post-thumbnail","6":"product_cat-sykling","8":"first","9":"instock","10":"shipping-taxable","11":"purchasable","12":"product-type-simple"},"jetpack_publicize_connections":[],"jetpack_sharing_enabled":true,"_links":{"self":[{"href":"https:\/\/ntnui.no\/triatlon\/wp-json\/wp\/v2\/product\/5557","targetHints":{"allow":["GET"]}}],"collection":[{"href":"https:\/\/ntnui.no\/triatlon\/wp-json\/wp\/v2\/product"}],"about":[{"href":"https:\/\/ntnui.no\/triatlon\/wp-json\/wp\/v2\/types\/product"}],"replies":[{"embeddable":true,"href":"https:\/\/ntnui.no\/triatlon\/wp-json\/wp\/v2\/comments?post=5557"}],"wp:featuredmedia":[{"embeddable":true,"href":"https:\/\/ntnui.no\/triatlon\/wp-json\/wp\/v2\/media\/5556"}],"wp:attachment":[{"href":"https:\/\/ntnui.no\/triatlon\/wp-json\/wp\/v2\/media?parent=5557"}],"wp:term":[{"taxonomy":"product_brand","embeddable":true,"href":"https:\/\/ntnui.no\/triatlon\/wp-json\/wp\/v2\/product_brand?post=5557"},{"taxonomy":"product_cat","embeddable":true,"href":"https:\/\/ntnui.no\/triatlon\/wp-json\/wp\/v2\/product_cat?post=5557"},{"taxonomy":"product_tag","embeddable":true,"href":"https:\/\/ntnui.no\/triatlon\/wp-json\/wp\/v2\/product_tag?post=5557"}],"curies":[{"name":"wp","href":"https:\/\/api.w.org\/{rel}","templated":true}]}}