{"id":5331,"date":"2021-05-03T22:09:55","date_gmt":"2021-05-03T20:09:55","guid":{"rendered":"https:\/\/ntnui.no\/triatlon\/?post_type=product&#038;p=5331"},"modified":"2024-04-28T21:47:13","modified_gmt":"2024-04-28T19:47:13","slug":"landeveissykkel-maned","status":"publish","type":"product","link":"https:\/\/ntnui.no\/triatlon\/product\/landeveissykkel-maned\/","title":{"rendered":"Leie av landeveissykkel 1 m\u00e5ned \/\/ Rent road bike 1 month"},"content":{"rendered":"","protected":false},"excerpt":{"rendered":"<p><strong>MERK:<\/strong><br \/>\nKontakt Utstyrsansvarlig p\u00e5 epost: triatlon-utstyr@ntnui.no <strong>F\u00d8R<\/strong>\u00a0du betaler, for \u00e5 sikre at sykkelen er ledig.<br \/>\nLeieperioden g\u00e5r for \u00e9n m\u00e5ned av gangen. Intern avtale med kontrakt blir gjort via epost.<\/p>\n<p><strong>NB!<br \/>\n<\/strong>Contact Utstyrsansvarlig at: triatlon-utstyr@ntnui.no <strong>BEFORE<\/strong>\u00a0paying, to make sure the bike is available.<br \/>\nYou rent the bike for one month at a time. Rental-contract can be done via e-mail.<\/p>\n","protected":false},"featured_media":0,"comment_status":"closed","ping_status":"closed","template":"","meta":{"_coblocks_attr":"","_coblocks_dimensions":"","_coblocks_responsive_height":"","_coblocks_accordion_ie_support":"","_price":"750","_stock":"","_tribe_ticket_header":"","_tribe_default_ticket_provider":"","_tribe_ticket_capacity":"26","_ticket_start_date":"","_ticket_end_date":"","_tribe_ticket_show_description":"","_tribe_ticket_show_not_going":false,"_tribe_ticket_use_global_stock":"","_tribe_ticket_global_stock_level":"","_global_stock_mode":"","_global_stock_cap":"","_tribe_rsvp_for_event":"","_tribe_ticket_going_count":"","_tribe_ticket_not_going_count":"","_tribe_tickets_list":[],"_tribe_ticket_has_attendee_info_fields":false,"jetpack_post_was_ever_published":false,"jetpack_publicize_message":"","jetpack_publicize_feature_enabled":true,"jetpack_social_post_already_shared":true,"jetpack_social_options":{"image_generator_settings":{"template":"highway","enabled":false},"version":2}},"product_brand":[],"product_cat":[32,40],"product_tag":[],"class_list":{"0":"post-5331","1":"product","2":"type-product","3":"status-publish","5":"product_cat-ukategorisert","6":"product_cat-sykling","8":"first","9":"instock","10":"shipping-taxable","11":"purchasable","12":"product-type-simple"},"jetpack_publicize_connections":[],"jetpack_sharing_enabled":true,"_links":{"self":[{"href":"https:\/\/ntnui.no\/triatlon\/wp-json\/wp\/v2\/product\/5331","targetHints":{"allow":["GET"]}}],"collection":[{"href":"https:\/\/ntnui.no\/triatlon\/wp-json\/wp\/v2\/product"}],"about":[{"href":"https:\/\/ntnui.no\/triatlon\/wp-json\/wp\/v2\/types\/product"}],"replies":[{"embeddable":true,"href":"https:\/\/ntnui.no\/triatlon\/wp-json\/wp\/v2\/comments?post=5331"}],"wp:attachment":[{"href":"https:\/\/ntnui.no\/triatlon\/wp-json\/wp\/v2\/media?parent=5331"}],"wp:term":[{"taxonomy":"product_brand","embeddable":true,"href":"https:\/\/ntnui.no\/triatlon\/wp-json\/wp\/v2\/product_brand?post=5331"},{"taxonomy":"product_cat","embeddable":true,"href":"https:\/\/ntnui.no\/triatlon\/wp-json\/wp\/v2\/product_cat?post=5331"},{"taxonomy":"product_tag","embeddable":true,"href":"https:\/\/ntnui.no\/triatlon\/wp-json\/wp\/v2\/product_tag?post=5331"}],"curies":[{"name":"wp","href":"https:\/\/api.w.org\/{rel}","templated":true}]}}