{"id":5311,"date":"2019-12-29T12:41:45","date_gmt":"2019-12-29T11:41:45","guid":{"rendered":"https:\/\/ntnui.no\/triatlon\/?post_type=product&#038;p=5311"},"modified":"2026-03-08T19:16:51","modified_gmt":"2026-03-08T18:16:51","slug":"helarslisens-2025","status":"publish","type":"product","link":"https:\/\/ntnui.no\/triatlon\/product\/helarslisens-2025\/","title":{"rendered":"Hel\u00e5rslisens 2026"},"content":{"rendered":"","protected":false},"excerpt":{"rendered":"<p>Her finner du lenken til Minidrett hvor du kan kj\u00f8pe hel\u00e5rslisens fra Triatlonforbundet. Vi har en egen studentlisens, som koster 450 kr eller 950 kr (Utvidet) for et helt kalender\u00e5r. Denne lisensen gir deg forsikring p\u00e5 all triatlontrening (i noen tilfeller ogs\u00e5 alternativ trening).<\/p>\n<p>Om du ikke finner lisensen din etter du har logget inn, ta kontakt med triatlon-leder@ntnui.no.<\/p>\n<p>\/\/<\/p>\n<p>Here you will find the link to Minidrett where you can buy a full-year license from the Triathlon Association. We have our own student license, which costs NOK 450 or NOK 950 (Expanded) for an entire calendar year. This license gives you insurance on all triathlon training (in some cases also alternative training).<\/p>\n<p>If you do not find your license after logging in, please contact triatlon-leder@ntnui.no.<\/p>\n","protected":false},"featured_media":122,"comment_status":"closed","ping_status":"closed","template":"","meta":{"_coblocks_attr":"","_coblocks_dimensions":"","_coblocks_responsive_height":"","_coblocks_accordion_ie_support":"","_price":"450-950","_stock":"","_tribe_ticket_header":"","_tribe_default_ticket_provider":"","_tribe_ticket_capacity":"0","_ticket_start_date":"","_ticket_end_date":"","_tribe_ticket_show_description":"","_tribe_ticket_show_not_going":false,"_tribe_ticket_use_global_stock":"","_tribe_ticket_global_stock_level":"","_global_stock_mode":"","_global_stock_cap":"","_tribe_rsvp_for_event":"","_tribe_ticket_going_count":"","_tribe_ticket_not_going_count":"","_tribe_tickets_list":[],"_tribe_ticket_has_attendee_info_fields":false,"jetpack_post_was_ever_published":false,"jetpack_publicize_message":"","jetpack_publicize_feature_enabled":true,"jetpack_social_post_already_shared":true,"jetpack_social_options":{"image_generator_settings":{"template":"highway","enabled":false},"version":2}},"product_brand":[],"product_cat":[39,34,33],"product_tag":[],"class_list":{"0":"post-5311","1":"product","2":"type-product","3":"status-publish","4":"has-post-thumbnail","6":"product_cat-konkurranse","7":"product_cat-lisens","8":"product_cat-pirbadet","10":"first","11":"instock","12":"featured","13":"shipping-taxable","14":"product-type-external"},"jetpack_publicize_connections":[],"jetpack_sharing_enabled":true,"_links":{"self":[{"href":"https:\/\/ntnui.no\/triatlon\/wp-json\/wp\/v2\/product\/5311","targetHints":{"allow":["GET"]}}],"collection":[{"href":"https:\/\/ntnui.no\/triatlon\/wp-json\/wp\/v2\/product"}],"about":[{"href":"https:\/\/ntnui.no\/triatlon\/wp-json\/wp\/v2\/types\/product"}],"replies":[{"embeddable":true,"href":"https:\/\/ntnui.no\/triatlon\/wp-json\/wp\/v2\/comments?post=5311"}],"wp:featuredmedia":[{"embeddable":true,"href":"https:\/\/ntnui.no\/triatlon\/wp-json\/wp\/v2\/media\/122"}],"wp:attachment":[{"href":"https:\/\/ntnui.no\/triatlon\/wp-json\/wp\/v2\/media?parent=5311"}],"wp:term":[{"taxonomy":"product_brand","embeddable":true,"href":"https:\/\/ntnui.no\/triatlon\/wp-json\/wp\/v2\/product_brand?post=5311"},{"taxonomy":"product_cat","embeddable":true,"href":"https:\/\/ntnui.no\/triatlon\/wp-json\/wp\/v2\/product_cat?post=5311"},{"taxonomy":"product_tag","embeddable":true,"href":"https:\/\/ntnui.no\/triatlon\/wp-json\/wp\/v2\/product_tag?post=5311"}],"curies":[{"name":"wp","href":"https:\/\/api.w.org\/{rel}","templated":true}]}}