{"id":9766,"date":"2026-01-22T10:20:27","date_gmt":"2026-01-22T09:20:27","guid":{"rendered":"https:\/\/ntnui.no\/triatlon\/?page_id=9766"},"modified":"2026-01-22T15:55:43","modified_gmt":"2026-01-22T14:55:43","slug":"wall-of-fame","status":"publish","type":"page","link":"https:\/\/ntnui.no\/triatlon\/wall-of-fame\/","title":{"rendered":"Wall of fame"},"content":{"rendered":"\n<p><em>Frivilligheten er hjertet i NTNUI. Uten medlemmer som over tid gir det lille ekstra for fellesskapet, hadde ikke klubben v\u00e6rt det den er i dag. Wall of fame er v\u00e5r m\u00e5te \u00e5 hedre disse bidragene p\u00e5, og l\u00f8fte frem forbilder som bygger kultur, fellesskap og engasjement.<\/em><\/p>\n\n\n\n<div class=\"wp-block-group\"><div class=\"wp-block-group__inner-container is-layout-constrained wp-block-group-is-layout-constrained\">\n<div class=\"wp-block-columns is-layout-flex wp-container-core-columns-is-layout-2 wp-block-columns-is-layout-flex\">\n<div class=\"wp-block-column is-layout-flow wp-block-column-is-layout-flow\" style=\"flex-basis:100%\">\n<div class=\"wp-block-columns is-layout-flex wp-container-core-columns-is-layout-1 wp-block-columns-is-layout-flex\">\n<div class=\"wp-block-column is-layout-flow wp-block-column-is-layout-flow\" style=\"flex-basis:100%\">\n<div aria-label=\"Carousel Gallery\" class=\"wp-block-coblocks-gallery-carousel\"><div class=\"coblocks-gallery-carousel-swiper-container is-cropped coblocks-gallery has-no-alignment has-caption-style-dark has-horizontal-gutter has-no-thumbnails\"><div class=\"has-carousel has-carousel-lrg swiper-container has-aligned-cells has-responsive-height\" data-swiper=\"{&quot;alignCells&quot;:true,&quot;autoPlay&quot;:true,&quot;autoPlaySpeed&quot;:3000,&quot;draggable&quot;:true,&quot;freeMode&quot;:false,&quot;loop&quot;:false,&quot;navigation&quot;:true,&quot;pageDots&quot;:true,&quot;pauseHover&quot;:true,&quot;responsiveHeight&quot;:true,&quot;slidesPerView&quot;:2,&quot;thumbnails&quot;:false,&quot;uuid&quot;:&quot;12345&quot;}\" style=\"height:400px\"><div class=\"swiper-wrapper\"><div class=\"swiper-slide\"><div class=\"coblocks-gallery--item\" role=\"button\"><figure class=\"coblocks-gallery--figure has-margin-left-5 has-margin-left-mobile-5 has-margin-right-5 has-margin-right-mobile-5\"><img loading=\"lazy\" decoding=\"async\" width=\"1170\" height=\"1560\" alt=\"\" class=\"wp-image-9777\" data-id=\"9777\" data-link=\"https:\/\/ntnui.no\/triatlon\/wall-of-fame\/img_1733\/\" src=\"https:\/\/ntnui.no\/triatlon\/wp-content\/uploads\/sites\/230\/2026\/01\/IMG_1733.jpg\" \/><\/figure><figcaption class=\"coblocks-gallery--caption coblocks-gallery--primary-caption\"><\/figcaption><\/div><\/div><div class=\"swiper-slide\"><div class=\"coblocks-gallery--item\" role=\"button\"><figure class=\"coblocks-gallery--figure has-margin-left-5 has-margin-left-mobile-5 has-margin-right-5 has-margin-right-mobile-5\"><img loading=\"lazy\" decoding=\"async\" width=\"1205\" height=\"1454\" alt=\"\" class=\"wp-image-9778\" data-id=\"9778\" data-link=\"https:\/\/ntnui.no\/triatlon\/wall-of-fame\/att-vxdahk4jxot7ly976lloe1bhpyetgyoeitfdlr640lq\/\" src=\"https:\/\/ntnui.no\/triatlon\/wp-content\/uploads\/sites\/230\/2026\/01\/att.VxdaHK4jxoT7lY976lLOE1BhPyETGYOEiTFDLR640lQ.jpg\" \/><\/figure><figcaption class=\"coblocks-gallery--caption coblocks-gallery--primary-caption\"><\/figcaption><\/div><\/div><div class=\"swiper-slide\"><div class=\"coblocks-gallery--item\" role=\"button\"><figure class=\"coblocks-gallery--figure has-margin-left-5 has-margin-left-mobile-5 has-margin-right-5 has-margin-right-mobile-5\"><img loading=\"lazy\" decoding=\"async\" width=\"2048\" height=\"1365\" alt=\"\" class=\"wp-image-8773\" data-id=\"8773\" data-link=\"https:\/\/ntnui.no\/triatlon\/2025\/02\/03\/sakspapirer-til-arsmote-2025\/img_0186\/\" src=\"https:\/\/ntnui.no\/triatlon\/wp-content\/uploads\/sites\/230\/2025\/02\/IMG_0186.jpg\" \/><\/figure><figcaption class=\"coblocks-gallery--caption coblocks-gallery--primary-caption\"><\/figcaption><\/div><\/div><div class=\"swiper-slide\"><div class=\"coblocks-gallery--item\" role=\"button\"><figure class=\"coblocks-gallery--figure has-margin-left-5 has-margin-left-mobile-5 has-margin-right-5 has-margin-right-mobile-5\"><img loading=\"lazy\" decoding=\"async\" width=\"1996\" height=\"1450\" alt=\"\" class=\"wp-image-9764\" data-id=\"9764\" data-link=\"https:\/\/ntnui.no\/triatlon\/?attachment_id=9764\" src=\"https:\/\/ntnui.no\/triatlon\/wp-content\/uploads\/sites\/230\/2026\/01\/Skjermbilde-2026-01-22-kl.-10.05.30.png\" \/><\/figure><figcaption class=\"coblocks-gallery--caption coblocks-gallery--primary-caption\"><\/figcaption><\/div><\/div><div class=\"swiper-slide\"><div class=\"coblocks-gallery--item\" role=\"button\"><figure class=\"coblocks-gallery--figure has-margin-left-5 has-margin-left-mobile-5 has-margin-right-5 has-margin-right-mobile-5\"><img loading=\"lazy\" decoding=\"async\" width=\"2560\" height=\"1707\" alt=\"\" class=\"wp-image-8933\" data-id=\"8933\" data-link=\"https:\/\/ntnui.no\/triatlon\/styret\/ntnui-tri-styret\/\" src=\"https:\/\/ntnui.no\/triatlon\/wp-content\/uploads\/sites\/230\/2025\/03\/NTNUI-TRI-styret.jpg\" \/><\/figure><figcaption class=\"coblocks-gallery--caption coblocks-gallery--primary-caption\"><\/figcaption><\/div><\/div><div class=\"swiper-slide\"><div class=\"coblocks-gallery--item\" role=\"button\"><figure class=\"coblocks-gallery--figure has-margin-left-5 has-margin-left-mobile-5 has-margin-right-5 has-margin-right-mobile-5\"><img loading=\"lazy\" decoding=\"async\" width=\"1058\" height=\"766\" alt=\"\" class=\"wp-image-9780\" data-id=\"9780\" data-link=\"https:\/\/ntnui.no\/triatlon\/wall-of-fame\/screenshot\/\" src=\"https:\/\/ntnui.no\/triatlon\/wp-content\/uploads\/sites\/230\/2026\/01\/IMG_8564.jpg\" \/><\/figure><figcaption class=\"coblocks-gallery--caption coblocks-gallery--primary-caption\">Screenshot<\/figcaption><\/div><\/div><div class=\"swiper-slide\"><div class=\"coblocks-gallery--item\" role=\"button\"><figure class=\"coblocks-gallery--figure has-margin-left-5 has-margin-left-mobile-5 has-margin-right-5 has-margin-right-mobile-5\"><img loading=\"lazy\" decoding=\"async\" width=\"590\" height=\"787\" alt=\"\" class=\"wp-image-9779\" data-id=\"9779\" data-link=\"https:\/\/ntnui.no\/triatlon\/wall-of-fame\/1600e9e8-042f-4e2d-9ed8-3fe19ab378ff\/\" src=\"https:\/\/ntnui.no\/triatlon\/wp-content\/uploads\/sites\/230\/2026\/01\/1600E9E8-042F-4E2D-9ED8-3FE19AB378FF.jpg\" \/><\/figure><figcaption class=\"coblocks-gallery--caption coblocks-gallery--primary-caption\"><\/figcaption><\/div><\/div><\/div><button class=\"nav-button__prev\" id=\"12345-prev\"><\/button><button class=\"nav-button__next\" id=\"12345-next\"><\/button><\/div><div class=\"wp-block-coblocks-gallery-carousel-page-dot-pagination-container\"><div class=\"wp-block-coblocks-gallery-carousel-page-dot-wrapper\"><button aria-label=\"view image 1 of 7 in carousel\" class=\"wp-block-coblocks-gallery-carousel-page-dot-pagination\"><\/button><button aria-label=\"view image 2 of 7 in carousel\" class=\"wp-block-coblocks-gallery-carousel-page-dot-pagination\"><\/button><button aria-label=\"view image 3 of 7 in carousel\" class=\"wp-block-coblocks-gallery-carousel-page-dot-pagination\"><\/button><button aria-label=\"view image 4 of 7 in carousel\" class=\"wp-block-coblocks-gallery-carousel-page-dot-pagination\"><\/button><button aria-label=\"view image 5 of 7 in carousel\" class=\"wp-block-coblocks-gallery-carousel-page-dot-pagination\"><\/button><button aria-label=\"view image 6 of 7 in carousel\" class=\"wp-block-coblocks-gallery-carousel-page-dot-pagination\"><\/button><button aria-label=\"view image 7 of 7 in carousel\" class=\"wp-block-coblocks-gallery-carousel-page-dot-pagination\"><\/button><\/div><\/div><\/div><\/div>\n<\/div>\n<\/div>\n<\/div>\n<\/div>\n<\/div><\/div>\n\n\n\n<p class=\"has-text-align-center\"><strong>Ridder<\/strong><\/p>\n\n\n\n<p class=\"has-text-align-center\"><em>Ridder er en av de h\u00f8yeste utmerkelsene i NTNUI Triatlon &amp; Sykkel, og tildeles personer som over tid har vist en ekstraordin\u00e6r sportslig eller organisatorisk innsats for klubben. Utmerkelsen gis til medlemmer som har satt varige spor gjennom sitt engasjement, sin innsats og sitt bidrag til fellesskapet<\/em>.<\/p>\n\n\n\n<p class=\"has-text-align-center\"><strong>Andreas Wathne <\/strong><\/p>\n\n\n<div class=\"wp-block-image is-style-rounded\">\n<figure class=\"aligncenter size-full is-resized\"><img loading=\"lazy\" decoding=\"async\" width=\"828\" height=\"821\" src=\"https:\/\/ntnui.no\/triatlon\/wp-content\/uploads\/sites\/230\/2026\/01\/IMG_3155-2.jpg\" alt=\"\" class=\"wp-image-9792\" style=\"width:348px;height:auto\" \/><\/figure><\/div>\n\n\n<p class=\"has-text-align-center\"><em>Utnevnt til ridder i NTNUIs orden 2025. Andreas begynte med triatlon da han kom til Trondheim i 2019, og har siden markert seg som en av klubbens mest fremtredende ut\u00f8vere. I 2022 vant han norgescupen sammenlagt, og i 2023 tok han en imponerende 2.-plass i age group-VM i Pontevedra.<\/em><\/p>\n\n\n\n<p class=\"has-text-align-center\"><em>Parallelt med sine sportslige prestasjoner har Andreas hatt en sentral rolle i klubbens utvikling som leder for NTNUI Triatlon. Gjennom sitt engasjement og sin innsats har han v\u00e6rt med p\u00e5 \u00e5 ta klubben fra \u00e5 v\u00e6re en liten gruppe med f\u00e5 medlemmer, til \u00e5 bli en av NTNUIs st\u00f8rste og mest aktive idrettsgrupper.<\/em><\/p>\n\n\n\n<p class=\"has-text-align-center\"><strong>Andrea Haug Vanebo<\/strong><\/p>\n\n\n\n<p class=\"has-text-align-center\"><em>Utnevnt til ridder i NTNUIs orden 2024. Andrea har utmerket seg som en sv\u00e6rt engasjert ut\u00f8ver, kjent for sin enest\u00e5ende omsorg, rettferdighet og evne til \u00e5 se og inkludere andre i gruppa. Hun har v\u00e6rt medlem siden 2019, og tok tidlig p\u00e5 seg ansvar i klubben da hun gikk inn i styret som kasserer.<\/em><\/p>\n\n\n\n<p class=\"has-text-align-center\"><em>Gjennom sitt engasjement og sin innsats har Andrea v\u00e6rt en viktig bidragsyter til klubbens fellesskap og utvikling. Tusen takk for alt du har gjort for NTNUI Triatlon &amp; Sykkel, Andrea!<\/em><\/p>\n","protected":false},"excerpt":{"rendered":"<p>Frivilligheten er hjertet i NTNUI. Uten medlemmer som over tid gir det lille ekstra for fellesskapet, hadde ikke klubben v\u00e6rt det den er i dag. Wall of fame er v\u00e5r m\u00e5te \u00e5 hedre disse bidragene p\u00e5, og l\u00f8fte frem forbilder som bygger kultur, fellesskap og engasjement. Ridder Ridder er en av de h\u00f8yeste utmerkelsene i [&hellip;]<\/p>\n","protected":false},"author":670,"featured_media":0,"parent":0,"menu_order":0,"comment_status":"closed","ping_status":"closed","template":"","meta":{"_coblocks_attr":"","_coblocks_dimensions":"","_coblocks_responsive_height":"","_coblocks_accordion_ie_support":"","_price":"","_stock":"","_tribe_ticket_header":"","_tribe_default_ticket_provider":"","_tribe_ticket_capacity":"0","_ticket_start_date":"","_ticket_end_date":"","_tribe_ticket_show_description":"","_tribe_ticket_show_not_going":false,"_tribe_ticket_use_global_stock":"","_tribe_ticket_global_stock_level":"","_global_stock_mode":"","_global_stock_cap":"","_tribe_rsvp_for_event":"","_tribe_ticket_going_count":"","_tribe_ticket_not_going_count":"","_tribe_tickets_list":[],"_tribe_ticket_has_attendee_info_fields":false,"jetpack_post_was_ever_published":false,"footnotes":""},"class_list":["post-9766","page","type-page","status-publish","hentry"],"featured_image_src":null,"featured_image_src_square":null,"jetpack_sharing_enabled":true,"jetpack_shortlink":"https:\/\/wp.me\/PaEoaf-2xw","_links":{"self":[{"href":"https:\/\/ntnui.no\/triatlon\/wp-json\/wp\/v2\/pages\/9766","targetHints":{"allow":["GET"]}}],"collection":[{"href":"https:\/\/ntnui.no\/triatlon\/wp-json\/wp\/v2\/pages"}],"about":[{"href":"https:\/\/ntnui.no\/triatlon\/wp-json\/wp\/v2\/types\/page"}],"author":[{"embeddable":true,"href":"https:\/\/ntnui.no\/triatlon\/wp-json\/wp\/v2\/users\/670"}],"replies":[{"embeddable":true,"href":"https:\/\/ntnui.no\/triatlon\/wp-json\/wp\/v2\/comments?post=9766"}],"version-history":[{"count":9,"href":"https:\/\/ntnui.no\/triatlon\/wp-json\/wp\/v2\/pages\/9766\/revisions"}],"predecessor-version":[{"id":9798,"href":"https:\/\/ntnui.no\/triatlon\/wp-json\/wp\/v2\/pages\/9766\/revisions\/9798"}],"wp:attachment":[{"href":"https:\/\/ntnui.no\/triatlon\/wp-json\/wp\/v2\/media?parent=9766"}],"curies":[{"name":"wp","href":"https:\/\/api.w.org\/{rel}","templated":true}]}}