{"id":85,"date":"2019-01-20T14:06:24","date_gmt":"2019-01-20T14:06:24","guid":{"rendered":"https:\/\/ntnui.no\/triatlontest\/?page_id=85"},"modified":"2022-03-01T20:27:09","modified_gmt":"2022-03-01T19:27:09","slug":"innmelding-pirbadet","status":"publish","type":"page","link":"https:\/\/ntnui.no\/triatlon\/innmelding-pirbadet\/","title":{"rendered":"Innmelding Pirbadet"},"content":{"rendered":"\n<p>Dersom du \u00f8nsker \u00e5 sv\u00f8mme p\u00e5 Pirbadet, b\u00e5de p\u00e5 v\u00e5re fellestreninger og ellers n\u00e5r vi har tilgang, m\u00e5 du f\u00f8lge stegene under. <\/p>\n\n\n\n<p>Tilgang til Pirbadet koster 750 kr per kalender\u00e5r og gir deg mulighet til \u00e5 sv\u00f8mme mandager og tirsdager fra 21-22.30, samt onsdager og fredager fra 20.30-22.<\/p>\n\n\n\n<h2 class=\"wp-block-heading\"> <br>1 &#8211; Kj\u00f8p hel\u00e5rslisens for triatlon <\/h2>\n\n\n\n<ol class=\"wp-block-list\"><li>Logg deg inn p\u00e5&nbsp;<a href=\"https:\/\/minidrett.nif.no\/\">MinIdrett<\/a><\/li><li> Finn fakturaen som er laget til deg under lisenser. Om du ikke finner en faktura, gi oss en lyd, s\u00e5 skal vi legge deg til (triatlon-leder@ntnui.no). <\/li><li> Betal lisensen.<\/li><\/ol>\n\n\n<p><!--StartFragment--><\/p>\n\n\n<h2 class=\"wp-block-heading\">2 &#8211; Betal aktivitetsavgift<\/h2>\n\n\n\n<p><\/p>\n\n\n\n<p>I 2022 er prisen p\u00e5 aktivitetsavgiften 250kr. Denne finner dere i nettbutikken til triatlon <a rel=\"noreferrer noopener\" href=\"https:\/\/ntnui.no\/triatlon\/product\/aktivitetsavgift-pirbadet-2022\/\" target=\"_blank\"><strong>her<\/strong><\/a>.<\/p>\n\n\n\n<p>Prisen p\u00e5 tilgang i Pirbadet er satt av det sv\u00f8mmelisensen til Norges sv\u00f8mmeforbund koster (750 kr). For vi skal oppfylle dette m\u00e5 du betale en aktivitetsavgift for \u00e5 f\u00e5 tilgang til sv\u00f8mmetreningene.<\/p>\n\n\n<p><!--StartFragment--><\/p>\n\n\n<h2 class=\"wp-block-heading\">3 &#8211; Registrering for sv\u00f8mming<\/h2>\n\n\n\n<p>Fyll ut dette skjemaet slik at sv\u00f8mmegruppen kan legge deg til i Pirbadet sine lister over hvem som har tilgang. <strong>Huk av for at du har lisens via NTNUI Triatlon.<\/strong><\/p>\n\n\n\n<p>Merk at det kan g\u00e5 noen dager fra du fyller ut skjemaet til de oppdaterte listene er p\u00e5 Pirbadet. Dette f\u00e5r du beskjed om p\u00e5 e-post fra sv\u00f8mmegruppen.<\/p>\n\n\n\n<p>Meld deg inn i NTNUI Sv\u00f8mming her:<\/p>\n\n\n\n<div class=\"wp-block-button aligncenter is-style-fill\"><a class=\"wp-block-button__link\" href=\"https:\/\/org.ntnu.no\/svommer\/enrollment\" target=\"_blank\" rel=\"noreferrer noopener\">Registrering Sv\u00f8mmegruppa<\/a><\/div>\n\n\n\n<p><strong>Huk av for at du har lisens via NTNUI Triatlon.\u00a0<\/strong>Merk at det kan g\u00e5 noen dager fra du fyller ut skjemaet til de oppdaterte listene er p\u00e5 Pirbadet. Dette f\u00e5r du beskjed om p\u00e5 e-post fra sv\u00f8mmegruppen.<\/p>\n\n\n\n<p>Meld dere inn i Spond gruppen til sv\u00f8mming her: <\/p>\n\n\n\n<div class=\"wp-block-group\"><div class=\"wp-block-group__inner-container is-layout-flow wp-block-group-is-layout-flow\">\n<p><a href=\"https:\/\/group.spond.com\/HJAVO\">https:\/\/group.spond.com\/HJAVO<\/a><\/p>\n\n\n\n<div class=\"wp-block-group\"><div class=\"wp-block-group__inner-container is-layout-flow wp-block-group-is-layout-flow\">\n<h2 class=\"wp-block-heading\" id=\"Spondgruppe\"><\/h2>\n<\/div><\/div>\n<\/div><\/div>\n","protected":false},"excerpt":{"rendered":"<p>Dersom du \u00f8nsker \u00e5 sv\u00f8mme p\u00e5 Pirbadet, b\u00e5de p\u00e5 v\u00e5re fellestreninger og ellers n\u00e5r vi har tilgang, m\u00e5 du f\u00f8lge stegene under. Tilgang til Pirbadet koster 750 kr per kalender\u00e5r og gir deg mulighet til \u00e5 sv\u00f8mme mandager og tirsdager fra 21-22.30, samt onsdager og fredager fra 20.30-22. 1 &#8211; Kj\u00f8p hel\u00e5rslisens for triatlon Logg [&hellip;]<\/p>\n","protected":false},"author":54,"featured_media":0,"parent":0,"menu_order":0,"comment_status":"closed","ping_status":"closed","template":"","meta":{"_coblocks_attr":"","_coblocks_dimensions":"","_coblocks_responsive_height":"","_coblocks_accordion_ie_support":"","_price":"","_stock":"","_tribe_ticket_header":"","_tribe_default_ticket_provider":"","_tribe_ticket_capacity":"0","_ticket_start_date":"","_ticket_end_date":"","_tribe_ticket_show_description":"","_tribe_ticket_show_not_going":false,"_tribe_ticket_use_global_stock":"","_tribe_ticket_global_stock_level":"","_global_stock_mode":"","_global_stock_cap":"","_tribe_rsvp_for_event":"","_tribe_ticket_going_count":"","_tribe_ticket_not_going_count":"","_tribe_tickets_list":[],"_tribe_ticket_has_attendee_info_fields":false,"jetpack_post_was_ever_published":false,"footnotes":""},"class_list":["post-85","page","type-page","status-publish","hentry"],"featured_image_src":null,"featured_image_src_square":null,"jetpack_sharing_enabled":true,"jetpack_shortlink":"https:\/\/wp.me\/PaEoaf-1n","_links":{"self":[{"href":"https:\/\/ntnui.no\/triatlon\/wp-json\/wp\/v2\/pages\/85","targetHints":{"allow":["GET"]}}],"collection":[{"href":"https:\/\/ntnui.no\/triatlon\/wp-json\/wp\/v2\/pages"}],"about":[{"href":"https:\/\/ntnui.no\/triatlon\/wp-json\/wp\/v2\/types\/page"}],"author":[{"embeddable":true,"href":"https:\/\/ntnui.no\/triatlon\/wp-json\/wp\/v2\/users\/54"}],"replies":[{"embeddable":true,"href":"https:\/\/ntnui.no\/triatlon\/wp-json\/wp\/v2\/comments?post=85"}],"version-history":[{"count":17,"href":"https:\/\/ntnui.no\/triatlon\/wp-json\/wp\/v2\/pages\/85\/revisions"}],"predecessor-version":[{"id":6536,"href":"https:\/\/ntnui.no\/triatlon\/wp-json\/wp\/v2\/pages\/85\/revisions\/6536"}],"wp:attachment":[{"href":"https:\/\/ntnui.no\/triatlon\/wp-json\/wp\/v2\/media?parent=85"}],"curies":[{"name":"wp","href":"https:\/\/api.w.org\/{rel}","templated":true}]}}