{"id":84,"date":"2019-01-20T14:18:02","date_gmt":"2019-01-20T14:18:02","guid":{"rendered":"https:\/\/ntnui.no\/triatlontest\/?page_id=84"},"modified":"2026-03-17T11:10:33","modified_gmt":"2026-03-17T10:10:33","slug":"blimedlem","status":"publish","type":"page","link":"https:\/\/ntnui.no\/triatlon\/blimedlem\/","title":{"rendered":"Bli medlem"},"content":{"rendered":"\n<p>Her kan du bli medlem i NTNUI Triatlon med bare noen f\u00e5 klikk!<\/p>\n\n\n\n<h2 class=\"wp-block-heading\">Innmelding NTNUI<\/h2>\n\n\n\n<ul class=\"wp-block-list is-style-checkbox\">\n<li>Du m\u00e5 v\u00e6re <a href=\"https:\/\/ntnui.no\/blimedlem\/\">medlem i NTNUI<\/a> for \u00e5 bli medlem i triatlongruppen.<\/li>\n<\/ul>\n\n\n\n<div class=\"wp-block-button alignleft\"><a class=\"wp-block-button__link wp-element-button\" href=\"https:\/\/ntnui.no\/blimedlem\/\">Innmelding NTNUI<\/a><\/div>\n\n\n\n<p><\/p>\n\n\n\n<p><\/p>\n\n\n\n<h2 class=\"wp-block-heading\">Innmelding NTNUI Triatlon<\/h2>\n\n\n\n<ul class=\"wp-block-list is-style-checkbox\">\n<li>N\u00e5r du er medlem i NTNUI kan du gj\u00f8re f\u00f8lgende<\/li>\n\n\n\n<li>G\u00e5 til<a href=\"https:\/\/medlem.ntnui.no\/groups\/triatlon\/\" data-type=\"URL\" data-id=\"https:\/\/medlem.ntnui.no\/groups\/triatlon\/\"> https:\/\/medlem.ntnui.no\/groups\/triatlon\/<\/a><\/li>\n\n\n\n<li>Meld dere inn i triatlongruppa <\/li>\n\n\n\n<li>Dersom du \u00f8nsker \u00e5 delta p\u00e5 felles\u00f8kter, m\u00e5 du betale treningsavgift p\u00e5 100 kr. Denne finner du i<span style=\"text-decoration: underline\"> <a href=\"https:\/\/ntnui.no\/triatlon\/butikk\/\">nettbutikken<\/a><\/span> v\u00e5r.  Den f\u00f8rste m\u00e5ned etter studiestart er en pr\u00f8veperiode for nye studenter, hvor de kan delta gratis p\u00e5 treningene. <\/li>\n\n\n\n<li>Etter at denne er kj\u00f8pt og vi har godkjent foresp\u00f8rselen i medlemssystemet, er du medlem!<\/li>\n<\/ul>\n\n\n\n<h2 class=\"wp-block-heading\"><strong>Bli medlem i <\/strong>gruppen p\u00e5 Spond<\/h2>\n\n\n\n<ol class=\"wp-block-list\">\n<li>Last ned &#8220;Spond&#8221; der du laster ned dine apper p\u00e5 telefonen.<\/li>\n\n\n\n<li>Opprett bruker<\/li>\n\n\n\n<li>Klikk p\u00e5 knappen nedenfor:<\/li>\n<\/ol>\n\n\n\n<div class=\"wp-block-buttons is-content-justification-center is-layout-flex wp-container-core-buttons-is-layout-1 wp-block-buttons-is-layout-flex\">\n<div class=\"wp-block-button\"><a class=\"wp-block-button__link wp-element-button\" href=\"https:\/\/group.spond.com\/GLQMI\">Bli medlem i NTNUI Triatlon p\u00e5 Spond<\/a><\/div>\n<\/div>\n\n\n\n<h2 class=\"wp-block-heading\">Slack<\/h2>\n\n\n\n<p>Slack brukes som medium for \u00e5 invitere til \u00f8kt utenom fellestreninger, eller bare sp\u00f8rre sp\u00f8rsm\u00e5l dersom man lurer p\u00e5 noe. Meld deg inn og ta del i fellesskapet &lt;3<\/p>\n\n\n\n<p>Hvordan bli med og lage bruker:<\/p>\n\n\n\n<ol class=\"wp-block-list\">\n<li>G\u00e5 inn p\u00e5 linken og f\u00f8lg instruksjonene: <a href=\"https:\/\/join.slack.com\/t\/ntnuitritreningssnakk\/shared_invite\/zt-3sxa5ukg0-L9veIDsFEMLrfAjpskmAcQ\">https:\/\/join.slack.com\/t\/ntnuitritreningssnakk\/shared_invite\/zt-3sxa5ukg0-L9veIDsFEMLrfAjpskmAcQ<\/a><\/li>\n\n\n\n<li>Legg til profilbilde<\/li>\n\n\n\n<li>Skru p\u00e5 varsler<\/li>\n\n\n\n<li>Last ned app p\u00e5 b\u00e5de PC og telefon<\/li>\n\n\n\n<li>Meld deg inn i kanalene du vil (sv\u00f8m, sykling, l\u00f8p, random). Du vil ikke motta meldinger som legges ut i kanalene du ikke melder deg inn i. Meld deg inn ved \u00e5 trykke p\u00e5 \u201cAdd channel\u201d (evt. deretter \u201cBrowse channels\u201d), finn kanalen du \u00f8nsker bli med i og klikk deretter \u201cJoin\u201d eller \u201cJoin channel\u201d<\/li>\n<\/ol>\n\n\n\n<h2 class=\"wp-block-heading\">Inngang p\u00e5 Pirbadet<\/h2>\n\n\n\n<p>Vi sv\u00f8mmer p\u00e5 Pirbadet hele \u00e5ret, og det er flere m\u00e5ter \u00e5 f\u00e5 tilgang p\u00e5 Pirbadet. Alle med forskjellige tider og priser. Vi anbefaler \u00e9n eller flere av f\u00f8lgende:<\/p>\n\n\n\n<h4 class=\"wp-block-heading\">Morgensv\u00f8m med NTNUI Triatlon<\/h4>\n\n\n\n<p><strong>N\u00e5r<\/strong>: Tirsdag (06:00-08:00), Torsdag (06:00-08:00)og s\u00f8ndag (09.00:10.00, inngang fra 08.45)<br><strong>Pris tirsdag, torsdag og s\u00f8ndag: <\/strong>Krever NTNUI-Triatlon medlemskap, medlem.ntnui.no<\/p>\n\n\n\n<p><strong>Kommentar<\/strong>: Inngangsbillett finner du i \u00f8kten p\u00e5 Spond.<\/p>\n\n\n\n<h4 class=\"wp-block-heading\">NTNUI Sv\u00f8mming<\/h4>\n\n\n\n<p><strong>N\u00e5r<\/strong>: Mandag og tirsdag (21.00 &#8211; 22.30) + onsdag og fredag (20.30 &#8211; 22.00)<br>Kreves medlemskap i sv\u00f8mmegruppa.<\/p>\n\n\n\n<div class=\"wp-block-button aligncenter\"><a class=\"wp-block-button__link wp-element-button\" href=\"https:\/\/ntnui.no\/triatlon\/innmelding-pirbadet\/\">Innmelding Pirbadet NTNUI<\/a><\/div>\n\n\n\n<h4 class=\"wp-block-heading\">M\u00e5nedskort hos Pirbadet<\/h4>\n\n\n\n<p>Pirbadet har diverse m\u00e5neds- og periodekort som gir deg tilgang til Pirbadet i hele \u00e5pningstiden. Du kan finne en oversikt over priser og tider p\u00e5 <a href=\"https:\/\/www.pirbadet.no\/priser\/\">hjemmesiden til Pirbadet<\/a>.<\/p>\n\n\n\n<h2 class=\"wp-block-heading\">Bli medlem i triatlongruppen p\u00e5 minidrett (for konkurranse)<\/h2>\n\n\n\n<ul class=\"wp-block-list\">\n<li>G\u00e5 til  <a href=\"https:\/\/mi.nif.no\/\">https:\/\/mi.nif.no\/<\/a> <\/li>\n\n\n\n<li>Logg inn med brukeren din (om du ikke har bruker m\u00e5 du lage en).<\/li>\n\n\n\n<li>Klikk p\u00e5 &#8220;Medlemskap&#8221; og klikk p\u00e5 klubben &#8220;NTNUI&#8221; i den gr\u00e5 boksen.<\/li>\n\n\n\n<li>Huk av &#8220;Triatlon&#8221; i menyen som kommer til syne og klikk &#8220;Send s\u00f8knad&#8221;.<\/li>\n\n\n\n<li>Du f\u00e5r en e-post n\u00e5r medlemskapet er bekreftet og hel\u00e5rslisensen er gjort tilgjengelig for kj\u00f8p.<\/li>\n<\/ul>\n\n\n\n<h2 class=\"wp-block-heading\">Treningsavgift<\/h2>\n\n\n\n<p>For \u00e5 f\u00e5 tilgang til alle treningene p\u00e5 Spond m\u00e5 man betale en treningsavgift p\u00e5 100 kr for hvert semester (Unntaket er morgenjogg mandager). Ukene f\u00f8r fristen er treningene \u00e5pne for alle, men det er fortsatt mulighet for \u00e5 kj\u00f8pe medlemskap etter fristen for betaling har g\u00e5tt ut.<\/p>\n\n\n\n<p><strong>Frist for betaling<\/strong><\/p>\n\n\n\n<ul class=\"wp-block-list\">\n<li>V\u00e5rsemester 01.03.26<\/li>\n\n\n\n<li>H\u00f8stsemester 01.10.26<\/li>\n<\/ul>\n\n\n\n<p><strong>Er du usikker p\u00e5 om triatlon er noe for deg og har kun lyst \u00e5 pr\u00f8ve?<\/strong><\/p>\n\n\n\n<p>Ingen problem! Vi tilbyr en gratis pr\u00f8veperiode slik at du f\u00e5r mulighet til \u00e5 teste hele treningstilbudet v\u00e5rt f\u00f8r du bestemmer deg.<\/p>\n\n\n\n<h2 class=\"wp-block-heading\">Diverse<\/h2>\n\n\n\n<div class=\"wp-block-columns has-2-columns is-layout-flex wp-container-core-columns-is-layout-3 wp-block-columns-is-layout-flex\">\n<div class=\"wp-block-column is-layout-flow wp-block-column-is-layout-flow\">\n<div class=\"wp-block-columns has-2-columns is-layout-flex wp-container-core-columns-is-layout-1 wp-block-columns-is-layout-flex\">\n<div class=\"wp-block-column is-layout-flow wp-block-column-is-layout-flow\">\n<div class=\"wp-block-button aligncenter\"><a class=\"wp-block-button__link wp-element-button\" href=\"https:\/\/www.tiktok.com\/@ntnui_tri?_t=8kBWySKRk6C&amp;_r=1&amp;fbclid=IwAR3ZcZiTY50YQuZwATsT0_C5KF5BFxV3MDZ6sdfGH2OiUvxJYVlhKtVbRXkc\">Tiktok<\/a><\/div>\n<\/div>\n\n\n\n<div class=\"wp-block-column is-layout-flow wp-block-column-is-layout-flow\">\n<div class=\"wp-block-button aligncenter\"><a class=\"wp-block-button__link wp-element-button\" href=\"https:\/\/www.strava.com\/clubs\/ntnui-triatlon\">Strava<\/a><\/div>\n<\/div>\n<\/div>\n<\/div>\n\n\n\n<div class=\"wp-block-column is-layout-flow wp-block-column-is-layout-flow\">\n<div class=\"wp-block-columns has-2-columns is-layout-flex wp-container-core-columns-is-layout-2 wp-block-columns-is-layout-flex\">\n<div class=\"wp-block-column is-layout-flow wp-block-column-is-layout-flow\">\n<div class=\"wp-block-button aligncenter\"><a class=\"wp-block-button__link wp-element-button\" href=\"https:\/\/www.instagram.com\/ntnui_triatlon\/\">Instagram<\/a><\/div>\n\n\n\n<p><\/p>\n<\/div>\n\n\n\n<div class=\"wp-block-column is-layout-flow wp-block-column-is-layout-flow\">\n<div class=\"wp-block-button aligncenter\"><a class=\"wp-block-button__link wp-element-button\" href=\"https:\/\/www.facebook.com\/NTNUItri\">Facebook<\/a><\/div>\n<\/div>\n<\/div>\n<\/div>\n<\/div>\n\n\n","protected":false},"excerpt":{"rendered":"<p>Her kan du bli medlem i NTNUI Triatlon med bare noen f\u00e5 klikk! Innmelding NTNUI Innmelding NTNUI Triatlon Bli medlem i gruppen p\u00e5 Spond Slack Slack brukes som medium for \u00e5 invitere til \u00f8kt utenom fellestreninger, eller bare sp\u00f8rre sp\u00f8rsm\u00e5l dersom man lurer p\u00e5 noe. Meld deg inn og ta del i fellesskapet &lt;3 Hvordan [&hellip;]<\/p>\n","protected":false},"author":54,"featured_media":0,"parent":0,"menu_order":0,"comment_status":"closed","ping_status":"closed","template":"","meta":{"_coblocks_attr":"","_coblocks_dimensions":"","_coblocks_responsive_height":"","_coblocks_accordion_ie_support":"","_price":"","_stock":"","_tribe_ticket_header":"","_tribe_default_ticket_provider":"","_tribe_ticket_capacity":"0","_ticket_start_date":"","_ticket_end_date":"","_tribe_ticket_show_description":"","_tribe_ticket_show_not_going":false,"_tribe_ticket_use_global_stock":"","_tribe_ticket_global_stock_level":"","_global_stock_mode":"","_global_stock_cap":"","_tribe_rsvp_for_event":"","_tribe_ticket_going_count":"","_tribe_ticket_not_going_count":"","_tribe_tickets_list":[],"_tribe_ticket_has_attendee_info_fields":false,"jetpack_post_was_ever_published":false,"footnotes":""},"class_list":["post-84","page","type-page","status-publish","hentry"],"featured_image_src":null,"featured_image_src_square":null,"jetpack_sharing_enabled":true,"jetpack_shortlink":"https:\/\/wp.me\/PaEoaf-1m","_links":{"self":[{"href":"https:\/\/ntnui.no\/triatlon\/wp-json\/wp\/v2\/pages\/84","targetHints":{"allow":["GET"]}}],"collection":[{"href":"https:\/\/ntnui.no\/triatlon\/wp-json\/wp\/v2\/pages"}],"about":[{"href":"https:\/\/ntnui.no\/triatlon\/wp-json\/wp\/v2\/types\/page"}],"author":[{"embeddable":true,"href":"https:\/\/ntnui.no\/triatlon\/wp-json\/wp\/v2\/users\/54"}],"replies":[{"embeddable":true,"href":"https:\/\/ntnui.no\/triatlon\/wp-json\/wp\/v2\/comments?post=84"}],"version-history":[{"count":35,"href":"https:\/\/ntnui.no\/triatlon\/wp-json\/wp\/v2\/pages\/84\/revisions"}],"predecessor-version":[{"id":9989,"href":"https:\/\/ntnui.no\/triatlon\/wp-json\/wp\/v2\/pages\/84\/revisions\/9989"}],"wp:attachment":[{"href":"https:\/\/ntnui.no\/triatlon\/wp-json\/wp\/v2\/media?parent=84"}],"curies":[{"name":"wp","href":"https:\/\/api.w.org\/{rel}","templated":true}]}}