{"id":6324,"date":"2022-02-10T17:37:50","date_gmt":"2022-02-10T16:37:50","guid":{"rendered":"https:\/\/ntnui.no\/triatlon\/?page_id=6324"},"modified":"2026-04-14T16:25:05","modified_gmt":"2026-04-14T14:25:05","slug":"tidsskjema-snm-2","status":"publish","type":"page","link":"https:\/\/ntnui.no\/triatlon\/tidsskjema-snm-2\/","title":{"rendered":"Tidsskjema SNM"},"content":{"rendered":"\n<h3 class=\"wp-block-heading\" id=\"block-a9017c86-1b58-4c68-b2c2-7c82823161af\">MERK! : Endringer i tidsskjema kan forekomme Info blir sendt ut til deltakere<\/h3>\n\n\n\n<p><br><strong>Fredag &#8211; Race brief (17.04.2026)<\/strong><\/p>\n\n\n\n<figure class=\"wp-block-table\"><table><tbody><tr><td><strong>Tidspunkt<\/strong><\/td><td><strong>Hva<\/strong><\/td><\/tr><tr><td>17:15<\/td><td>Akkreditering og startnummerutdeling. <br>Husk bevis for at du er medlem av et<br><strong>registrert studentidrettslag<\/strong> ved deltagelse p\u00e5 SNM.<\/td><\/tr><tr><td>18:00<\/td><td><strong>Obligatorisk Race brief.<\/strong><br>Sted: EL5 Gamle Elektro, Gl\u00f8shaugen<br><\/td><\/tr><\/tbody><\/table><\/figure>\n\n\n\n<h2 class=\"wp-block-heading\" id=\"block-ef1b4b91-4f5a-4f9c-ada3-01e90585431f\">L\u00f8rdag (18.04.2026)<\/h2>\n\n\n\n<p>OBS! Her kan det bli endringer grunnet h\u00f8yt antall p\u00e5meldte.<\/p>\n\n\n\n<h3 class=\"wp-block-heading\" id=\"block-faa6033c-8a72-4b89-8777-d7ce0f631533\">Sv\u00f8mming &#8211; Pirbadet<\/h3>\n\n\n\n<figure class=\"wp-block-table\"><table><tbody><tr><td><strong>Tidspunkt:<\/strong><\/td><td><strong>Hva<\/strong><\/td><\/tr><tr><td>07:00<\/td><td>Innsjekk \u00e5pner for ut\u00f8verne utenfor Pirbadet. D\u00f8rene \u00e5pner til Pirbadet.<br><\/td><\/tr><tr><td>07:15<\/td><td>Siste frist for innsjekk av ut\u00f8vere. Oppvarming i langbaner og<br>kort bane 3 og 4 p\u00e5 dyp side.<\/td><\/tr><tr><td>07:20<\/td><td>Pulje 1-1 og 1-2 gj\u00f8r seg klar<\/td><\/tr><tr><td>07:25<\/td><td>Fellesstart pulje 1-1 og 1-2.<\/td><\/tr><tr><td>09:45<\/td><td>Seneste sv\u00f8mmeslutt. Ut\u00f8vere g\u00e5r til garderobene, skifter og gj\u00f8r seg klare til sykkeltransit.<\/td><\/tr><tr><td>09:45<\/td><td>Felles sykkeltransit fra Pirbadet til Ilsvika. Man kan ogs\u00e5 dra til<br>Ilsvika f\u00f8r dette.<\/td><\/tr><\/tbody><\/table><\/figure>\n\n\n\n<h3 class=\"wp-block-heading\" id=\"block-6490fba7-9e15-4234-b3c6-23a09f3906fe\">Sykkel og l\u00f8p &#8211; Ilsvika<\/h3>\n\n\n\n<figure class=\"wp-block-table\"><table><tbody><tr><td><strong>Tidspunkt<\/strong><\/td><td><strong>Hva<\/strong><\/td><\/tr><tr><td>10:15<\/td><td>Forventet (seneste) ankomst i Ilsvika.<br><strong>Ha hjelm festet p\u00e5 hodet og vis at bremsene p\u00e5 sykkelen fungerer. <\/strong><\/td><\/tr><tr><td>10:30<\/td><td>Alle ut\u00f8vere skal v\u00e6re klare i startomr\u00e5det. <br><br><strong>Skiftesone Stenger.<\/strong><br><br><strong>Kort felles repetisjon.<\/strong><\/td><\/tr><tr><td>10:45<\/td><td>Jaktstart sykkel.<\/td><\/tr><tr><td>11:35<\/td><td>Estimert f\u00f8rste ut\u00f8ver i m\u00e5l.<\/td><\/tr><tr><td>12:30<\/td><td>Fellesbilde.<\/td><\/tr><tr><td>12:30<\/td><td>Start premieutdeling.<\/td><\/tr><\/tbody><\/table><\/figure>\n\n\n\n<h2 class=\"wp-block-heading\" id=\"block-2adf6d2a-7b7d-4752-9af7-36b3c449e594\">Bankett <\/h2>\n\n\n\n<figure class=\"wp-block-table\"><table><tbody><tr><td><strong>Tidspunkt<\/strong><\/td><td><strong>Hva<\/strong><\/td><\/tr><tr><td>18:15<\/td><td>D\u00f8rene \u00e5pner.<br>Sted: Singsaker Studenterhjem<\/td><\/tr><tr><td>18:30-19:00<\/td><td>Start Bankett.<br><strong>Kleskode: pent antrekk eller pyntet. <\/strong><\/td><\/tr><\/tbody><\/table><\/figure>\n","protected":false},"excerpt":{"rendered":"<p>MERK! : Endringer i tidsskjema kan forekomme Info blir sendt ut til deltakere Fredag &#8211; Race brief (17.04.2026) Tidspunkt Hva 17:15 Akkreditering og startnummerutdeling. Husk bevis for at du er medlem av etregistrert studentidrettslag ved deltagelse p\u00e5 SNM. 18:00 Obligatorisk Race brief.Sted: EL5 Gamle Elektro, Gl\u00f8shaugen L\u00f8rdag (18.04.2026) OBS! Her kan det bli endringer grunnet [&hellip;]<\/p>\n","protected":false},"author":299,"featured_media":0,"parent":0,"menu_order":0,"comment_status":"closed","ping_status":"closed","template":"","meta":{"_coblocks_attr":"","_coblocks_dimensions":"","_coblocks_responsive_height":"","_coblocks_accordion_ie_support":"","_price":"","_stock":"","_tribe_ticket_header":"","_tribe_default_ticket_provider":"","_tribe_ticket_capacity":"0","_ticket_start_date":"","_ticket_end_date":"","_tribe_ticket_show_description":"","_tribe_ticket_show_not_going":false,"_tribe_ticket_use_global_stock":"","_tribe_ticket_global_stock_level":"","_global_stock_mode":"","_global_stock_cap":"","_tribe_rsvp_for_event":"","_tribe_ticket_going_count":"","_tribe_ticket_not_going_count":"","_tribe_tickets_list":[],"_tribe_ticket_has_attendee_info_fields":false,"jetpack_post_was_ever_published":false,"footnotes":""},"class_list":["post-6324","page","type-page","status-publish","hentry"],"featured_image_src":null,"featured_image_src_square":null,"jetpack_sharing_enabled":true,"jetpack_shortlink":"https:\/\/wp.me\/PaEoaf-1E0","_links":{"self":[{"href":"https:\/\/ntnui.no\/triatlon\/wp-json\/wp\/v2\/pages\/6324","targetHints":{"allow":["GET"]}}],"collection":[{"href":"https:\/\/ntnui.no\/triatlon\/wp-json\/wp\/v2\/pages"}],"about":[{"href":"https:\/\/ntnui.no\/triatlon\/wp-json\/wp\/v2\/types\/page"}],"author":[{"embeddable":true,"href":"https:\/\/ntnui.no\/triatlon\/wp-json\/wp\/v2\/users\/299"}],"replies":[{"embeddable":true,"href":"https:\/\/ntnui.no\/triatlon\/wp-json\/wp\/v2\/comments?post=6324"}],"version-history":[{"count":11,"href":"https:\/\/ntnui.no\/triatlon\/wp-json\/wp\/v2\/pages\/6324\/revisions"}],"predecessor-version":[{"id":10040,"href":"https:\/\/ntnui.no\/triatlon\/wp-json\/wp\/v2\/pages\/6324\/revisions\/10040"}],"wp:attachment":[{"href":"https:\/\/ntnui.no\/triatlon\/wp-json\/wp\/v2\/media?parent=6324"}],"curies":[{"name":"wp","href":"https:\/\/api.w.org\/{rel}","templated":true}]}}