{"id":5365,"date":"2020-01-26T20:07:36","date_gmt":"2020-01-26T19:07:36","guid":{"rendered":"https:\/\/ntnui.no\/triatlon\/?page_id=5365"},"modified":"2020-08-17T18:42:45","modified_gmt":"2020-08-17T16:42:45","slug":"utstyrsliste","status":"publish","type":"page","link":"https:\/\/ntnui.no\/triatlon\/utstyrsliste\/","title":{"rendered":"Utstyrsliste"},"content":{"rendered":"\n<p>Her finner du en anbefalt utstyrsliste. Dette er ikke reklame, men kun anbefalinger og det er fult mulig \u00e5 bruke annet utstyr. Du finner det meste under klubbekledning i nettbutikken v\u00e5r: <a href=\"https:\/\/ntnui.no\/triatlon\/butikk\/\">https:\/\/ntnui.no\/triatlon\/butikk\/<\/a>. Ellers finnes mye sv\u00f8mmeutstyr p\u00e5 <a href=\"https:\/\/fastswim.no\/\">https:\/\/fastswim.no\/<\/a> eller <a href=\"https:\/\/www.klubben.no\/sv%C3%B8mming\">https:\/\/www.klubben.no\/sv%C3%B8mming<\/a>. <\/p>\n\n\n\n<h4 class=\"wp-block-heading\">Sv\u00f8mming<\/h4>\n\n\n\n<ul class=\"wp-block-list\"><li>Badedrakt\/badebukse<ul><li>Anbefaler en som sitter tett, da store badeshortser sinker deg i vannet og det blir tyngre \u00e5 sv\u00f8mme. <\/li><\/ul><\/li><li>Sv\u00f8mmebriller<\/li><li>Badehette<ul><li>Du kan f\u00e5 kj\u00f8pt badehette i nettbutikken v\u00e5r.<\/li><\/ul><\/li><li>V\u00e5tdrakt (kun til utend\u00f8rs sv\u00f8mming)<\/li><\/ul>\n\n\n\n<h4 class=\"wp-block-heading\">L\u00f8ping<\/h4>\n\n\n\n<ul class=\"wp-block-list\"><li>Joggesko<\/li><li>Vanlig trenings t\u00f8y<\/li><\/ul>\n\n\n\n<h4 class=\"wp-block-heading\">Sykkel<\/h4>\n\n\n\n<ul class=\"wp-block-list\"><li>Det er ikke et krav, men anbefales p\u00e5 det sterkeste \u00e5 bruke landeveissykkel p\u00e5 sykkeltreningene som foreg\u00e5r ute. Dersom du ikke har sykkel er det fult mulig \u00e5 l\u00e5ne. Da kan du enten sp\u00f8rre i medlemsgruppen p\u00e5 Facebook eller leie i nettbutikken v\u00e5r: <a href=\"https:\/\/ntnui.no\/triatlon\/product\/leie-av-landeveissykkel\/\">https:\/\/ntnui.no\/triatlon\/product\/leie-av-landeveissykkel\/<\/a><\/li><li>Hjelm er et krav p\u00e5 utetrening<\/li><li>Sykkelshorts, da det blir vondt \u00e5 sitte lenge p\u00e5 sykkelsetet. Denne anbefales \u00e5 bruke b\u00e5de p\u00e5 spinning inne og sykling ute. Kan f\u00e5es kj\u00f8pt i nettbutikken eller i en sportsbutikk. <\/li><\/ul>\n","protected":false},"excerpt":{"rendered":"<p>Her finner du en anbefalt utstyrsliste. Dette er ikke reklame, men kun anbefalinger og det er fult mulig \u00e5 bruke annet utstyr. Du finner det meste under klubbekledning i nettbutikken v\u00e5r: https:\/\/ntnui.no\/triatlon\/butikk\/. Ellers finnes mye sv\u00f8mmeutstyr p\u00e5 https:\/\/fastswim.no\/ eller https:\/\/www.klubben.no\/sv%C3%B8mming. Sv\u00f8mming Badedrakt\/badebukse Anbefaler en som sitter tett, da store badeshortser sinker deg i vannet og [&hellip;]<\/p>\n","protected":false},"author":124,"featured_media":37,"parent":0,"menu_order":0,"comment_status":"closed","ping_status":"closed","template":"","meta":{"_coblocks_attr":"","_coblocks_dimensions":"","_coblocks_responsive_height":"","_coblocks_accordion_ie_support":"","_price":"","_stock":"","_tribe_ticket_header":"","_tribe_default_ticket_provider":"","_tribe_ticket_capacity":"0","_ticket_start_date":"","_ticket_end_date":"","_tribe_ticket_show_description":"","_tribe_ticket_show_not_going":false,"_tribe_ticket_use_global_stock":"","_tribe_ticket_global_stock_level":"","_global_stock_mode":"","_global_stock_cap":"","_tribe_rsvp_for_event":"","_tribe_ticket_going_count":"","_tribe_ticket_not_going_count":"","_tribe_tickets_list":[],"_tribe_ticket_has_attendee_info_fields":false,"jetpack_post_was_ever_published":false,"footnotes":""},"class_list":["post-5365","page","type-page","status-publish","has-post-thumbnail","hentry"],"featured_image_src":"https:\/\/ntnui.no\/triatlon\/wp-content\/uploads\/sites\/230\/2019\/01\/ntnui-logo-liten.png","featured_image_src_square":"https:\/\/ntnui.no\/triatlon\/wp-content\/uploads\/sites\/230\/2019\/01\/ntnui-logo-liten.png","jetpack_sharing_enabled":true,"jetpack_shortlink":"https:\/\/wp.me\/PaEoaf-1ox","_links":{"self":[{"href":"https:\/\/ntnui.no\/triatlon\/wp-json\/wp\/v2\/pages\/5365","targetHints":{"allow":["GET"]}}],"collection":[{"href":"https:\/\/ntnui.no\/triatlon\/wp-json\/wp\/v2\/pages"}],"about":[{"href":"https:\/\/ntnui.no\/triatlon\/wp-json\/wp\/v2\/types\/page"}],"author":[{"embeddable":true,"href":"https:\/\/ntnui.no\/triatlon\/wp-json\/wp\/v2\/users\/124"}],"replies":[{"embeddable":true,"href":"https:\/\/ntnui.no\/triatlon\/wp-json\/wp\/v2\/comments?post=5365"}],"version-history":[{"count":3,"href":"https:\/\/ntnui.no\/triatlon\/wp-json\/wp\/v2\/pages\/5365\/revisions"}],"predecessor-version":[{"id":5670,"href":"https:\/\/ntnui.no\/triatlon\/wp-json\/wp\/v2\/pages\/5365\/revisions\/5670"}],"wp:featuredmedia":[{"embeddable":true,"href":"https:\/\/ntnui.no\/triatlon\/wp-json\/wp\/v2\/media\/37"}],"wp:attachment":[{"href":"https:\/\/ntnui.no\/triatlon\/wp-json\/wp\/v2\/media?parent=5365"}],"curies":[{"name":"wp","href":"https:\/\/api.w.org\/{rel}","templated":true}]}}