{"id":5284,"date":"2019-10-07T20:17:59","date_gmt":"2019-10-07T18:17:59","guid":{"rendered":"https:\/\/ntnui.no\/triatlon\/?page_id=5284"},"modified":"2023-10-07T14:49:45","modified_gmt":"2023-10-07T12:49:45","slug":"ntnui-triatlons-hederspriser","status":"publish","type":"page","link":"https:\/\/ntnui.no\/triatlon\/ntnui-triatlons-hederspriser\/","title":{"rendered":"NTNUI Triatlons Hederspriser"},"content":{"rendered":"\n<p><em><strong>NTNUI Triatlon deler ut hederspriser hvert \u00e5r, for \u00e5 gi en ekstra oppmerksomhet til de personene som har utmerket seg litt ekstra i gruppen. Her kan alle bli nominert, om du er en gammel ringrev eller en fersk en<\/strong><\/em>!<\/p>\n\n\n\n<figure class=\"wp-block-image size-large\"><img loading=\"lazy\" decoding=\"async\" width=\"784\" height=\"421\" src=\"https:\/\/ntnui.no\/triatlon\/wp-content\/uploads\/sites\/230\/2022\/11\/Skjermbilde.png\" alt=\"\" class=\"wp-image-6986\" \/><\/figure>\n\n\n\n<p>Det presteres p\u00e5 h\u00f8yt niv\u00e5 i b\u00e5de nasjonale og internasjonale konkurranser, i tillegg til at mange medlemmer bidrar med uvurderlig dugnadsinnsats. Hedersprisene er gruppens m\u00e5te \u00e5 gi honn\u00f8r til medlemmer som bidrar p\u00e5 en eksepsjonelt bra m\u00e5te.&nbsp;<br>Vurderingsperioden er fra sesongavslutning til sesongavslutning. I praksis betyr dette at bare prestasjoner fra fjor\u00e5rets sesongslutt til \u00e5rets sesongslutt er med i vurderingen n\u00e5r juryen velger ut vinnerene i de forskjellige kategoriene.<br><br>Alle medlemmer i NTNUI Triatlon st\u00e5r fritt til \u00e5 nominere medlemmer av NTNUI Triatlon til alle prisene. Det er ikke krav om at man har konkurrert for NTNUI, s\u00e5 lenge man har v\u00e6rt et aktivt medlem av triatlongruppa, f. eks. ved \u00e5 m\u00f8te opp p\u00e5 fellestreninger, utf\u00f8re dugnadsarbeid og lignende. Juryen som tildeler prisene best\u00e5r av NTNUI Triatlons styre.&nbsp;<br> <\/p>\n\n\n\n<div class=\"wp-block-button aligncenter has-custom-size\" style=\"font-size:27px\"><a class=\"wp-block-button__link\" href=\"https:\/\/docs.google.com\/forms\/d\/e\/1FAIpQLSeZe7VJEHYeb0B2hmki4KxlW-VgC5rs1TaRz15L9tiTrgcpXA\/viewform?fbclid=IwAR0yOiAUwegl3wCRz9LAw_aqkYfLNetDV_0HbF09ZmnVnV0ooCU90yOo6tU\">Nominasjonsskjema<\/a><\/div>\n\n\n\n<h2 class=\"wp-block-heading\"><strong> Kriterier for NTNUI Triatlons hederspriser <br><\/strong><\/h2>\n\n\n\n<p><strong>\u00c5rets mannlig\/kvinnlig ut\u00f8ver<\/strong><\/p>\n\n\n\n<p>Tildeles det medlemmet som har levert den st\u00f8rste prestasjonen eller beste resultatene totalt sett i vurderingsperioden. Man m\u00e5 ha v\u00e6rt medlem av NTNUI Triatlon i l\u00f8pet av vurderingsperioden for \u00e5 kunne bli vurdert til denne prisen.<\/p>\n\n\n\n<p><strong>\u00c5rets bidragsyter<\/strong><\/p>\n\n\n\n<p>Tildeles det medlemmet som har bidratt til utvikling og drift av klubben i st\u00f8rst mulig grad gjennom blant annet:<\/p>\n\n\n\n<ul class=\"wp-block-list\"><li>Dugnadsarbeid&nbsp;<\/li><li>Funksjon\u00e6roppgaver under konkurranser<\/li><li>Race Report-skriving og promotering av klubben p\u00e5 sosiale medier<\/li><li>Verving av nye medlemmer<\/li><li>Deltagelse p\u00e5 fellestreninger<\/li><\/ul>\n\n\n\n<p><strong>\u00c5pen klasse<\/strong><\/p>\n\n\n\n<p>G\u00e5r til et medlem som har utmerket seg p\u00e5 en spesiell og\/eller morsom m\u00e5te. Her kan alle som fortjener en pris for noe utenom det vanlig bli nominert.&nbsp;<\/p>\n\n\n\n<p><strong>NTNUI Triatlons hederspris<\/strong><\/p>\n\n\n\n<p>Tildeles medlemmer som har utmerket seg med eksepsjonell innsats for klubben over flere \u00e5r gjennom klubbutviklingsarbeid. Vinneren skal st\u00e5 for arbeid som er spesielt beundringsverdig.<\/p>\n","protected":false},"excerpt":{"rendered":"<p>NTNUI Triatlon deler ut hederspriser hvert \u00e5r, for \u00e5 gi en ekstra oppmerksomhet til de personene som har utmerket seg litt ekstra i gruppen. Her kan alle bli nominert, om du er en gammel ringrev eller en fersk en! Det presteres p\u00e5 h\u00f8yt niv\u00e5 i b\u00e5de nasjonale og internasjonale konkurranser, i tillegg til at mange [&hellip;]<\/p>\n","protected":false},"author":54,"featured_media":146,"parent":0,"menu_order":0,"comment_status":"closed","ping_status":"closed","template":"","meta":{"_coblocks_attr":"","_coblocks_dimensions":"","_coblocks_responsive_height":"","_coblocks_accordion_ie_support":"","_price":"","_stock":"","_tribe_ticket_header":"","_tribe_default_ticket_provider":"","_tribe_ticket_capacity":"0","_ticket_start_date":"","_ticket_end_date":"","_tribe_ticket_show_description":"","_tribe_ticket_show_not_going":false,"_tribe_ticket_use_global_stock":"","_tribe_ticket_global_stock_level":"","_global_stock_mode":"","_global_stock_cap":"","_tribe_rsvp_for_event":"","_tribe_ticket_going_count":"","_tribe_ticket_not_going_count":"","_tribe_tickets_list":[],"_tribe_ticket_has_attendee_info_fields":false,"jetpack_post_was_ever_published":false,"footnotes":""},"class_list":["post-5284","page","type-page","status-publish","has-post-thumbnail","hentry"],"featured_image_src":"https:\/\/ntnui.no\/triatlon\/wp-content\/uploads\/sites\/230\/2019\/01\/18238884_1359281380823082_2528843366013688372_o-1024x493-600x400.jpg","featured_image_src_square":"https:\/\/ntnui.no\/triatlon\/wp-content\/uploads\/sites\/230\/2019\/01\/18238884_1359281380823082_2528843366013688372_o-1024x493-600x493.jpg","jetpack_sharing_enabled":true,"jetpack_shortlink":"https:\/\/wp.me\/PaEoaf-1ne","_links":{"self":[{"href":"https:\/\/ntnui.no\/triatlon\/wp-json\/wp\/v2\/pages\/5284","targetHints":{"allow":["GET"]}}],"collection":[{"href":"https:\/\/ntnui.no\/triatlon\/wp-json\/wp\/v2\/pages"}],"about":[{"href":"https:\/\/ntnui.no\/triatlon\/wp-json\/wp\/v2\/types\/page"}],"author":[{"embeddable":true,"href":"https:\/\/ntnui.no\/triatlon\/wp-json\/wp\/v2\/users\/54"}],"replies":[{"embeddable":true,"href":"https:\/\/ntnui.no\/triatlon\/wp-json\/wp\/v2\/comments?post=5284"}],"version-history":[{"count":6,"href":"https:\/\/ntnui.no\/triatlon\/wp-json\/wp\/v2\/pages\/5284\/revisions"}],"predecessor-version":[{"id":7576,"href":"https:\/\/ntnui.no\/triatlon\/wp-json\/wp\/v2\/pages\/5284\/revisions\/7576"}],"wp:featuredmedia":[{"embeddable":true,"href":"https:\/\/ntnui.no\/triatlon\/wp-json\/wp\/v2\/media\/146"}],"wp:attachment":[{"href":"https:\/\/ntnui.no\/triatlon\/wp-json\/wp\/v2\/media?parent=5284"}],"curies":[{"name":"wp","href":"https:\/\/api.w.org\/{rel}","templated":true}]}}