{"id":4879,"date":"2019-07-26T20:34:41","date_gmt":"2019-07-26T18:34:41","guid":{"rendered":"https:\/\/ntnui.no\/triatlon\/?page_id=4879"},"modified":"2026-04-14T17:01:36","modified_gmt":"2026-04-14T15:01:36","slug":"studentmesterskap-i-triatlon","status":"publish","type":"page","link":"https:\/\/ntnui.no\/triatlon\/studentmesterskap-i-triatlon\/","title":{"rendered":"Student-NM i triatlon"},"content":{"rendered":"\n<p>Student-NM (SNM) i triatlon har v\u00e6rt NTNUI Triatlons stolthet p\u00e5 arrang\u00f8rsiden siden v\u00e5ren 2016. Studenter fra hele landet inviteres til dyst for \u00e5 avgj\u00f8re hvem som skal f\u00e5 krone seg med tittelen <em>Studentnorgesmester i triatlon<\/em>.  <\/p>\n\n\n\n<div class=\"wp-block-buttons is-layout-flex wp-block-buttons-is-layout-flex\">\n<div class=\"wp-block-button\"><a class=\"wp-block-button__link wp-element-button\" href=\"https:\/\/event.rubic.no\/organization\/43894\/event\/200051\" target=\"_blank\" rel=\"noreferrer noopener\">P\u00e5melding<\/a><\/div>\n<\/div>\n\n\n\n<p>Konkurransen er \u00e5pen for alle studenter som er knyttet til et studentidrettslag, og <a href=\"https:\/\/ntnui.no\/triatlon\/loypekart\/\"><span style=\"text-decoration: underline\">l\u00f8ypen<\/span><\/a> er identisk med den som brukes under <a href=\"https:\/\/ntnui.no\/triatlon\/trisprinten\/\"><span style=\"text-decoration: underline\">TriSprinten<\/span> <\/a>p\u00e5 h\u00f8sten. <a href=\"https:\/\/ntnui.no\/triatlon\/konkurranseregler\/\"><span style=\"text-decoration: underline\">Reglement<\/span> <\/a>finner du her, og lurer du p\u00e5 noe om konkurransen m\u00e5 du ikke n\u00f8le med \u00e5 ta <a href=\"mailto:triatlon-leder@ntnui.no\"><span style=\"text-decoration: underline\">kontakt<\/span><\/a>!<\/p>\n\n\n\n<p><strong>Student-NM i triatlon 2026 g\u00e5r av stabelen l\u00f8rdag 18. april! P\u00e5meldingsfrist 3. april kl 23.59.<\/strong> Dersom du \u00f8nsker \u00e5 delta som para-ut\u00f8ver \u00f8nsker vi at du tar kontakt s\u00e5 fort som mulig for \u00e5 planlegge gjennomf\u00f8ring og utstyr.<\/p>\n\n\n\n<p><strong>INFORMASJON 2026:<\/strong><\/p>\n\n\n\n<p>L\u00f8rdag 18. april inviterer NTNUI Triatlon til Student Norgesmesterskap i Triatlon! Under finner du en del viktig informasjon. Det vil bli sendt ut informasjon p\u00e5 mail til alle deltakere etter p\u00e5meldingsfrist.<\/p>\n\n\n\n<p>I \u00e5r igjen arrangerer vi ogs\u00e5 f\u00f8lgestafett! Dette betyr at det er mulig \u00e5 melde seg p\u00e5 som lag med 3 personer, der en person sv\u00f8mmer, en sykler og en l\u00f8per!<\/p>\n\n\n\n<p>Bankett blir p\u00e5 Singsaker studenterhjem og starter kl.19:00, dette koster 150 kr ekstra og inkluderer middag. <\/p>\n\n\n\n<p><strong>Reisende og overnatting:<\/strong> <br>Reisende fra andre klubber \u00f8nskes velkommen. <br>For overnatting har NSI rabattkode  p\u00e5 Scandic hotell: <strong>D000025257<\/strong><\/p>\n\n\n\n<h2 class=\"wp-block-heading\">Oppsummert<\/h2>\n\n\n\n<p><strong>Hva:<\/strong>&nbsp;Triatlon inkludert paraklasse<br><strong>Distanse<\/strong>: 400m sv\u00f8m \u2013 19 km sykkel \u2013 4,5 km l\u00f8p<br><strong>Distanse paraklasse:<\/strong>&nbsp;Egne distanser, mer info under. <br><strong>Konkurranseklasser<\/strong>: \u201cLandevei\u201d, \u201cAndre sykler\u201d og \u201cPara\u201d for kvinner og menn samt mix f\u00f8lgestafett.<br><strong>Hvor:&nbsp;<\/strong>Trondheim &#8211; Pirbadet\/Ilsvika<br><strong>N\u00e5r:<\/strong>&nbsp;Obligatorisk Race brief fredag 17. april og konkurranse l\u00f8rdag 18. mai.<\/p>\n\n\n\n<p><strong>P\u00e5meldingsavgift:<\/strong>\u00a0Deltakeravgiften og bankettavgiften er separate:<br>Deltakeravgift:<strong> 350 kr per person<\/strong><br>Bankettavgift: <strong>150kr per person<\/strong> (inkluderer middag for forh\u00e5ndsp\u00e5meldte)<\/p>\n\n\n\n<p><em>Merk: P\u00e5meldingsfrist er <strong>3. april kl. 23:59<\/strong><\/em><\/p>\n\n\n\n<p>Denne konkurransen er \u00e5pen for <strong>alle<\/strong> studenter, uavhengig av erfaring, niv\u00e5 og ambisjoner!<\/p>\n\n\n\n<div class=\"wp-block-buttons is-layout-flex wp-block-buttons-is-layout-flex\">\n<div class=\"wp-block-button\"><a class=\"wp-block-button__link wp-element-button\" href=\"https:\/\/event.rubic.no\/organization\/43894\/event\/200051\" target=\"_blank\" rel=\"noreferrer noopener\">P\u00e5melding<\/a><\/div>\n\n\n\n<div class=\"wp-block-button\"><a class=\"wp-block-button__link wp-element-button\" href=\"https:\/\/live.eqtiming.com\/81904#Contestants\">Deltakerliste<\/a><\/div>\n\n\n\n<div class=\"wp-block-button\"><a class=\"wp-block-button__link wp-element-button\" href=\"https:\/\/docs.google.com\/spreadsheets\/d\/1DnYImqdnhd4s5bxLRKZvK5jOAOMNqOIM\/edit?usp=sharing&amp;ouid=111873517681316136555&amp;rtpof=true&amp;sd=true\">Heatliste<\/a><\/div>\n\n\n\n<div class=\"wp-block-button\"><a class=\"wp-block-button__link wp-element-button\" href=\"https:\/\/ntnui.no\/triatlon\/loypekart\/\">L\u00f8ypekart<\/a><\/div>\n\n\n\n<div class=\"wp-block-button\"><a class=\"wp-block-button__link wp-element-button\" href=\"https:\/\/ntnui.no\/triatlon\/tidsskjema-snm-2\/\">Tidsskjema<\/a><\/div>\n\n\n\n<div class=\"wp-block-button\"><a class=\"wp-block-button__link wp-element-button\" href=\"https:\/\/ntnui.no\/triatlon\/konkurranseregler\/\">Konkurranseregler<\/a><\/div>\n<\/div>\n\n\n\n<div class=\"wp-block-buttons is-layout-flex wp-block-buttons-is-layout-flex\">\n<div class=\"wp-block-button\"><a class=\"wp-block-button__link wp-element-button\" href=\"https:\/\/mediearkiv.ntnui.no\/Trithlon\/2024\/SNM-Triatlon-2024\" target=\"_blank\" rel=\"noreferrer noopener\">Bilder fra tidligere \u00e5r<\/a><\/div>\n<\/div>\n\n\n\n<h2 class=\"wp-block-heading\">Konkurranse<\/h2>\n\n\n\n<p>400 m sv\u00f8m innend\u00f8rs \u2013 19 km sykkel \u2013 4,5 km l\u00f8p<\/p>\n\n\n\n<p>Dersom du er \u00f8nsker \u00e5 delta i para-klassen \u00f8nsker vi at du tar kontakt s\u00e5 tidlig som mulig slik at vi kan legge best mulig til rett for en god konkurranse og opplevelse!<\/p>\n\n\n\n<h3 class=\"wp-block-heading\">Sv\u00f8mming:<\/h3>\n\n\n\n<p><strong>SNM:<br><\/strong>Sv\u00f8mmingen foreg\u00e5r innend\u00f8rs i Pirbadet, og det sv\u00f8mmes i 50m-baner. Det vil v\u00e6re 4-5 personer per bane, og det vil sv\u00f8mmes i to baner samtidig. Det vil ogs\u00e5 v\u00e6re en egen oppvarmingsbane (25m) som kan benyttes f\u00f8r man begynner.<\/p>\n\n\n\n<p>Heatene vil v\u00e6re delt etter innmeldte sv\u00f8mmetider, der de antatt raskeste starter f\u00f8rst. Innmelding av tider skal gj\u00f8res samtidig som p\u00e5meldingen.<br><br><strong>Paraklasse:<\/strong><br>Sv\u00f8mmingen foreg\u00e5r innend\u00f8rs i Pirbadet, og det sv\u00f8mmes i 25- eller 50m-bane, alt etter hva ut\u00f8veren selv \u00f8nsker. Det er lov for ut\u00f8veren \u00e5 bruke hjelpepersonell eller hjelpeutstyr slik som pullbuoy, sv\u00f8mmebelte, eller annet.<\/p>\n\n\n\n<h3 class=\"wp-block-heading\">Sykkel<\/h3>\n\n\n\n<p><strong>SNM:<br><\/strong>Basert p\u00e5 tidene fra sv\u00f8mmingen blir det jaktstart p\u00e5 syklingen. Etappen g\u00e5r tur\/retur Ilsvika-Flakk, og er ca 19 km. Husk at man kj\u00f8rer p\u00e5 landevei, og det vil v\u00e6re \u00e5pent for vanlig trafikk. Merk ogs\u00e5 at vi har \u00e9n klasse for landevei\/tempo og \u00e9n for \u201candre sykler\u201d. Det er med andre ord veldig innafor \u00e5 stille p\u00e5 sykkelen du har st\u00e5ende i boden!<br><br><strong>Paraklasse:<\/strong><br><a href=\"https:\/\/ntnui.no\/triatlon\/loypekart\/\">Etappen&nbsp;<\/a>g\u00e5r tur\/retur Ilsvika, og er ca. 10km. Merk at man kj\u00f8rer p\u00e5 landevei, og det vil v\u00e6re \u00e5pent for vanlig trafikk. Alle sykler er velkommen, b\u00e5de med og uten hjelpemotor. Les&nbsp;<a href=\"https:\/\/ntnui.no\/triatlon\/konkurranseregler-paratriatlon\/\">konkurranseregler&nbsp;<\/a>for merking av sykkel.<\/p>\n\n\n\n<h3 class=\"wp-block-heading\">L\u00f8p<\/h3>\n\n\n\n<p><strong>SNM:<br><\/strong>Etter syklingen kommer man inn til T2, og her setter man fra seg sykkelen, og g\u00e5r direkte videre til l\u00f8p. L\u00f8peetappen g\u00e5r over to runder fra Ilsvika til Ila, og er totalt ca. 4,5 km.<br><br><strong>Paraklasse:<\/strong><br>Etter syklingen kommer man inn til T2 (skiftesone), og her setter man fra seg sykkelen, og g\u00e5r direkte videre til l\u00f8p. Ut\u00f8veren kan ha hjelper som bist\u00e5r ut\u00f8veren fra sykkel til eventuell rullestol eller liknende. L\u00f8peetappen er alt fra 1100 meter (1 runde) og til maksimalt 4 runder (4,5 km).<\/p>\n\n\n\n<h6 class=\"wp-block-heading\">Bankett<\/h6>\n\n\n\n<p>Inngang til bankett er ikke inkludert i p\u00e5meldingsavgiften, inngang og middag for 150kr. <br>Det er ogs\u00e5 mulig \u00e5 etteranmelde seg til bankett (uten mat) inne p\u00e5 nettbutikken v\u00e5r for samme pris.<\/p>\n\n\n\n<p>Hvor: Singsaker studenterhjem <\/p>\n\n\n\n<p class=\"is-style-default\">N\u00e5r: 18. april kl. 18:15<\/p>\n\n\n\n<p>Hva: Bankett med middag, og div opplegg, mer info kommer!<\/p>\n\n\n\n<h6 class=\"wp-block-heading\">Lurer du p\u00e5 noe mer?<br><\/h6>\n\n\n\n<p>Ikke n\u00f8l med \u00e5 ta kontakt med enten&nbsp;<a href=\"https:\/\/ntnui.no\/triatlon\/wp-admin\/triatlon-leder@ntnui.no\">triatlon-leder@ntnui.no<\/a>&nbsp;eller <a rel=\"noreferrer noopener\" href=\"mailto:oskar.nysaether@ntnui.no\" target=\"_blank\"><span style=\"text-decoration: underline\">triatlon-konkurranse@ntnui.no<\/span> <\/a><\/p>\n\n\n\n<p><strong>Resultater Studentmesterskapet i triatlon:<\/strong><\/p>\n\n\n\n<p><a href=\"https:\/\/live.eqtiming.com\/77417\">SNM2025<\/a> | <a href=\"https:\/\/live.eqtiming.com\/72319\">SNM2024<\/a> | <a href=\"https:\/\/ntnui.no\/triatlon\/2023\/04\/30\/resultater-student-nm-2023\/\" data-type=\"URL\" data-id=\"https:\/\/ntnui.no\/triatlon\/2023\/04\/30\/resultater-student-nm-2023\/\" target=\"_blank\" rel=\"noreferrer noopener\">SNM 2023<\/a> | <a href=\"https:\/\/ntnui.no\/triatlon\/2022\/05\/05\/resultater-student-nm-2022\/\">SNM 2022<\/a> <br><a href=\"https:\/\/ntnui.no\/triatlon\/2021\/09\/19\/resultater-student-nm-og-trisprinten-2021\/\" data-type=\"post\" data-id=\"6048\">SNM\/Trisprinten 2021<\/a> | <a href=\"https:\/\/ntnui.no\/triatlon\/resultater-snm-trisprinten-2020\/\">SNM\/Trisprinten 2020<\/a> | <a href=\"https:\/\/ntnui.no\/triatlon\/resultatlister-studentmesterskap-2019\/\">SNM 2019<\/a><br><\/p>\n\n\n\n<p><\/p>\n","protected":false},"excerpt":{"rendered":"<p>Student-NM (SNM) i triatlon har v\u00e6rt NTNUI Triatlons stolthet p\u00e5 arrang\u00f8rsiden siden v\u00e5ren 2016. Studenter fra hele landet inviteres til dyst for \u00e5 avgj\u00f8re hvem som skal f\u00e5 krone seg med tittelen Studentnorgesmester i triatlon. Konkurransen er \u00e5pen for alle studenter som er knyttet til et studentidrettslag, og l\u00f8ypen er identisk med den som brukes [&hellip;]<\/p>\n","protected":false},"author":54,"featured_media":0,"parent":0,"menu_order":0,"comment_status":"closed","ping_status":"closed","template":"","meta":{"_coblocks_attr":"","_coblocks_dimensions":"","_coblocks_responsive_height":"","_coblocks_accordion_ie_support":"","_price":"","_stock":"","_tribe_ticket_header":"","_tribe_default_ticket_provider":"","_tribe_ticket_capacity":"0","_ticket_start_date":"","_ticket_end_date":"","_tribe_ticket_show_description":"","_tribe_ticket_show_not_going":false,"_tribe_ticket_use_global_stock":"","_tribe_ticket_global_stock_level":"","_global_stock_mode":"","_global_stock_cap":"","_tribe_rsvp_for_event":"","_tribe_ticket_going_count":"","_tribe_ticket_not_going_count":"","_tribe_tickets_list":[],"_tribe_ticket_has_attendee_info_fields":false,"jetpack_post_was_ever_published":false,"footnotes":""},"class_list":["post-4879","page","type-page","status-publish","hentry"],"featured_image_src":null,"featured_image_src_square":null,"jetpack_sharing_enabled":true,"jetpack_shortlink":"https:\/\/wp.me\/PaEoaf-1gH","_links":{"self":[{"href":"https:\/\/ntnui.no\/triatlon\/wp-json\/wp\/v2\/pages\/4879","targetHints":{"allow":["GET"]}}],"collection":[{"href":"https:\/\/ntnui.no\/triatlon\/wp-json\/wp\/v2\/pages"}],"about":[{"href":"https:\/\/ntnui.no\/triatlon\/wp-json\/wp\/v2\/types\/page"}],"author":[{"embeddable":true,"href":"https:\/\/ntnui.no\/triatlon\/wp-json\/wp\/v2\/users\/54"}],"replies":[{"embeddable":true,"href":"https:\/\/ntnui.no\/triatlon\/wp-json\/wp\/v2\/comments?post=4879"}],"version-history":[{"count":67,"href":"https:\/\/ntnui.no\/triatlon\/wp-json\/wp\/v2\/pages\/4879\/revisions"}],"predecessor-version":[{"id":10046,"href":"https:\/\/ntnui.no\/triatlon\/wp-json\/wp\/v2\/pages\/4879\/revisions\/10046"}],"wp:attachment":[{"href":"https:\/\/ntnui.no\/triatlon\/wp-json\/wp\/v2\/media?parent=4879"}],"curies":[{"name":"wp","href":"https:\/\/api.w.org\/{rel}","templated":true}]}}