{"id":4875,"date":"2019-07-26T20:20:06","date_gmt":"2019-07-26T18:20:06","guid":{"rendered":"https:\/\/ntnui.no\/triatlon\/?page_id=4875"},"modified":"2025-08-25T15:08:48","modified_gmt":"2025-08-25T13:08:48","slug":"trisprinten","status":"publish","type":"page","link":"https:\/\/ntnui.no\/triatlon\/trisprinten\/","title":{"rendered":"TriSprinten"},"content":{"rendered":"\n<p>Siden h\u00f8sten 2015 har NTNUI Triatlon arrangert NTNUI TriSprinten omtrent rundt medio september. M\u00e5let med TriSprinten er at alle (f. 2008 eller f\u00f8r) som \u00f8nsker \u00e5 teste triatlon skal ha muligheten til dette, og at de som er mer rutinerte f\u00e5r en fin konkurranse p\u00e5 tampen av sesongen. <\/p>\n\n\n\n<p>Konkurransen er \u00e5pen for alle, ogs\u00e5 dem som ikke er studenter.<span style=\"text-decoration: underline\"> <a href=\"https:\/\/ntnui.no\/triatlon\/loypekart\/\"><strong>L\u00f8ypen<\/strong><\/a><\/span><a href=\"https:\/\/ntnui.no\/triatlon\/loypekart\/\"> <\/a>p\u00e5 TriSprinten er identisk med l\u00f8ypen som har blitt brukt under Studentmesterskapet siden 2016, og det er samme <a href=\"https:\/\/ntnui.no\/triatlon\/konkurranseregler\/\"><span style=\"text-decoration: underline\"><strong>reglement<\/strong><\/span> <\/a>som gjelder for begge disse konkurransene.<\/p>\n\n\n\n<p>H\u00f8sten 2019 ble det for f\u00f8rste gang invitert til paratriatlon p\u00e5 TriSprinten, og reglement for paraklassene kan du finne <a href=\"https:\/\/ntnui.no\/triatlon\/konkurranseregler-paratriatlon\/\"><strong><span style=\"text-decoration: underline\">her<\/span><\/strong><\/a>. Vi \u00f8nsker at alle skal ha mulighet til \u00e5 delta p\u00e5 v\u00e5re arrangement, og dersom du ikke helt vet om du kan v\u00e6re med &#8211; <a href=\"mailto:triatlon-leder@ntnui.no\"><span style=\"text-decoration: underline\"><strong>gi oss en lyd<\/strong><\/span><\/a>, s\u00e5 finner vi en l\u00f8sning!<\/p>\n\n\n\n<p>I \u00e5r arrangerer vi ogs\u00e5 f\u00f8lgestafett for tredje gang! Dette betyr at det er mulig \u00e5 melde seg p\u00e5 som lag med 3 personer, der en person sv\u00f8mmer, en sykler og en l\u00f8per!<\/p>\n\n\n\n<p><strong>INFORMASJON 2025:<\/strong><\/p>\n\n\n\n<p>L\u00f8rdag 13. september inviterer NTNUI Triatlon til den 11. utgaven av TriSprinten!<\/p>\n\n\n\n<p><strong>Sv\u00f8mmeheat: <\/strong><\/p>\n\n\n\n<div class=\"wp-block-file\"><a href=\"https:\/\/ntnui.no\/triatlon\/wp-content\/uploads\/sites\/230\/2024\/09\/Heat-Trisprinten-2024-1.pdf\">Heat-Trisprinten-2024-1<\/a><a href=\"https:\/\/ntnui.no\/triatlon\/wp-content\/uploads\/sites\/230\/2024\/09\/Heat-Trisprinten-2024-1.pdf\" class=\"wp-block-file__button wp-element-button\" download>Last ned<\/a><\/div>\n\n\n\n<p><strong>P\u00e5meldingen \u00e5pner 25.08<\/strong><\/p>\n\n\n\n<h2 class=\"wp-block-heading\">Oppsummert<\/h2>\n\n\n\n<p><strong>Hva:<\/strong>\u00a0Triatlon inkl. paraklasse<br><strong>Distanse<\/strong>: 400m sv\u00f8m \u2013 19 km sykkel \u2013 4,5 km l\u00f8p<br><strong>Distanse paraklasse:<\/strong>\u00a0<em>Deltakeren kan designe sin egen distanse, ved \u00e5 velge f\u00f8lgende:<\/em><br>\u2022Sv\u00f8m: 25m, 50m, 100m, 200m, 400m<br>\u2022Sykkel: 10 km.<br>\u2022L\u00f8p\/rullestol\/annet: 1-4 runder (1 runde tilsvarer 1100 meter)<br><strong>Konkurranseklasser<\/strong>: &#8220;Landevei&#8221;, &#8220;Andre sykler&#8221; og &#8220;Para&#8221; for kvinner og menn samt mix f\u00f8lgestafett. <br><strong>Hvor:\u00a0<\/strong>Trondheim- Pirbadet\/Ilsvika<br><strong>N\u00e5r:<\/strong>\u00a0L\u00f8rdag 13. september<br><strong>P\u00e5meldingsavgift:<\/strong>\u00a0300 kr (individuell), 700 kr (f\u00f8lgestafett).<\/p>\n\n\n\n<p><em><strong>Merk: P\u00e5meldingsfrist s\u00f8ndag 8. september 23:59!<\/strong><\/em><\/p>\n\n\n\n<p>Denne konkurransen er \u00e5pen for alle, uavhengig av erfaring, niv\u00e5 og ambisjoner!<\/p>\n\n\n\n<div class=\"wp-block-buttons is-content-justification-center is-layout-flex wp-container-core-buttons-is-layout-1 wp-block-buttons-is-layout-flex\">\n<div class=\"wp-block-button\"><a class=\"wp-block-button__link wp-element-button\" href=\"https:\/\/live.eqtiming.com\/78438#dashboard\">P\u00e5melding 2025<\/a><\/div>\n<\/div>\n\n\n\n<div class=\"wp-block-jetpack-tiled-gallery aligncenter is-style-rectangular\"><div class=\"tiled-gallery__gallery\"><div class=\"tiled-gallery__row\"><div class=\"tiled-gallery__col\" style=\"flex-basis:66.80808636412051%\"><figure class=\"tiled-gallery__item\"><img decoding=\"async\" srcset=\"https:\/\/i1.wp.com\/ntnui.no\/triatlon\/wp-content\/uploads\/sites\/230\/2022\/09\/felles_trisprinten_2022_nettside.jpg?strip=info&#038;w=600&#038;ssl=1 600w,https:\/\/i1.wp.com\/ntnui.no\/triatlon\/wp-content\/uploads\/sites\/230\/2022\/09\/felles_trisprinten_2022_nettside.jpg?strip=info&#038;w=900&#038;ssl=1 900w,https:\/\/i1.wp.com\/ntnui.no\/triatlon\/wp-content\/uploads\/sites\/230\/2022\/09\/felles_trisprinten_2022_nettside.jpg?strip=info&#038;w=1200&#038;ssl=1 1200w,https:\/\/i1.wp.com\/ntnui.no\/triatlon\/wp-content\/uploads\/sites\/230\/2022\/09\/felles_trisprinten_2022_nettside.jpg?strip=info&#038;w=1500&#038;ssl=1 1500w,https:\/\/i1.wp.com\/ntnui.no\/triatlon\/wp-content\/uploads\/sites\/230\/2022\/09\/felles_trisprinten_2022_nettside.jpg?strip=info&#038;w=1800&#038;ssl=1 1800w,https:\/\/i1.wp.com\/ntnui.no\/triatlon\/wp-content\/uploads\/sites\/230\/2022\/09\/felles_trisprinten_2022_nettside.jpg?strip=info&#038;w=2000&#038;ssl=1 2000w\" alt=\"\" data-height=\"1672\" data-id=\"6937\" data-link=\"https:\/\/ntnui.no\/triatlon\/forside\/felles_trisprinten_2022_nettside\/\" data-url=\"https:\/\/ntnui.no\/triatlon\/wp-content\/uploads\/sites\/230\/2022\/09\/felles_trisprinten_2022_nettside.jpg\" data-width=\"2508\" src=\"https:\/\/i1.wp.com\/ntnui.no\/triatlon\/wp-content\/uploads\/sites\/230\/2022\/09\/felles_trisprinten_2022_nettside.jpg?ssl=1\" \/><\/figure><\/div><div class=\"tiled-gallery__col\" style=\"flex-basis:33.19191363587948%\"><figure class=\"tiled-gallery__item\"><img decoding=\"async\" srcset=\"https:\/\/i1.wp.com\/ntnui.no\/triatlon\/wp-content\/uploads\/sites\/230\/2023\/07\/i-HMbMX9c-4K.jpeg?strip=info&#038;w=600&#038;ssl=1 600w,https:\/\/i1.wp.com\/ntnui.no\/triatlon\/wp-content\/uploads\/sites\/230\/2023\/07\/i-HMbMX9c-4K.jpeg?strip=info&#038;w=900&#038;ssl=1 900w,https:\/\/i1.wp.com\/ntnui.no\/triatlon\/wp-content\/uploads\/sites\/230\/2023\/07\/i-HMbMX9c-4K.jpeg?strip=info&#038;w=1200&#038;ssl=1 1200w,https:\/\/i1.wp.com\/ntnui.no\/triatlon\/wp-content\/uploads\/sites\/230\/2023\/07\/i-HMbMX9c-4K.jpeg?strip=info&#038;w=1500&#038;ssl=1 1500w,https:\/\/i1.wp.com\/ntnui.no\/triatlon\/wp-content\/uploads\/sites\/230\/2023\/07\/i-HMbMX9c-4K.jpeg?strip=info&#038;w=1800&#038;ssl=1 1800w,https:\/\/i1.wp.com\/ntnui.no\/triatlon\/wp-content\/uploads\/sites\/230\/2023\/07\/i-HMbMX9c-4K.jpeg?strip=info&#038;w=2000&#038;ssl=1 2000w\" alt=\"\" data-height=\"2560\" data-id=\"7414\" data-link=\"https:\/\/ntnui.no\/triatlon\/nyheter\/velkommen-til-trondheim-og-ntnui-triatlon\/i-hmbmx9c-4k\/\" data-url=\"https:\/\/ntnui.no\/triatlon\/wp-content\/uploads\/sites\/230\/2023\/07\/i-HMbMX9c-4K.jpeg\" data-width=\"3840\" src=\"https:\/\/i1.wp.com\/ntnui.no\/triatlon\/wp-content\/uploads\/sites\/230\/2023\/07\/i-HMbMX9c-4K.jpeg?ssl=1\" \/><\/figure><figure class=\"tiled-gallery__item\"><img decoding=\"async\" srcset=\"https:\/\/i1.wp.com\/ntnui.no\/triatlon\/wp-content\/uploads\/sites\/230\/2023\/04\/i-92pC8pM-X5.jpg?strip=info&#038;w=600&#038;ssl=1 600w,https:\/\/i1.wp.com\/ntnui.no\/triatlon\/wp-content\/uploads\/sites\/230\/2023\/04\/i-92pC8pM-X5.jpg?strip=info&#038;w=900&#038;ssl=1 900w,https:\/\/i1.wp.com\/ntnui.no\/triatlon\/wp-content\/uploads\/sites\/230\/2023\/04\/i-92pC8pM-X5.jpg?strip=info&#038;w=1200&#038;ssl=1 1200w,https:\/\/i1.wp.com\/ntnui.no\/triatlon\/wp-content\/uploads\/sites\/230\/2023\/04\/i-92pC8pM-X5.jpg?strip=info&#038;w=1500&#038;ssl=1 1500w,https:\/\/i1.wp.com\/ntnui.no\/triatlon\/wp-content\/uploads\/sites\/230\/2023\/04\/i-92pC8pM-X5.jpg?strip=info&#038;w=1800&#038;ssl=1 1800w,https:\/\/i1.wp.com\/ntnui.no\/triatlon\/wp-content\/uploads\/sites\/230\/2023\/04\/i-92pC8pM-X5.jpg?strip=info&#038;w=2000&#038;ssl=1 2000w\" alt=\"\" data-height=\"1707\" data-id=\"7268\" data-link=\"https:\/\/ntnui.no\/triatlon\/?attachment_id=7268\" data-url=\"https:\/\/ntnui.no\/triatlon\/wp-content\/uploads\/sites\/230\/2023\/04\/i-92pC8pM-X5.jpg\" data-width=\"2560\" src=\"https:\/\/i1.wp.com\/ntnui.no\/triatlon\/wp-content\/uploads\/sites\/230\/2023\/04\/i-92pC8pM-X5.jpg?ssl=1\" \/><\/figure><\/div><\/div><div class=\"tiled-gallery__row\"><div class=\"tiled-gallery__col\" style=\"flex-basis:47.07527491526799%\"><figure class=\"tiled-gallery__item\"><img decoding=\"async\" srcset=\"https:\/\/i2.wp.com\/ntnui.no\/triatlon\/wp-content\/uploads\/sites\/230\/2023\/07\/i-b4RRLQX-X5.jpeg?strip=info&#038;w=600&#038;ssl=1 600w,https:\/\/i2.wp.com\/ntnui.no\/triatlon\/wp-content\/uploads\/sites\/230\/2023\/07\/i-b4RRLQX-X5.jpeg?strip=info&#038;w=900&#038;ssl=1 900w,https:\/\/i2.wp.com\/ntnui.no\/triatlon\/wp-content\/uploads\/sites\/230\/2023\/07\/i-b4RRLQX-X5.jpeg?strip=info&#038;w=1200&#038;ssl=1 1200w,https:\/\/i2.wp.com\/ntnui.no\/triatlon\/wp-content\/uploads\/sites\/230\/2023\/07\/i-b4RRLQX-X5.jpeg?strip=info&#038;w=1500&#038;ssl=1 1500w,https:\/\/i2.wp.com\/ntnui.no\/triatlon\/wp-content\/uploads\/sites\/230\/2023\/07\/i-b4RRLQX-X5.jpeg?strip=info&#038;w=1800&#038;ssl=1 1800w,https:\/\/i2.wp.com\/ntnui.no\/triatlon\/wp-content\/uploads\/sites\/230\/2023\/07\/i-b4RRLQX-X5.jpeg?strip=info&#038;w=2000&#038;ssl=1 2000w\" alt=\"\" data-height=\"1920\" data-id=\"7413\" data-link=\"https:\/\/ntnui.no\/triatlon\/nyheter\/velkommen-til-trondheim-og-ntnui-triatlon\/i-b4rrlqx-x5\/\" data-url=\"https:\/\/ntnui.no\/triatlon\/wp-content\/uploads\/sites\/230\/2023\/07\/i-b4RRLQX-X5.jpeg\" data-width=\"2560\" src=\"https:\/\/i2.wp.com\/ntnui.no\/triatlon\/wp-content\/uploads\/sites\/230\/2023\/07\/i-b4RRLQX-X5.jpeg?ssl=1\" \/><\/figure><\/div><div class=\"tiled-gallery__col\" style=\"flex-basis:52.92472508473202%\"><figure class=\"tiled-gallery__item\"><img decoding=\"async\" srcset=\"https:\/\/i1.wp.com\/ntnui.no\/triatlon\/wp-content\/uploads\/sites\/230\/2023\/07\/i-SZ9ssbN-X5.jpg?strip=info&#038;w=600&#038;ssl=1 600w,https:\/\/i1.wp.com\/ntnui.no\/triatlon\/wp-content\/uploads\/sites\/230\/2023\/07\/i-SZ9ssbN-X5.jpg?strip=info&#038;w=900&#038;ssl=1 900w,https:\/\/i1.wp.com\/ntnui.no\/triatlon\/wp-content\/uploads\/sites\/230\/2023\/07\/i-SZ9ssbN-X5.jpg?strip=info&#038;w=1200&#038;ssl=1 1200w,https:\/\/i1.wp.com\/ntnui.no\/triatlon\/wp-content\/uploads\/sites\/230\/2023\/07\/i-SZ9ssbN-X5.jpg?strip=info&#038;w=1500&#038;ssl=1 1500w,https:\/\/i1.wp.com\/ntnui.no\/triatlon\/wp-content\/uploads\/sites\/230\/2023\/07\/i-SZ9ssbN-X5.jpg?strip=info&#038;w=1800&#038;ssl=1 1800w,https:\/\/i1.wp.com\/ntnui.no\/triatlon\/wp-content\/uploads\/sites\/230\/2023\/07\/i-SZ9ssbN-X5.jpg?strip=info&#038;w=2000&#038;ssl=1 2000w\" alt=\"\" data-height=\"1707\" data-id=\"7412\" data-link=\"https:\/\/ntnui.no\/triatlon\/nyheter\/velkommen-til-trondheim-og-ntnui-triatlon\/i-sz9ssbn-x5\/\" data-url=\"https:\/\/ntnui.no\/triatlon\/wp-content\/uploads\/sites\/230\/2023\/07\/i-SZ9ssbN-X5.jpg\" data-width=\"2560\" src=\"https:\/\/i1.wp.com\/ntnui.no\/triatlon\/wp-content\/uploads\/sites\/230\/2023\/07\/i-SZ9ssbN-X5.jpg?ssl=1\" \/><\/figure><\/div><\/div><\/div><\/div>\n\n\n\n<p><\/p>\n\n\n\n<h3 class=\"wp-block-heading\">Sv\u00f8mming:<\/h3>\n\n\n\n<p><strong>Trisprinten:<br><\/strong>Sv\u00f8mmingen foreg\u00e5r innend\u00f8rs i Pirbadet, og det sv\u00f8mmes i 50m-baner. Det vil v\u00e6re 4-5 personer per bane, og det vil sv\u00f8mmes i to baner samtidig. Det vil ogs\u00e5 v\u00e6re en egen oppvarmingsbane (25m) som kan benyttes f\u00f8r man begynner.<\/p>\n\n\n\n<p>Heatene vil v\u00e6re delt etter innmeldte sv\u00f8mmetider, der de antatt raskeste starter f\u00f8rst. Innmelding av tider skal gj\u00f8res samtidig som p\u00e5meldingen. <br><br><strong>Paraklasse:<\/strong><br>Sv\u00f8mmingen foreg\u00e5r innend\u00f8rs i Pirbadet, og det sv\u00f8mmes i 25- eller 50m-baner, alt etter hva ut\u00f8veren selv \u00f8nsker. Det vil ogs\u00e5 v\u00e6re en egen oppvarmingsbane a 25m som kan brukes f\u00f8r man begynner. Det er lov for ut\u00f8veren \u00e5 bruke hjelpepersonell eller hjelpeutstyr slik som pullbuoy, sv\u00f8mmebelte, eller annet.<\/p>\n\n\n\n<h3 class=\"wp-block-heading\">Sykkel<\/h3>\n\n\n\n<p><strong>TriSprinten:<br><\/strong>Basert p\u00e5 tidene fra sv\u00f8mmingen blir det jaktstart p\u00e5 syklingen. Etappen g\u00e5r tur\/retur Ilsvika-Flakk, og er ca 19 km. Husk at man kj\u00f8rer p\u00e5 landevei, og det vil v\u00e6re \u00e5pent for vanlig trafikk. Merk ogs\u00e5 at vi har \u00e9n klasse for landevei\/tempo og \u00e9n for \u201candre sykler\u201d. Det er med andre ord veldig innafor \u00e5 stille p\u00e5 sykkelen du har st\u00e5ende i boden!<br><br><strong>Paraklasse:<\/strong><br><a href=\"https:\/\/ntnui.no\/triatlon\/loypekart\/\">Etappen&nbsp;<\/a>g\u00e5r tur\/retur Ilsvika, og er ca. 10km. Merk at man kj\u00f8rer p\u00e5 landevei, og det vil v\u00e6re \u00e5pent for vanlig trafikk. Alle sykler er velkommen, b\u00e5de med og uten hjelpemotor. Les&nbsp;<a href=\"https:\/\/ntnui.no\/triatlon\/konkurranseregler-paratriatlon\/\">konkurranseregler&nbsp;<\/a>for merking av sykkel.<\/p>\n\n\n\n<h3 class=\"wp-block-heading\">L\u00f8p<\/h3>\n\n\n\n<p><strong>TriSprinten:<br><\/strong>Etter syklingen kommer man inn til T2, og her setter man fra seg sykkelen, og g\u00e5r direkte videre til l\u00f8p. L\u00f8peetappen g\u00e5r over to runder fra Ilsvika til Ila, og er totalt ca. 4,5 km.<br><br><strong>Paraklasse:<\/strong><br>Etter syklingen kommer man inn til T2 (skiftesone), og her setter man fra seg sykkelen, og g\u00e5r direkte videre til l\u00f8p. Ut\u00f8veren kan ha hjelper som bist\u00e5r ut\u00f8veren fra sykkel til eventuell rullestol eller liknende. L\u00f8peetappen er alt fra 1100 meter (1 runde) og til maksimalt 4 runder (4,5 km).<\/p>\n\n\n\n<h3 class=\"wp-block-heading\">Lurer du p\u00e5 noe mer?<\/h3>\n\n\n\n<p>Ikke n\u00f8l med \u00e5 ta kontakt med triatlon-leder@ntnui.no eller oskar.nysaether@ntnui.no <\/p>\n\n\n\n<p>Vi gleder oss til \u00e5 se deg p\u00e5 startstreken 14. september!<\/p>\n\n\n\n<div class=\"wp-block-group\"><div class=\"wp-block-group__inner-container is-layout-flow wp-block-group-is-layout-flow\">\n<div class=\"wp-block-columns has-2-columns is-layout-flex wp-container-core-columns-is-layout-1 wp-block-columns-is-layout-flex\">\n<div class=\"wp-block-column is-layout-flow wp-block-column-is-layout-flow\"><\/div>\n<\/div>\n<\/div><\/div>\n\n\n\n<p><strong>Resultater TriSprinten:<\/strong><\/p>\n\n\n\n<div class=\"wp-block-group\"><div class=\"wp-block-group__inner-container is-layout-flow wp-block-group-is-layout-flow\">\n<div class=\"wp-block-group\"><div class=\"wp-block-group__inner-container is-layout-flow wp-block-group-is-layout-flow\">\n<div class=\"wp-block-buttons is-layout-flex wp-block-buttons-is-layout-flex\">\n<div class=\"wp-block-button\"><a class=\"wp-block-button__link wp-element-button\" href=\"https:\/\/ntnui.no\/triatlon\/resultater-trisprinten-2022\/\">TriSprinten 2022<\/a><\/div>\n\n\n\n<div class=\"wp-block-button\"><a class=\"wp-block-button__link wp-element-button\" href=\"https:\/\/ntnui.no\/triatlon\/resultater-snm-trisprinten-2020\/\">TriSprinten\/SNM2020<\/a><\/div>\n\n\n\n<div class=\"wp-block-button\"><a class=\"wp-block-button__link wp-element-button\" href=\"https:\/\/ntnui.no\/triatlon\/2019\/09\/14\/resultater-trisprinten-19\/\">TriSprinten 2019<\/a><\/div>\n<\/div>\n<\/div><\/div>\n<\/div><\/div>\n\n\n\n<p><\/p>\n","protected":false},"excerpt":{"rendered":"<p>Siden h\u00f8sten 2015 har NTNUI Triatlon arrangert NTNUI TriSprinten omtrent rundt medio september. M\u00e5let med TriSprinten er at alle (f. 2008 eller f\u00f8r) som \u00f8nsker \u00e5 teste triatlon skal ha muligheten til dette, og at de som er mer rutinerte f\u00e5r en fin konkurranse p\u00e5 tampen av sesongen. Konkurransen er \u00e5pen for alle, ogs\u00e5 dem [&hellip;]<\/p>\n","protected":false},"author":54,"featured_media":0,"parent":0,"menu_order":0,"comment_status":"closed","ping_status":"closed","template":"","meta":{"_coblocks_attr":"","_coblocks_dimensions":"","_coblocks_responsive_height":"","_coblocks_accordion_ie_support":"","_price":"","_stock":"","_tribe_ticket_header":"","_tribe_default_ticket_provider":"","_tribe_ticket_capacity":"0","_ticket_start_date":"","_ticket_end_date":"","_tribe_ticket_show_description":"","_tribe_ticket_show_not_going":false,"_tribe_ticket_use_global_stock":"","_tribe_ticket_global_stock_level":"","_global_stock_mode":"","_global_stock_cap":"","_tribe_rsvp_for_event":"","_tribe_ticket_going_count":"","_tribe_ticket_not_going_count":"","_tribe_tickets_list":[],"_tribe_ticket_has_attendee_info_fields":false,"jetpack_post_was_ever_published":false,"footnotes":""},"class_list":["post-4875","page","type-page","status-publish","hentry"],"featured_image_src":null,"featured_image_src_square":null,"jetpack_sharing_enabled":true,"jetpack_shortlink":"https:\/\/wp.me\/PaEoaf-1gD","_links":{"self":[{"href":"https:\/\/ntnui.no\/triatlon\/wp-json\/wp\/v2\/pages\/4875","targetHints":{"allow":["GET"]}}],"collection":[{"href":"https:\/\/ntnui.no\/triatlon\/wp-json\/wp\/v2\/pages"}],"about":[{"href":"https:\/\/ntnui.no\/triatlon\/wp-json\/wp\/v2\/types\/page"}],"author":[{"embeddable":true,"href":"https:\/\/ntnui.no\/triatlon\/wp-json\/wp\/v2\/users\/54"}],"replies":[{"embeddable":true,"href":"https:\/\/ntnui.no\/triatlon\/wp-json\/wp\/v2\/comments?post=4875"}],"version-history":[{"count":38,"href":"https:\/\/ntnui.no\/triatlon\/wp-json\/wp\/v2\/pages\/4875\/revisions"}],"predecessor-version":[{"id":9050,"href":"https:\/\/ntnui.no\/triatlon\/wp-json\/wp\/v2\/pages\/4875\/revisions\/9050"}],"wp:attachment":[{"href":"https:\/\/ntnui.no\/triatlon\/wp-json\/wp\/v2\/media?parent=4875"}],"curies":[{"name":"wp","href":"https:\/\/api.w.org\/{rel}","templated":true}]}}