{"id":4867,"date":"2019-07-26T20:07:07","date_gmt":"2019-07-26T18:07:07","guid":{"rendered":"https:\/\/ntnui.no\/triatlon\/?page_id=4867"},"modified":"2021-08-25T16:36:19","modified_gmt":"2021-08-25T14:36:19","slug":"konkurranseregler-paratriatlon","status":"publish","type":"page","link":"https:\/\/ntnui.no\/triatlon\/konkurranseregler-paratriatlon\/","title":{"rendered":"Konkurranseregler &#8211; Paratriatlon"},"content":{"rendered":"\n<h2 class=\"wp-block-heading\">Distanse<\/h2>\n\n\n\n<p><strong>Sv\u00f8m<\/strong>:        25m, 50m, 100m, 200m eller 400m<br><strong>Sykkel<\/strong>:       10km<br><strong>L\u00f8p<\/strong>:           1-4 runder a ca 1100m<\/p>\n\n\n\n<h2 class=\"wp-block-heading\">Sv\u00f8m<\/h2>\n\n\n\n<ul class=\"wp-block-list\"><li>Man skal  v\u00e6re i kontakt med bassengkanten f\u00f8r start.<\/li><li>Alle stilarter, og alle hjelpemidler som er avklart med oss p\u00e5 forh\u00e5nd, er tillatt.<\/li><li>Sv\u00f8m til h\u00f8yre i banen, sv\u00f8m forbi til venstre.<\/li><li>Vendinger skal ikke v\u00e6re til hinder for andre i samme bane.<\/li><\/ul>\n\n\n\n<h2 class=\"wp-block-heading\">Sykkel<\/h2>\n\n\n\n<ul class=\"wp-block-list\"><li><strong>Hjelmen <\/strong>skal v\u00e6re feste p\u00e5 hodet s\u00e5 lenge sykkelen ikke henger i stativet\/er parkert.<\/li><li><strong>Bremser <\/strong>m\u00e5 fungere godt, dette blir sjekket ved ankomst av funksjon\u00e6rer.<\/li><li><strong>Drafting <\/strong>(ligge p\u00e5 hjul) er ikke lov og straffes med 2 minutters tilleggsstid.   Det skal v\u00e6re minimum 10 meter opp til den foran deg. <\/li><li><strong>Passering av andre ut\u00f8vere<\/strong> skal skje til venstre og i l\u00f8pet av 25 sekunder. Dersom du blir kj\u00f8rt forbi har du ansvaret for \u00e5 slippe deg ned til riktig avstand i l\u00f8pet av 15 sekunder.<\/li><li>Stasjon\u00e6rvakter er ment som et forebyggende tiltak mot ulykker og skader, men ut\u00f8verne er&nbsp;<strong>selv ansvarlig for \u00e5 f\u00f8lge alle trafikkregler<\/strong>.<\/li><li><strong>Uaktsomhet i trafikken <\/strong>f\u00f8rer til diskvalifikasjon.<\/li><li>Hold lav fart ved innkj\u00f8ring p\u00e5 hovedvei, vendepunkt og avkj\u00f8rsel fra hovedvei.<\/li><li>Deltakerne som benytter <strong>lavtliggende sykler<\/strong> (f.eks. h\u00e5ndsykler) m\u00e5 ha p\u00e5montert flagg som er minimum 120 cm over bakken. Flagget er for at bilistene skal kunne se deg. Ut\u00f8verne tar med og p\u00e5monterer dette selv. <strong>Merk:<\/strong> sykkel som ikke er merket, vil <strong>ikke <\/strong>vil slippe ut p\u00e5 veien og ut\u00f8veren f\u00e5r ikke fullf\u00f8re konkurransen.  <\/li><\/ul>\n\n\n\n<h2 class=\"wp-block-heading\">L\u00f8p<\/h2>\n\n\n\n<ul class=\"wp-block-list\"><li>Hold til h\u00f8yre under hele etappen, passering p\u00e5 venstre side.<\/li><li>Vis hensyn til andre som bruker gangstien.<\/li><\/ul>\n\n\n\n<h2 class=\"wp-block-heading\">Diverse<\/h2>\n\n\n\n<ul class=\"wp-block-list\"><li>Paraut\u00f8vere bygger selv den distansen de \u00f8nsker \u00e5 gjennomf\u00f8re ved p\u00e5melding.<\/li><li><strong>Fors\u00f8pling <\/strong>f\u00f8rer til diskvalifikasjon.<\/li><li><strong>Startnummeret <\/strong>skal v\u00e6re synlig under sykkeldelen og p\u00e5 l\u00f8pestappen for tidtakerne. Dette m\u00e5 ut\u00f8veren selv tilpasse etter hvilket utstyr ut\u00f8veren bruker. Dersom du velger \u00e5 feste nummeret med sikkerhetsn\u00e5ler, skal det festes p\u00e5 magen hele veien.<\/li><li>Det er ikke lov med <strong>musikk<\/strong> eller bruk av <strong>mobil <\/strong>p\u00e5 noen av etappene.<\/li><li><strong>Usportslig oppf\u00f8rsel<\/strong> vil bli sl\u00e5tt hardt ned p\u00e5, og kan i verste fall f\u00f8re til diskvalifikasjon.<\/li><li>Det er lov for alle paraut\u00f8vere \u00e5 ha med seg en <strong>hjelper <\/strong>gjennom hele eller deler av l\u00f8ypen dersom dette er avklart p\u00e5 forh\u00e5nd. Hjelperen m\u00e5 selv v\u00e6re i stand til \u00e5 fullf\u00f8re den utvalgte distansen.  <\/li><\/ul>\n\n\n\n<h3 class=\"wp-block-heading\">Lurer du p\u00e5 noe mer?<\/h3>\n\n\n\n<p>Vi \u00f8nsker tett kontakt med v\u00e5re ut\u00f8vere for \u00e5 kunne tilpasse dagen best mulig. Har du sp\u00f8rsm\u00e5l, ikke n\u00f8l med \u00e5 ta kontakt med&nbsp;<a href=\"mailto:triatlon-leder@ntnui.no\">stine.dyngeland@ntnui.no<\/a>&nbsp;eller p\u00e5 v\u00e5r <a href=\"https:\/\/www.facebook.com\/NTNUItri\/?ref=bookmarks\">Facebook <\/a> side!<\/p>\n","protected":false},"excerpt":{"rendered":"<p>Distanse Sv\u00f8m: 25m, 50m, 100m, 200m eller 400mSykkel: 10kmL\u00f8p: 1-4 runder a ca 1100m Sv\u00f8m Man skal v\u00e6re i kontakt med bassengkanten f\u00f8r start. Alle stilarter, og alle hjelpemidler som er avklart med oss p\u00e5 forh\u00e5nd, er tillatt. Sv\u00f8m til h\u00f8yre i banen, sv\u00f8m forbi til venstre. Vendinger skal ikke v\u00e6re til hinder for andre [&hellip;]<\/p>\n","protected":false},"author":54,"featured_media":0,"parent":0,"menu_order":0,"comment_status":"closed","ping_status":"closed","template":"","meta":{"_coblocks_attr":"","_coblocks_dimensions":"","_coblocks_responsive_height":"","_coblocks_accordion_ie_support":"","_price":"","_stock":"","_tribe_ticket_header":"","_tribe_default_ticket_provider":"","_tribe_ticket_capacity":"0","_ticket_start_date":"","_ticket_end_date":"","_tribe_ticket_show_description":"","_tribe_ticket_show_not_going":false,"_tribe_ticket_use_global_stock":"","_tribe_ticket_global_stock_level":"","_global_stock_mode":"","_global_stock_cap":"","_tribe_rsvp_for_event":"","_tribe_ticket_going_count":"","_tribe_ticket_not_going_count":"","_tribe_tickets_list":[],"_tribe_ticket_has_attendee_info_fields":false,"jetpack_post_was_ever_published":false,"footnotes":""},"class_list":["post-4867","page","type-page","status-publish","hentry"],"featured_image_src":null,"featured_image_src_square":null,"jetpack_sharing_enabled":true,"jetpack_shortlink":"https:\/\/wp.me\/PaEoaf-1gv","_links":{"self":[{"href":"https:\/\/ntnui.no\/triatlon\/wp-json\/wp\/v2\/pages\/4867","targetHints":{"allow":["GET"]}}],"collection":[{"href":"https:\/\/ntnui.no\/triatlon\/wp-json\/wp\/v2\/pages"}],"about":[{"href":"https:\/\/ntnui.no\/triatlon\/wp-json\/wp\/v2\/types\/page"}],"author":[{"embeddable":true,"href":"https:\/\/ntnui.no\/triatlon\/wp-json\/wp\/v2\/users\/54"}],"replies":[{"embeddable":true,"href":"https:\/\/ntnui.no\/triatlon\/wp-json\/wp\/v2\/comments?post=4867"}],"version-history":[{"count":4,"href":"https:\/\/ntnui.no\/triatlon\/wp-json\/wp\/v2\/pages\/4867\/revisions"}],"predecessor-version":[{"id":5928,"href":"https:\/\/ntnui.no\/triatlon\/wp-json\/wp\/v2\/pages\/4867\/revisions\/5928"}],"wp:attachment":[{"href":"https:\/\/ntnui.no\/triatlon\/wp-json\/wp\/v2\/media?parent=4867"}],"curies":[{"name":"wp","href":"https:\/\/api.w.org\/{rel}","templated":true}]}}