{"id":4729,"date":"2019-07-26T20:06:58","date_gmt":"2019-07-26T18:06:58","guid":{"rendered":"https:\/\/ntnui.no\/triatlon\/?page_id=4729"},"modified":"2021-08-25T16:35:58","modified_gmt":"2021-08-25T14:35:58","slug":"konkurranseregler","status":"publish","type":"page","link":"https:\/\/ntnui.no\/triatlon\/konkurranseregler\/","title":{"rendered":"Konkurranseregler"},"content":{"rendered":"\n<div class=\"wp-block-buttons is-layout-flex wp-block-buttons-is-layout-flex\">\n<div class=\"wp-block-button\"><a class=\"wp-block-button__link\" href=\"https:\/\/ntnui.no\/triatlon\/konkurranseregler-paratriatlon\/\">Konkurranseregler paratriatlon<\/a><\/div>\n<\/div>\n\n\n\n<h2 class=\"wp-block-heading\">Distanse<\/h2>\n\n\n\n<p>400 m sv\u00f8m &#8211; 19 km sykkel &#8211; 4,5 km l\u00f8p<\/p>\n\n\n\n<h2 class=\"wp-block-heading\">Sv\u00f8m<\/h2>\n\n\n\n<ul class=\"wp-block-list\"><li>Man skal ha \u00e9n h\u00e5nd p\u00e5 bassengkanten f\u00f8r start.<\/li><li>Alle stilarter er lov.<\/li><li>Sv\u00f8m til h\u00f8yre i banen, sv\u00f8m forbi til venstre.<\/li><li>Vendinger skal ikke v\u00e6re til hinder for andre i samme bane.<\/li><\/ul>\n\n\n\n<h2 class=\"wp-block-heading\">Sykkel<\/h2>\n\n\n\n<ul class=\"wp-block-list\"><li><strong>Hjelmen <\/strong>skal v\u00e6re festet p\u00e5 hodet s\u00e5 lenge sykkelen ikke henger i stativet.<\/li><li><strong>Bremser <\/strong>m\u00e5 fungere godt, dette blir sjekket ved ankomst av funksjon\u00e6rer.<\/li><li><strong>Drafting <\/strong>(ligge p\u00e5 hjul) er ikke lov og straffes med 2 minutters tilleggsstid.  Det skal v\u00e6re minimum 10 meter opp til den foran deg.<\/li><li><strong>Passering av andre ut\u00f8vere<\/strong> skal skje til venstre og i l\u00f8pet av 25 sekunder. Dersom du blir passert har du ansvaret for \u00e5 slippe deg ned til riktig avstand i l\u00f8pet av 15 sekunder.<\/li><li>Stasjon\u00e6rvakter er ment som et forebyggende tiltak mot ulykker og skader, men ut\u00f8verne er&nbsp;<strong>selv ansvarlig for \u00e5 f\u00f8lge alle trafikkregler<\/strong>.<\/li><li><strong>Uaktsomhet i trafikken<\/strong> f\u00f8rer til diskvalifikasjon.<\/li><li>Hold lav fart ved innkj\u00f8ring p\u00e5 hovedvei, vendepunkt og avkj\u00f8rsel fra hovedvei.<\/li><\/ul>\n\n\n\n<h2 class=\"wp-block-heading\">L\u00f8p<\/h2>\n\n\n\n<ul class=\"wp-block-list\"><li>Hold til h\u00f8yre under hele etappen, passering p\u00e5 venstre side.<\/li><li>Vis hensyn til andre som bruker gangstien.<\/li><\/ul>\n\n\n\n<h2 class=\"wp-block-heading\">Diverse<\/h2>\n\n\n\n<ul class=\"wp-block-list\"><li><strong>Fors\u00f8pling <\/strong>f\u00f8rer til diskvalifikasjon.<\/li><li><strong>Startnummeret <\/strong>skal v\u00e6re synlig bakfra under sykkeldelen og forfra p\u00e5 l\u00f8pestappen. Dersom du velger \u00e5 feste nummeret med sikkerhetsn\u00e5ler, skal det festes p\u00e5 magen hele veien.<\/li><li> Det er ikke lov med <strong>musikk<\/strong> eller bruk av <strong>mobil <\/strong>p\u00e5 noen av etappene. <\/li><li><strong>Usportslig oppf\u00f8rsel<\/strong> vil bli sl\u00e5tt hardt ned p\u00e5, og kan i verste fall f\u00f8re til diskvalifikasjon.<\/li><\/ul>\n\n\n\n<h3 class=\"wp-block-heading\">Sp\u00f8rsm\u00e5l til reglene?<\/h3>\n\n\n\n<p>Har du sp\u00f8rsm\u00e5l eller innspill, ikke n\u00f8l med \u00e5 ta kontakt med&nbsp;<a href=\"mailto:triatlon-leder@ntnui.no\">triatlon-leder@ntnui.no<\/a>&nbsp;eller p\u00e5 v\u00e5r <a href=\"https:\/\/www.facebook.com\/NTNUItri\/?ref=bookmarks\">Facebook <\/a> side! <br><\/p>\n","protected":false},"excerpt":{"rendered":"<p>Distanse 400 m sv\u00f8m &#8211; 19 km sykkel &#8211; 4,5 km l\u00f8p Sv\u00f8m Man skal ha \u00e9n h\u00e5nd p\u00e5 bassengkanten f\u00f8r start. Alle stilarter er lov. Sv\u00f8m til h\u00f8yre i banen, sv\u00f8m forbi til venstre. Vendinger skal ikke v\u00e6re til hinder for andre i samme bane. Sykkel Hjelmen skal v\u00e6re festet p\u00e5 hodet s\u00e5 lenge [&hellip;]<\/p>\n","protected":false},"author":124,"featured_media":0,"parent":0,"menu_order":0,"comment_status":"closed","ping_status":"closed","template":"","meta":{"_coblocks_attr":"","_coblocks_dimensions":"","_coblocks_responsive_height":"","_coblocks_accordion_ie_support":"","_price":"","_stock":"","_tribe_ticket_header":"","_tribe_default_ticket_provider":"","_tribe_ticket_capacity":"0","_ticket_start_date":"","_ticket_end_date":"","_tribe_ticket_show_description":"","_tribe_ticket_show_not_going":false,"_tribe_ticket_use_global_stock":"","_tribe_ticket_global_stock_level":"","_global_stock_mode":"","_global_stock_cap":"","_tribe_rsvp_for_event":"","_tribe_ticket_going_count":"","_tribe_ticket_not_going_count":"","_tribe_tickets_list":[],"_tribe_ticket_has_attendee_info_fields":false,"jetpack_post_was_ever_published":false,"footnotes":""},"class_list":["post-4729","page","type-page","status-publish","hentry"],"featured_image_src":null,"featured_image_src_square":null,"jetpack_sharing_enabled":true,"jetpack_shortlink":"https:\/\/wp.me\/PaEoaf-1eh","_links":{"self":[{"href":"https:\/\/ntnui.no\/triatlon\/wp-json\/wp\/v2\/pages\/4729","targetHints":{"allow":["GET"]}}],"collection":[{"href":"https:\/\/ntnui.no\/triatlon\/wp-json\/wp\/v2\/pages"}],"about":[{"href":"https:\/\/ntnui.no\/triatlon\/wp-json\/wp\/v2\/types\/page"}],"author":[{"embeddable":true,"href":"https:\/\/ntnui.no\/triatlon\/wp-json\/wp\/v2\/users\/124"}],"replies":[{"embeddable":true,"href":"https:\/\/ntnui.no\/triatlon\/wp-json\/wp\/v2\/comments?post=4729"}],"version-history":[{"count":4,"href":"https:\/\/ntnui.no\/triatlon\/wp-json\/wp\/v2\/pages\/4729\/revisions"}],"predecessor-version":[{"id":5927,"href":"https:\/\/ntnui.no\/triatlon\/wp-json\/wp\/v2\/pages\/4729\/revisions\/5927"}],"wp:attachment":[{"href":"https:\/\/ntnui.no\/triatlon\/wp-json\/wp\/v2\/media?parent=4729"}],"curies":[{"name":"wp","href":"https:\/\/api.w.org\/{rel}","templated":true}]}}