{"id":4648,"date":"2019-02-24T20:11:42","date_gmt":"2019-02-24T20:11:42","guid":{"rendered":"https:\/\/ntnui.no\/triatlon\/?page_id=4648"},"modified":"2026-03-17T11:03:42","modified_gmt":"2026-03-17T10:03:42","slug":"dugnad","status":"publish","type":"page","link":"https:\/\/ntnui.no\/triatlon\/dugnad\/","title":{"rendered":"Dugnad"},"content":{"rendered":"\n<p>I l\u00f8pet av et \u00e5r har vi et bredt tilbud av aktiviteter, og vi er avhengig av alle medlemmers innsats for \u00e5 f\u00e5 det til \u00e5 g\u00e5 rundt. Det er forventet at alle medlemmer tar sin del av arbeidet.<\/p>\n\n\n\n<div class=\"wp-block-buttons is-layout-flex wp-block-buttons-is-layout-flex\">\n<div class=\"wp-block-button\"><a class=\"wp-block-button__link wp-element-button\" href=\"https:\/\/docs.google.com\/spreadsheets\/d\/1OjpN-I07xw3xMDa-OO5eTe6wPoWw78LU_Fd1QrdwIys\/edit?gid=0#gid=0\">Rediger dugnadskalender<\/a><\/div>\n<\/div>\n\n\n\n<div class=\"wp-block-group\"><div class=\"wp-block-group__inner-container is-layout-flow wp-block-group-is-layout-flow\">\n\n\n<p><\/p>\n<\/div><\/div>\n\n\n\n<p>For \u00e5 f\u00e5 delta i gruppen og for \u00e5 f\u00e5 refusjon for konkurranser m\u00e5 man samle inn dugnadspoeng. Mer info om poengene finner du i dugnadskalenderen.<\/p>\n\n\n\n<p>Om du ikke kan m\u00f8te etter \u00e5 ha skrevet deg opp i kalenderen m\u00e5 du selv finne en erstatter.<\/p>\n\n\n","protected":false},"excerpt":{"rendered":"<p>I l\u00f8pet av et \u00e5r har vi et bredt tilbud av aktiviteter, og vi er avhengig av alle medlemmers innsats for \u00e5 f\u00e5 det til \u00e5 g\u00e5 rundt. Det er forventet at alle medlemmer tar sin del av arbeidet. For \u00e5 f\u00e5 delta i gruppen og for \u00e5 f\u00e5 refusjon for konkurranser m\u00e5 man samle [&hellip;]<\/p>\n","protected":false},"author":54,"featured_media":0,"parent":0,"menu_order":0,"comment_status":"closed","ping_status":"closed","template":"","meta":{"_coblocks_attr":"","_coblocks_dimensions":"","_coblocks_responsive_height":"","_coblocks_accordion_ie_support":"","_price":"","_stock":"","_tribe_ticket_header":"","_tribe_default_ticket_provider":"","_tribe_ticket_capacity":"0","_ticket_start_date":"","_ticket_end_date":"","_tribe_ticket_show_description":"","_tribe_ticket_show_not_going":false,"_tribe_ticket_use_global_stock":"","_tribe_ticket_global_stock_level":"","_global_stock_mode":"","_global_stock_cap":"","_tribe_rsvp_for_event":"","_tribe_ticket_going_count":"","_tribe_ticket_not_going_count":"","_tribe_tickets_list":[],"_tribe_ticket_has_attendee_info_fields":false,"jetpack_post_was_ever_published":false,"footnotes":""},"class_list":["post-4648","page","type-page","status-publish","hentry"],"featured_image_src":null,"featured_image_src_square":null,"jetpack_sharing_enabled":true,"jetpack_shortlink":"https:\/\/wp.me\/PaEoaf-1cY","_links":{"self":[{"href":"https:\/\/ntnui.no\/triatlon\/wp-json\/wp\/v2\/pages\/4648","targetHints":{"allow":["GET"]}}],"collection":[{"href":"https:\/\/ntnui.no\/triatlon\/wp-json\/wp\/v2\/pages"}],"about":[{"href":"https:\/\/ntnui.no\/triatlon\/wp-json\/wp\/v2\/types\/page"}],"author":[{"embeddable":true,"href":"https:\/\/ntnui.no\/triatlon\/wp-json\/wp\/v2\/users\/54"}],"replies":[{"embeddable":true,"href":"https:\/\/ntnui.no\/triatlon\/wp-json\/wp\/v2\/comments?post=4648"}],"version-history":[{"count":23,"href":"https:\/\/ntnui.no\/triatlon\/wp-json\/wp\/v2\/pages\/4648\/revisions"}],"predecessor-version":[{"id":9985,"href":"https:\/\/ntnui.no\/triatlon\/wp-json\/wp\/v2\/pages\/4648\/revisions\/9985"}],"wp:attachment":[{"href":"https:\/\/ntnui.no\/triatlon\/wp-json\/wp\/v2\/media?parent=4648"}],"curies":[{"name":"wp","href":"https:\/\/api.w.org\/{rel}","templated":true}]}}