{"id":188,"date":"2019-01-26T23:48:04","date_gmt":"2019-01-26T23:48:04","guid":{"rendered":"https:\/\/ntnui.no\/triatlontest\/?page_id=188"},"modified":"2026-03-17T11:19:24","modified_gmt":"2026-03-17T10:19:24","slug":"faq","status":"publish","type":"page","link":"https:\/\/ntnui.no\/triatlon\/faq\/","title":{"rendered":"FAQ"},"content":{"rendered":"\n<p>Her finner du (kanskje) svaret p\u00e5 det du lurer p\u00e5 om triatlon og gruppen v\u00e5r. Om du ikke finner det du leter etter, er det bare til \u00e5 sende oss et sp\u00f8rsm\u00e5l!<\/p>\n\n\n\n<div class=\"wp-block-media-text alignwide\"><figure class=\"wp-block-media-text__media\"><img loading=\"lazy\" decoding=\"async\" width=\"1024\" height=\"493\" src=\"https:\/\/ntnui.no\/triatlontest\/wp-content\/uploads\/sites\/230\/2019\/01\/18156815_1359271320824088_2064012911587097835_o-1024x493-1024x493.jpg\" alt=\"\" class=\"wp-image-145 size-full\" srcset=\"https:\/\/ntnui.no\/triatlon\/wp-content\/uploads\/sites\/230\/2019\/01\/18156815_1359271320824088_2064012911587097835_o-1024x493.jpg 1024w, https:\/\/ntnui.no\/triatlon\/wp-content\/uploads\/sites\/230\/2019\/01\/18156815_1359271320824088_2064012911587097835_o-1024x493-300x144.jpg 300w, https:\/\/ntnui.no\/triatlon\/wp-content\/uploads\/sites\/230\/2019\/01\/18156815_1359271320824088_2064012911587097835_o-1024x493-768x370.jpg 768w, https:\/\/ntnui.no\/triatlon\/wp-content\/uploads\/sites\/230\/2019\/01\/18156815_1359271320824088_2064012911587097835_o-1024x493-600x289.jpg 600w\" sizes=\"auto, (max-width: 1024px) 100vw, 1024px\" \/><\/figure><div class=\"wp-block-media-text__content\">\n<h3 class=\"wp-block-heading\">Hva er triatlon?<\/h3>\n\n\n\n<p>Triatlon er en multisport best\u00e5ende av sv\u00f8mming, sykling og l\u00f8ping i en og samme konkurranse. Vanligvis er dette ogs\u00e5 rekkef\u00f8lgen det konkurreres i. De vanligste konkurransen varer fra ca \u00e9n time og opp mot 15 timer i de mer ekstreme tilfellene.<\/p>\n<\/div><\/div>\n\n\n\n<h4 class=\"wp-block-heading\">Hva er niv\u00e5 p\u00e5 treningene deres?<\/h4>\n\n\n\n<p>NTNUi triatlon er \u00e5pen for at alle kan v\u00e6re med p\u00e5 trening og justerer tempo eller deler oss opp utifra de som m\u00f8ter opp p\u00e5 trening. N\u00e5r det er sykkeltrening ute (p\u00e5 sommer halv\u00e5ret) sykler vi omtrent 40 km, men justerer dette utifra hvem som m\u00f8ter opp. <\/p>\n\n\n\n<h4 class=\"wp-block-heading\">N\u00e5r, hvor og hva trener dere?<\/h4>\n\n\n\n<p>Se her: <a href=\"https:\/\/ntnui.no\/triatlon\/treninger\/\">https:\/\/ntnui.no\/triatlon\/treninger\/<\/a><\/p>\n\n\n\n<h4 class=\"wp-block-heading\">Er det opptak for \u00e5 bli med i triatlon gruppa?<\/h4>\n\n\n\n<p>Nei. Det er \u00e5pent for alle. <\/p>\n\n\n\n<h4 class=\"wp-block-heading\">Trenger man \u00e5 m\u00f8te opp p\u00e5 treningen?<\/h4>\n\n\n\n<p>Nei. Oppm\u00f8te er helt frivillig. Kom p\u00e5 de treningen du selv \u00f8nsker!<\/p>\n\n\n\n<h4 class=\"wp-block-heading\">Er det mulig \u00e5 komme og pr\u00f8ve en trening f\u00f8r jeg melder meg inn?<\/h4>\n\n\n\n<p>Ja. Det er lov \u00e5 m\u00f8te p\u00e5 treningene vi har utend\u00f8rs, alts\u00e5 morgenjogg og sykkelintervaller i bakke p\u00e5 mandager, intervaller med friidrett onsdager og lang sykkeltur torsdag. Spinning p\u00e5 vinteren og sv\u00f8mming krever aktivt medlemskap.<\/p>\n\n\n\n<h4 class=\"wp-block-heading\">Er det trener p\u00e5 treningen?<\/h4>\n\n\n\n<p>Vi har ingen ansatt trener, men det er alltid et av medlemmene v\u00e5re som leder \u00f8ktene og stiller med program. <\/p>\n\n\n\n<h4 class=\"wp-block-heading\">Hva trenger jeg av utstyr?<\/h4>\n\n\n\n<p>Se her: <a href=\"https:\/\/ntnui.no\/triatlon\/utstyrsliste\/\">https:\/\/ntnui.no\/triatlon\/utstyrsliste\/<\/a><\/p>\n\n\n\n<h4 class=\"wp-block-heading\">Er det mulig \u00e5 l\u00e5ne landeveis sykkel?<\/h4>\n\n\n\n<p>Ja, vi har tilbud om utleie av sykkel. Se i butikken v\u00e5r for mer informasjon: <a href=\"https:\/\/ntnui.no\/triatlon\/butikk\/\">https:\/\/ntnui.no\/triatlon\/butikk\/<\/a><\/p>\n","protected":false},"excerpt":{"rendered":"<p>Her finner du (kanskje) svaret p\u00e5 det du lurer p\u00e5 om triatlon og gruppen v\u00e5r. Om du ikke finner det du leter etter, er det bare til \u00e5 sende oss et sp\u00f8rsm\u00e5l! Hva er triatlon? Triatlon er en multisport best\u00e5ende av sv\u00f8mming, sykling og l\u00f8ping i en og samme konkurranse. Vanligvis er dette ogs\u00e5 rekkef\u00f8lgen [&hellip;]<\/p>\n","protected":false},"author":54,"featured_media":0,"parent":0,"menu_order":0,"comment_status":"closed","ping_status":"closed","template":"","meta":{"_coblocks_attr":"","_coblocks_dimensions":"","_coblocks_responsive_height":"","_coblocks_accordion_ie_support":"","_price":"","_stock":"","_tribe_ticket_header":"","_tribe_default_ticket_provider":"","_tribe_ticket_capacity":"0","_ticket_start_date":"","_ticket_end_date":"","_tribe_ticket_show_description":"","_tribe_ticket_show_not_going":false,"_tribe_ticket_use_global_stock":"","_tribe_ticket_global_stock_level":"","_global_stock_mode":"","_global_stock_cap":"","_tribe_rsvp_for_event":"","_tribe_ticket_going_count":"","_tribe_ticket_not_going_count":"","_tribe_tickets_list":[],"_tribe_ticket_has_attendee_info_fields":false,"jetpack_post_was_ever_published":false,"footnotes":""},"class_list":["post-188","page","type-page","status-publish","hentry"],"featured_image_src":null,"featured_image_src_square":null,"jetpack_sharing_enabled":true,"jetpack_shortlink":"https:\/\/wp.me\/PaEoaf-32","_links":{"self":[{"href":"https:\/\/ntnui.no\/triatlon\/wp-json\/wp\/v2\/pages\/188","targetHints":{"allow":["GET"]}}],"collection":[{"href":"https:\/\/ntnui.no\/triatlon\/wp-json\/wp\/v2\/pages"}],"about":[{"href":"https:\/\/ntnui.no\/triatlon\/wp-json\/wp\/v2\/types\/page"}],"author":[{"embeddable":true,"href":"https:\/\/ntnui.no\/triatlon\/wp-json\/wp\/v2\/users\/54"}],"replies":[{"embeddable":true,"href":"https:\/\/ntnui.no\/triatlon\/wp-json\/wp\/v2\/comments?post=188"}],"version-history":[{"count":6,"href":"https:\/\/ntnui.no\/triatlon\/wp-json\/wp\/v2\/pages\/188\/revisions"}],"predecessor-version":[{"id":9991,"href":"https:\/\/ntnui.no\/triatlon\/wp-json\/wp\/v2\/pages\/188\/revisions\/9991"}],"wp:attachment":[{"href":"https:\/\/ntnui.no\/triatlon\/wp-json\/wp\/v2\/media?parent=188"}],"curies":[{"name":"wp","href":"https:\/\/api.w.org\/{rel}","templated":true}]}}