{"id":8544,"date":"2026-04-03T11:00:11","date_gmt":"2026-04-03T09:00:11","guid":{"rendered":"https:\/\/ntnui.no\/toppturogfrikjoring\/?post_type=product&#038;p=8544"},"modified":"2026-04-09T13:08:43","modified_gmt":"2026-04-09T11:08:43","slug":"jotunheimen-sjafor","status":"publish","type":"product","link":"https:\/\/ntnui.no\/toppturogfrikjoring\/product\/jotunheimen-sjafor\/","title":{"rendered":"Jotunheimen, Sj\u00e5f\u00f8r"},"content":{"rendered":"<p><span style=\"font-weight: 400\">(English below)<\/span><\/p>\n<p><span style=\"font-weight: 400\">HALLO ALLE SAMMEN!<\/span><\/p>\n<p><span style=\"font-weight: 400\"><br \/>\n<\/span><span style=\"font-weight: 400\">Vi gleder oss til \u00e5 arrangere tur til Sognefjellet 17. &#8211; 19. april. Avreise blir fra Gl\u00f8shaugen kl 14.00 fredag 17.04. Planen er \u00e5 bo ved Krossbu i Jotunheimen, tett p\u00e5 flotte turmuligheter. Vi legger opp til tur l\u00f8rdag og s\u00f8ndag, f\u00f8r vi kj\u00f8rer hjem til Trondheim s\u00f8ndag ettermiddag\/kveld. Mer info og pakkeliste kommer.<\/span><\/p>\n<p><span style=\"font-weight: 400\">NB: Viktig at dere leser alt som st\u00e5r under:)<\/span><\/p>\n<p><span style=\"font-weight: 400\">NOEN TURMULIGHETER:<\/span><span style=\"font-weight: 400\"><br \/>\n<\/span><span style=\"font-weight: 400\">Veslbreatinden, Store Sm\u00f8rstabbstinden, Storebj\u00f8rn, Sokse, Kalven og Veslebj\u00f8rn.<\/span><\/p>\n<p><span style=\"font-weight: 400\">VIKTIGE DATOER:<\/span><span style=\"font-weight: 400\"><br \/>\n<\/span><span style=\"font-weight: 400\">03.04 Early-Bird p\u00e5melding \u00e5pner klokken kl 12.00, (kun for komitemedlemmer)<\/span><span style=\"font-weight: 400\"><br \/>\n<\/span><span style=\"font-weight: 400\">08.04 Ordin\u00e6r p\u00e5melding \u00e5pner klokken 12.00<\/span><span style=\"font-weight: 400\"><br \/>\n<\/span><span style=\"font-weight: 400\">17.04 14:00 Avreise fra Hovedbygget p\u00e5 NTNU Gl\u00f8shaugen<\/span><span style=\"font-weight: 400\"><br \/>\n<\/span><span style=\"font-weight: 400\">Ordin\u00e6r p\u00e5melding vil legges ut her i arrangementet. Det blir totalt 16 deltakere p\u00e5 turen, hvor halvparten er satt av til komitemedlemmer.<\/span><\/p>\n<p><span style=\"font-weight: 400\">MINIMUMSKRAV:<\/span><span style=\"font-weight: 400\"><br \/>\n<\/span><span style=\"font-weight: 400\">Gyldig medlemskap i NTNUI kreves for \u00e5 melde seg p\u00e5.<\/span><span style=\"font-weight: 400\"><br \/>\n<\/span><span style=\"font-weight: 400\">Dere m\u00e5 ha med eget skredutstyr, sender\/mottaker, spade og s\u00f8kestang. TF har noen f\u00e5 skredpakker til utleie, send mail til tf-nestleder@ntnui.nodersom det er av interesse. Vi har dessverre ikke noe annet utstyr til leie.<\/span><\/p>\n<p>&nbsp;<\/p>\n<p><span style=\"font-weight: 400\">Egnet toppturutstyr til \u00e5 g\u00e5 tur med, toppturski, telemark, splitboard etc.<\/span><\/p>\n<p>&nbsp;<\/p>\n<p><span style=\"font-weight: 400\">Alle deltakere m\u00e5 mestre den grunnleggende bruken av b\u00e5de skred- og skiutstyret. Du m\u00e5 ha v\u00e6rt p\u00e5 tur f\u00f8r og kunne ta vare p\u00e5 deg selv i vinterfjellet. Har du ingen erfaring med toppturer p\u00e5 vinteren kan nybegynnerkurs hos DNT eller et av de profesjonelle guideselskapene anbefales som inngang til denne herlige sporten.<\/span><span style=\"font-weight: 400\"><br \/>\n<\/span><span style=\"font-weight: 400\">Ingen av TFs turer er guidet, her st\u00e5r man fritt til \u00e5 legge opp turer selv.\u00a0<\/span><\/p>\n<p><span style=\"font-weight: 400\">Ettersom omr\u00e5det inneholder en haug av lekre turer gir dette store muligheter for flotte opplevelser! Dette legger ansvaret p\u00e5 den enkelte deltaker, b\u00e5de i turplanlegging og avgj\u00f8relser som tas p\u00e5 tur. TF har ikke ansvar for deg og du er heller ikke forsikret gjennom TF n\u00e5r du er p\u00e5 tur med oss. Egen reiseforsikring anbefales sterkt.<\/span><\/p>\n<p>&nbsp;<\/p>\n<p><span style=\"font-weight: 400\">Ved kj\u00f8p av billetten godkjenner dere TF sin ansvarsfraskrivelse! Den SKAL leses og den finner dere her:\u00a0<\/span><\/p>\n<p><a href=\"https:\/\/docs.google.com\/document\/d\/13epxdiCaEWolp1GUcXg31fVVpaPJNDXwCrM3qEZ-ofU\/edit?usp=sharing\"><span style=\"font-weight: 400\">https:\/\/docs.google.com\/document\/d\/13epxdiCaEWolp1GUcXg31fVVpaPJNDXwCrM3qEZ-ofU\/edit?usp=sharing<\/span><\/a><\/p>\n<p><span style=\"font-weight: 400\">KOSTNADER:<\/span><span style=\"font-weight: 400\"><br \/>\n<\/span><span style=\"font-weight: 400\">Turen vil koste 950 kr. Det inkluderer transport, overnatting, middag(l\u00f8rdag) og frokost(l\u00f8rdag\/s\u00f8ndag). Lunsj og snacks st\u00e5r deltakeren for selv. P\u00e5meldingen er bindende. Kan du ikke delta p\u00e5 turen er du selv ansvarlig for \u00e5 selge billetten videre. Ved videresalg er det viktig at vi f\u00e5r kontaktinformasjon til den som overtok plassen. Dette sendes til <\/span><a href=\"mailto:hegelst@stud.ntnu.no\"><b>hegelst@stud.ntnu.no<\/b><\/a><b>\u00a0<\/b><\/p>\n<p><span style=\"font-weight: 400\">TRANSPORT:<\/span><span style=\"font-weight: 400\"><br \/>\n<\/span><span style=\"font-weight: 400\">For \u00e5 komme oss tur, er vi avhengig av at noen deltakere stiller med bil. Ta kontakt med <\/span><b>maglangb@stud.ntnu.no<\/b><span style=\"font-weight: 400\">. Sj\u00e5f\u00f8rer er sikret plass p\u00e5 turen f\u00f8r p\u00e5meldingen, og blir kompensert 3,5 kr\/km. Bilen din m\u00e5 ha plass til deg selv og tre andre personer og alt av utstyr. Biler med takboks og god plass vil bli prioritert. Skriv merke og modell i mailen. N\u00e5r du stiller med bil har du et ekstra ansvar for at alle faktisk kommer seg ut p\u00e5 tur hver dag. Ingen biler skal forlate hytta halvtomme, og bruker man den ikke selv s\u00e5 m\u00e5 man v\u00e6re forberedt p\u00e5 \u00e5 l\u00e5ne den bort. Sj\u00e5f\u00f8r er selv ansvarlig for bilen i den forstand at utforkj\u00f8ring, bulking etc m\u00e5 dekkes av egen forsikring, og NTNUI er ikke erstatningsansvarlig for eventuelle skader p\u00e5 bil.<\/span><\/p>\n<p><span style=\"font-weight: 400\">Vi gleder oss!<\/span><span style=\"font-weight: 400\"><br \/>\n<\/span><span style=\"font-weight: 400\">Hilsen Magnus og Hege<\/span><\/p>\n<p><span style=\"font-weight: 400\">HELLO EVERYONE!<\/span><span style=\"font-weight: 400\"><br \/>\n<\/span><span style=\"font-weight: 400\">We are excited to organize a trip to Jotunheimen from April 17th to 19th. Departure will be from Gl\u00f8shaugen at 2:00 PM on Friday, April 17th. The plan is to stay near Krossbu in Jotunheimen, close to great skiing opportunities. We are planning trips on Saturday and Sunday before heading back to Trondheim on Sunday afternoon\/evening. More information and a packing list will follow.<\/span><\/p>\n<p><span style=\"font-weight: 400\">NB: It is important that you read everything below \ud83d\ude42<\/span><\/p>\n<p><span style=\"font-weight: 400\">SOME TOURING OPTIONS:<\/span><span style=\"font-weight: 400\"><br \/>\n<\/span><span style=\"font-weight: 400\">Veslbreatinden, Storebj\u00f8rn, Store Sm\u00f8rstabbstinden, Sokse, Kalven and Veslebj\u00f8rn.<\/span><\/p>\n<p><span style=\"font-weight: 400\">IMPORTANT DATES:<\/span><span style=\"font-weight: 400\"><br \/>\n<\/span><span style=\"font-weight: 400\">03.04 Early-bird registration opens at 12:00 PM (committee members only)<\/span><span style=\"font-weight: 400\"><br \/>\n<\/span><span style=\"font-weight: 400\">08.04 General registration opens at 12:00 PM<\/span><span style=\"font-weight: 400\"><br \/>\n<\/span><span style=\"font-weight: 400\">17.04 2:00 PM Departure from the Main Building at NTNU Gl\u00f8shaugen<\/span><\/p>\n<p><span style=\"font-weight: 400\">General registration will be posted here in the event. There will be a total of 16 participants on the trip, with half of the spots reserved for committee members.<\/span><\/p>\n<p><span style=\"font-weight: 400\">MINIMUM REQUIREMENTS:<\/span><span style=\"font-weight: 400\"><br \/>\n<\/span><span style=\"font-weight: 400\">A valid NTNUI membership is required to sign up.<\/span><span style=\"font-weight: 400\"><br \/>\n<\/span><span style=\"font-weight: 400\">You must bring your own avalanche safety equipment: transceiver, shovel, and probe. TF has a few avalanche kits available for rent; send an email to <\/span><a href=\"mailto:tf-nestleder@ntnui.nodersom\"><b>tf-nestleder@ntnui.nodersom<\/b><\/a> <span style=\"font-weight: 400\">if that is of interest. Unfortunately, we do not have any other equipment available for rent.<\/span><\/p>\n<p><span style=\"font-weight: 400\">Suitable ski touring equipment is required, such as touring skis, telemark skis, splitboard, etc.<\/span><\/p>\n<p><span style=\"font-weight: 400\"><br \/>\n<\/span><span style=\"font-weight: 400\">All participants must be able to use both avalanche and ski equipment at a basic level. You must have previous touring experience and be able to take care of yourself in winter mountain conditions. If you have no experience with winter ski touring, a beginner course with DNT or one of the professional guiding companies is recommended as an introduction to this wonderful sport.<\/span><\/p>\n<p><span style=\"font-weight: 400\">None of TF\u2019s trips are guided, so participants are free to plan their own tours. Since the area offers a wide range of great routes, there are plenty of opportunities for amazing experiences. This also means that each participant is responsible for their own tour planning and the decisions made during the trip. TF is not responsible for you, and you are not insured through TF while joining our trips. Personal travel insurance is strongly recommended.<\/span><\/p>\n<p><span style=\"font-weight: 400\">By purchasing a ticket, you accept TF\u2019s disclaimer of liability. It should be read and you can find it here:<\/span><\/p>\n<p><a href=\"https:\/\/docs.google.com\/document\/d\/13epxdiCaEWolp1GUcXg31fVVpaPJNDXwCrM3qEZ-ofU\/edit?usp=sharing\"><span style=\"font-weight: 400\">https:\/\/docs.google.com\/document\/d\/13epxdiCaEWolp1GUcXg31fVVpaPJNDXwCrM3qEZ-ofU\/edit?usp=sharing<\/span><\/a><\/p>\n<p><span style=\"font-weight: 400\">COSTS:<\/span><span style=\"font-weight: 400\"><br \/>\n<\/span><span style=\"font-weight: 400\">The trip will cost 950 NOK. This includes transport, accommodation, dinner (Saturday), and breakfast (Saturday\/Sunday). Participants must bring their own lunch and snacks. Registration is binding. If you are unable to attend, you are responsible for reselling your ticket yourself. In the case of resale, it is important that we receive the contact information of the person taking over the spot. This should be sent to <\/span><a href=\"mailto:hegelst@stud.ntnu.no\"><b>hegelst@stud.ntnu.no<\/b><\/a><b>\u00a0<\/b><\/p>\n<p><span style=\"font-weight: 400\">TRANSPORT:<\/span><span style=\"font-weight: 400\"><br \/>\n<\/span><span style=\"font-weight: 400\">To make the trip possible, we depend on some participants bringing cars. Please contact <\/span><b>maglangb@stud.ntnu.no<\/b><span style=\"font-weight: 400\">. Drivers are guaranteed a spot on the trip before registration opens, and they will be compensated 3.5 NOK\/km. Your car must have space for yourself, three other people, and all the necessary equipment. Cars with roof boxes and good storage capacity will be prioritized. Please include the make and model of your car in the email. When you bring a car, you also take on extra responsibility to ensure that everyone actually gets out on tour each day. No cars should leave the cabin half empty, and if you are not using your car yourself, you must be prepared to lend it out. The driver is personally responsible for the car, meaning that accidents, dents, and similar damage must be covered by their own insurance. NTNUI is not liable for any damage to the car.<\/span><\/p>\n<p><span style=\"font-weight: 400\">We\u2019re looking forward to the trip!<\/span><span style=\"font-weight: 400\"><br \/>\n<\/span><span style=\"font-weight: 400\">Best regards,<\/span><span style=\"font-weight: 400\"><br \/>\n<\/span><span style=\"font-weight: 400\">Magnus and Hege<\/span><\/p>\n","protected":false},"excerpt":{"rendered":"<ol>\n<li>Ved \u00e5 kj\u00f8pe v\u00e5rt produkt godtar du v\u00e5re reisebetingelser<\/li>\n<\/ol>\n<hr \/>\n<p>By purchasing our product you accept our terms of travel<\/p>\n<p><em><a href=\"https:\/\/ntnui.no\/toppturogfrikjoring\/reisebetingelser-2\">Reisebetingelser<\/a>\/<a href=\"https:\/\/ntnui.no\/toppturogfrikjoring\/en\/terms-of-travel\/\">Terms of travel<\/a><\/em><\/p>\n","protected":false},"featured_media":8542,"comment_status":"open","ping_status":"closed","template":"","meta":{"inline_featured_image":false,"_coblocks_attr":"","_coblocks_dimensions":"","_coblocks_responsive_height":"","_coblocks_accordion_ie_support":"","_price":"1100","_stock":"0","_tribe_ticket_header":"","_tribe_default_ticket_provider":"","_tribe_ticket_capacity":"10","_ticket_start_date":"","_ticket_end_date":"","_tribe_ticket_show_description":"","_tribe_ticket_show_not_going":false,"_tribe_ticket_use_global_stock":"","_tribe_ticket_global_stock_level":"","_global_stock_mode":"","_global_stock_cap":"","_tribe_rsvp_for_event":"","_tribe_ticket_going_count":"","_tribe_ticket_not_going_count":"","_tribe_tickets_list":[],"_tribe_ticket_has_attendee_info_fields":false},"product_brand":[],"product_cat":[39],"product_tag":[],"class_list":{"0":"post-8544","1":"product","2":"type-product","3":"status-publish","4":"has-post-thumbnail","6":"product_cat-trip","8":"first","9":"outofstock","10":"virtual","11":"sold-individually","12":"purchasable","13":"product-type-simple"},"_links":{"self":[{"href":"https:\/\/ntnui.no\/toppturogfrikjoring\/wp-json\/wp\/v2\/product\/8544","targetHints":{"allow":["GET"]}}],"collection":[{"href":"https:\/\/ntnui.no\/toppturogfrikjoring\/wp-json\/wp\/v2\/product"}],"about":[{"href":"https:\/\/ntnui.no\/toppturogfrikjoring\/wp-json\/wp\/v2\/types\/product"}],"replies":[{"embeddable":true,"href":"https:\/\/ntnui.no\/toppturogfrikjoring\/wp-json\/wp\/v2\/comments?post=8544"}],"wp:featuredmedia":[{"embeddable":true,"href":"https:\/\/ntnui.no\/toppturogfrikjoring\/wp-json\/wp\/v2\/media\/8542"}],"wp:attachment":[{"href":"https:\/\/ntnui.no\/toppturogfrikjoring\/wp-json\/wp\/v2\/media?parent=8544"}],"wp:term":[{"taxonomy":"product_brand","embeddable":true,"href":"https:\/\/ntnui.no\/toppturogfrikjoring\/wp-json\/wp\/v2\/product_brand?post=8544"},{"taxonomy":"product_cat","embeddable":true,"href":"https:\/\/ntnui.no\/toppturogfrikjoring\/wp-json\/wp\/v2\/product_cat?post=8544"},{"taxonomy":"product_tag","embeddable":true,"href":"https:\/\/ntnui.no\/toppturogfrikjoring\/wp-json\/wp\/v2\/product_tag?post=8544"}],"curies":[{"name":"wp","href":"https:\/\/api.w.org\/{rel}","templated":true}]}}