{"id":8483,"date":"2026-03-23T19:59:05","date_gmt":"2026-03-23T18:59:05","guid":{"rendered":"https:\/\/ntnui.no\/toppturogfrikjoring\/?post_type=product&#038;p=8483"},"modified":"2026-03-31T22:04:13","modified_gmt":"2026-03-31T20:04:13","slug":"blatur-arrangor-3","status":"publish","type":"product","link":"https:\/\/ntnui.no\/toppturogfrikjoring\/product\/blatur-arrangor-3\/","title":{"rendered":"Bl\u00e5tur, Arrang\u00f8r"},"content":{"rendered":"<div class=\"xdj266r x14z9mp xat24cr x1lziwak x1vvkbs\">Hei alle fine skifolk!!<\/div>\n<div class=\"x14z9mp xat24cr x1lziwak x1vvkbs xtlvy1s\">\n<p>Helga etter p\u00e5ske, 10. &#8211; 12. april, skjer v\u00e5rens vakreste eventyr; BL\u00c5TUR!! Turkomleder \u00c5dne og leder Hanna har gleden av \u00e5 invitere alle dere fine komitemedlemmer med p\u00e5 dette eventyret. De aller fleste detaljene rundt dette arrangementet er under strengt hemmelighold, men jeg kan r\u00f8pe at det blir ski og diverse andre hyggebaserte innslag.<\/p>\n<p>Vi gleder oss masse og hvis du er keen p\u00e5 en liten utvidet p\u00e5skeferie, s\u00e5 er det billettslipp torsdag 26. mars. Vil du stille som sj\u00e5f\u00f8r s\u00e5 send melding til meg og du er KLINK med!<\/p>\n<p>Avreise er tidlig fredag 10. april og vi er hjemme i Trondheim en gang utover ettermiddag\/kveld s\u00f8ndag 12. april.<\/p>\n<p>Bl\u00e5tur er BARE for komitemedlemmer, s\u00e5 det pleier \u00e5 v\u00e6re rimelig grei stemning f\u00e5sds! Vi har ogs\u00e5 f\u00e5tt end del st\u00f8tte fra NTNUI sentralt, s\u00e5 det kommer til \u00e5 bli ganske god value! Prisen blir 1755 kr!!<\/p>\n<\/div>\n<div class=\"x14z9mp xat24cr x1lziwak x1vvkbs xtlvy1s\"><\/div>\n","protected":false},"excerpt":{"rendered":"<ol>\n<li>Ved \u00e5 kj\u00f8pe v\u00e5rt produkt godtar du v\u00e5re reisebetingelser<\/li>\n<\/ol>\n<hr \/>\n<p>By purchasing our product you accept our terms of travel<\/p>\n<p><em><a href=\"https:\/\/ntnui.no\/toppturogfrikjoring\/reisebetingelser-2\">Reisebetingelser<\/a>\/<a href=\"https:\/\/ntnui.no\/toppturogfrikjoring\/en\/terms-of-travel\/\">Terms of travel<\/a><\/em><\/p>\n","protected":false},"featured_media":8485,"comment_status":"open","ping_status":"closed","template":"","meta":{"inline_featured_image":false,"_coblocks_attr":"","_coblocks_dimensions":"","_coblocks_responsive_height":"","_coblocks_accordion_ie_support":"","_price":"1755","_stock":"0","_tribe_ticket_header":"","_tribe_default_ticket_provider":"","_tribe_ticket_capacity":"10","_ticket_start_date":"","_ticket_end_date":"","_tribe_ticket_show_description":"","_tribe_ticket_show_not_going":false,"_tribe_ticket_use_global_stock":"","_tribe_ticket_global_stock_level":"","_global_stock_mode":"","_global_stock_cap":"","_tribe_rsvp_for_event":"","_tribe_ticket_going_count":"","_tribe_ticket_not_going_count":"","_tribe_tickets_list":[],"_tribe_ticket_has_attendee_info_fields":false},"product_brand":[],"product_cat":[39],"product_tag":[],"class_list":{"0":"post-8483","1":"product","2":"type-product","3":"status-publish","4":"has-post-thumbnail","6":"product_cat-trip","8":"first","9":"outofstock","10":"virtual","11":"sold-individually","12":"purchasable","13":"product-type-simple"},"_links":{"self":[{"href":"https:\/\/ntnui.no\/toppturogfrikjoring\/wp-json\/wp\/v2\/product\/8483","targetHints":{"allow":["GET"]}}],"collection":[{"href":"https:\/\/ntnui.no\/toppturogfrikjoring\/wp-json\/wp\/v2\/product"}],"about":[{"href":"https:\/\/ntnui.no\/toppturogfrikjoring\/wp-json\/wp\/v2\/types\/product"}],"replies":[{"embeddable":true,"href":"https:\/\/ntnui.no\/toppturogfrikjoring\/wp-json\/wp\/v2\/comments?post=8483"}],"wp:featuredmedia":[{"embeddable":true,"href":"https:\/\/ntnui.no\/toppturogfrikjoring\/wp-json\/wp\/v2\/media\/8485"}],"wp:attachment":[{"href":"https:\/\/ntnui.no\/toppturogfrikjoring\/wp-json\/wp\/v2\/media?parent=8483"}],"wp:term":[{"taxonomy":"product_brand","embeddable":true,"href":"https:\/\/ntnui.no\/toppturogfrikjoring\/wp-json\/wp\/v2\/product_brand?post=8483"},{"taxonomy":"product_cat","embeddable":true,"href":"https:\/\/ntnui.no\/toppturogfrikjoring\/wp-json\/wp\/v2\/product_cat?post=8483"},{"taxonomy":"product_tag","embeddable":true,"href":"https:\/\/ntnui.no\/toppturogfrikjoring\/wp-json\/wp\/v2\/product_tag?post=8483"}],"curies":[{"name":"wp","href":"https:\/\/api.w.org\/{rel}","templated":true}]}}