{"id":8379,"date":"2026-03-10T12:00:09","date_gmt":"2026-03-10T11:00:09","guid":{"rendered":"https:\/\/ntnui.no\/toppturogfrikjoring\/?post_type=product&#038;p=8379"},"modified":"2026-03-17T19:41:08","modified_gmt":"2026-03-17T18:41:08","slug":"tf-freeride-etterfest-billett","status":"publish","type":"product","link":"https:\/\/ntnui.no\/toppturogfrikjoring\/product\/tf-freeride-etterfest-billett\/","title":{"rendered":"TF Freeride, Etterfest Billett"},"content":{"rendered":"<p data-path-to-node=\"3\"><b class=\"\" data-path-to-node=\"3\" data-index-in-node=\"0\">Etterfest: TF FreeRide 2026<\/b><\/p>\n<p data-path-to-node=\"3\"><span class=\"\"> Denne billetten gjelder for den offisielle etterfesten til TF FreeRide i Oppdal!<\/span><span class=\"\"> Etter en r\u00e5 dag med konkurranse i bakken,<\/span><span class=\"\"> inviterer vi til fest p\u00e5 <\/span><b class=\"\" data-path-to-node=\"3\" data-index-in-node=\"178\">Skytterhuset<\/b><span class=\"\"> l\u00f8rdag 14.<\/span><span class=\"\"> mars.<\/span><span class=\"\"> D\u00f8rene \u00e5pner kl.<\/span><span class=\"\"> 20:<\/span><span class=\"\">00.<\/span><\/p>\n<p data-path-to-node=\"4\"><b class=\"\" data-path-to-node=\"4\" data-index-in-node=\"0\">Viktig informasjon:<\/b><\/p>\n<ul data-path-to-node=\"5\">\n<li>\n<p data-path-to-node=\"5,0,0\"><b class=\"\" data-path-to-node=\"5,0,0\" data-index-in-node=\"0\">Hva er inkludert:<\/b><span class=\"\"> Billetten gir kun inngang til festen.<\/span><span class=\"\"> Overnatting m\u00e5 bestilles og organiseres p\u00e5 egen h\u00e5nd.<\/span><\/p>\n<\/li>\n<li>\n<p data-path-to-node=\"5,1,0\"><b class=\"\" data-path-to-node=\"5,1,0\" data-index-in-node=\"0\">Allerede billett?<\/b><span class=\"\"> Dersom du allerede har deltaker- eller publikumsbillett,<\/span><span class=\"\"> er inngang til afterpartyet inkludert i prisen.<\/span><\/p>\n<\/li>\n<\/ul>\n<p>&nbsp;<\/p>\n<p>&nbsp;<\/p>\n<p>ENGLISH VERSION:<\/p>\n<p data-path-to-node=\"9\"><b class=\"\" data-path-to-node=\"9\" data-index-in-node=\"0\">Afterparty: TF FreeRide 2026<\/b><\/p>\n<p data-path-to-node=\"9\"><span class=\"\">This ticket grants you access to the official TF FreeRide afterparty in Oppdal!<\/span><span class=\"\"> Following an intense day of competition,<\/span><span class=\"\"> we\u2019re heading to <\/span><b class=\"\" data-path-to-node=\"9\" data-index-in-node=\"167\">Skytterhuset<\/b><span class=\"\"> on March 14th to celebrate.<\/span><span class=\"\"> The party kicks off at 20:<\/span><span class=\"\">00 (8 PM).<\/span><\/p>\n<p data-path-to-node=\"10\"><b class=\"\" data-path-to-node=\"10\" data-index-in-node=\"0\">Please note:<\/b><\/p>\n<ul data-path-to-node=\"11\">\n<li>\n<p data-path-to-node=\"11,0,0\"><b class=\"\" data-path-to-node=\"11,0,0\" data-index-in-node=\"0\">Accommodation:<\/b><span class=\"\"> This ticket covers the entrance fee only.<\/span><span class=\"\"> Lodging is not included,<\/span><span class=\"\"> and guests must arrange their own accommodation.<\/span><\/p>\n<\/li>\n<li>\n<p data-path-to-node=\"11,1,0\"><b class=\"\" data-path-to-node=\"11,1,0\" data-index-in-node=\"0\">Already have a ticket?<\/b><span class=\"\"> If you have already purchased a Participant or Spectator ticket,<\/span><span class=\"\"> entry to the afterparty is already included.<\/span><\/p>\n<\/li>\n<\/ul>\n","protected":false},"excerpt":{"rendered":"<p>Ved \u00e5 kj\u00f8pe v\u00e5rt produkt godtar du v\u00e5re reisebetingelser<\/p>\n<hr \/>\n<p>By purchasing our product you accept our terms of travel<\/p>\n<p><em><a href=\"https:\/\/ntnui.no\/toppturogfrikjoring\/reisebetingelser-2\">Reisebetingelser<\/a>\/<a href=\"https:\/\/ntnui.no\/toppturogfrikjoring\/en\/terms-of-travel\/\">Terms of travel<\/a><\/em><\/p>\n","protected":false},"featured_media":8057,"comment_status":"open","ping_status":"closed","template":"","meta":{"inline_featured_image":false,"_coblocks_attr":"","_coblocks_dimensions":"","_coblocks_responsive_height":"","_coblocks_accordion_ie_support":"","_price":"50","_stock":"18","_tribe_ticket_header":"","_tribe_default_ticket_provider":"","_tribe_ticket_capacity":"10","_ticket_start_date":"","_ticket_end_date":"","_tribe_ticket_show_description":"","_tribe_ticket_show_not_going":false,"_tribe_ticket_use_global_stock":"","_tribe_ticket_global_stock_level":"","_global_stock_mode":"","_global_stock_cap":"","_tribe_rsvp_for_event":"","_tribe_ticket_going_count":"","_tribe_ticket_not_going_count":"","_tribe_tickets_list":[],"_tribe_ticket_has_attendee_info_fields":false},"product_brand":[],"product_cat":[40],"product_tag":[],"class_list":{"0":"post-8379","1":"product","2":"type-product","3":"status-publish","4":"has-post-thumbnail","6":"product_cat-uncategorized","8":"first","9":"instock","10":"virtual","11":"sold-individually","12":"purchasable","13":"product-type-simple"},"_links":{"self":[{"href":"https:\/\/ntnui.no\/toppturogfrikjoring\/wp-json\/wp\/v2\/product\/8379","targetHints":{"allow":["GET"]}}],"collection":[{"href":"https:\/\/ntnui.no\/toppturogfrikjoring\/wp-json\/wp\/v2\/product"}],"about":[{"href":"https:\/\/ntnui.no\/toppturogfrikjoring\/wp-json\/wp\/v2\/types\/product"}],"replies":[{"embeddable":true,"href":"https:\/\/ntnui.no\/toppturogfrikjoring\/wp-json\/wp\/v2\/comments?post=8379"}],"wp:featuredmedia":[{"embeddable":true,"href":"https:\/\/ntnui.no\/toppturogfrikjoring\/wp-json\/wp\/v2\/media\/8057"}],"wp:attachment":[{"href":"https:\/\/ntnui.no\/toppturogfrikjoring\/wp-json\/wp\/v2\/media?parent=8379"}],"wp:term":[{"taxonomy":"product_brand","embeddable":true,"href":"https:\/\/ntnui.no\/toppturogfrikjoring\/wp-json\/wp\/v2\/product_brand?post=8379"},{"taxonomy":"product_cat","embeddable":true,"href":"https:\/\/ntnui.no\/toppturogfrikjoring\/wp-json\/wp\/v2\/product_cat?post=8379"},{"taxonomy":"product_tag","embeddable":true,"href":"https:\/\/ntnui.no\/toppturogfrikjoring\/wp-json\/wp\/v2\/product_tag?post=8379"}],"curies":[{"name":"wp","href":"https:\/\/api.w.org\/{rel}","templated":true}]}}