{"id":8310,"date":"2026-03-02T17:21:01","date_gmt":"2026-03-02T16:21:01","guid":{"rendered":"https:\/\/ntnui.no\/toppturogfrikjoring\/?post_type=product&#038;p=8310"},"modified":"2026-03-15T22:21:23","modified_gmt":"2026-03-15T21:21:23","slug":"romsdalssamling-2-sjafor","status":"publish","type":"product","link":"https:\/\/ntnui.no\/toppturogfrikjoring\/product\/romsdalssamling-2-sjafor\/","title":{"rendered":"Romsdalssamling 2, Sj\u00e5f\u00f8r"},"content":{"rendered":"<p>Hei alle sammen!<\/p>\n<p>Vi gleder oss stort til \u00e5 invitere dere med p\u00e5 tur til Romsdalen den 19.\u201322. mars. Dette blir en helg fylt med fantastiske turmuligheter og god stemning! Vi skal bo p\u00e5 Isfjorden bedehus, som ligger midt i sm\u00f8r\u00f8yet for turer i b\u00e5de Venjedalen, Skorgedalen og resten av omr\u00e5det. Siden det ikke er senger i bedehuset, m\u00e5 alle ta med liggeunderlag og sovepose. Vi satser p\u00e5 full klaff med b\u00e5de str\u00e5lende sol og knallgod sn\u00f8! Vi trenger sj\u00e5f\u00f8rer. \u00d8nsker du \u00e5 sikre deg en plass allerede n\u00e5? mer info lenger nede<\/p>\n<p>VIKTIGE DATOER:<\/p>\n<p>04.03 Early-Bird p\u00e5melding \u00e5pner klokken kl 12:00, (kun for komitemedlemmer)<\/p>\n<p>05.03 Ordin\u00e6r p\u00e5melding \u00e5pner klokken 12:00<\/p>\n<p>05Ordin\u00e6r p\u00e5melding vil legges ut her i arrangementet. Det blir totalt 24 deltakere p\u00e5 turen, hvor halvparten er satt av til komitemedlemmer. 19.03 avreise til Isfjorden bedehus fra Hovedbygget p\u00e5 Gl\u00f8shaugen kl 15:00<\/p>\n<p>TURMULIGHETER: Venjetind, Kyrkjetaket, Sm\u00f8rbottind, Bl\u00e5nebba, Loftskarstind, Skarven &#8211; listen er lang, og man finner alt for enhver smak.<\/p>\n<p>MINIMUMSKRAV: Gyldig medlemskap i NTNUI kreves for \u00e5 melde seg p\u00e5. Dere m\u00e5 ha med eget skredutstyr, sender\/mottaker, spade og s\u00f8kestang. TF har noen f\u00e5 skredpakker til utleie, send mail til tf-nestleder@ntnui.no dersom det er av interesse. Vi har dessverre ikke noe annet utstyr til leie. Egnet toppturutstyr til \u00e5 g\u00e5 tur med, toppturski, telemark, splitboard etc. Alle deltakere m\u00e5 mestre den grunnleggende bruken av b\u00e5de skred- og skiutstyret. Du m\u00e5 ha v\u00e6rt p\u00e5 tur f\u00f8r og kunne ta vare p\u00e5 deg selv i vinterfjellet. Har du ingen erfaring med toppturer p\u00e5 vinteren kan nybegynnerkurs hos DNT eller et av de profesjonelle guideselskapene anbefales som inngang til denne herlige sporten. Ingen av TFs turer er guidet, her st\u00e5r man fritt til \u00e5 legge opp turer selv. Ettersom omr\u00e5det inneholder en haug av lekre turer gir dette store muligheter for flotte opplevelser! Dette legger ansvaret p\u00e5 den enkelte deltaker, b\u00e5de i turplanlegging og avgj\u00f8relser som tas p\u00e5 tur. TF har ikke ansvar for deg og du er heller ikke forsikret gjennom TF n\u00e5r du er p\u00e5 tur med oss. Egen reiseforsikring anbefales sterkt. Ved kj\u00f8p av billetten s\u00e5 godkjenner dere TF sin ansvarsfraskrivelse. Den kan leses her: <span role=\"gridcell\"><a class=\"x1i10hfl xjbqb8w x1ejq31n x18oe1m7 x1sy0etr xstzfhl x972fbf x10w94by x1qhh985 x14e42zd x9f619 x1ypdohk xt0psk2 x3ct3a4 xdj266r x14z9mp xat24cr x1lziwak xexx8yu xyri2b x18d9i69 x1c1uobl x16tdsg8 xggy1nq x1a2a7pz x1s688f x1heor9g x1bvjpef xujl8zx\" role=\"link\" href=\"https:\/\/docs.google.com\/document\/d\/1-IwWpMUbUOZKn-xLMHT6Z5Vslkhy6oUSPj-mFBuTlLI\/edit?usp=drive_link\" target=\"_blank\" rel=\"noreferrer noopener nofollow\">https:\/\/docs.google.com\/document\/d\/1-IwWpMUbUOZKn-xLMHT6Z5Vslkhy6oUSPj-mFBuTlLI\/edit?usp=drive_link<\/a><\/span><\/p>\n<p>KOSTNADER: Turen vil koste 980 kr. Det inkluderer transport, overnatting, middag(\/fredag\/l\u00f8rdag) og frokost(fredag\/l\u00f8rdag\/s\u00f8ndag). Lunsj og snacks st\u00e5r deltakeren for selv. P\u00e5meldingen er bindende. Kan du ikke delta p\u00e5 turen er du selv ansvarlig for \u00e5 selge billetten videre. Ved videresalg er det viktig at vi f\u00e5r kontaktinformasjon til den som overtok plassen. Dette sendes til hennieha@ntnu.no<\/p>\n<p>TRANSPORT: For \u00e5 komme oss tur, er vi avhengig av at noen deltakere stiller med bil. Ta kontakt med dinarei@ntnu.no. Sj\u00e5f\u00f8rer er sikret plass p\u00e5 turen f\u00f8r p\u00e5meldingen, og blir kompensert 3,5 kr\/km. Bilen din m\u00e5 ha plass til deg selv og tre andre personer og alt av utstyr. Biler med takboks og god plass vil bli prioritert. Skriv merke og modell i mailen. N\u00e5r du stiller med bil har du et ekstra ansvar for at alle faktisk kommer seg ut p\u00e5 tur hver dag. Ingen biler skal forlate hytta halvtomme, og bruker man den ikke selv s\u00e5 m\u00e5 man v\u00e6re forberedt p\u00e5 \u00e5 l\u00e5ne den bort. Sj\u00e5f\u00f8r er selv ansvarlig for bilen i den forstand at utforkj\u00f8ring, bulking etc m\u00e5 dekkes av egen forsikring, og NTNUI er ikke erstatningsansvarlig for eventuelle skader p\u00e5 bil. Vi gleder oss!<\/p>\n<p>Hilsen Hennie, Sigrid, \u00c5dne og Dina<\/p>\n<p>\u2014&#8212;&#8212;&#8212;&#8212;&#8212;&#8212;&#8212;&#8212;&#8212;&#8212;&#8212;&#8212;&#8212;&#8212;&#8212;&#8212;&#8212;&#8212;&#8212;&#8212;&#8212;&#8212;&#8212;&#8212;&#8212;&#8212;&#8212;&#8212;&#8212;&#8212;&#8212;&#8212;&#8212;&#8212;&#8212;&#8212;&#8212;&#8212;<\/p>\n<p>ENGLISH<\/p>\n<p>Hi everyone!<\/p>\n<p>We are super excited to invite you all to join us for a trip to Romsdalen from March 19th to March 22th. Get ready for a weekend packed with amazing touring opportunities and great vibes! We\u2019ll be staying at Isfjorden bedehus, which is perfectly located for trips to Venjedalen, Skorgedalen, and the rest of the Isfjorden area. Please note that there are no beds at the house, so everyone must bring their own sleeping mat and sleeping bag. We\u2019re crossing our fingers for perfect conditions with both sunshine and great snow! We need drivers! Do you want to secure your spot right away? More info below. IMPORTANT DATES: 04.03 Early-Bird registration opens at 12:00 (only for committee members) 05.03 Ordinary registration opens at 12:00 Ordinary registration will be posted here in the Facebook event. The trip has 24 participants, of which half is reserved for committee members. 19.03 departure to Isfjorden bedehus form Hovedbygget at Gl\u00f8shaugen at 15:00<\/p>\n<p>TOUR OPPORTUNITIES: Venjetind, Kyrkjetaket, Sm\u00f8rbottind, Bl\u00e5nebba, Loftskarstind, Skarven &#8211; The list is long, and there\u2019s something for everyone. MINIMUM REQUIREMENTS: A valid NTNUI membership is mandatory for attending this trip. You must bring your own avalanche equipment, e.g transmitter \/ receiver, shovel and search probe. TF has a few avalanche packages for rent, send an email to tf-nestleder@ntnui.no if it is of interest. We unfortunately have no other equipment for rent. You must bring suitable equipment for ski touring e.g ski touring gear, telemark, splitboard etc. All participants must master the basic use of both the avalanche equipment and ski equipment. You must have ski toured in the mountains before and be able to take care of yourself in winter conditions. If you have no experience with ski touring, a beginner&#8217;s course at DNT or one of the professional guide companies can be recommended as an entrance to this wonderful sport. None of TF&#8217;s tours are guided, here you are free to plan tours yourself. As the area contains a bunch of tours, this provides great opportunities for great experiences! This places the responsibility on the individual participant, both in trip planning and decisions made in the mountains. TF is not responsible for you and you are not insured through TF when you are on a trip with us. Personal travel insurance is highly recommended. By filling out the registration, you approve TFs disclaimer of responsibility. It can be read <span role=\"gridcell\"><a class=\"x1i10hfl xjbqb8w x1ejq31n x18oe1m7 x1sy0etr xstzfhl x972fbf x10w94by x1qhh985 x14e42zd x9f619 x1ypdohk xt0psk2 x3ct3a4 xdj266r x14z9mp xat24cr x1lziwak xexx8yu xyri2b x18d9i69 x1c1uobl x16tdsg8 xggy1nq x1a2a7pz x1s688f x1heor9g x1bvjpef xujl8zx\" role=\"link\" href=\"https:\/\/docs.google.com\/document\/d\/1-IwWpMUbUOZKn-xLMHT6Z5Vslkhy6oUSPj-mFBuTlLI\/edit?usp=drive_link\" target=\"_blank\" rel=\"noreferrer noopener nofollow\">https:\/\/docs.google.com\/document\/d\/1-IwWpMUbUOZKn-xLMHT6Z5Vslkhy6oUSPj-mFBuTlLI\/edit?usp=drive_link<\/a><\/span> COSTS: The trip will cost 1050 NOK. It includes transport, accommodation, dinner (Thursday \/ Friday \/ Saturday) and breakfast (Friday \/ Saturday \/ Sunday). The participant has to bring their own lunch and snacks. The registration is binding. If you can not participate, you are responsible for reselling the ticket. In the case of resale, it is important that we receive contact information for the person who took over the place. Please send this to hennieha@ntnu.no<\/p>\n<p>TRANSPORTATION: In order to get our turn, we depend on some participants posing by car. Contact dinarei@ntnu.no. Drivers are guaranteed a place on the trip before registration, and will be compensated NOK 3.5 \/ km. Your car must have room for yourself and three other people and all equipment. Write the brand and model in the mail. Roomy cars with a roof box will be prefered. If you are a driver, you have an extra responsibility to ensure that everyone actually gets out on a trip every day. No cars should leave the cabin half empty, and if you do not use it yourself, you must be prepared to lend it out. You are responsible for the insurance of your own car. Which means that if an accident occurs, the damages of your car will not be refunded from NTNUI. We\u2019re looking forward to it!<\/p>\n<p>Best regards, Hennie, Sigrid, \u00c5dne and Dina<\/p>\n","protected":false},"excerpt":{"rendered":"<p>Ved \u00e5 kj\u00f8pe v\u00e5rt produkt godtar du v\u00e5re reisebetingelser<\/p>\n<hr \/>\n<p>By purchasing our product you accept our terms of travel<\/p>\n<p><em><a href=\"https:\/\/ntnui.no\/toppturogfrikjoring\/reisebetingelser-2\">Reisebetingelser<\/a>\/<a href=\"https:\/\/ntnui.no\/toppturogfrikjoring\/en\/terms-of-travel\/\">Terms of travel<\/a><\/em><\/p>\n","protected":false},"featured_media":8208,"comment_status":"open","ping_status":"closed","template":"","meta":{"inline_featured_image":false,"_coblocks_attr":"","_coblocks_dimensions":"","_coblocks_responsive_height":"","_coblocks_accordion_ie_support":"","_price":"1050","_stock":"2","_tribe_ticket_header":"","_tribe_default_ticket_provider":"","_tribe_ticket_capacity":"10","_ticket_start_date":"","_ticket_end_date":"","_tribe_ticket_show_description":"","_tribe_ticket_show_not_going":false,"_tribe_ticket_use_global_stock":"","_tribe_ticket_global_stock_level":"","_global_stock_mode":"","_global_stock_cap":"","_tribe_rsvp_for_event":"","_tribe_ticket_going_count":"","_tribe_ticket_not_going_count":"","_tribe_tickets_list":[],"_tribe_ticket_has_attendee_info_fields":false},"product_brand":[],"product_cat":[39],"product_tag":[],"class_list":{"0":"post-8310","1":"product","2":"type-product","3":"status-publish","4":"has-post-thumbnail","6":"product_cat-trip","8":"first","9":"instock","10":"virtual","11":"sold-individually","12":"purchasable","13":"product-type-simple"},"_links":{"self":[{"href":"https:\/\/ntnui.no\/toppturogfrikjoring\/wp-json\/wp\/v2\/product\/8310","targetHints":{"allow":["GET"]}}],"collection":[{"href":"https:\/\/ntnui.no\/toppturogfrikjoring\/wp-json\/wp\/v2\/product"}],"about":[{"href":"https:\/\/ntnui.no\/toppturogfrikjoring\/wp-json\/wp\/v2\/types\/product"}],"replies":[{"embeddable":true,"href":"https:\/\/ntnui.no\/toppturogfrikjoring\/wp-json\/wp\/v2\/comments?post=8310"}],"wp:featuredmedia":[{"embeddable":true,"href":"https:\/\/ntnui.no\/toppturogfrikjoring\/wp-json\/wp\/v2\/media\/8208"}],"wp:attachment":[{"href":"https:\/\/ntnui.no\/toppturogfrikjoring\/wp-json\/wp\/v2\/media?parent=8310"}],"wp:term":[{"taxonomy":"product_brand","embeddable":true,"href":"https:\/\/ntnui.no\/toppturogfrikjoring\/wp-json\/wp\/v2\/product_brand?post=8310"},{"taxonomy":"product_cat","embeddable":true,"href":"https:\/\/ntnui.no\/toppturogfrikjoring\/wp-json\/wp\/v2\/product_cat?post=8310"},{"taxonomy":"product_tag","embeddable":true,"href":"https:\/\/ntnui.no\/toppturogfrikjoring\/wp-json\/wp\/v2\/product_tag?post=8310"}],"curies":[{"name":"wp","href":"https:\/\/api.w.org\/{rel}","templated":true}]}}