{"id":8216,"date":"2026-03-17T12:00:17","date_gmt":"2026-03-17T11:00:17","guid":{"rendered":"https:\/\/ntnui.no\/toppturogfrikjoring\/?post_type=product&#038;p=8216"},"modified":"2026-03-18T21:47:19","modified_gmt":"2026-03-18T20:47:19","slug":"senja-ordinaer","status":"publish","type":"product","link":"https:\/\/ntnui.no\/toppturogfrikjoring\/product\/senja-ordinaer\/","title":{"rendered":"Senja, ordin\u00e6r"},"content":{"rendered":"<div class=\"xdj266r x14z9mp xat24cr x1lziwak x1vvkbs\">Hei alle fine skifolk!! (English bellow)<\/div>\n<div class=\"x14z9mp xat24cr x1lziwak x1vvkbs xtlvy1s\">I \u00e5r g\u00e5r langturen til en av Norges aller vakreste plasser, nemlig Senja. Turen varer fra 21\u2013 28. mars, og starter tidlig morgen den 21. mars, hvor vi kj\u00f8rer biler fra Trondheim opp til Ballangen. Her sover vi en natt i en gymsal. Morgenen etter kj\u00f8rer vi tidlig den siste biten til Senja, hvor vi skal bo p\u00e5 Yttersia Base. Her blir vi boende frem til 27. mars, f\u00f8r vi kj\u00f8rer tilbake til gymsalen i Ballangen og returnerer til Trondheim dagen etter.<\/div>\n<div class=\"x14z9mp xat24cr x1lziwak x1vvkbs xtlvy1s\"><\/div>\n<div class=\"x14z9mp xat24cr x1lziwak x1vvkbs xtlvy1s\">Vi kj\u00f8rer bil av \u00f8konomiske og milj\u00f8messige \u00e5rsaker, og gj\u00f8r oppmerksom p\u00e5 at dette er en lang biltur. Det tar ca. 12,5 time fra Trondheim til Ballangen, og ca. 4 timer fra Ballangen til Senja. Det blir muligheter for ski b\u00e5de den 22. mars n\u00e5r vi ankommer Senja, og den 27. mars n\u00e5r vi forlater Senja.<\/div>\n<div class=\"x14z9mp xat24cr x1lziwak x1vvkbs xtlvy1s\">Oppm\u00f8te:<br class=\"html-br\" \/>Oppm\u00f8te utenfor hovedbygget p\u00e5 Gl\u00f8s kl 0700. Her fordeles alle i bilene. Vi samles et par ganger for felles pauser p\u00e5 vei oppover.<\/div>\n<div class=\"x14z9mp xat24cr x1lziwak x1vvkbs xtlvy1s\"><\/div>\n<div class=\"x14z9mp xat24cr x1lziwak x1vvkbs xtlvy1s\">Sj\u00e5f\u00f8rer:<br class=\"html-br\" \/>Vi er avhengig av 4 sj\u00e5f\u00f8rer som kan stille med bil til turen. Sj\u00e5f\u00f8ren vil f\u00e5 kj\u00f8regodtgj\u00f8relse p\u00e5 3,5 kr per km, som skal dekke b\u00e5de drivstoff og slitasje p\u00e5 bilen. Siden vi skal kj\u00f8re s\u00e5pass langt, er det en stor fordel om eier av bilen er komfortabel med at andre ogs\u00e5 kan kj\u00f8re den, s\u00e5 man kan dele p\u00e5 kj\u00f8ring innad i bilen. <br class=\"html-br\" \/>Bilene vil ogs\u00e5 bli brukt rundt om p\u00e5 Senja til toppturer, men all kj\u00f8ring der oppe er uten kj\u00f8regodtgj\u00f8relse. Send en mail til eskilorslien@gmail.com om du kan stille som sj\u00e5f\u00f8r og skriv litt om st\u00f8rrelsen p\u00e5 bilen din, samt om den har takboks, takstativ og\/eller tilhengerfeste.<\/div>\n<div class=\"x14z9mp xat24cr x1lziwak x1vvkbs xtlvy1s\"><\/div>\n<div class=\"x14z9mp xat24cr x1lziwak x1vvkbs xtlvy1s\">Billettslipp:<br class=\"html-br\" \/>Billettslipp kommer til \u00e5 v\u00e6re tirsdag 18. februar klokka 13.00 for komitemedlemmer.<br class=\"html-br\" \/>For andre medlemmer er billettslipp 19. februar klokka 13.00.<\/div>\n<div class=\"x14z9mp xat24cr x1lziwak x1vvkbs xtlvy1s\">Kostnader: <br class=\"html-br\" \/>Turen vil koste 3510 NOK. <br class=\"html-br\" \/>Dette inkluderer transport tur-retur Senja (ikke transport rundt om p\u00e5 Senja), frokost og middag alle dager, og overnatting for hele oppholdet. Lunsj\/niste og snacks m\u00e5 man selv betale for.<\/div>\n<div class=\"x14z9mp xat24cr x1lziwak x1vvkbs xtlvy1s\">Kontaktinfo ved videresalg: jacob.korterud@ntnui.no<\/div>\n<div class=\"x14z9mp xat24cr x1lziwak x1vvkbs xtlvy1s\"><\/div>\n<div class=\"x14z9mp xat24cr x1lziwak x1vvkbs xtlvy1s\">Minimumskrav:<br class=\"html-br\" \/>Gyldig medlemskap i NTNUI kreves for \u00e5 melde seg p\u00e5.<br class=\"html-br\" \/>Betalt \u00e5rsmedlemskap i TF. Dette er en medlemskontingent som kreves for \u00e5 delta p\u00e5 NTNUI Topptur og Frikj\u00f8ring sine turer. Dette m\u00e5 skaffes f\u00f8r turen og kan kj\u00f8pes her: <a class=\"x1i10hfl xjbqb8w x1ejq31n x18oe1m7 x1sy0etr xstzfhl x972fbf x10w94by x1qhh985 x14e42zd x9f619 x1ypdohk xt0psk2 x3ct3a4 xdj266r x14z9mp xat24cr x1lziwak xexx8yu xyri2b x18d9i69 x1c1uobl x16tdsg8 x1hl2dhg xggy1nq x1a2a7pz xkrqix3 x1sur9pj x1fey0fg x1s688f\" role=\"link\" href=\"https:\/\/l.facebook.com\/l.php?u=https%3A%2F%2Fntnui.no%2F...%2Fmedlemskap-i-ntnui-topptur-og...%2F%3Ffbclid%3DIwZXh0bgNhZW0CMTAAYnJpZBExQWpwc3NTVnZMNGxSUVJoN3NydGMGYXBwX2lkEDIyMjAzOTE3ODgyMDA4OTIAAR7rkjjgKgtw8i5e5SXfnSL60VOjxQuaSmuf3mE0XwGxlg3lrwjNzAG0_crNBA_aem_dJF59aj6-MrhS4-2RdDVzA&amp;h=AT0vaxogYSP4398qhnPCGs_7iPks0EsS7AVqCwqFLWl2rP6DXcBirX9jdMTwtR0UoiTkHVFIuTWMCgdTEj4mNOo5nw88gCyDObT3GScZ4PpgcIfnLhvIwapOy6nWzuMgD2KOSyiAhVPbhvqJlaFaMOqi179X5A0DGerXgQ&amp;__tn__=q&amp;c[0]=AT39FjxLA28f3Ubkj2iDAkwMTz_XknHufWiMXfIOp1G6rmhWcwvNKoMaN5fgoUF_YBcnvdRXiZcLMoRNpNF-8k69acNjyKSWhXmNOv8b4BXc2pWOTlbj8NA1v_z_ffYxym0TzjNjUhcoDXoXh7GlcSDP5sYZ3L7HdrA\" target=\"_blank\" rel=\"nofollow noopener noreferrer\">https:\/\/ntnui.no\/&#8230;\/medlemskap-i-ntnui-topptur-og&#8230;\/<\/a>&#8230;<\/div>\n<div class=\"x14z9mp xat24cr x1lziwak x1vvkbs xtlvy1s\">Dere m\u00e5 ha med eget skredutstyr, sender\/mottaker, spade og s\u00f8kestang. TF har noen f\u00e5 skredpakker til utleie, send mail til tf-nestleder@ntnui.no dersom det er av interesse. Vi har dessverre ikke noe annet utstyr til leie.<br class=\"html-br\" \/>Egnet toppturutstyr til \u00e5 g\u00e5 tur med, toppturski, telemark, splitboard etc.<\/div>\n<div class=\"x14z9mp xat24cr x1lziwak x1vvkbs xtlvy1s\">Alle deltakere m\u00e5 mestre den grunnleggende bruken av b\u00e5de skred- og skiutstyret. Du m\u00e5 ha v\u00e6rt p\u00e5 tur f\u00f8r og kunne ta vare p\u00e5 deg selv i vinterfjellet. Har du ingen erfaring med toppturer p\u00e5 vinteren kan nybegynnerkurs hos DNT eller et av de profesjonelle guider selskapene anbefales som inngang til denne herlige sporten.<\/div>\n<div class=\"x14z9mp xat24cr x1lziwak x1vvkbs xtlvy1s\">Ingen av TFs turer er guidet, her st\u00e5r man fritt til \u00e5 legge opp turer selv. Ettersom omr\u00e5det inneholder en haug av lekre turer gir dette store muligheter for flotte opplevelser! Dette legger ansvaret p\u00e5 den enkelte deltaker, b\u00e5de i turplanlegging og avgj\u00f8relser som tas p\u00e5 tur. TF har ikke ansvar for deg og du er heller ikke forsikret gjennom TF n\u00e5r du er p\u00e5 tur med oss. Egen reiseforsikring anbefales sterkt.<br class=\"html-br\" \/>Ved kj\u00f8p av billetten s\u00e5 godkjenner dere TF sin ansvarsfraskrivelse. Den kan leses her: <a class=\"x1i10hfl xjbqb8w x1ejq31n x18oe1m7 x1sy0etr xstzfhl x972fbf x10w94by x1qhh985 x14e42zd x9f619 x1ypdohk xt0psk2 x3ct3a4 xdj266r x14z9mp xat24cr x1lziwak xexx8yu xyri2b x18d9i69 x1c1uobl x16tdsg8 x1hl2dhg xggy1nq x1a2a7pz xkrqix3 x1sur9pj x1fey0fg x1s688f\" role=\"link\" href=\"https:\/\/l.facebook.com\/l.php?u=https%3A%2F%2Fdocs.google.com%2F...%2F13epxdiCaEWolp1GUcXg3...%2Fedit%3Ffbclid%3DIwZXh0bgNhZW0CMTAAYnJpZBExQWpwc3NTVnZMNGxSUVJoN3NydGMGYXBwX2lkEDIyMjAzOTE3ODgyMDA4OTIAAR7rkjjgKgtw8i5e5SXfnSL60VOjxQuaSmuf3mE0XwGxlg3lrwjNzAG0_crNBA_aem_dJF59aj6-MrhS4-2RdDVzA&amp;h=AT3oqRJIz9CcYRLdyqY6WYAHSleThQpl5pWLPjbuZMlCEcXy0_RjLRp_BjyhhsoQ5hzAdFm1LKY2MJq6TZcsn2Ff-7zRZfZgVkN-uhNwgbRg_cucBIW5Y39L19XjKjL48YOi_tENdHi2IUHTaYMEk0dl5lLl7nPruEL1CA&amp;__tn__=q&amp;c[0]=AT39FjxLA28f3Ubkj2iDAkwMTz_XknHufWiMXfIOp1G6rmhWcwvNKoMaN5fgoUF_YBcnvdRXiZcLMoRNpNF-8k69acNjyKSWhXmNOv8b4BXc2pWOTlbj8NA1v_z_ffYxym0TzjNjUhcoDXoXh7GlcSDP5sYZ3L7HdrA\" target=\"_blank\" rel=\"nofollow noopener noreferrer\">https:\/\/docs.google.com\/&#8230;\/13epxdiCaEWolp1GUcXg3&#8230;\/edit<\/a>&#8230;<\/div>\n<div class=\"x14z9mp xat24cr x1lziwak x1vvkbs xtlvy1s\"><\/div>\n<div class=\"x14z9mp xat24cr x1lziwak x1vvkbs xtlvy1s\"><\/div>\n<div class=\"x14z9mp xat24cr x1lziwak x1vvkbs xtlvy1s\">\u2014&#8212;&#8212;&#8212;&#8212;&#8212;&#8212;&#8212;&#8212;&#8212;&#8212;&#8212;&#8212;&#8212;&#8212;&#8212;&#8212;&#8212;&#8212;&#8212;&#8212;&#8212;-<\/div>\n<div class=\"x14z9mp xat24cr x1lziwak x1vvkbs xtlvy1s\">English:<br class=\"html-br\" \/>Hi all you wonderful ski people!!<\/div>\n<div class=\"x14z9mp xat24cr x1lziwak x1vvkbs xtlvy1s\">This year\u2019s long trip goes to one of Norway\u2019s finest gems: Senja. The trip will take place from March 21\u201328. We\u2019ll depart early in the morning on March 21, driving from Trondheim to Ballangen, where we\u2019ll spend one night in a gym hall. The next morning, we\u2019ll continue the last stretch to Senja, where we\u2019ll be staying at Yttersia Base. We\u2019ll stay there until March 27 before driving back to the gym hall in Ballangen and returning to Trondheim the following day.<\/div>\n<div class=\"x14z9mp xat24cr x1lziwak x1vvkbs xtlvy1s\">We\u2019re traveling by car for economic and environmental reasons, and we want to highlight that this is a long drive. It takes about 12.5 hours from Trondheim to Ballangen, and about 4 hours from Ballangen to Senja. There will be opportunities for skiing both on March 22 when we arrive at Senja, and on March 27 when we leave.<\/div>\n<div><\/div>\n<div class=\"x14z9mp xat24cr x1lziwak x1vvkbs xtlvy1s\">Meeting point:<br class=\"html-br\" \/>We\u2019ll meet outside the main building at Gl\u00f8s at 07:00. From there, everyone will be assigned to cars. We plan to stop a couple of times for joint breaks along the way.<\/div>\n<div><\/div>\n<div class=\"x14z9mp xat24cr x1lziwak x1vvkbs xtlvy1s\">Drivers:<br class=\"html-br\" \/>We depend on four drivers who can bring their cars on the trip. Drivers will receive 3.5 NOK per km to cover fuel and wear on the car. Since the drive is quite long, it\u2019s a big advantage if the car owner is comfortable letting others drive as well, so the driving can be shared. The cars will also be used around Senja for ski tours, but driving on Senja is not reimbursed.<br class=\"html-br\" \/>If you can be a driver, send an email to eskilorslien@gmail.com and include the size of your car and whether it has a roof box, roof rack, and\/or tow hitch.<\/div>\n<div><\/div>\n<div class=\"x14z9mp xat24cr x1lziwak x1vvkbs xtlvy1s\">Ticket release:<br class=\"html-br\" \/>Ticket release for committee members will be Tuesday, February 18 at 13:00.<br class=\"html-br\" \/>For other members, ticket release is February 19 at 13:00.<\/div>\n<div><\/div>\n<div class=\"x14z9mp xat24cr x1lziwak x1vvkbs xtlvy1s\">Costs:<br class=\"html-br\" \/>The trip costs 3510 NOK. This includes round\u2011trip transport to Senja (not transport around Senja), breakfast and dinner every day, and accommodation for the entire stay. Lunch\/snacks must be covered individually.<\/div>\n<div class=\"x14z9mp xat24cr x1lziwak x1vvkbs xtlvy1s\">Contact info for resale: jacob.korterud@ntnui.no<\/div>\n<div><\/div>\n<div class=\"x14z9mp xat24cr x1lziwak x1vvkbs xtlvy1s\">MINIMUM REQUIREMENTS:<br class=\"html-br\" \/>A valid NTNUI membership is mandatory for attending this trip.<br class=\"html-br\" \/>A paid membership in NTNUI Topptur og Frikj\u00f8ring must be bought to join our trips. This must be fixed before the trip and can be purchased here: <a class=\"x1i10hfl xjbqb8w x1ejq31n x18oe1m7 x1sy0etr xstzfhl x972fbf x10w94by x1qhh985 x14e42zd x9f619 x1ypdohk xt0psk2 x3ct3a4 xdj266r x14z9mp xat24cr x1lziwak xexx8yu xyri2b x18d9i69 x1c1uobl x16tdsg8 x1hl2dhg xggy1nq x1a2a7pz xkrqix3 x1sur9pj x1fey0fg x1s688f\" role=\"link\" href=\"https:\/\/l.facebook.com\/l.php?u=https%3A%2F%2Fntnui.no%2F...%2Fmedlemskap-i-ntnui-topptur-og...%2F%3Ffbclid%3DIwZXh0bgNhZW0CMTAAYnJpZBExQWpwc3NTVnZMNGxSUVJoN3NydGMGYXBwX2lkEDIyMjAzOTE3ODgyMDA4OTIAAR7pcoIXwUub9cmfLkxpRJoT_hlHt5O4ZflzhzSQqMOPx_CZz49q0HyxT_LSKw_aem_aWtNOqixXJG6ylvrt02xCA&amp;h=AT0vaxogYSP4398qhnPCGs_7iPks0EsS7AVqCwqFLWl2rP6DXcBirX9jdMTwtR0UoiTkHVFIuTWMCgdTEj4mNOo5nw88gCyDObT3GScZ4PpgcIfnLhvIwapOy6nWzuMgD2KOSyiAhVPbhvqJlaFaMOqi179X5A0DGerXgQ&amp;__tn__=q&amp;c[0]=AT39FjxLA28f3Ubkj2iDAkwMTz_XknHufWiMXfIOp1G6rmhWcwvNKoMaN5fgoUF_YBcnvdRXiZcLMoRNpNF-8k69acNjyKSWhXmNOv8b4BXc2pWOTlbj8NA1v_z_ffYxym0TzjNjUhcoDXoXh7GlcSDP5sYZ3L7HdrA\" target=\"_blank\" rel=\"nofollow noopener noreferrer\">https:\/\/ntnui.no\/&#8230;\/medlemskap-i-ntnui-topptur-og&#8230;\/<\/a>&#8230;<\/div>\n<div class=\"x14z9mp xat24cr x1lziwak x1vvkbs xtlvy1s\">You must bring your own avalanche equipment, e.g transmitter \/ receiver, shovel and search probe. TF has a few avalanche packages for rent, send an email to tf-nestleder@ntnui.no if it is of interest. We unfortunately have no other equipment for rent.<\/div>\n<div class=\"x14z9mp xat24cr x1lziwak x1vvkbs xtlvy1s\">You must bring suitable equipment for ski touring e.g ski touring gear, telemark, splitboard etc.<br class=\"html-br\" \/>All participants must master the basic use of both the avalanche equipment and ski equipment. You must have ski toured in the mountains before and be able to take care of yourself in winter conditions. If you have no experience with ski touring, a beginner&#8217;s course at DNT or one of the professional guide companies can be recommended as an entrance to this wonderful sport.<\/div>\n<div class=\"x14z9mp xat24cr x1lziwak x1vvkbs xtlvy1s\">None of TF&#8217;s tours are guided, here you are free to plan tours yourself. As the area contains a bunch of tours, this provides great opportunities for great experiences! This places the responsibility on the individual participant, both in trip planning and decisions made in the mountains. TF is not responsible for you and you are not insured through TF when you are on a trip with us. Personal travel insurance is highly recommended.<\/div>\n<div class=\"x14z9mp xat24cr x1lziwak x1vvkbs xtlvy1s\">By filling out the registration, you approve TFs disclaimer of responsibility. It can be read here: <a class=\"x1i10hfl xjbqb8w x1ejq31n x18oe1m7 x1sy0etr xstzfhl x972fbf x10w94by x1qhh985 x14e42zd x9f619 x1ypdohk xt0psk2 x3ct3a4 xdj266r x14z9mp xat24cr x1lziwak xexx8yu xyri2b x18d9i69 x1c1uobl x16tdsg8 x1hl2dhg xggy1nq x1a2a7pz xkrqix3 x1sur9pj x1fey0fg x1s688f\" role=\"link\" href=\"https:\/\/docs.google.com\/...\/13epxdiCaEWolp1GUcXg3...\/edit?fbclid=IwZXh0bgNhZW0CMTAAYnJpZBExQWpwc3NTVnZMNGxSUVJoN3NydGMGYXBwX2lkEDIyMjAzOTE3ODgyMDA4OTIAAR4vBHDR55K4y0kGItuKMe1JsHTgasjoX0bw6MkcH1bdeeOx8eo5tq7ob8wdsA_aem_1dlOjEzVYrhKdOR854BNwg\" target=\"_blank\" rel=\"nofollow noopener noreferrer\">https:\/\/docs.google.com\/&#8230;\/13epxdiCaEWolp1GUcXg3&#8230;\/edit<\/a>&#8230;<\/div>\n","protected":false},"excerpt":{"rendered":"<ol>\n<li>Ved \u00e5 kj\u00f8pe v\u00e5rt produkt godtar du v\u00e5re reisebetingelser<\/li>\n<\/ol>\n<hr \/>\n<p>By purchasing our product you accept our terms of travel<\/p>\n<p><em><a href=\"https:\/\/ntnui.no\/toppturogfrikjoring\/reisebetingelser-2\">Reisebetingelser<\/a>\/<a href=\"https:\/\/ntnui.no\/toppturogfrikjoring\/en\/terms-of-travel\/\">Terms of travel<\/a><\/em><\/p>\n","protected":false},"featured_media":7977,"comment_status":"open","ping_status":"closed","template":"","meta":{"inline_featured_image":false,"_coblocks_attr":"","_coblocks_dimensions":"","_coblocks_responsive_height":"","_coblocks_accordion_ie_support":"","_price":"3510","_stock":"0","_tribe_ticket_header":"","_tribe_default_ticket_provider":"","_tribe_ticket_capacity":"10","_ticket_start_date":"","_ticket_end_date":"","_tribe_ticket_show_description":"","_tribe_ticket_show_not_going":false,"_tribe_ticket_use_global_stock":"","_tribe_ticket_global_stock_level":"","_global_stock_mode":"","_global_stock_cap":"","_tribe_rsvp_for_event":"","_tribe_ticket_going_count":"","_tribe_ticket_not_going_count":"","_tribe_tickets_list":[],"_tribe_ticket_has_attendee_info_fields":false},"product_brand":[],"product_cat":[39],"product_tag":[],"class_list":{"0":"post-8216","1":"product","2":"type-product","3":"status-publish","4":"has-post-thumbnail","6":"product_cat-trip","8":"first","9":"outofstock","10":"virtual","11":"sold-individually","12":"purchasable","13":"product-type-simple"},"_links":{"self":[{"href":"https:\/\/ntnui.no\/toppturogfrikjoring\/wp-json\/wp\/v2\/product\/8216","targetHints":{"allow":["GET"]}}],"collection":[{"href":"https:\/\/ntnui.no\/toppturogfrikjoring\/wp-json\/wp\/v2\/product"}],"about":[{"href":"https:\/\/ntnui.no\/toppturogfrikjoring\/wp-json\/wp\/v2\/types\/product"}],"replies":[{"embeddable":true,"href":"https:\/\/ntnui.no\/toppturogfrikjoring\/wp-json\/wp\/v2\/comments?post=8216"}],"wp:featuredmedia":[{"embeddable":true,"href":"https:\/\/ntnui.no\/toppturogfrikjoring\/wp-json\/wp\/v2\/media\/7977"}],"wp:attachment":[{"href":"https:\/\/ntnui.no\/toppturogfrikjoring\/wp-json\/wp\/v2\/media?parent=8216"}],"wp:term":[{"taxonomy":"product_brand","embeddable":true,"href":"https:\/\/ntnui.no\/toppturogfrikjoring\/wp-json\/wp\/v2\/product_brand?post=8216"},{"taxonomy":"product_cat","embeddable":true,"href":"https:\/\/ntnui.no\/toppturogfrikjoring\/wp-json\/wp\/v2\/product_cat?post=8216"},{"taxonomy":"product_tag","embeddable":true,"href":"https:\/\/ntnui.no\/toppturogfrikjoring\/wp-json\/wp\/v2\/product_tag?post=8216"}],"curies":[{"name":"wp","href":"https:\/\/api.w.org\/{rel}","templated":true}]}}