{"id":8091,"date":"2026-02-16T21:35:59","date_gmt":"2026-02-16T20:35:59","guid":{"rendered":"https:\/\/ntnui.no\/toppturogfrikjoring\/?post_type=product&#038;p=8091"},"modified":"2026-03-07T17:03:56","modified_gmt":"2026-03-07T16:03:56","slug":"anton-sport-tf-freeride-sjafor","status":"publish","type":"product","link":"https:\/\/ntnui.no\/toppturogfrikjoring\/product\/anton-sport-tf-freeride-sjafor\/","title":{"rendered":"Anton Sport TF FreeRide, Sj\u00e5f\u00f8r"},"content":{"rendered":"<div class=\"xdj266r x14z9mp xat24cr x1lziwak x1vvkbs\">\n<p><b>Denne billetten er avholdt for dem som vil v\u00e6re med p\u00e5 turen og kj\u00f8re konkurranse med egen bil\u00a0<\/b><\/p>\n<p><span style=\"font-weight: 400\">NTNUI Topptur og frikj\u00f8ring arrangerer for 13. gong TF-FreeRide. I \u00e5r blir konkurransen arrangert i Oppdal Alpinanlegg den 14. mars. Overnatting vert p\u00e5 Skyttarhuset i Oppdal, med l\u00f8parm\u00f8te fredag kveld, konkurransedag laurdag, med p\u00e5f\u00f8lgande etterfest.<\/span><\/p>\n<p><span style=\"font-weight: 400\">Det er 60 plassar i konkurransen, s\u00e5 plassane kjem til \u00e5 g\u00e5 fort. Det blir som f\u00f8r klassar for ski, telemark og sn\u00f8brett; for kvinner og herrar.\u00a0<\/span><\/p>\n<p><span style=\"font-weight: 400\">P\u00e5melding til konkurransen inkluderer:<\/span><\/p>\n<p><span style=\"font-weight: 400\">&#8211; Start-kontingent<\/span><\/p>\n<p><span style=\"font-weight: 400\">&#8211; 2-klipp til skiheisen i Oppdal<\/span><\/p>\n<p><span style=\"font-weight: 400\">&#8211; Transport tur\/retur Oppdal (Kan du stille med bil, send ein mail til synva.finne@ntnui.no , og du f\u00e5r mogelegheit til f\u00f8rehandsmelding til konkurransen)<\/span><\/p>\n<p><span style=\"font-weight: 400\">&#8211; Overnatting fredag til s\u00f8ndag<\/span><\/p>\n<p><span style=\"font-weight: 400\">&#8211; Middag fredag og laurdag<\/span><\/p>\n<p><span style=\"font-weight: 400\">&#8211; Etterfest laurdag<\/span><\/p>\n<p><span style=\"font-weight: 400\">&#8211; Fete premier til pallplassane (Ryktes ski som premie!!!)<\/span><\/p>\n<p><span style=\"font-weight: 400\">B\u00e5de deltakarar og publikum har ogs\u00e5 mogelegheit til \u00e5 nytte seg av 20% rabatt p\u00e5 dagskort b\u00e5de laurdag og sundag.<\/span><\/p>\n<p><span style=\"font-weight: 400\">Med oss p\u00e5 laget har vi blant anna Anton Sport Tillertorget, Haddock, Amok, Burger King Oppdal og Grip klatring. Me har f\u00e5tt premiar for alle pallplassar, samt uttrekkspremiar blant alle deltakarar og tilskodarar!<\/span><\/p>\n<p><span style=\"font-weight: 400\">Alle deltakarar skal k\u00f8yre med sekk og skredutstyr (sender\/mottakar, spade og s\u00f8kestang).<\/span><\/p>\n<p><span style=\"font-weight: 400\">TF har ikkje ansvar for deg, og du er heller ikkje forsikra gjennom TF under konkurransen eller n\u00e5r du er p\u00e5 tur med oss. Eigen reiseforsikring blir sterkt tilr\u00e5dd. Ved kj\u00f8p av billett godkjenner de TF si ansvarsfr\u00e5skriving. Ho kan lesast ved kj\u00f8p av billett.<\/span><\/p>\n<p><span style=\"font-weight: 400\">Sundagen er det ikkje noko opplegg. D\u00e5 kan ein ta seg ein tur i bakken eller dra p\u00e5 topptur dersom ein \u00f8nskjer det.<\/span><\/p>\n<p><span style=\"font-weight: 400\">P\u00e5meldinga er bindande. Dersom du ikkje kan delta p\u00e5 turen, er du sj\u00f8lv ansvarleg for \u00e5 selje billetten vidare. Ved vidaresal er det viktig at vi f\u00e5r kontaktinformasjon til den som tek over plassen. Dette skal sendast til mats.flottorp@ntnui.no.<\/span><\/p>\n<p><span style=\"font-weight: 400\">N\u00e6rare plan for konkurransedagen kjem!<\/span><\/p>\n<p>Minimumskrav:<\/p>\n<\/div>\n<div class=\"x14z9mp xat24cr x1lziwak x1vvkbs xtlvy1s\">Gyldig medlemskap i NTNUI kreves for \u00e5 melde seg p\u00e5.<br class=\"html-br\" \/>Betalt \u00e5rsmedlemskap i TF. Dette er en medlemskontingent som kreves for \u00e5 delta p\u00e5 NTNUI Topptur og Frikj\u00f8ring sine turer. Dette m\u00e5 skaffes f\u00f8r turen og kan kj\u00f8pes her: <a class=\"x1i10hfl xjbqb8w x1ejq31n x18oe1m7 x1sy0etr xstzfhl x972fbf x10w94by x1qhh985 x14e42zd x9f619 x1ypdohk xt0psk2 x3ct3a4 xdj266r x14z9mp xat24cr x1lziwak xexx8yu xyri2b x18d9i69 x1c1uobl x16tdsg8 x1hl2dhg xggy1nq x1a2a7pz xkrqix3 x1sur9pj x1fey0fg x1s688f\" role=\"link\" href=\"https:\/\/l.facebook.com\/l.php?u=https%3A%2F%2Fntnui.no%2F...%2Fmedlemskap-i-ntnui-topptur-og...%2F%3Ffbclid%3DIwZXh0bgNhZW0CMTAAYnJpZBExQWpwc3NTVnZMNGxSUVJoN3NydGMGYXBwX2lkEDIyMjAzOTE3ODgyMDA4OTIAAR7rkjjgKgtw8i5e5SXfnSL60VOjxQuaSmuf3mE0XwGxlg3lrwjNzAG0_crNBA_aem_dJF59aj6-MrhS4-2RdDVzA&amp;h=AT0vaxogYSP4398qhnPCGs_7iPks0EsS7AVqCwqFLWl2rP6DXcBirX9jdMTwtR0UoiTkHVFIuTWMCgdTEj4mNOo5nw88gCyDObT3GScZ4PpgcIfnLhvIwapOy6nWzuMgD2KOSyiAhVPbhvqJlaFaMOqi179X5A0DGerXgQ&amp;__tn__=q&amp;c[0]=AT39FjxLA28f3Ubkj2iDAkwMTz_XknHufWiMXfIOp1G6rmhWcwvNKoMaN5fgoUF_YBcnvdRXiZcLMoRNpNF-8k69acNjyKSWhXmNOv8b4BXc2pWOTlbj8NA1v_z_ffYxym0TzjNjUhcoDXoXh7GlcSDP5sYZ3L7HdrA\" target=\"_blank\" rel=\"nofollow noopener noreferrer\">https:\/\/ntnui.no\/&#8230;\/medlemskap-i-ntnui-topptur-og&#8230;\/<\/a>&#8230;<\/div>\n<div class=\"x14z9mp xat24cr x1lziwak x1vvkbs xtlvy1s\">Dere m\u00e5 ha med eget skredutstyr, sender\/mottaker, spade og s\u00f8kestang. TF har noen f\u00e5 skredpakker til utleie, send mail til tf-nestleder@ntnui.no dersom det er av interesse. Vi har dessverre ikke noe annet utstyr til leie.<br class=\"html-br\" \/>Egnet toppturutstyr til \u00e5 g\u00e5 tur med, toppturski, telemark, splitboard etc.<\/div>\n<div class=\"x14z9mp xat24cr x1lziwak x1vvkbs xtlvy1s\">Alle deltakere m\u00e5 mestre den grunnleggende bruken av b\u00e5de skred- og skiutstyret. Du m\u00e5 ha v\u00e6rt p\u00e5 tur f\u00f8r og kunne ta vare p\u00e5 deg selv i vinterfjellet. Har du ingen erfaring med toppturer p\u00e5 vinteren kan nybegynnerkurs hos DNT eller et av de profesjonelle guider selskapene anbefales som inngang til denne herlige sporten.<\/div>\n<div class=\"x14z9mp xat24cr x1lziwak x1vvkbs xtlvy1s\">Ingen av TFs turer er guidet, her st\u00e5r man fritt til \u00e5 legge opp turer selv. Ettersom omr\u00e5det inneholder en haug av lekre turer gir dette store muligheter for flotte opplevelser! Dette legger ansvaret p\u00e5 den enkelte deltaker, b\u00e5de i turplanlegging og avgj\u00f8relser som tas p\u00e5 tur. TF har ikke ansvar for deg og du er heller ikke forsikret gjennom TF n\u00e5r du er p\u00e5 tur med oss. Egen reiseforsikring anbefales sterkt.<br class=\"html-br\" \/>Ved kj\u00f8p av billetten s\u00e5 godkjenner dere TF sin ansvarsfraskrivelse. Den kan leses her: <a class=\"x1i10hfl xjbqb8w x1ejq31n x18oe1m7 x1sy0etr xstzfhl x972fbf x10w94by x1qhh985 x14e42zd x9f619 x1ypdohk xt0psk2 x3ct3a4 xdj266r x14z9mp xat24cr x1lziwak xexx8yu xyri2b x18d9i69 x1c1uobl x16tdsg8 x1hl2dhg xggy1nq x1a2a7pz xkrqix3 x1sur9pj x1fey0fg x1s688f\" role=\"link\" href=\"https:\/\/l.facebook.com\/l.php?u=https%3A%2F%2Fdocs.google.com%2F...%2F13epxdiCaEWolp1GUcXg3...%2Fedit%3Ffbclid%3DIwZXh0bgNhZW0CMTAAYnJpZBExQWpwc3NTVnZMNGxSUVJoN3NydGMGYXBwX2lkEDIyMjAzOTE3ODgyMDA4OTIAAR7rkjjgKgtw8i5e5SXfnSL60VOjxQuaSmuf3mE0XwGxlg3lrwjNzAG0_crNBA_aem_dJF59aj6-MrhS4-2RdDVzA&amp;h=AT3oqRJIz9CcYRLdyqY6WYAHSleThQpl5pWLPjbuZMlCEcXy0_RjLRp_BjyhhsoQ5hzAdFm1LKY2MJq6TZcsn2Ff-7zRZfZgVkN-uhNwgbRg_cucBIW5Y39L19XjKjL48YOi_tENdHi2IUHTaYMEk0dl5lLl7nPruEL1CA&amp;__tn__=q&amp;c[0]=AT39FjxLA28f3Ubkj2iDAkwMTz_XknHufWiMXfIOp1G6rmhWcwvNKoMaN5fgoUF_YBcnvdRXiZcLMoRNpNF-8k69acNjyKSWhXmNOv8b4BXc2pWOTlbj8NA1v_z_ffYxym0TzjNjUhcoDXoXh7GlcSDP5sYZ3L7HdrA\" target=\"_blank\" rel=\"nofollow noopener noreferrer\">https:\/\/docs.google.com\/&#8230;\/13epxdiCaEWolp1GUcXg3&#8230;\/edit<\/a>&#8230;<\/div>\n<div class=\"x14z9mp xat24cr x1lziwak x1vvkbs xtlvy1s\"><\/div>\n<div class=\"x14z9mp xat24cr x1lziwak x1vvkbs xtlvy1s\"><\/div>\n<div class=\"x14z9mp xat24cr x1lziwak x1vvkbs xtlvy1s\">\u2014&#8212;&#8212;&#8212;&#8212;&#8212;&#8212;&#8212;&#8212;&#8212;&#8212;&#8212;&#8212;&#8212;&#8212;&#8212;&#8212;&#8212;&#8212;&#8212;&#8212;&#8212;-<\/div>\n<div class=\"x14z9mp xat24cr x1lziwak x1vvkbs xtlvy1s\">English:<\/div>\n<div>\n<p><b>This ticket is reserved for those who want to join the trip and compete and drive their own car.<\/b><\/p>\n<p><span style=\"font-weight: 400\">NTNUI Topptur og frikj\u00f8ring is organizing TF-FreeRide for the 13th time. This year, the competition will take place at <\/span><b>Oppdal Alpinanlegg<\/b><span style=\"font-weight: 400\"> on March 14. Accommodation will be at <\/span><b>Skyttarhuset<\/b><span style=\"font-weight: 400\"> in Oppdal, with a rider meeting Friday evening, competition day on Saturday, followed by an afterparty.<\/span><\/p>\n<p><span style=\"font-weight: 400\">There are 60 spots in the competition, so tickets will sell out quickly. As before, there will be classes for alpine skiing, telemark, and snowboarding \u2013 for both women and men.<\/span><\/p>\n<h3><b>Competition registration includes:<\/b><\/h3>\n<ul>\n<li style=\"font-weight: 400\"><span style=\"font-weight: 400\">Entry fee<\/span><\/li>\n<li style=\"font-weight: 400\"><span style=\"font-weight: 400\">2-clipp at Oppdal Alpinanlegg<\/span><\/li>\n<li style=\"font-weight: 400\"><span style=\"font-weight: 400\">Transportation to\/from Oppdal (If you can provide a car, send an email to synva.finne@ntnui.no to get access to early registration)<\/span><\/li>\n<li style=\"font-weight: 400\"><span style=\"font-weight: 400\">Accommodation from Friday to Sunday<\/span><\/li>\n<li style=\"font-weight: 400\"><span style=\"font-weight: 400\">Dinner Friday and Saturday<\/span><\/li>\n<li style=\"font-weight: 400\"><span style=\"font-weight: 400\">Afterparty Saturday<\/span><\/li>\n<li style=\"font-weight: 400\"><span style=\"font-weight: 400\">Awesome prizes for podium finishers (Rumor has it: skis as prizes!!!)<\/span><\/li>\n<\/ul>\n<p><span style=\"font-weight: 400\">Both participants and spectators can also enjoy a 20% discount on day passes on both Saturday and Sunday.<\/span><\/p>\n<p><span style=\"font-weight: 400\">Our partners include <\/span><b>Anton Sport Tillertorget<\/b><span style=\"font-weight: 400\">, <\/span><b>Haddock<\/b><span style=\"font-weight: 400\">, <\/span><b>Amok<\/b><span style=\"font-weight: 400\">, <\/span><b>Burger King Oppdal<\/b><span style=\"font-weight: 400\">, and <\/span><b>Grip Klatring<\/b><span style=\"font-weight: 400\">. We have prizes for all podium places, as well as raffle prizes among all participants and spectators.<\/span><\/p>\n<p><span style=\"font-weight: 400\">All competitors must ski\/ride with a backpack and avalanche safety equipment (transceiver, shovel, and probe).<\/span><\/p>\n<p><span style=\"font-weight: 400\">TF is not responsible for you, and you are not insured through TF during the competition or while traveling with us. Personal travel insurance is strongly recommended. By purchasing a ticket, you accept TF\u2019s liability waiver, which can be read during ticket purchase.<\/span><\/p>\n<p><span style=\"font-weight: 400\">There is no official program on Sunday. You are free to spend the day skiing at the resort or going ski touring if you wish.<\/span><\/p>\n<p><span style=\"font-weight: 400\">Registration is binding. If you are unable to attend, you are responsible for reselling your ticket. In case of resale, it is important that we receive the contact information of the new ticket holder. This must be sent to mats.flottorp@ntnui.no.<\/span><\/p>\n<p><span style=\"font-weight: 400\">A more detailed schedule for the competition day will be announced soon!<\/span><\/p>\n<p>MINIMUM REQUIREMENTS:<br class=\"html-br\" \/>A valid NTNUI membership is mandatory for attending this trip.<br class=\"html-br\" \/>A paid membership in NTNUI Topptur og Frikj\u00f8ring must be bought to join our trips. This must be fixed before the trip and can be purchased here: <a class=\"x1i10hfl xjbqb8w x1ejq31n x18oe1m7 x1sy0etr xstzfhl x972fbf x10w94by x1qhh985 x14e42zd x9f619 x1ypdohk xt0psk2 x3ct3a4 xdj266r x14z9mp xat24cr x1lziwak xexx8yu xyri2b x18d9i69 x1c1uobl x16tdsg8 x1hl2dhg xggy1nq x1a2a7pz xkrqix3 x1sur9pj x1fey0fg x1s688f\" role=\"link\" href=\"https:\/\/l.facebook.com\/l.php?u=https%3A%2F%2Fntnui.no%2F...%2Fmedlemskap-i-ntnui-topptur-og...%2F%3Ffbclid%3DIwZXh0bgNhZW0CMTAAYnJpZBExQWpwc3NTVnZMNGxSUVJoN3NydGMGYXBwX2lkEDIyMjAzOTE3ODgyMDA4OTIAAR7pcoIXwUub9cmfLkxpRJoT_hlHt5O4ZflzhzSQqMOPx_CZz49q0HyxT_LSKw_aem_aWtNOqixXJG6ylvrt02xCA&amp;h=AT0vaxogYSP4398qhnPCGs_7iPks0EsS7AVqCwqFLWl2rP6DXcBirX9jdMTwtR0UoiTkHVFIuTWMCgdTEj4mNOo5nw88gCyDObT3GScZ4PpgcIfnLhvIwapOy6nWzuMgD2KOSyiAhVPbhvqJlaFaMOqi179X5A0DGerXgQ&amp;__tn__=q&amp;c[0]=AT39FjxLA28f3Ubkj2iDAkwMTz_XknHufWiMXfIOp1G6rmhWcwvNKoMaN5fgoUF_YBcnvdRXiZcLMoRNpNF-8k69acNjyKSWhXmNOv8b4BXc2pWOTlbj8NA1v_z_ffYxym0TzjNjUhcoDXoXh7GlcSDP5sYZ3L7HdrA\" target=\"_blank\" rel=\"nofollow noopener noreferrer\">https:\/\/ntnui.no\/&#8230;\/medlemskap-i-ntnui-topptur-og&#8230;\/<\/a>&#8230;<\/p>\n<\/div>\n<div class=\"x14z9mp xat24cr x1lziwak x1vvkbs xtlvy1s\">You must bring your own avalanche equipment, e.g transmitter \/ receiver, shovel and search probe. TF has a few avalanche packages for rent, send an email to tf-nestleder@ntnui.no if it is of interest. We unfortunately have no other equipment for rent.<\/div>\n<div class=\"x14z9mp xat24cr x1lziwak x1vvkbs xtlvy1s\">You must bring suitable equipment for ski touring e.g ski touring gear, telemark, splitboard etc.<br class=\"html-br\" \/>All participants must master the basic use of both the avalanche equipment and ski equipment. You must have ski toured in the mountains before and be able to take care of yourself in winter conditions. If you have no experience with ski touring, a beginner&#8217;s course at DNT or one of the professional guide companies can be recommended as an entrance to this wonderful sport.<\/div>\n<div class=\"x14z9mp xat24cr x1lziwak x1vvkbs xtlvy1s\">None of TF&#8217;s tours are guided, here you are free to plan tours yourself. As the area contains a bunch of tours, this provides great opportunities for great experiences! This places the responsibility on the individual participant, both in trip planning and decisions made in the mountains. TF is not responsible for you and you are not insured through TF when you are on a trip with us. Personal travel insurance is highly recommended.<\/div>\n<div class=\"x14z9mp xat24cr x1lziwak x1vvkbs xtlvy1s\">By filling out the registration, you approve TFs disclaimer of responsibility. It can be read here: <a class=\"x1i10hfl xjbqb8w x1ejq31n x18oe1m7 x1sy0etr xstzfhl x972fbf x10w94by x1qhh985 x14e42zd x9f619 x1ypdohk xt0psk2 x3ct3a4 xdj266r x14z9mp xat24cr x1lziwak xexx8yu xyri2b x18d9i69 x1c1uobl x16tdsg8 x1hl2dhg xggy1nq x1a2a7pz xkrqix3 x1sur9pj x1fey0fg x1s688f\" role=\"link\" href=\"https:\/\/docs.google.com\/...\/13epxdiCaEWolp1GUcXg3...\/edit?fbclid=IwZXh0bgNhZW0CMTAAYnJpZBExQWpwc3NTVnZMNGxSUVJoN3NydGMGYXBwX2lkEDIyMjAzOTE3ODgyMDA4OTIAAR4vBHDR55K4y0kGItuKMe1JsHTgasjoX0bw6MkcH1bdeeOx8eo5tq7ob8wdsA_aem_1dlOjEzVYrhKdOR854BNwg\" target=\"_blank\" rel=\"nofollow noopener noreferrer\">https:\/\/docs.google.com\/&#8230;\/13epxdiCaEWolp1GUcXg3&#8230;\/edit<\/a>&#8230;<\/div>\n","protected":false},"excerpt":{"rendered":"<p>Ved \u00e5 kj\u00f8pe v\u00e5rt produkt godtar du v\u00e5re reisebetingelser<\/p>\n<hr \/>\n<p>By purchasing our product you accept our terms of travel<\/p>\n<p><em><a href=\"https:\/\/ntnui.no\/toppturogfrikjoring\/reisebetingelser-2\">Reisebetingelser<\/a>\/<a href=\"https:\/\/ntnui.no\/toppturogfrikjoring\/en\/terms-of-travel\/\">Terms of travel<\/a><\/em><\/p>\n","protected":false},"featured_media":8057,"comment_status":"open","ping_status":"closed","template":"","meta":{"inline_featured_image":false,"_coblocks_attr":"","_coblocks_dimensions":"","_coblocks_responsive_height":"","_coblocks_accordion_ie_support":"","_price":"733","_stock":"2","_tribe_ticket_header":"","_tribe_default_ticket_provider":"","_tribe_ticket_capacity":"10","_ticket_start_date":"","_ticket_end_date":"","_tribe_ticket_show_description":"","_tribe_ticket_show_not_going":false,"_tribe_ticket_use_global_stock":"","_tribe_ticket_global_stock_level":"","_global_stock_mode":"","_global_stock_cap":"","_tribe_rsvp_for_event":"","_tribe_ticket_going_count":"","_tribe_ticket_not_going_count":"","_tribe_tickets_list":[],"_tribe_ticket_has_attendee_info_fields":false},"product_brand":[],"product_cat":[39],"product_tag":[],"class_list":{"0":"post-8091","1":"product","2":"type-product","3":"status-publish","4":"has-post-thumbnail","6":"product_cat-trip","8":"first","9":"instock","10":"sold-individually","11":"shipping-taxable","12":"purchasable","13":"product-type-variable"},"_links":{"self":[{"href":"https:\/\/ntnui.no\/toppturogfrikjoring\/wp-json\/wp\/v2\/product\/8091","targetHints":{"allow":["GET"]}}],"collection":[{"href":"https:\/\/ntnui.no\/toppturogfrikjoring\/wp-json\/wp\/v2\/product"}],"about":[{"href":"https:\/\/ntnui.no\/toppturogfrikjoring\/wp-json\/wp\/v2\/types\/product"}],"replies":[{"embeddable":true,"href":"https:\/\/ntnui.no\/toppturogfrikjoring\/wp-json\/wp\/v2\/comments?post=8091"}],"wp:featuredmedia":[{"embeddable":true,"href":"https:\/\/ntnui.no\/toppturogfrikjoring\/wp-json\/wp\/v2\/media\/8057"}],"wp:attachment":[{"href":"https:\/\/ntnui.no\/toppturogfrikjoring\/wp-json\/wp\/v2\/media?parent=8091"}],"wp:term":[{"taxonomy":"product_brand","embeddable":true,"href":"https:\/\/ntnui.no\/toppturogfrikjoring\/wp-json\/wp\/v2\/product_brand?post=8091"},{"taxonomy":"product_cat","embeddable":true,"href":"https:\/\/ntnui.no\/toppturogfrikjoring\/wp-json\/wp\/v2\/product_cat?post=8091"},{"taxonomy":"product_tag","embeddable":true,"href":"https:\/\/ntnui.no\/toppturogfrikjoring\/wp-json\/wp\/v2\/product_tag?post=8091"}],"curies":[{"name":"wp","href":"https:\/\/api.w.org\/{rel}","templated":true}]}}