{"id":8013,"date":"2026-02-10T21:27:21","date_gmt":"2026-02-10T20:27:21","guid":{"rendered":"https:\/\/ntnui.no\/toppturogfrikjoring\/?post_type=product&#038;p=8013"},"modified":"2026-02-25T11:40:47","modified_gmt":"2026-02-25T10:40:47","slug":"stranda-arrangor","status":"publish","type":"product","link":"https:\/\/ntnui.no\/toppturogfrikjoring\/product\/stranda-arrangor\/","title":{"rendered":"Stranda, arrang\u00f8r"},"content":{"rendered":"<div class=\"x14z9mp xat24cr x1lziwak x1vvkbs xtlvy1s\">\n<div class=\"xdj266r x14z9mp xat24cr x1lziwak x1vvkbs\">Sunnm\u00f8rsalpetur:<\/div>\n<div><\/div>\n<div class=\"xdj266r x14z9mp xat24cr x1lziwak x1vvkbs\">\n<div class=\"xdj266r x14z9mp xat24cr x1lziwak x1vvkbs x126k92a\">\n<div dir=\"auto\">INFO ANG\u00c5ENDE PRIS OG HEISKORT<\/div>\n<\/div>\n<div class=\"x14z9mp xat24cr x1lziwak x1vvkbs xtlvy1s x126k92a\">\n<div dir=\"auto\">Vi er avhengige av st\u00f8tte fra NTNU sitt hovedstyre for \u00e5 finansiere heiskort i Stranda til turens deltagere. HS g\u00e5r gjennom budsjetter og s\u00f8knader i disse uker, men vi har dessverre enda ikke f\u00e5tt svar om Stranda-turen f\u00e5r st\u00f8tte:( Dette vil f\u00f8rst komme etter p\u00e5meldingen.<\/div>\n<\/div>\n<div class=\"x14z9mp xat24cr x1lziwak x1vvkbs xtlvy1s x126k92a\">\n<div dir=\"auto\">RESULTATET ER AT VI IKKE KAN GARANTERE AT PRISEN P\u00c5 TUREN VIL INKLUDERE SKIKORT I STRANDA. PRIS ER N\u00c5 SATT TIL 1650 &#8216;-.<\/div>\n<\/div>\n<div class=\"x14z9mp xat24cr x1lziwak x1vvkbs xtlvy1s x126k92a\">\n<div dir=\"auto\">Prisen tar h\u00f8yde for st\u00f8tte og det kan resultere i ekstra kostnader (hvis en \u00f8nsker heiskort), dersom vi f\u00e5r deler\/ingen midler. P\u00c5MELDING VIL FORTSATT V\u00c6RE BINDENE og evt. avslag p\u00e5 st\u00f8tte fra HS er ikke grunnlag for \u00e5 f\u00e5 refusjon p\u00e5 billett.<\/div>\n<\/div>\n<div class=\"x14z9mp xat24cr x1lziwak x1vvkbs xtlvy1s x126k92a\">\n<div dir=\"auto\">Dersom vi f\u00e5r ingen st\u00f8tte, m\u00e5 deltagere v\u00e6re forberedt p\u00e5 \u00e5 selv kj\u00f8pe heiskort dersom de vil st\u00e5 i bakken. Dersom vi f\u00e5r deler av st\u00f8tten innvilget, m\u00e5 deltagere v\u00e6re forberedt p\u00e5 \u00e5 m\u00e5tte betale en ekstraavgift underveis p\u00e5 turen, som vil dekke andelen av heiskortet som TF\/NTNUi ikke har midler til \u00e5 sponse.<\/div>\n<\/div>\n<div class=\"x14z9mp xat24cr x1lziwak x1vvkbs xtlvy1s x126k92a\">\n<div dir=\"auto\">Selv har vi stor tro p\u00e5 at dette kan bli et av \u00e5rets h\u00f8ydepunkt! Det var en braksuksess ifjor og vi har stor tro p\u00e5 at st\u00f8tten vil g\u00e5 gjennom. Grunnet fjor\u00e5rets suksess har denne s\u00f8knaden sammen med st\u00f8tte til Anton Sport TF Freeride f\u00e5tt topp prioritet. Vi skulle selvsagt \u00f8nske \u00e5 f\u00e5 dette avklart f\u00f8r turen, men det er enkelt og greit ute av TF sin kontroll.<\/div>\n<\/div>\n<div class=\"x14z9mp xat24cr x1lziwak x1vvkbs xtlvy1s x126k92a\">\n<div dir=\"auto\">DET VIL BLI FORTL\u00d8PENDE OPPDATERINGER N\u00c5R VI VET MER!!!!<\/div>\n<\/div>\n<p><br class=\"html-br\" \/>VIKTIGE DATOER:<br class=\"html-br\" \/>Onsdag 11.02 Early-Bird p\u00e5melding \u00e5pner klokken kl 12.00, (kun for komitemedlemmer)<br class=\"html-br\" \/>Torsdag 12.02 Ordin\u00e6r p\u00e5melding \u00e5pner klokken 12.00<br class=\"html-br\" \/>Ordin\u00e6r p\u00e5melding vil legges ut her i arrangementet. Det blir totalt 40 plasser p\u00e5 turen, hvor halvparten er satt av til komitemedlemmer.<br class=\"html-br\" \/>Onsdag 25.02 avreise til Velledalen grendahus fra Hovedbygget p\u00e5 Gl\u00f8shaugen.<\/p>\n<\/div>\n<div class=\"x14z9mp xat24cr x1lziwak x1vvkbs xtlvy1s\">OM TUREN:<br class=\"html-br\" \/>Hei og hopp og velkommen til \u00e5rets Sunnm\u00f8rsalpetur!<br class=\"html-br\" \/>Avreise blir onsdag 25.02 og hjemreise en gang p\u00e5 s\u00f8ndag 01.03. Vi skal bo p\u00e5 Velledalen grendahus, et (langt) steinkast unna Strandafjellet skisenter, og ca 6 timer kj\u00f8ring fra Trondheim.<br class=\"html-br\" \/>Vi har f\u00e5tt beskjed \u00e5 anta, som ifjor, at vi f\u00e5r st\u00f8tte til heiskort (2 eller 3 dager)- som da er inkludert i prisen. Men v\u00e6re oppmerksom p\u00e5 at dette ikke er 100% bekreftet enda, s\u00e5 det kan bli endring i billettpris. Vi kommer til \u00e5 oppdatere s\u00e5 kjapt vi har f\u00e5tt bekreftet dette. S\u00e5 er det da selvf\u00f8lgelig frivillig \u00e5 ta nytte av heisanlegget. Om du har snust p\u00e5 en topp i n\u00e6rheten lenge, s\u00e5 kan du for all del velge \u00e5 gj\u00f8re dette istedenfor. Det er ogs\u00e5 mulig \u00e5 st\u00e5 2 dager i anlegget og 1 dag p\u00e5 topptur; dette velger du helt selv! Likevel er jo 2\/3 dager med sponset heiskort vanskelig \u00e5 si nei til!<\/div>\n<div class=\"x14z9mp xat24cr x1lziwak x1vvkbs xtlvy1s\">Velladalen grendahus er et stort og flott grendahus, med gode boforhold, sv\u00e6rt kj\u00f8kken, og sv\u00f8mmehall i kjelleren og til og med scene, s\u00e5 det er gode muligheter for \u00e5 ikke kjede vettet av seg:)<br class=\"html-br\" \/>Vi satser som sagt p\u00e5 tre dager i Strandafjellet skisenter, et av Norges beste pudder-destinasjoner, s\u00e5 vi krysser fingra for en liten nedb\u00f8rs-dump i forkant. P\u00e5 hjemreisedagen, s\u00f8ndag, avtaler man innad i bilene om man er gira p\u00e5 topptur, eller bare roadtripe straka vegen hemmat.<\/div>\n<div class=\"x14z9mp xat24cr x1lziwak x1vvkbs xtlvy1s\">Vi satser p\u00e5 \u00e5 kj\u00f8re fra Trondheim 15:00 p\u00e5 onsdag, som betyr en sein ankomst p\u00e5 Sunnm\u00f8re, men akkurat god nok tid til \u00e5 rulle ut liggeunderlaget og f\u00e5 seg en god natts s\u00f8vn f\u00f8r shredding i bakken.<\/div>\n<div class=\"x14z9mp xat24cr x1lziwak x1vvkbs xtlvy1s\">SKIMULIGHETER:<br class=\"html-br\" \/>Det er flotte turmuligheter i omr\u00e5det, men fokuset er og blir i gondolen. Har man aldri h\u00f8rt om Strandafjellet er det ikke mange google-s\u00f8kene man trenger for \u00e5 bli gira. Strandafjellet er et stort og flott anlegg med gode preparerte l\u00f8yper, men er nok mest kjent for sin skogskj\u00f8ring og frikj\u00f8ring.<\/div>\n<div class=\"x14z9mp xat24cr x1lziwak x1vvkbs xtlvy1s\">Er man en parkrotte kan man trikse i vei, er man glad i skog er det nok greiner \u00e5 krasje i at du slipper \u00e5 kj\u00f8pe ved resten av vinteren. Er man gira p\u00e5 brattere kj\u00f8ringa kan man lure seg bak i Bl\u00e5dalen og er man en ordentlig alpinist innerst inne, er det nok av l\u00f8yper \u00e5 kj\u00f8re svinger p\u00e5, kanskje til og med en port eller tre.<br class=\"html-br\" \/>P\u00e5 s\u00f8ndagen er det kun nattes\u00f8vnen p\u00e5f\u00f8lgende natt (og skredfaren) som setter grenser hvor toppturen tar veien. Om man tar turen over til \u00d8rsta, Standaleidet eller Molladalen, kj\u00f8rer til Hellesylt eller Urke, skal man slite for \u00e5 finne en d\u00e5rlig tur. Det blir nok noen tips og triks ifht hvilke turer vi g\u00e5r, men det tar vi n\u00e5r vi er der.<\/div>\n<div class=\"x14z9mp xat24cr x1lziwak x1vvkbs xtlvy1s\"><\/div>\n<div class=\"x14z9mp xat24cr x1lziwak x1vvkbs xtlvy1s\">MINIMUMSKRAV:<br class=\"html-br\" \/>Gyldig medlemskap i NTNUI kreves for \u00e5 melde seg p\u00e5.<br class=\"html-br\" \/>Betalt \u00e5rsmedlemskap i TF. Dette er en medlemskontigent som kreves for \u00e5 delta p\u00e5 NTNUI Topptur og Frikj\u00f8ring sine turer. Dette m\u00e5 skaffes f\u00f8r turen og kan kj\u00f8pes her:<br class=\"html-br\" \/><a class=\"x1i10hfl xjbqb8w x1ejq31n x18oe1m7 x1sy0etr xstzfhl x972fbf x10w94by x1qhh985 x14e42zd x9f619 x1ypdohk xt0psk2 x3ct3a4 xdj266r x14z9mp xat24cr x1lziwak xexx8yu xyri2b x18d9i69 x1c1uobl x16tdsg8 x1hl2dhg xggy1nq x1a2a7pz xkrqix3 x1sur9pj x1fey0fg x1s688f\" role=\"link\" href=\"https:\/\/ntnui.no\/toppturogfrikjoring\/bli-medlem\/?fbclid=IwZXh0bgNhZW0CMTAAYnJpZBExQWpwc3NTVnZMNGxSUVJoN3NydGMGYXBwX2lkEDIyMjAzOTE3ODgyMDA4OTIAAR74roB2kxQVTUp35U9W9MvfRSGwjGeasMBsMOpd-eZ3S91kd-aZ_bj-w2XmLQ_aem_lISUMn0t-e5pXXGfZQDwEw\" target=\"_blank\" rel=\"nofollow noopener noreferrer\">https:\/\/ntnui.no\/toppturogfrikjoring\/bli-medlem\/<\/a><br class=\"html-br\" \/>Dere m\u00e5 ha med eget skredutstyr, sender\/mottaker, spade og s\u00f8kestang. TF har noen f\u00e5 skredpakker til utleie, send mail til tf-nestleder@ntnui.no dersom det er av interesse. Vi har dessverre ikke noe annet utstyr til leie.<\/div>\n<div class=\"x14z9mp xat24cr x1lziwak x1vvkbs xtlvy1s\">Egnet alpint utstyr til \u00e5 kj\u00f8re med &#8211; frikj\u00f8ringsski, carving, jibbing etc. og\/eller toppturutstyr til \u00e5 g\u00e5 tur med, toppturski, telemark, splitboard etc.<\/div>\n<div class=\"x14z9mp xat24cr x1lziwak x1vvkbs xtlvy1s\">Alle deltakere m\u00e5 mestre den grunnleggende bruken av b\u00e5de skred- og skiutstyret. Du m\u00e5 ha v\u00e6rt p\u00e5 tur f\u00f8r og kunne ta vare p\u00e5 deg selv i vinterfjellet. Har du ingen erfaring med toppturer p\u00e5 vinteren kan nybegynnerkurs hos DNT eller et av de profesjonelle guideselskapene anbefales som inngang til denne herlige sporten.<br class=\"html-br\" \/>Ingen av TFs turer er guidet, her st\u00e5r man fritt til \u00e5 legge opp turer selv. Ettersom omr\u00e5det inneholder en haug av lekre turer gir dette store muligheter for flotte opplevelser! Dette legger ansvaret p\u00e5 den enkelte deltaker, b\u00e5de i turplanlegging og avgj\u00f8relser som tas p\u00e5 tur. TF har ikke ansvar for deg og du er heller ikke forsikret gjennom TF n\u00e5r du er p\u00e5 tur med oss. Egen reiseforsikring anbefales sterkt.<br class=\"html-br\" \/>Ved kj\u00f8p av billetten s\u00e5 godkjenner dere TF sin ansvarsfraskrivelse. Den kan leses ved kj\u00f8p av billett.<\/div>\n<div class=\"x14z9mp xat24cr x1lziwak x1vvkbs xtlvy1s\">KOSTNADER:<br class=\"html-br\" \/>Turen vil per n\u00e5 koste ca 1,600 kr. Det inkluderer transport, overnatting, middag (torsdag\/fredag\/l\u00f8rdag), frokost (torsdag\/fredag\/l\u00f8rdag\/s\u00f8ndag) og heiskort! (Wow for en deal). Lunsj og snacks st\u00e5r deltakeren for selv.<br class=\"html-br\" \/>P\u00e5meldingen er bindende. Kan du ikke delta p\u00e5 turen er du selv ansvarlig for \u00e5 selge billetten videre. Ved videresalg er det viktig at vi f\u00e5r kontaktinformasjon til den som overtok plassen. Dette sendes til eskilorslien@gmail.com<\/div>\n<div class=\"x14z9mp xat24cr x1lziwak x1vvkbs xtlvy1s\">For \u00e5 komme oss p\u00e5 tur, er vi avhengig av at noen deltakere stiller med bil. Ta kontakt med fredrik@gaudestad.no. Sj\u00e5f\u00f8rer er sikret plass p\u00e5 turen f\u00f8r p\u00e5meldingen, og blir kompensert 3,5 kr\/km. Bilen din m\u00e5 ha plass til deg selv og tre andre personer og alt av utstyr. Biler med takboks og god plass vil bli prioritert. Skriv merke og modell i mailen. N\u00e5r du stiller med bil har du et ekstra ansvar for at alle faktisk kommer seg ut p\u00e5 tur hver dag. Ingen biler skal forlate hytta halvtomme, og bruker man den ikke selv s\u00e5 m\u00e5 man v\u00e6re forberedt p\u00e5 \u00e5 l\u00e5ne den bort.<\/div>\n<div class=\"x14z9mp xat24cr x1lziwak x1vvkbs xtlvy1s\">&#8212;&#8212;&#8212;&#8212;&#8212;&#8212;&#8212;&#8212;&#8212;&#8212;&#8212;&#8212;&#8212;&#8212;&#8212;&#8212;&#8212;&#8212;&#8212;&#8212;&#8212;&#8212;&#8212;&#8212;<\/div>\n<div class=\"x14z9mp xat24cr x1lziwak x1vvkbs xtlvy1s\">ENGLISH:<br class=\"html-br\" \/>Sunnm\u00f8re Alps Trip:<\/div>\n<div><\/div>\n<div class=\"x14z9mp xat24cr x1lziwak x1vvkbs xtlvy1s\">\n<div class=\"x14z9mp xat24cr x1lziwak x1vvkbs xtlvy1s x126k92a\">\n<div dir=\"auto\">INFORMATION REGARDING PRICE AND LIFT PASS<\/div>\n<\/div>\n<div class=\"x14z9mp xat24cr x1lziwak x1vvkbs xtlvy1s x126k92a\">\n<div dir=\"auto\">We are dependent on financial support from NTNU\u2019s main board to fund lift passes in Stranda for the trip participants. The board is currently reviewing budgets and applications, but unfortunately we have not yet received confirmation as to whether the Stranda trip will receive funding <span class=\"html-span xexx8yu xyri2b x18d9i69 x1c1uobl x1hl2dhg x16tdsg8 x1vvkbs x3nfvp2 x1j61x8r x1fcty0u xdj266r xat24cr xm2jcoa x1mpyi22 xxymvpz xlup9mm x1kky2od\"><img loading=\"lazy\" decoding=\"async\" class=\"xz74otr x15mokao x1ga7v0g x16uus16 xbiv7yw\" src=\"https:\/\/static.xx.fbcdn.net\/images\/emoji.php\/v9\/t6a\/2\/16\/1f641.png\" alt=\"\ud83d\ude41\" width=\"16\" height=\"16\" \/><\/span> This decision will only be made after registration has closed.<\/div>\n<\/div>\n<div class=\"x14z9mp xat24cr x1lziwak x1vvkbs xtlvy1s x126k92a\">\n<div dir=\"auto\">AS A RESULT, WE CANNOT GUARANTEE THAT THE TRIP PRICE WILL INCLUDE A LIFT PASS IN STRANDA. PRICE WILL BE 1650 &#8216;-.<\/div>\n<\/div>\n<div class=\"x14z9mp xat24cr x1lziwak x1vvkbs xtlvy1s x126k92a\">\n<div dir=\"auto\">The price is set assuming that funding will be granted, and this may result in additional costs (for those who want a lift pass) if we receive partial or no funding. REGISTRATION WILL STILL BE BINDING, and a potential rejection of funding from the board is not grounds for a refund.<\/div>\n<\/div>\n<div class=\"x14z9mp xat24cr x1lziwak x1vvkbs xtlvy1s x126k92a\">\n<div dir=\"auto\">If we receive no funding, participants must be prepared to purchase a lift pass themselves if they wish to ski. If we receive partial funding, participants must be prepared to pay an additional fee during the trip to cover the portion of the lift pass that TF\/NTNUi does not have funds to sponsor.<\/div>\n<\/div>\n<div class=\"x14z9mp xat24cr x1lziwak x1vvkbs xtlvy1s x126k92a\">\n<div dir=\"auto\">We strongly believe that this trip can be one of the highlights of the year! It was a huge success last year, and we are optimistic that the funding will be approved. Due to last year\u2019s success, this application\u2014together with funding for Anton Sport TF Freeride\u2014has been given top priority. We would of course have preferred to clarify this before the trip, but unfortunately this is simply beyond TF\u2019s control.<\/div>\n<\/div>\n<div class=\"x14z9mp xat24cr x1lziwak x1vvkbs xtlvy1s x126k92a\">\n<div dir=\"auto\">THERE WILL BE CONTINUOUS UPDATES AS SOON AS WE KNOW MORE!!!!<\/div>\n<\/div>\n<p><br class=\"html-br\" \/>IMPORTANT DATES:<br class=\"html-br\" \/>Wednesday 11.02 Early-bird registration opens at 12:00 (committee members only)<br class=\"html-br\" \/>Thursday 12.02 Regular registration opens at 12:00<br class=\"html-br\" \/>Regular registration will be posted here in the event. There will be a total of 40 spots on the trip, half of which are reserved for committee members.<br class=\"html-br\" \/>Wednesday 25.02 departure to Velledalen Grendahus from the Main Building at Gl\u00f8shaugen.<\/p>\n<\/div>\n<div class=\"x14z9mp xat24cr x1lziwak x1vvkbs xtlvy1s\">ABOUT THE TRIP:<br class=\"html-br\" \/>Hi and welcome to this year\u2019s Sunnm\u00f8re Alps trip!<br class=\"html-br\" \/>Departure is Wednesday 25.02 and return sometime on Sunday 01.03. We will be staying at Velledalen Grendahus, a (long) stone\u2019s throw from Strandafjellet Ski Center, and about a 6-hour drive from Trondheim.<\/div>\n<div class=\"x14z9mp xat24cr x1lziwak x1vvkbs xtlvy1s\">We have been told to assume, like last year, that we will receive support for lift passes (2 or 3 days) \u2014 which would then be included in the price. But be aware that this is not 100% confirmed yet, so the ticket price may change. We will update as soon as this is confirmed. It is of course optional to use the ski resort. If you\u2019ve been eyeing a nearby summit for a while, you can absolutely choose to do that instead. It\u2019s also possible to ski 2 days in the resort and 1 day touring; you decide entirely yourself! Still, 2\/3 days of sponsored lift passes is hard to say no to!<br class=\"html-br\" \/>Velledalen Grendahus is a large and great community house, with good accommodation, a huge kitchen, a swimming pool in the basement, and even a stage \u2014 so there are good opportunities to avoid getting bored:)<\/div>\n<div class=\"x14z9mp xat24cr x1lziwak x1vvkbs xtlvy1s\">As mentioned, we\u2019re aiming for three days at Strandafjellet Ski Center, one of Norway\u2019s best powder destinations, so we\u2019re keeping our fingers crossed for a fresh snowfall beforehand. On the return day, Sunday, you decide within each car whether you\u2019re keen on a ski tour, or just a road trip straight home.<br class=\"html-br\" \/>We plan to drive from Trondheim at 15:00 on Wednesday, which means a late arrival in Sunnm\u00f8re, but still just enough time to roll out your sleeping pad and get a good night\u2019s sleep before shredding the next day.<\/div>\n<div class=\"x14z9mp xat24cr x1lziwak x1vvkbs xtlvy1s\">SKI OPTIONS:<br class=\"html-br\" \/>There are great touring opportunities in the area, but the focus is and will be the gondola. If you\u2019ve never heard of Strandafjellet, it doesn\u2019t take many Google searches to get hyped. Strandafjellet is a big and great resort with good groomed slopes, but is probably best known for its tree skiing and freeriding.<br class=\"html-br\" \/>If you\u2019re a park rat, you can trick away; if you like trees, there are enough branches to crash into that you won\u2019t need to buy firewood for the rest of winter. If you\u2019re keen on steeper skiing, you can sneak into the back of Bl\u00e5dalen, and if you\u2019re a true alpine skier at heart, there are plenty of slopes to carve turns on \u2014 maybe even a gate course or three.<br class=\"html-br\" \/>On Sunday, it\u2019s only the following night\u2019s sleep (and the avalanche risk) that sets the limits for where the tour will go. Whether you head over to \u00d8rsta, Standaleidet or Molladalen, drive to Hellesylt or Urke, you\u2019ll struggle to find a bad tour. There will probably be some tips and tricks regarding which tours we do, but we\u2019ll take that when we\u2019re there.<\/div>\n<div class=\"x14z9mp xat24cr x1lziwak x1vvkbs xtlvy1s\">MINIMUM REQUIREMENTS:<br class=\"html-br\" \/>A valid NTNUI membership is required to sign up.<br class=\"html-br\" \/>Paid annual membership in TF. This is a membership fee required to participate in NTNUI Topptur og Frikj\u00f8ring trips. This must be obtained before the trip and can be purchased here:<br class=\"html-br\" \/><a class=\"x1i10hfl xjbqb8w x1ejq31n x18oe1m7 x1sy0etr xstzfhl x972fbf x10w94by x1qhh985 x14e42zd x9f619 x1ypdohk xt0psk2 x3ct3a4 xdj266r x14z9mp xat24cr x1lziwak xexx8yu xyri2b x18d9i69 x1c1uobl x16tdsg8 x1hl2dhg xggy1nq x1a2a7pz xkrqix3 x1sur9pj x1fey0fg x1s688f\" role=\"link\" href=\"https:\/\/l.facebook.com\/l.php?u=https%3A%2F%2Fntnui.no%2Ftoppturogfrikjoring%2Fbli-medlem%2F%3Ffbclid%3DIwZXh0bgNhZW0CMTAAYnJpZBExQWpwc3NTVnZMNGxSUVJoN3NydGMGYXBwX2lkEDIyMjAzOTE3ODgyMDA4OTIAAR4RIpOtN2nDPMUjNOCLN9Gnd_cT_DciAGey_AzhsMvA4dfFl60fCqml4A9tlw_aem_18DQ_iJTx9NQUd0OBSpqfQ&amp;h=AT0jA2vqXCwoRpqhfxrv8uHhc4bgTocfdDz84QHq2Txm5mnE969JzueqgT1JFReJRZXC73OMbWMe4zqtEJ2hQPlZT7j8OT9v4cIBbB74Ugp4Ei7ceoIgYMosuiSc9vP2d0c7XhqfzZyOcpil6dr7XbAILpAxlJHGSDCuWQ&amp;__tn__=q&amp;c[0]=AT2BZqlPuWk3kFYyqCsstKRUOuXSzvCHs5-cAdGow9CWNZz0nEMuDr8omq4lTAXLdWAh3w23reKklAnt9L2HfkwxmR2AK3zDIdZUt8fkpyjmRuy4mvFW0cs67kDDe6cUke-oceo5F6WY-ForOsk1LzkUG9Nda8tM7YE\" target=\"_blank\" rel=\"nofollow noopener noreferrer\">https:\/\/ntnui.no\/toppturogfrikjoring\/bli-medlem\/<\/a><br class=\"html-br\" \/>You must bring your own avalanche safety gear: transceiver, shovel, and probe. TF has a few avalanche kits for rent \u2014 send an email to tf-nestleder@ntnui.no if that is of interest. Unfortunately, we do not have any other equipment for rent.<br class=\"html-br\" \/>Suitable alpine equipment to ski with \u2014 freeride skis, carving, jibbing etc. and\/or touring equipment to go on tours with \u2014 touring skis, telemark, splitboard etc.<br class=\"html-br\" \/>All participants must master the basic use of both avalanche and ski equipment. You must have been on a trip before and be able to take care of yourself in the winter mountains. If you have no experience with winter ski touring, a beginner course with DNT or one of the professional guide companies is recommended as an entry point to this wonderful sport.<br class=\"html-br\" \/>None of TF\u2019s trips are guided; you are free to plan tours yourself. Since the area contains a bunch of amazing tours, this gives great opportunities for great experiences! This puts responsibility on each individual participant, both in tour planning and in decisions made on tour. TF is not responsible for you and you are also not insured through TF when you are on tour with us. Personal travel insurance is strongly recommended.<br class=\"html-br\" \/>By purchasing the ticket you accept TF\u2019s liability waiver. It can be read when buying the ticket.<\/div>\n<div class=\"x14z9mp xat24cr x1lziwak x1vvkbs xtlvy1s\">COSTS:<br class=\"html-br\" \/>The trip will for now cost approx. NOK 1,600. This includes transport, accommodation, dinner (Thursday\/Friday\/Saturday), breakfast (Thursday\/Friday\/Saturday\/Sunday) and lift passes! (Wow, what a deal). Lunch and snacks are up to each participant.<br class=\"html-br\" \/>Registration is binding. If you cannot attend the trip, you are responsible for selling the ticket to someone else. When reselling, it is important that we get contact information for the person who takes over the spot. This is sent to eskilorslien@gmail.com.<br class=\"html-br\" \/>To make the trip happen, we depend on some participants providing cars. Contact fredrik@gaudestad.no. Drivers are guaranteed a spot on the trip before registration opens, and will be compensated NOK 3.5\/km. Your car must have room for you and three other people and all equipment. Cars with roof boxes and plenty of space will be prioritized. Write make and model in the email. When you provide a car, you have an extra responsibility to ensure everyone actually gets to the trip each day. No cars should leave the cabin half empty, and if you don\u2019t use it yourself, you must be prepared to lend it out.<\/div>\n<\/div>\n","protected":false},"excerpt":{"rendered":"<p>Ved \u00e5 kj\u00f8pe v\u00e5rt produkt godtar du v\u00e5re reisebetingelser<\/p>\n<hr \/>\n<p>By purchasing our product you accept our terms of travel<\/p>\n<p><em><a href=\"https:\/\/ntnui.no\/toppturogfrikjoring\/reisebetingelser-2\">Reisebetingelser<\/a>\/<a href=\"https:\/\/ntnui.no\/toppturogfrikjoring\/en\/terms-of-travel\/\">Terms of travel<\/a><\/em><\/p>\n","protected":false},"featured_media":8011,"comment_status":"open","ping_status":"closed","template":"","meta":{"inline_featured_image":false,"_coblocks_attr":"","_coblocks_dimensions":"","_coblocks_responsive_height":"","_coblocks_accordion_ie_support":"","_price":"1630","_stock":"1","_tribe_ticket_header":"","_tribe_default_ticket_provider":"","_tribe_ticket_capacity":"10","_ticket_start_date":"","_ticket_end_date":"","_tribe_ticket_show_description":"","_tribe_ticket_show_not_going":false,"_tribe_ticket_use_global_stock":"","_tribe_ticket_global_stock_level":"","_global_stock_mode":"","_global_stock_cap":"","_tribe_rsvp_for_event":"","_tribe_ticket_going_count":"","_tribe_ticket_not_going_count":"","_tribe_tickets_list":[],"_tribe_ticket_has_attendee_info_fields":false},"product_brand":[],"product_cat":[39],"product_tag":[],"class_list":{"0":"post-8013","1":"product","2":"type-product","3":"status-publish","4":"has-post-thumbnail","6":"product_cat-trip","8":"first","9":"instock","10":"virtual","11":"sold-individually","12":"purchasable","13":"product-type-simple"},"_links":{"self":[{"href":"https:\/\/ntnui.no\/toppturogfrikjoring\/wp-json\/wp\/v2\/product\/8013","targetHints":{"allow":["GET"]}}],"collection":[{"href":"https:\/\/ntnui.no\/toppturogfrikjoring\/wp-json\/wp\/v2\/product"}],"about":[{"href":"https:\/\/ntnui.no\/toppturogfrikjoring\/wp-json\/wp\/v2\/types\/product"}],"replies":[{"embeddable":true,"href":"https:\/\/ntnui.no\/toppturogfrikjoring\/wp-json\/wp\/v2\/comments?post=8013"}],"wp:featuredmedia":[{"embeddable":true,"href":"https:\/\/ntnui.no\/toppturogfrikjoring\/wp-json\/wp\/v2\/media\/8011"}],"wp:attachment":[{"href":"https:\/\/ntnui.no\/toppturogfrikjoring\/wp-json\/wp\/v2\/media?parent=8013"}],"wp:term":[{"taxonomy":"product_brand","embeddable":true,"href":"https:\/\/ntnui.no\/toppturogfrikjoring\/wp-json\/wp\/v2\/product_brand?post=8013"},{"taxonomy":"product_cat","embeddable":true,"href":"https:\/\/ntnui.no\/toppturogfrikjoring\/wp-json\/wp\/v2\/product_cat?post=8013"},{"taxonomy":"product_tag","embeddable":true,"href":"https:\/\/ntnui.no\/toppturogfrikjoring\/wp-json\/wp\/v2\/product_tag?post=8013"}],"curies":[{"name":"wp","href":"https:\/\/api.w.org\/{rel}","templated":true}]}}