{"id":7740,"date":"2026-01-11T01:20:22","date_gmt":"2026-01-11T00:20:22","guid":{"rendered":"https:\/\/ntnui.no\/toppturogfrikjoring\/?post_type=product&#038;p=7740"},"modified":"2026-01-26T09:12:32","modified_gmt":"2026-01-26T08:12:32","slug":"sunndalstur-1-arrangor","status":"publish","type":"product","link":"https:\/\/ntnui.no\/toppturogfrikjoring\/product\/sunndalstur-1-arrangor\/","title":{"rendered":"Sunndalstur 1, arrang\u00f8r"},"content":{"rendered":"<p>English below.<br aria-hidden=\"true\" \/>Hei alle sammen! Vi gleder oss til \u00e5 arrangere tur til Sunndals\u00f8ra den 30.01\u201301.02. Avreise fra Hovedbygget ved Gl\u00f8shaugen kl. 15:00. Vi skal bo p\u00e5 \u00c5lvundeid grendahus, med Innerdalen rett i bakg\u00e5rden. Grendehuset er stort og utstyrt med garderobe\/dusj, gymsal som vi bruker som sovesal, og et stort kj\u00f8kken hvor vi skal lage felles frokost og middag. Vi legger opp til tur l\u00f8rdag og s\u00f8ndag, f\u00f8r vi kj\u00f8rer hjem til Trondheim s\u00f8ndag ettermiddag\/kveld<br aria-hidden=\"true\" \/>Vi trenger sj\u00e5f\u00f8rer, \u00f8nsker du og sikre deg en plass og mota kj\u00f8regodtgj\u00f8relse kontakt\u00a0<a class=\"c-link\" href=\"mailto:olavmnj@stud.ntnu.no\" target=\"_blank\" rel=\"noopener noreferrer\" data-stringify-link=\"mailto:olavmnj@stud.ntnu.no\" data-sk=\"tooltip_parent\">olavmnj@stud.ntnu.no<\/a>\u00a0(Mer info lenger nede)<br aria-hidden=\"true\" \/>TURMULIGHETER:<br aria-hidden=\"true\" \/>Gr\u00f8velnebba, Trolltinden, Fl\u00f8tatind, Saufjellet, Mohaugen, Dronningkrona og mye mer.<br aria-hidden=\"true\" \/>VIKTIGE DATOER:<br aria-hidden=\"true\" \/>15.01 Early-Bird p\u00e5melding \u00e5pner klokken kl 12:00, (kun for komitemedlemmer)<br aria-hidden=\"true\" \/>16.01 Ordin\u00e6r p\u00e5melding \u00e5pner klokken 12:00<br aria-hidden=\"true\" \/>Ordin\u00e6r p\u00e5melding vil legges ut her i arrangementet. Det blir totalt 20 deltakere p\u00e5 turen, hvor halvparten er satt av til komitemedlemmer.<br aria-hidden=\"true\" \/>30.01 avreise kl 15:00 til \u00c5lvlundeid grendahus fra Hovedbygget p\u00e5 Gl\u00f8shaugen.MINIMUMSKRAV:<br aria-hidden=\"true\" \/>Gyldig medlemskap i NTNUI kreves for \u00e5 melde seg p\u00e5.<br aria-hidden=\"true\" \/>Dere m\u00e5 ha med eget skredutstyr, sender\/mottaker, spade og s\u00f8kestang. TF har noen f\u00e5 skredpakker til utleie, send mail til\u00a0<a class=\"c-link\" href=\"mailto:tf-nestleder@ntnui.no\" target=\"_blank\" rel=\"noopener noreferrer\" data-stringify-link=\"mailto:tf-nestleder@ntnui.no\" data-sk=\"tooltip_parent\">tf-nestleder@ntnui.no<\/a>\u00a0dersom det er av interesse. Vi har dessverre ikke noe annet utstyr til leie.<br aria-hidden=\"true\" \/>Egnet toppturutstyr til \u00e5 g\u00e5 tur med, toppturski, telemark, splitboard etc.<br aria-hidden=\"true\" \/>Alle deltakere m\u00e5 mestre den grunnleggende bruken av b\u00e5de skred- og skiutstyret. Du m\u00e5 ha v\u00e6rt p\u00e5 tur f\u00f8r og kunne ta vare p\u00e5 deg selv i vinterfjellet. Har du ingen erfaring med toppturer p\u00e5 vinteren kan nybegynnerkurs hos DNT eller et av de profesjonelle guideselskapene anbefales som inngang til denne herlige sporten.<br aria-hidden=\"true\" \/>Ingen av TFs turer er guidet, her st\u00e5r man fritt til \u00e5 legge opp turer selv. Ettersom omr\u00e5det inneholder en haug av lekre turer gir dette store muligheter for flotte opplevelser! Dette legger ansvaret p\u00e5 den enkelte deltaker, b\u00e5de i turplanlegging og avgj\u00f8relser som tas p\u00e5 tur. TF har ikke ansvar for deg og du er heller ikke forsikret gjennom TF n\u00e5r du er p\u00e5 tur med oss. Egen reiseforsikring anbefales sterkt.<br aria-hidden=\"true\" \/>Ved kj\u00f8p av billetten s\u00e5 godkjenner dere TF sin ansvarsfraskrivelse. Den kan leses her:\u00a0<a class=\"c-link\" href=\"https:\/\/docs.google.com\/...\/13epxdiCaEWolp1GUcXg3...\/edit\" target=\"_blank\" rel=\"noopener noreferrer\" data-stringify-link=\"https:\/\/docs.google.com\/...\/13epxdiCaEWolp1GUcXg3...\/edit\" data-sk=\"tooltip_parent\">https:\/\/docs.google.com\/&#8230;\/13epxdiCaEWolp1GUcXg3&#8230;\/edit<\/a><a class=\"c-link\" href=\"https:\/\/l.facebook.com\/l.php?u=https%3A%2F%2Fdocs.google.com%2Fdocument%2Fd%2F13epxdiCaEWolp1GUcXg31fVVpaPJNDXwCrM3qEZ-ofU%2Fedit%3Fusp%3Dsharing%26fbclid%3DIwZXh0bgNhZW0CMTAAYnJpZBEwR282ZUx3aGNMQW9OSW1qZXNydGMGYXBwX2lkEDIyMjAzOTE3ODgyMDA4OTIAAR4vZ8KWKGdhEsqDuvAvvyRmm0EYHZO9PdSR8dCNppNtmfyZDy9TSmvgOGJPvg_aem_y8n6xzdtVAhQ-ppxtZyhFg&amp;h=AT0nDciemNt5KskS2gxCrm1qQpoX0sWxC6fXiToQplr5RuteWJIe_G6cApmovFH5UhVcU9ZkuevMvBnmLiAuhHaIn8qXgxfyjzo3eAv63kpLOL1ix3NUjClpEqNVrlEgP5HVEtip3nESuL2H&amp;__tn__=q&amp;c[0]=AT0Op9jKBOTOVBoIV9dljf8NMaV_vyd0mGRWtG8V1UlrRBzLgFMwGzM6kGulPvNobzsBlnuYzyIVqy3kLosqRq_FLNdBDJNVLCli8V2YZooXNW-eVu2FfhN-TIOWQ_T9JJDoPH0LvVtxIx6a0b6Boa7QkQeR8M7bvjA\" target=\"_blank\" rel=\"noopener noreferrer\" data-stringify-link=\"https:\/\/l.facebook.com\/l.php?u=https%3A%2F%2Fdocs.google.com%2Fdocument%2Fd%2F13epxdiCaEWolp1GUcXg31fVVpaPJNDXwCrM3qEZ-ofU%2Fedit%3Fusp%3Dsharing%26fbclid%3DIwZXh0bgNhZW0CMTAAYnJpZBEwR282ZUx3aGNMQW9OSW1qZXNydGMGYXBwX2lkEDIyMjAzOTE3ODgyMDA4OTIAAR4vZ8KWKGdhEsqDuvAvvyRmm0EYHZO9PdSR8dCNppNtmfyZDy9TSmvgOGJPvg_aem_y8n6xzdtVAhQ-ppxtZyhFg&amp;h=AT0nDciemNt5KskS2gxCrm1qQpoX0sWxC6fXiToQplr5RuteWJIe_G6cApmovFH5UhVcU9ZkuevMvBnmLiAuhHaIn8qXgxfyjzo3eAv63kpLOL1ix3NUjClpEqNVrlEgP5HVEtip3nESuL2H&amp;__tn__=q&amp;c[0]=AT0Op9jKBOTOVBoIV9dljf8NMaV_vyd0mGRWtG8V1UlrRBzLgFMwGzM6kGulPvNobzsBlnuYzyIVqy3kLosqRq_FLNdBDJNVLCli8V2YZooXNW-eVu2FfhN-TIOWQ_T9JJDoPH0LvVtxIx6a0b6Boa7QkQeR8M7bvjA\" data-sk=\"tooltip_parent\">&#8230;<\/a><br aria-hidden=\"true\" \/>KOSTNADER:<br aria-hidden=\"true\" \/>Turen vil koste 770 kr. Det inkluderer transport, overnatting, middag(fredag\/l\u00f8rdag) og frokost(\/l\u00f8rdag\/s\u00f8ndag). Lunsj og snacks st\u00e5r deltakeren for selv. P\u00e5meldingen er bindende. Kan du ikke delta p\u00e5 turen er du selv ansvarlig for \u00e5 selge billetten videre. Ved videresalg er det viktig at vi f\u00e5r kontaktinformasjon til den som overtok plassen. Dette sendes til\u00a0<a class=\"c-link\" href=\"mailto:olavmnj@stud.ntnu.no\" target=\"_blank\" rel=\"noopener noreferrer\" data-stringify-link=\"mailto:olavmnj@stud.ntnu.no\" data-sk=\"tooltip_parent\">olavmnj@stud.ntnu.no<\/a><br aria-hidden=\"true\" \/>TRANSPORT:<br aria-hidden=\"true\" \/>For \u00e5 komme oss tur, er vi avhengig av at noen deltakere stiller med bil. Ta kontakt med\u00a0<a class=\"c-link\" href=\"mailto:olavmnj@stud.ntnu.no\" target=\"_blank\" rel=\"noopener noreferrer\" data-stringify-link=\"mailto:olavmnj@stud.ntnu.no\" data-sk=\"tooltip_parent\">olavmnj@stud.ntnu.no<\/a>\u00a0Sj\u00e5f\u00f8rer er sikret plass p\u00e5 turen f\u00f8r p\u00e5meldingen, og blir kompensert 3,5 kr\/km. Bilen din m\u00e5 ha plass til deg selv og tre andre personer og alt av utstyr. Biler med takboks og god plass vil bli prioritert. Skriv merke og modell i mailen. N\u00e5r du stiller med bil har du et ekstra ansvar for at alle faktisk kommer seg ut p\u00e5 tur hver dag. Ingen biler skal forlate hytta halvtomme, og bruker man den ikke selv s\u00e5 m\u00e5 man v\u00e6re forberedt p\u00e5 \u00e5 l\u00e5ne den bort. Sj\u00e5f\u00f8r er selv ansvarlig for bilen i den forstand at utforkj\u00f8ring, bulking etc m\u00e5 dekkes av egen forsikring, og NTNUI er ikke erstatningsansvarlig for eventuelle skader p\u00e5 bil.<br aria-hidden=\"true\" \/>Vi gleder oss!<br aria-hidden=\"true\" \/>Hilsen Olav, Magnus, Hjalte og Tonje<br aria-hidden=\"true\" \/>\u2014&#8212;&#8212;&#8212;&#8212;&#8212;&#8212;&#8212;&#8212;&#8212;&#8212;&#8212;&#8212;&#8212;&#8212;&#8212;&#8212;&#8212;&#8212;&#8212;&#8212;&#8212;&#8212;&#8212;&#8212;&#8212;&#8212;&#8212;&#8212;&#8212;&#8212;&#8212;&#8212;&#8212;&#8212;&#8212;&#8212;&#8212;&#8212;<br aria-hidden=\"true\" \/>ENGLISH<br aria-hidden=\"true\" \/>Hi everyone! We are looking forward to organizing a trip to Sunndals\u00f8ra from January 30th to February 1st. Departure will be from Hovedbygget at Gl\u00f8shaugen at 15:00. We will be staying at \u00c5lvundeid community center, with Innerdalen located right in our backyard. The building is spacious and equipped with showers and changing rooms, a gym that we will use as a sleeping hall, and a large kitchen where we will prepare communal breakfast and dinner. We are planning for trips on both Saturday and Sunday, before heading back to Trondheim on Sunday afternoon or evening. More information and a packing list will be provided soon.<br aria-hidden=\"true\" \/>We need drivers! If you want to secure a spot and receive mileage reimbursement, contact\u00a0<a class=\"c-link\" href=\"mailto:olavmnj@stud.ntnu.no\" target=\"_blank\" rel=\"noopener noreferrer\" data-stringify-link=\"mailto:olavmnj@stud.ntnu.no\" data-sk=\"tooltip_parent\">olavmnj@stud.ntnu.no<\/a>\u00a0(More info below)<br aria-hidden=\"true\" \/>IMPORTANT DATES:<br aria-hidden=\"true\" \/>15.01 Early-Bird registration opens at 12:00 (only for committee members)<br aria-hidden=\"true\" \/>16.01 Ordinary registration opens at 12:00<br aria-hidden=\"true\" \/>Ordinary registration will be posted here in the Facebook event. The trip has 20 number of participants, of which half is reserved for committee members.<br aria-hidden=\"true\" \/>30.01 departure to \u00c5lvlundeid grendahus form Hovedbygget at Gl\u00f8shaugen.<br aria-hidden=\"true\" \/>TOUR OPPORTUNITIES:<br aria-hidden=\"true\" \/>Gr\u00f8velnebba, Trolltinden, Fl\u00f8tatind, Saufjellet, Mohaugen, Dronningkrona og mye mer.<br aria-hidden=\"true\" \/>MINIMUM REQUIREMENTS:<br aria-hidden=\"true\" \/>A valid NTNUI membership is mandatory for attending this trip.<br aria-hidden=\"true\" \/>You must bring your own avalanche equipment, e.g transmitter \/ receiver, shovel and search probe. TF has a few avalanche packages for rent, send an email to\u00a0<a class=\"c-link\" href=\"mailto:tf-nestleder@ntnui.no\" target=\"_blank\" rel=\"noopener noreferrer\" data-stringify-link=\"mailto:tf-nestleder@ntnui.no\" data-sk=\"tooltip_parent\">tf-nestleder@ntnui.no<\/a>\u00a0if it is of interest. We unfortunately have no other equipment for rent.<br aria-hidden=\"true\" \/>You must bring suitable equipment for ski touring e.g ski touring gear, telemark, splitboard etc.<br aria-hidden=\"true\" \/>All participants must master the basic use of both the avalanche equipment and ski equipment. You must have ski toured in the mountains before and be able to take care of yourself in winter conditions. If you have no experience with ski touring, a beginner&#8217;s course at DNT or one of the professional guide companies can be recommended as an entrance to this wonderful sport.<br aria-hidden=\"true\" \/>None of TF&#8217;s tours are guided, here you are free to plan tours yourself. As the area contains a bunch of tours, this provides great opportunities for great experiences! This places the responsibility on the individual participant, both in trip planning and decisions made in the mountains. TF is not responsible for you and you are not insured through TF when you are on a trip with us. Personal travel insurance is highly recommended.<br aria-hidden=\"true\" \/>By filling out the registration, you approve TFs disclaimer of responsibility. It can be read here:\u00a0<a class=\"c-link\" href=\"https:\/\/docs.google.com\/...\/13epxdiCaEWolp1GUcXg3...\/edit\" target=\"_blank\" rel=\"noopener noreferrer\" data-stringify-link=\"https:\/\/docs.google.com\/...\/13epxdiCaEWolp1GUcXg3...\/edit\" data-sk=\"tooltip_parent\">https:\/\/docs.google.com\/&#8230;\/13epxdiCaEWolp1GUcXg3&#8230;\/edit<\/a><a class=\"c-link\" href=\"https:\/\/docs.google.com\/document\/d\/13epxdiCaEWolp1GUcXg31fVVpaPJNDXwCrM3qEZ-ofU\/edit?usp=sharing&amp;fbclid=IwZXh0bgNhZW0CMTAAYnJpZBEwR282ZUx3aGNMQW9OSW1qZXNydGMGYXBwX2lkEDIyMjAzOTE3ODgyMDA4OTIAAR43HbE_8YVmhZbCANeCGxphPbrZffVflewJjG3tupEDkw4U86Ff-QWm_WjDLQ_aem_xxlkgda-QiVgw3WAoCWjvQ\" target=\"_blank\" rel=\"noopener noreferrer\" data-stringify-link=\"https:\/\/docs.google.com\/document\/d\/13epxdiCaEWolp1GUcXg31fVVpaPJNDXwCrM3qEZ-ofU\/edit?usp=sharing&amp;fbclid=IwZXh0bgNhZW0CMTAAYnJpZBEwR282ZUx3aGNMQW9OSW1qZXNydGMGYXBwX2lkEDIyMjAzOTE3ODgyMDA4OTIAAR43HbE_8YVmhZbCANeCGxphPbrZffVflewJjG3tupEDkw4U86Ff-QWm_WjDLQ_aem_xxlkgda-QiVgw3WAoCWjvQ\" data-sk=\"tooltip_parent\">&#8230;<\/a><br aria-hidden=\"true\" \/>COSTS:<br aria-hidden=\"true\" \/>The trip will cost 770 NOK. It includes transport, accommodation, dinner (Friday \/ Saturday) and breakfast (\/ Saturday \/ Sunday). The participant has to bring their own lunch and snacks. The registration is binding. If you can not participate, you are responsible for reselling the ticket. In the case of resale, it is important that we receive contact information for the person who took over the place. Please send this to\u00a0<a class=\"c-link\" href=\"mailto:olavmnj@stud.ntnu.no\" target=\"_blank\" rel=\"noopener noreferrer\" data-stringify-link=\"mailto:olavmnj@stud.ntnu.no\" data-sk=\"tooltip_parent\">olavmnj@stud.ntnu.no<\/a><br aria-hidden=\"true\" \/>TRANSPORTATION:<br aria-hidden=\"true\" \/>In order to get our turn, we depend on some participants posing by car. Contact\u00a0<a class=\"c-link\" href=\"mailto:olavmnj@stud.ntnu.no\" target=\"_blank\" rel=\"noopener noreferrer\" data-stringify-link=\"mailto:olavmnj@stud.ntnu.no\" data-sk=\"tooltip_parent\">olavmnj@stud.ntnu.no<\/a>\u00a0Drivers are guaranteed a place on the trip before registration, and will be compensated NOK 3.5 \/ km. Your car must have room for yourself and three other people and all equipment. Write the brand and model in the mail. Roomy cars with a roof box will be preferred. If you are a driver, you have an extra responsibility to ensure that everyone actually gets out on a trip every day. No cars should leave the cabin half empty, and if you do not use it yourself, you must be prepared to lend it out. You are responsible for the insurance of your own car. Which means that if an accident occurs, the damages of your car will not be refunded from NTNUI.<br aria-hidden=\"true\" \/>Best regards from Olav, Magnus, Hjalte og Tonje<\/p>\n","protected":false},"excerpt":{"rendered":"<p>Ved \u00e5 kj\u00f8pe v\u00e5rt produkt godtar du v\u00e5re reisebetingelser<\/p>\n<hr \/>\n<p>By purchasing our product you accept our terms of travel<\/p>\n<p><em><a href=\"https:\/\/ntnui.no\/toppturogfrikjoring\/reisebetingelser-2\">Reisebetingelser<\/a>\/<a href=\"https:\/\/ntnui.no\/toppturogfrikjoring\/en\/terms-of-travel\/\">Terms of travel<\/a><\/em><\/p>\n","protected":false},"featured_media":7729,"comment_status":"open","ping_status":"closed","template":"","meta":{"inline_featured_image":false,"_coblocks_attr":"","_coblocks_dimensions":"","_coblocks_responsive_height":"","_coblocks_accordion_ie_support":"","_price":"770","_stock":"0","_tribe_ticket_header":"","_tribe_default_ticket_provider":"","_tribe_ticket_capacity":"10","_ticket_start_date":"","_ticket_end_date":"","_tribe_ticket_show_description":"","_tribe_ticket_show_not_going":false,"_tribe_ticket_use_global_stock":"","_tribe_ticket_global_stock_level":"","_global_stock_mode":"","_global_stock_cap":"","_tribe_rsvp_for_event":"","_tribe_ticket_going_count":"","_tribe_ticket_not_going_count":"","_tribe_tickets_list":[],"_tribe_ticket_has_attendee_info_fields":false},"product_brand":[],"product_cat":[39],"product_tag":[],"class_list":{"0":"post-7740","1":"product","2":"type-product","3":"status-publish","4":"has-post-thumbnail","6":"product_cat-trip","8":"first","9":"outofstock","10":"virtual","11":"sold-individually","12":"purchasable","13":"product-type-simple"},"_links":{"self":[{"href":"https:\/\/ntnui.no\/toppturogfrikjoring\/wp-json\/wp\/v2\/product\/7740","targetHints":{"allow":["GET"]}}],"collection":[{"href":"https:\/\/ntnui.no\/toppturogfrikjoring\/wp-json\/wp\/v2\/product"}],"about":[{"href":"https:\/\/ntnui.no\/toppturogfrikjoring\/wp-json\/wp\/v2\/types\/product"}],"replies":[{"embeddable":true,"href":"https:\/\/ntnui.no\/toppturogfrikjoring\/wp-json\/wp\/v2\/comments?post=7740"}],"wp:featuredmedia":[{"embeddable":true,"href":"https:\/\/ntnui.no\/toppturogfrikjoring\/wp-json\/wp\/v2\/media\/7729"}],"wp:attachment":[{"href":"https:\/\/ntnui.no\/toppturogfrikjoring\/wp-json\/wp\/v2\/media?parent=7740"}],"wp:term":[{"taxonomy":"product_brand","embeddable":true,"href":"https:\/\/ntnui.no\/toppturogfrikjoring\/wp-json\/wp\/v2\/product_brand?post=7740"},{"taxonomy":"product_cat","embeddable":true,"href":"https:\/\/ntnui.no\/toppturogfrikjoring\/wp-json\/wp\/v2\/product_cat?post=7740"},{"taxonomy":"product_tag","embeddable":true,"href":"https:\/\/ntnui.no\/toppturogfrikjoring\/wp-json\/wp\/v2\/product_tag?post=7740"}],"curies":[{"name":"wp","href":"https:\/\/api.w.org\/{rel}","templated":true}]}}