{"id":7732,"date":"2026-01-10T02:53:36","date_gmt":"2026-01-10T01:53:36","guid":{"rendered":"https:\/\/ntnui.no\/toppturogfrikjoring\/?post_type=product&#038;p=7732"},"modified":"2026-01-22T23:21:12","modified_gmt":"2026-01-22T22:21:12","slug":"sunndalstur-arrangor-4","status":"publish","type":"product","link":"https:\/\/ntnui.no\/toppturogfrikjoring\/product\/sunndalstur-arrangor-4\/","title":{"rendered":"Sunndalstur, arrang\u00f8r"},"content":{"rendered":"<p><span style=\"font-weight: 400\">HALLO ALLE SAMMEN!<\/span><\/p>\n<p><span style=\"font-weight: 400\">Vi gleder oss til \u00e5 arrangere tur til Sunndalen 6. &#8211; 8. februar. Avreise blir fra Gl\u00f8shaugen kl 15.00 fredag 06.02. Vi skal bo p\u00e5 \u00c5lvundeid Grendahus, tett p\u00e5 flotte turmuligheter! Grendahuset er romslig og har alt som trengs for en sosial helg: 2 gymsaler hvor man kan brette ut et deilig liggeunderlag og sovepose, garderober med dusj for \u00e5 f\u00e5 varmen i seg etter tur + kj\u00f8kken hvor vi skal lage gode middager og frokost i lag.<\/span><\/p>\n<p><span style=\"font-weight: 400\">Vi legger opp til tur l\u00f8rdag og s\u00f8ndag, f\u00f8r vi kj\u00f8rer hjem til Trondheim s\u00f8ndag ettermiddag\/kveld. Mer info og pakkeliste kommer.\u00a0<\/span><\/p>\n<p><b>NB: Viktig at dere leser alt som st\u00e5r under:)\u00a0<\/b><\/p>\n<p><span style=\"font-weight: 400\">NOEN TURMULIGHETER:<\/span><\/p>\n<p><span style=\"font-weight: 400\">G<\/span><span style=\"font-weight: 400\">r\u00f8velnebba, Trolltinden, Fl\u00f8tatind, Saufjellet, Mohaugen, <\/span><span style=\"font-weight: 400\">Dronningkrona og mye mer.\u00a0<\/span><\/p>\n<p><span style=\"font-weight: 400\">VIKTIGE DATOER:<\/span><\/p>\n<p><b>22.01<\/b><span style=\"font-weight: 400\"> Early-Bird p\u00e5melding \u00e5pner klokken kl <\/span><b>12.00,<\/b><span style=\"font-weight: 400\"> (kun for komitemedlemmer)<\/span><\/p>\n<p><b>23.01<\/b><span style=\"font-weight: 400\"> Ordin\u00e6r p\u00e5melding \u00e5pner klokken <\/span><b>12.00<\/b><\/p>\n<p><b>06.02 <\/b><span style=\"font-weight: 400\">15:00 Avreise fra Hovedbygget p\u00e5 NTNU Gl\u00f8shaugen<\/span><\/p>\n<p><span style=\"font-weight: 400\">Ordin\u00e6r p\u00e5melding vil legges ut her i arrangementet. Det blir totalt <\/span><b>32<\/b><span style=\"font-weight: 400\"> deltakere p\u00e5 turen, hvor halvparten er satt av til komitemedlemmer.<\/span><\/p>\n<p>&nbsp;<\/p>\n<p><span style=\"font-weight: 400\">MINIMUMSKRAV:<\/span><\/p>\n<p><span style=\"font-weight: 400\">Gyldig medlemskap i NTNUI kreves for \u00e5 melde seg p\u00e5.<\/span><\/p>\n<p><span style=\"font-weight: 400\">Dere m\u00e5 ha med eget skredutstyr, sender\/mottaker, spade og s\u00f8kestang. TF har noen f\u00e5 skredpakker til utleie, send mail til tf-nestleder@ntnui.no dersom det er av interesse. Vi har dessverre ikke noe annet utstyr til leie.<\/span><\/p>\n<p><span style=\"font-weight: 400\">Egnet toppturutstyr til \u00e5 g\u00e5 tur med, toppturski, telemark, splitboard etc.<\/span><\/p>\n<p><span style=\"font-weight: 400\">Alle deltakere m\u00e5 mestre den grunnleggende bruken av b\u00e5de skred- og skiutstyret. Du m\u00e5 ha v\u00e6rt p\u00e5 tur f\u00f8r og kunne ta vare p\u00e5 deg selv i vinterfjellet. Har du ingen erfaring med toppturer p\u00e5 vinteren kan nybegynnerkurs hos DNT eller et av de profesjonelle guideselskapene anbefales som inngang til denne herlige sporten.<\/span><\/p>\n<p><span style=\"font-weight: 400\">Ingen av TFs turer er guidet, her st\u00e5r man fritt til \u00e5 legge opp turer selv<\/span><span style=\"font-weight: 400\">. Ettersom omr\u00e5det inneholder en haug av lekre turer gir dette store muligheter for flotte opplevelser! Dette legger ansvaret p\u00e5 den enkelte deltaker, b\u00e5de i turplanlegging og avgj\u00f8relser som tas p\u00e5 tur. TF har ikke ansvar for deg og du er heller ikke forsikret gjennom TF n\u00e5r du er p\u00e5 tur med oss. Egen reiseforsikring anbefales sterkt.<\/span><\/p>\n<p><span style=\"font-weight: 400\">Ved kj\u00f8p av billetten s\u00e5 godkjenner dere TF sin ansvarsfraskrivelse. Den kan leses her: <\/span><a href=\"https:\/\/docs.google.com\/document\/d\/13epxdiCaEWolp1GUcXg31fVVpaPJNDXwCrM3qEZ-ofU\/edit?usp=sharing\"><span style=\"font-weight: 400\">https:\/\/docs.google.com\/document\/d\/13epxdiCaEWolp1GUcXg31fVVpaPJNDXwCrM3qEZ-ofU\/edit?usp=sharing<\/span><\/a><\/p>\n<p>&nbsp;<\/p>\n<p><span style=\"font-weight: 400\">KOSTNADER:<\/span><\/p>\n<p><span style=\"font-weight: 400\">Turen vil koste <\/span><b>850<\/b><span style=\"font-weight: 400\"> kr. Det inkluderer transport, overnatting, middag(fredag\/l\u00f8rdag) og frokost(l\u00f8rdag\/s\u00f8ndag). Lunsj og snacks st\u00e5r deltakeren for selv. P\u00e5meldingen er bindende. Kan du ikke delta p\u00e5 turen er du selv ansvarlig for \u00e5 selge billetten videre. Ved videresalg er det viktig at vi f\u00e5r kontaktinformasjon til den som overtok plassen. Dette sendes til <\/span><b>henrbjoh@stud.ntnu.no<\/b><\/p>\n<p><span style=\"font-weight: 400\">TRANSPORT:<\/span><\/p>\n<p><span style=\"font-weight: 400\">F<\/span><span style=\"font-weight: 400\">or \u00e5 komme oss tur, er vi avhengig av at noen deltakere stiller med bil. Ta kontakt med <\/span><b>sigriaj@stud.ntnu.no<\/b><span style=\"font-weight: 400\">. <\/span><span style=\"font-weight: 400\">Sj\u00e5f\u00f8rer er sikret plass p\u00e5 turen f\u00f8r p\u00e5meldingen, og blir kompensert 3,5 kr\/km. Bilen din m\u00e5 ha plass til deg selv og tre andre personer og alt av utstyr. Biler med takboks og god<\/span><span style=\"font-weight: 400\"> plass vil bli prioritert. Skriv merke og modell i mailen. N\u00e5r du stiller med bil har du et ekstra ansvar for at alle faktisk kommer seg ut p\u00e5 tur hver dag. Ingen biler skal forlate hytta halvtomme, og bruker man den ikke selv s\u00e5 m\u00e5 man v\u00e6re forberedt p\u00e5 \u00e5 l\u00e5ne den bort. Sj\u00e5f\u00f8r er selv ansvarlig for bilen i den forstand at utforkj\u00f8ring, bulking etc m\u00e5 dekkes av egen forsikring, og NTNUI er ikke erstatningsansvarlig for eventuelle skader p\u00e5 bil.\u00a0<\/span><\/p>\n<p><span style=\"font-weight: 400\">Vi gleder oss!\u00a0<\/span><\/p>\n<p><span style=\"font-weight: 400\">Hilsen Sigrid og Henrik<\/span><\/p>\n<p><span style=\"font-weight: 400\">\u2014&#8212;&#8212;&#8212;&#8212;&#8212;&#8212;&#8212;&#8212;&#8212;&#8212;&#8212;&#8212;&#8212;&#8212;&#8212;&#8212;&#8212;&#8212;&#8212;&#8212;&#8212;&#8212;&#8212;&#8212;&#8212;&#8212;&#8212;&#8212;&#8212;&#8212;&#8212;&#8212;&#8212;&#8212;&#8212;&#8212;&#8212;&#8212;<\/span><\/p>\n<p>&nbsp;<\/p>\n<p><span style=\"font-weight: 400\">HELLO EVERYONE!<\/span><\/p>\n<p><span style=\"font-weight: 400\">We are excited to organize a trip to Sunndalen from February 06th to 08th. Departure from Gl\u00f8shaugen at 3:00 PM on Friday, February 06th. We will be staying at \u00c5lvundeid Grendahus, close to some fantastic hiking opportunities! We\u2019re planning ski trips on Saturday and Sunday before heading back to Trondheim on Sunday afternoon\/evening.\u00a0\u00a0<\/span><\/p>\n<p>&nbsp;<\/p>\n<p><span style=\"font-weight: 400\">Bring a sleeping pad and a sleeping bag, along with everything else you think is necessary! More information and a packing list will follow.\u00a0\u00a0<\/span><\/p>\n<p>&nbsp;<\/p>\n<p><b>NB: It\u2019s important that you read everything below! \ud83d\ude42<\/b><\/p>\n<p>&nbsp;<\/p>\n<p><span style=\"font-weight: 400\">&#8212;<\/span><\/p>\n<p>&nbsp;<\/p>\n<p><span style=\"font-weight: 400\">SOME LOCAL OPPORTUNITIES:<\/span><\/p>\n<p><span style=\"font-weight: 400\">Gr\u00f8velnebba, Trolltinden, Fl\u00f8tatind, Saufjellet, Mohaugen, Dronningkrona, and much more.\u00a0\u00a0<\/span><\/p>\n<p>&nbsp;<\/p>\n<p><span style=\"font-weight: 400\">&#8212;<\/span><\/p>\n<p>&nbsp;<\/p>\n<p><span style=\"font-weight: 400\">MPORTANT DATES:<\/span><\/p>\n<p><span style=\"font-weight: 400\">January 22nd: Early bird registration opens at 12:00 PM (only for committee members).\u00a0\u00a0<\/span><\/p>\n<p><span style=\"font-weight: 400\">January 23th: General registration opens at 12:00 PM.\u00a0\u00a0<\/span><\/p>\n<p>&nbsp;<\/p>\n<p><span style=\"font-weight: 400\">General registration will be posted here in the event. There will be a total of <\/span><b>32<\/b><span style=\"font-weight: 400\"> participants for the trip, with half of the spots reserved for committee members.\u00a0\u00a0<\/span><\/p>\n<p>&nbsp;<\/p>\n<p><span style=\"font-weight: 400\">&#8212;<\/span><\/p>\n<p><span style=\"font-weight: 400\">MINIMUM REQUIREMENTS:<\/span><\/p>\n<p><span style=\"font-weight: 400\">&#8211; A valid NTNUI membership is required to register.\u00a0\u00a0<\/span><\/p>\n<p><span style=\"font-weight: 400\">&#8211; You must bring your own avalanche safety equipment: transceiver, shovel, and probe. TF has a limited number of avalanche safety kits for rent. If interested, send an email to tf-nestleder@ntnui.no. Unfortunately, we don\u2019t have any other equipment for rent.\u00a0\u00a0<\/span><\/p>\n<p><span style=\"font-weight: 400\">&#8211; Suitable touring equipment for mountain hikes, such as touring skis, telemark skis, splitboards, etc.\u00a0\u00a0<\/span><\/p>\n<p><span style=\"font-weight: 400\">&#8211; All participants must be familiar with the basic use of avalanche and ski equipment. You must have prior experience with hiking and be able to take care of yourself in winter mountain conditions. If you have no experience with winter mountain tours, a beginner\u2019s course with DNT or a professional guiding company is recommended as an introduction to this fantastic sport.\u00a0\u00a0<\/span><\/p>\n<p>&nbsp;<\/p>\n<p><span style=\"font-weight: 400\">None of TF\u2019s trips are guided, so you are free to plan your own hikes. Since the area offers a variety of wonderful hikes, there are many opportunities for incredible experiences! This places the responsibility on each participant, both in trip planning and in the decisions made during the hike. TF is not responsible for you, and you are also not insured through TF when hiking with us. Personal travel insurance is strongly recommended.\u00a0\u00a0<\/span><\/p>\n<p>&nbsp;<\/p>\n<p><span style=\"font-weight: 400\">By purchasing a ticket, you accept TF\u2019s disclaimer of responsibility. You can read it here: [TF Disclaimer] (https:\/\/docs.google.com\/document\/d\/13epxdiCaEWolp1GUcXg31fVVpaPJNDXwCrM3qEZ-ofU\/edit?usp=sharing).\u00a0\u00a0<\/span><\/p>\n<p>&nbsp;<\/p>\n<p><span style=\"font-weight: 400\">&#8212;<\/span><\/p>\n<p>&nbsp;<\/p>\n<p><span style=\"font-weight: 400\">COSTS:<\/span><\/p>\n<p><span style=\"font-weight: 400\">The trip costs <\/span><b>850 NOK<\/b><span style=\"font-weight: 400\">. This includes transportation, accommodation, dinner (Thursday\/Friday\/Saturday), and breakfast (Friday\/Saturday\/Sunday). Participants are responsible for their own lunch and snacks. Registration is binding. If you are unable to attend the trip, you are responsible for reselling your ticket. In case of resale, it is important that we receive the contact information of the person taking your spot. Please send this information to <\/span><b>henrbjoh@stud.ntnu.no<\/b><\/p>\n<p>&nbsp;<\/p>\n<p><span style=\"font-weight: 400\">&#8212;<\/span><\/p>\n<p>&nbsp;<\/p>\n<p><span style=\"font-weight: 400\">TRANSPORTATION:\u00a0<\/span><\/p>\n<p><span style=\"font-weight: 400\">To make this trip possible, we rely on participants providing cars. Please contact <\/span><b>sigriaj@stud.ntnu.no<\/b><span style=\"font-weight: 400\"> if you have a car. Drivers are guaranteed a spot on the trip before general registration and will be compensated 3.5 NOK per kilometer. Your car must have space for yourself and three other participants, along with all equipment. Cars with roof boxes and good storage capacity will be prioritized. Include the car\u2019s make and model in your email.\u00a0\u00a0<\/span><\/p>\n<p>&nbsp;<\/p>\n<p><span style=\"font-weight: 400\">As a driver, you will have extra responsibility to ensure that everyone gets to the hikes each day. No cars should leave the cabin half-empty, and if you\u2019re not using the car yourself, you must be prepared to lend it out. The driver is responsible for the car in terms of accidents, damage, etc., which must be covered by your own insurance. NTNUI is not liable for any damages to your car.\u00a0\u00a0<\/span><\/p>\n<p>&nbsp;<\/p>\n<p><span style=\"font-weight: 400\">&#8212;<\/span><\/p>\n<p>&nbsp;<\/p>\n<p><span style=\"font-weight: 400\">We\u2019re looking forward to the trip!\u00a0\u00a0<\/span><\/p>\n<p>&nbsp;<\/p>\n<p><span style=\"font-weight: 400\">Best regards,\u00a0\u00a0<\/span><\/p>\n<p><span style=\"font-weight: 400\">Sigrid and Henrik<\/span><br style=\"font-weight: 400\" \/><br style=\"font-weight: 400\" \/><br style=\"font-weight: 400\" \/><\/p>\n","protected":false},"excerpt":{"rendered":"<p>Ved \u00e5 kj\u00f8pe v\u00e5rt produkt godtar du v\u00e5re reisebetingelser<\/p>\n<hr \/>\n<p>By purchasing our product you accept our terms of travel<\/p>\n<p><em><a href=\"https:\/\/ntnui.no\/toppturogfrikjoring\/reisebetingelser-2\">Reisebetingelser<\/a>\/<a href=\"https:\/\/ntnui.no\/toppturogfrikjoring\/en\/terms-of-travel\/\">Terms of travel<\/a><\/em><\/p>\n","protected":false},"featured_media":7729,"comment_status":"open","ping_status":"closed","template":"","meta":{"inline_featured_image":false,"_coblocks_attr":"","_coblocks_dimensions":"","_coblocks_responsive_height":"","_coblocks_accordion_ie_support":"","_price":"850","_stock":"0","_tribe_ticket_header":"","_tribe_default_ticket_provider":"","_tribe_ticket_capacity":"10","_ticket_start_date":"","_ticket_end_date":"","_tribe_ticket_show_description":"","_tribe_ticket_show_not_going":false,"_tribe_ticket_use_global_stock":"","_tribe_ticket_global_stock_level":"","_global_stock_mode":"","_global_stock_cap":"","_tribe_rsvp_for_event":"","_tribe_ticket_going_count":"","_tribe_ticket_not_going_count":"","_tribe_tickets_list":[],"_tribe_ticket_has_attendee_info_fields":false},"product_brand":[],"product_cat":[39],"product_tag":[],"class_list":{"0":"post-7732","1":"product","2":"type-product","3":"status-publish","4":"has-post-thumbnail","6":"product_cat-trip","8":"first","9":"outofstock","10":"virtual","11":"sold-individually","12":"purchasable","13":"product-type-simple"},"_links":{"self":[{"href":"https:\/\/ntnui.no\/toppturogfrikjoring\/wp-json\/wp\/v2\/product\/7732","targetHints":{"allow":["GET"]}}],"collection":[{"href":"https:\/\/ntnui.no\/toppturogfrikjoring\/wp-json\/wp\/v2\/product"}],"about":[{"href":"https:\/\/ntnui.no\/toppturogfrikjoring\/wp-json\/wp\/v2\/types\/product"}],"replies":[{"embeddable":true,"href":"https:\/\/ntnui.no\/toppturogfrikjoring\/wp-json\/wp\/v2\/comments?post=7732"}],"wp:featuredmedia":[{"embeddable":true,"href":"https:\/\/ntnui.no\/toppturogfrikjoring\/wp-json\/wp\/v2\/media\/7729"}],"wp:attachment":[{"href":"https:\/\/ntnui.no\/toppturogfrikjoring\/wp-json\/wp\/v2\/media?parent=7732"}],"wp:term":[{"taxonomy":"product_brand","embeddable":true,"href":"https:\/\/ntnui.no\/toppturogfrikjoring\/wp-json\/wp\/v2\/product_brand?post=7732"},{"taxonomy":"product_cat","embeddable":true,"href":"https:\/\/ntnui.no\/toppturogfrikjoring\/wp-json\/wp\/v2\/product_cat?post=7732"},{"taxonomy":"product_tag","embeddable":true,"href":"https:\/\/ntnui.no\/toppturogfrikjoring\/wp-json\/wp\/v2\/product_tag?post=7732"}],"curies":[{"name":"wp","href":"https:\/\/api.w.org\/{rel}","templated":true}]}}