{"id":7653,"date":"2025-12-28T16:05:27","date_gmt":"2025-12-28T15:05:27","guid":{"rendered":"https:\/\/ntnui.no\/toppturogfrikjoring\/?post_type=product&#038;p=7653"},"modified":"2026-01-16T12:51:52","modified_gmt":"2026-01-16T11:51:52","slug":"oksendalen-sjafor","status":"publish","type":"product","link":"https:\/\/ntnui.no\/toppturogfrikjoring\/product\/oksendalen-sjafor\/","title":{"rendered":"\u00d8ksendalen, Sj\u00e5f\u00f8r"},"content":{"rendered":"<p>Hei alle sammen! Vi gleder oss til \u00e5 arrangere tur til \u00d8ksendalen 16.01.-18.01. Vi kj\u00f8rer<br \/>\nfra Gl\u00f8shaugen kl 16.00 fredag 16.01. Turen fra Trondheim til \u00d8ksendalen tar ca 3 timer.<br \/>\nVi skal bo p\u00e5 \u00d8ksendalen samfunnshus, kun et lite steinkast fra Sunndals\u00f8ra og flotte<br \/>\nturmuligheter! Vi legger opp til tur l\u00f8rdag og s\u00f8ndag, f\u00f8r vi kj\u00f8rer hjem til Trondheim<br \/>\ns\u00f8ndag ettermiddag\/kveld.<br \/>\nTa med liggeunderlag og sovepose, og ellers alt annet du ser p\u00e5 som n\u00f8dvendig! Mer<br \/>\ninfo og pakkeliste kommer.<br \/>\nNB: Viktig at dere leser alt som st\u00e5r under:)<br \/>\nTURMULIGHETER:<br \/>\nGr\u00f8velnebba, Trolltinden, Fl\u00f8tatind, Saufjellet, Mohaugen, Dronningkrona og mye mer.<\/p>\n<p>VIKTIGE DATOER:<br \/>\n01.01 Early-Bird p\u00e5melding \u00e5pner klokken kl 12.00, (kun for komitemedlemmer)<br \/>\n02.01 Ordin\u00e6r p\u00e5melding \u00e5pner klokken 12.00<br \/>\nOrdin\u00e6r p\u00e5melding vil legges ut her i arrangementet. Det blir totalt 20 deltakere p\u00e5<br \/>\nturen, hvor halvparten er satt av til komitemedlemmer.<\/p>\n<p>16.01 avreise til \u00d8ksendalen fra Hovedbygget p\u00e5 Gl\u00f8shaugen.<\/p>\n<p>MINIMUMSKRAV:<br \/>\nGyldig medlemskap i NTNUI kreves for \u00e5 melde seg p\u00e5.<br \/>\nDere m\u00e5 ha med eget skredutstyr, sender\/mottaker, spade og s\u00f8kestang. TF har noen f\u00e5<br \/>\nskredpakker til utleie, send mail til tf-nestleder@ntnui.no dersom det er av interesse. Vi<br \/>\nhar dessverre ikke noe annet utstyr til leie.<br \/>\nEgnet toppturutstyr til \u00e5 g\u00e5 tur med, toppturski, telemark, splitboard etc.<br \/>\nAlle deltakere m\u00e5 mestre den grunnleggende bruken av b\u00e5de skred- og skiutstyret. Du<br \/>\nm\u00e5 ha v\u00e6rt p\u00e5 tur f\u00f8r og kunne ta vare p\u00e5 deg selv i vinterfjellet. Har du ingen erfaring<br \/>\nmed toppturer p\u00e5 vinteren kan nybegynnerkurs hos DNT eller et av de profesjonelle<br \/>\nguideselskapene anbefales som inngang til denne herlige sporten.<br \/>\nIngen av TFs turer er guidet, her st\u00e5r man fritt til \u00e5 legge opp turer selv. Ettersom<br \/>\nomr\u00e5det inneholder en haug av lekre turer gir dette store muligheter for flotte<br \/>\nopplevelser! Dette legger ansvaret p\u00e5 den enkelte deltaker, b\u00e5de i turplanlegging og<br \/>\navgj\u00f8relser som tas p\u00e5 tur. TF har ikke ansvar for deg og du er heller ikke forsikret<br \/>\ngjennom TF n\u00e5r du er p\u00e5 tur med oss. Egen reiseforsikring anbefales sterkt.<br \/>\nVed kj\u00f8p av billetten s\u00e5 godkjenner dere TF sin ansvarsfraskrivelse. Den kan leses her:<br \/>\nhttps:\/\/docs.google.com\/document\/d\/13epxdiCaEWolp1GUcXg31fVVpaPJNDXwCrM3q<br \/>\nEZ-ofU\/edit?usp=sharing<\/p>\n<p>KOSTNADER:<br \/>\nTuren vil koste 780 kr. Det inkluderer transport, overnatting, middag(fredag\/l\u00f8rdag) og<br \/>\nfrokost(\/l\u00f8rdag\/s\u00f8ndag). Lunsj og snacks st\u00e5r deltakeren for selv. P\u00e5meldingen er<br \/>\nbindende. Kan du ikke delta p\u00e5 turen er du selv ansvarlig for \u00e5 selge billetten videre. Ved<br \/>\nvideresalg er det viktig at vi f\u00e5r kontaktinformasjon til den som overtok plassen. Dette<br \/>\nsendes til fridahsi@stud.ntnu.no<br \/>\nTRANSPORT:<br \/>\nFor \u00e5 komme oss tur, er vi avhengig av at noen deltakere stiller med bil. Ta kontakt med<br \/>\nada.lahne@gmail.com. Sj\u00e5f\u00f8rer er sikret plass p\u00e5 turen f\u00f8r p\u00e5meldingen, og blir<br \/>\nkompensert 3,5 kr\/km. Bilen din m\u00e5 ha plass til deg selv og tre andre personer og alt av<br \/>\nutstyr. Biler med takboks og god plass vil bli prioritert. Skriv merke og modell i mailen.<br \/>\nN\u00e5r du stiller med bil har du et ekstra ansvar for at alle faktisk kommer seg ut p\u00e5 tur hver<br \/>\ndag. Ingen biler skal forlate hytta halvtomme, og bruker man den ikke selv s\u00e5 m\u00e5 man<br \/>\nv\u00e6re forberedt p\u00e5 \u00e5 l\u00e5ne den bort. Sj\u00e5f\u00f8r er selv ansvarlig for bilen i den forstand at<br \/>\nutforkj\u00f8ring, bulking etc m\u00e5 dekkes av egen forsikring, og NTNUI er ikke<br \/>\nerstatningsansvarlig for eventuelle skader p\u00e5 bil.<\/p>\n<p>Vi gleder oss! Hilsen Frida, Dina og Ada<\/p>\n<p>\u2014&#8212;&#8212;&#8212;&#8212;&#8212;&#8212;&#8212;&#8212;&#8212;&#8212;&#8212;&#8212;&#8212;&#8212;&#8212;&#8212;&#8212;&#8212;&#8212;&#8212;&#8212;&#8212;&#8212;&#8212;&#8212;&#8212;&#8212;&#8212;&#8212;&#8212;&#8212;&#8212;&#8212;&#8212;&#8212;&#8212;&#8212;&#8212;<br \/>\nENGLISH<br \/>\nHi everyone! We are excited to organize a trip to \u00d8ksendalen from January 16th to<br \/>\nJanuary 18th. We\u2019ll be leaving from Gl\u00f8shaugen at 4 PM on Friday, January 16th. The<br \/>\ndrive from Trondheim to \u00d8ksendalen takes about 3 hours. We\u2019ll be staying at<br \/>\n\u00d8ksendalen Community Center, not far from Sunndals\u00f8ra, which is a great starting point<br \/>\nfor many beautiful hikes in the area!<br \/>\nThe area offers plenty of fantastic hiking opportunities, so you can choose your own<br \/>\nroutes! We\u2019re planning hikes on both Saturday and Sunday before heading back to<br \/>\nTrondheim Sunday afternoon\/evening.<br \/>\nRemember to bring a sleeping mat, a sleeping bag, and anything else you consider<br \/>\nnecessary!<\/p>\n<p>IMPORTANT DATES:<br \/>\n01.01 Early-Bird registration opens at 12.00 (only for committee members)<br \/>\n02.01 Ordinary registration opens at 12.00<br \/>\nOrdinary registration will be posted here in the Facebook event. The trip has 20 number<br \/>\nof participants, of which half is reserved for committee members.<br \/>\n16.01 departure to \u00d8ksendalen form Hovedbygget at Gl\u00f8shaugen.<\/p>\n<p>TOUR OPPORTUNITIES:<br \/>\nGr\u00f8velnebba, Trolltinden, Fl\u00f8tatind, Saufjellet, Mohaugen, Dronningkrona<\/p>\n<p>MINIMUM REQUIREMENTS:<br \/>\nA valid NTNUI membership is mandatory for attending this trip.<br \/>\nYou must bring your own avalanche equipment, e.g transmitter \/ receiver, shovel and<br \/>\nsearch probe. TF has a few avalanche packages for rent, send an email to<br \/>\ntf-nestleder@ntnui.no if it is of interest. We unfortunately have no other equipment for<br \/>\nrent.<br \/>\nYou must bring suitable equipment for ski touring e.g ski touring gear, telemark,<br \/>\nsplitboard etc.<br \/>\nAll participants must master the basic use of both the avalanche equipment and ski<br \/>\nequipment. You must have ski toured in the mountains before and be able to take care<br \/>\nof yourself in winter conditions. If you have no experience with ski touring, a beginner&#8217;s<br \/>\ncourse at DNT or one of the professional guide companies can be recommended as an<br \/>\nentrance to this wonderful sport.<\/p>\n<p>None of TF&#8217;s tours are guided, here you are free to plan tours yourself. As the area<br \/>\ncontains a bunch of tours, this provides great opportunities for great experiences! This<br \/>\nplaces the responsibility on the individual participant, both in trip planning and decisions<br \/>\nmade in the mountains. TF is not responsible for you and you are not insured through TF<br \/>\nwhen you are on a trip with us. Personal travel insurance is highly recommended.<br \/>\nBy filling out the registration, you approve TFs disclaimer of responsibility. It can be read<br \/>\nhere:<br \/>\nhttps:\/\/docs.google.com\/document\/d\/13epxdiCaEWolp1GUcXg31fVVpaPJNDXwCrM3q<br \/>\nEZ-ofU\/edit?usp=sharing<\/p>\n<p>COSTS:<br \/>\nThe trip will cost 780 NOK. It includes transport, accommodation, dinner (Friday \/<br \/>\nSaturday) and breakfast (\/ Saturday \/ Sunday). The participant has to bring their own<br \/>\nlunch and snacks. The registration is binding. If you can not participate, you are responsible<br \/>\nfor reselling the ticket. In the case of resale, it is important that we receive contact<br \/>\ninformation for the person who took over the place. Please send this to<br \/>\nfridahsi@stud.ntnu.no<\/p>\n<p>TRANSPORTATION:<br \/>\nIn order to get our turn, we depend on some participants posing by car. Contact<br \/>\nada.lahne@gmail.com. Drivers are guaranteed a place on the trip before registration,<br \/>\nand will be compensated NOK 3.5 \/ km. Your car must have room for yourself and three<br \/>\nother people and all equipment. Write the brand and model in the mail. Roomy cars with<br \/>\na roof box will be prefered. If you are a driver, you have an extra responsibility to ensure<br \/>\nthat everyone actually gets out on a trip every day. No cars should leave the cabin half<br \/>\nempty, and if you do not use it yourself, you must be prepared to lend it out. You are<br \/>\nresponsible for the insurance of your own car. Which means that if an accident occurs,<br \/>\nthe damages of your car will not be refunded from NTNUI.<\/p>\n","protected":false},"excerpt":{"rendered":"<p>Ved \u00e5 kj\u00f8pe v\u00e5rt produkt godtar du v\u00e5re reisebetingelser<\/p>\n<hr \/>\n<p>By purchasing our product you accept our terms of travel<\/p>\n<p><em><a href=\"https:\/\/ntnui.no\/toppturogfrikjoring\/reisebetingelser-2\">Reisebetingelser<\/a>\/<a href=\"https:\/\/ntnui.no\/toppturogfrikjoring\/en\/terms-of-travel\/\">Terms of travel<\/a><\/em><\/p>\n","protected":false},"featured_media":7651,"comment_status":"open","ping_status":"closed","template":"","meta":{"inline_featured_image":false,"_coblocks_attr":"","_coblocks_dimensions":"","_coblocks_responsive_height":"","_coblocks_accordion_ie_support":"","_price":"780","_stock":"3","_tribe_ticket_header":"","_tribe_default_ticket_provider":"","_tribe_ticket_capacity":"10","_ticket_start_date":"","_ticket_end_date":"","_tribe_ticket_show_description":"","_tribe_ticket_show_not_going":false,"_tribe_ticket_use_global_stock":"","_tribe_ticket_global_stock_level":"","_global_stock_mode":"","_global_stock_cap":"","_tribe_rsvp_for_event":"","_tribe_ticket_going_count":"","_tribe_ticket_not_going_count":"","_tribe_tickets_list":[],"_tribe_ticket_has_attendee_info_fields":false},"product_brand":[],"product_cat":[39],"product_tag":[],"class_list":{"0":"post-7653","1":"product","2":"type-product","3":"status-publish","4":"has-post-thumbnail","6":"product_cat-trip","8":"first","9":"instock","10":"virtual","11":"sold-individually","12":"purchasable","13":"product-type-simple"},"_links":{"self":[{"href":"https:\/\/ntnui.no\/toppturogfrikjoring\/wp-json\/wp\/v2\/product\/7653","targetHints":{"allow":["GET"]}}],"collection":[{"href":"https:\/\/ntnui.no\/toppturogfrikjoring\/wp-json\/wp\/v2\/product"}],"about":[{"href":"https:\/\/ntnui.no\/toppturogfrikjoring\/wp-json\/wp\/v2\/types\/product"}],"replies":[{"embeddable":true,"href":"https:\/\/ntnui.no\/toppturogfrikjoring\/wp-json\/wp\/v2\/comments?post=7653"}],"wp:featuredmedia":[{"embeddable":true,"href":"https:\/\/ntnui.no\/toppturogfrikjoring\/wp-json\/wp\/v2\/media\/7651"}],"wp:attachment":[{"href":"https:\/\/ntnui.no\/toppturogfrikjoring\/wp-json\/wp\/v2\/media?parent=7653"}],"wp:term":[{"taxonomy":"product_brand","embeddable":true,"href":"https:\/\/ntnui.no\/toppturogfrikjoring\/wp-json\/wp\/v2\/product_brand?post=7653"},{"taxonomy":"product_cat","embeddable":true,"href":"https:\/\/ntnui.no\/toppturogfrikjoring\/wp-json\/wp\/v2\/product_cat?post=7653"},{"taxonomy":"product_tag","embeddable":true,"href":"https:\/\/ntnui.no\/toppturogfrikjoring\/wp-json\/wp\/v2\/product_tag?post=7653"}],"curies":[{"name":"wp","href":"https:\/\/api.w.org\/{rel}","templated":true}]}}