{"id":7327,"date":"2025-10-29T22:42:34","date_gmt":"2025-10-29T21:42:34","guid":{"rendered":"https:\/\/ntnui.no\/toppturogfrikjoring\/?post_type=product&#038;p=7327"},"modified":"2026-02-16T21:02:03","modified_gmt":"2026-02-16T20:02:03","slug":"julebord-tf-2025","status":"publish","type":"product","link":"https:\/\/ntnui.no\/toppturogfrikjoring\/product\/julebord-tf-2025\/","title":{"rendered":"Julebord TF 2025"},"content":{"rendered":"<p>Velkommen til et av \u00e5rets store h\u00f8ydepunkter nemlig TFs julebord. I \u00e5r sl\u00e5r vi ordentlig p\u00e5 stortromma og med en helaften med b\u00e5de juletallerken og dessert!<\/p>\n<p>Kryss av for allergier og send mail til jacob.korterud@ntnui.no om du har noen mere spesifikke allergier eller kommer p\u00e5 noe morsomme ting du er allergisk mot!<\/p>\n","protected":false},"excerpt":{"rendered":"<p>Velkommen til et av \u00e5rets store h\u00f8ydepunkter nemlig TFs julebord. I \u00e5r sl\u00e5r vi ordentlig p\u00e5 stortromma og med en helaften med b\u00e5de juletallerken og dessert! Kryss av for allergier og send mail til jacob.korterud@ntnui.no om du har noen mere spesifikke allergier eller kommer p\u00e5 noe morsomme ting du er allergisk mot!<\/p>\n","protected":false},"featured_media":7328,"comment_status":"open","ping_status":"closed","template":"","meta":{"inline_featured_image":false,"_coblocks_attr":"","_coblocks_dimensions":"","_coblocks_responsive_height":"","_coblocks_accordion_ie_support":"","_price":"650","_stock":"13","_tribe_ticket_header":"","_tribe_default_ticket_provider":"","_tribe_ticket_capacity":"21","_ticket_start_date":"","_ticket_end_date":"","_tribe_ticket_show_description":"","_tribe_ticket_show_not_going":false,"_tribe_ticket_use_global_stock":"","_tribe_ticket_global_stock_level":"","_global_stock_mode":"","_global_stock_cap":"","_tribe_rsvp_for_event":"","_tribe_ticket_going_count":"","_tribe_ticket_not_going_count":"","_tribe_tickets_list":[],"_tribe_ticket_has_attendee_info_fields":false},"product_brand":[],"product_cat":[68],"product_tag":[],"class_list":{"0":"post-7327","1":"product","2":"type-product","3":"status-publish","4":"has-post-thumbnail","6":"product_cat-fest","8":"first","9":"instock","10":"sold-individually","11":"shipping-taxable","12":"purchasable","13":"product-type-variable"},"_links":{"self":[{"href":"https:\/\/ntnui.no\/toppturogfrikjoring\/wp-json\/wp\/v2\/product\/7327","targetHints":{"allow":["GET"]}}],"collection":[{"href":"https:\/\/ntnui.no\/toppturogfrikjoring\/wp-json\/wp\/v2\/product"}],"about":[{"href":"https:\/\/ntnui.no\/toppturogfrikjoring\/wp-json\/wp\/v2\/types\/product"}],"replies":[{"embeddable":true,"href":"https:\/\/ntnui.no\/toppturogfrikjoring\/wp-json\/wp\/v2\/comments?post=7327"}],"wp:featuredmedia":[{"embeddable":true,"href":"https:\/\/ntnui.no\/toppturogfrikjoring\/wp-json\/wp\/v2\/media\/7328"}],"wp:attachment":[{"href":"https:\/\/ntnui.no\/toppturogfrikjoring\/wp-json\/wp\/v2\/media?parent=7327"}],"wp:term":[{"taxonomy":"product_brand","embeddable":true,"href":"https:\/\/ntnui.no\/toppturogfrikjoring\/wp-json\/wp\/v2\/product_brand?post=7327"},{"taxonomy":"product_cat","embeddable":true,"href":"https:\/\/ntnui.no\/toppturogfrikjoring\/wp-json\/wp\/v2\/product_cat?post=7327"},{"taxonomy":"product_tag","embeddable":true,"href":"https:\/\/ntnui.no\/toppturogfrikjoring\/wp-json\/wp\/v2\/product_tag?post=7327"}],"curies":[{"name":"wp","href":"https:\/\/api.w.org\/{rel}","templated":true}]}}