{"id":7231,"date":"2025-10-21T13:35:41","date_gmt":"2025-10-21T11:35:41","guid":{"rendered":"https:\/\/ntnui.no\/toppturogfrikjoring\/?post_type=product&#038;p=7231"},"modified":"2025-10-30T09:39:01","modified_gmt":"2025-10-30T08:39:01","slug":"pray-for-snow-betaling","status":"publish","type":"product","link":"https:\/\/ntnui.no\/toppturogfrikjoring\/product\/pray-for-snow-betaling\/","title":{"rendered":"Pray for Snow betaling"},"content":{"rendered":"<div class=\"xdj266r x11i5rnm xat24cr x1mh8g0r x1vvkbs\">Flere d\u00e5rlige vintere p\u00e5 rad har passert og mange mener dette skyldes klimaendringene. Tro om igjen! V\u00e6rgudene er nemlig sinte grunnet for d\u00e5rlig volum og tr\u00f8kk p\u00e5 tidligere Pray for Snow fester. I \u00e5r blir heldigvis vendepunktet! For \u00e5 sikre metervis med sn\u00f8 i vinter inviterer fest og blest til tidenes helaften.<\/div>\n<div><\/div>\n<div>Det blir vors etterfulgt av tidenes fest p\u00e5 Salong p\u00e5 Singsaker studenthjem. Dette vil du ikke g\u00e5 glipp av!<\/div>\n<div><\/div>\n<div>P\u00e5melding er bindene!<\/div>\n","protected":false},"excerpt":{"rendered":"<p>Flere d\u00e5rlige vintere p\u00e5 rad har passert og mange mener dette skyldes klimaendringene. Tro om igjen! V\u00e6rgudene er nemlig sinte grunnet for d\u00e5rlig volum og tr\u00f8kk p\u00e5 tidligere Pray for Snow fester. I \u00e5r blir heldigvis vendepunktet! For \u00e5 sikre metervis med sn\u00f8 i vinter inviterer fest og blest til tidenes helaften. Det blir vors [&hellip;]<\/p>\n","protected":false},"featured_media":7222,"comment_status":"open","ping_status":"closed","template":"","meta":{"inline_featured_image":false,"_coblocks_attr":"","_coblocks_dimensions":"","_coblocks_responsive_height":"","_coblocks_accordion_ie_support":"","_price":"50","_stock":"4","_tribe_ticket_header":"","_tribe_default_ticket_provider":"","_tribe_ticket_capacity":"10","_ticket_start_date":"","_ticket_end_date":"","_tribe_ticket_show_description":"","_tribe_ticket_show_not_going":false,"_tribe_ticket_use_global_stock":"","_tribe_ticket_global_stock_level":"","_global_stock_mode":"","_global_stock_cap":"","_tribe_rsvp_for_event":"","_tribe_ticket_going_count":"","_tribe_ticket_not_going_count":"","_tribe_tickets_list":[],"_tribe_ticket_has_attendee_info_fields":false},"product_brand":[],"product_cat":[36],"product_tag":[],"class_list":{"0":"post-7231","1":"product","2":"type-product","3":"status-publish","4":"has-post-thumbnail","6":"product_cat-tull","8":"first","9":"instock","10":"sold-individually","11":"shipping-taxable","12":"purchasable","13":"product-type-simple"},"_links":{"self":[{"href":"https:\/\/ntnui.no\/toppturogfrikjoring\/wp-json\/wp\/v2\/product\/7231","targetHints":{"allow":["GET"]}}],"collection":[{"href":"https:\/\/ntnui.no\/toppturogfrikjoring\/wp-json\/wp\/v2\/product"}],"about":[{"href":"https:\/\/ntnui.no\/toppturogfrikjoring\/wp-json\/wp\/v2\/types\/product"}],"replies":[{"embeddable":true,"href":"https:\/\/ntnui.no\/toppturogfrikjoring\/wp-json\/wp\/v2\/comments?post=7231"}],"wp:featuredmedia":[{"embeddable":true,"href":"https:\/\/ntnui.no\/toppturogfrikjoring\/wp-json\/wp\/v2\/media\/7222"}],"wp:attachment":[{"href":"https:\/\/ntnui.no\/toppturogfrikjoring\/wp-json\/wp\/v2\/media?parent=7231"}],"wp:term":[{"taxonomy":"product_brand","embeddable":true,"href":"https:\/\/ntnui.no\/toppturogfrikjoring\/wp-json\/wp\/v2\/product_brand?post=7231"},{"taxonomy":"product_cat","embeddable":true,"href":"https:\/\/ntnui.no\/toppturogfrikjoring\/wp-json\/wp\/v2\/product_cat?post=7231"},{"taxonomy":"product_tag","embeddable":true,"href":"https:\/\/ntnui.no\/toppturogfrikjoring\/wp-json\/wp\/v2\/product_tag?post=7231"}],"curies":[{"name":"wp","href":"https:\/\/api.w.org\/{rel}","templated":true}]}}