{"id":6539,"date":"2025-02-22T20:56:19","date_gmt":"2025-02-22T19:56:19","guid":{"rendered":"https:\/\/ntnui.no\/toppturogfrikjoring\/?post_type=product&#038;p=6539"},"modified":"2025-03-20T13:32:43","modified_gmt":"2025-03-20T12:32:43","slug":"romsdal-vol2-sjafor","status":"publish","type":"product","link":"https:\/\/ntnui.no\/toppturogfrikjoring\/product\/romsdal-vol2-sjafor\/","title":{"rendered":"Romsdal vol2, Sj\u00e5f\u00f8r"},"content":{"rendered":"<div class=\"xdj266r x11i5rnm xat24cr x1mh8g0r x1vvkbs\">\n<div class=\"xdj266r x11i5rnm xat24cr x1mh8g0r x1vvkbs\">VIKTIGE DATOER:<br class=\"html-br\" \/>05.03.2024 Early-Bird p\u00e5melding \u00e5pner klokken kl 12.00, (kun for komitemedlemmer)<br class=\"html-br\" \/>06.03.2024 Ordin\u00e6r p\u00e5melding \u00e5pner klokken 12.00<br class=\"html-br\" \/>Ordin\u00e6r p\u00e5melding vil legges ut her i arrangementet. Det blir totalt 24 deltakere p\u00e5 turen, hvor halvparten er satt av til komitemedlemmer.<br class=\"html-br\" \/>Den 20.03 kl 15:00 blir det avreise til Isfjorden Bedehus i Romsdalen fra Hovedbygget p\u00e5 Gl\u00f8shaugen.<\/div>\n<div class=\"x11i5rnm xat24cr x1mh8g0r x1vvkbs xtlvy1s\"><\/div>\n<div class=\"x11i5rnm xat24cr x1mh8g0r x1vvkbs xtlvy1s\">Marsmeter\u00b4n kommer til Romsdalen og det gj\u00f8r ogs\u00e5 TF. Siste muligheten for tur til Romsdalen denne sesongen. Mars g\u00e5r for \u00e5 v\u00e6re sesongens h\u00f8ydepunkt sn\u00f8messig s\u00e5 dette vil du ikke g\u00e5 glipp av. Turen g\u00e5r til Isfjorden i idylliske Romsdalen. Avreise fra Trondheim torsdag 20.03 kl 15:00, og hjemreise s\u00f8ndag 23.03. Vi skal bo p\u00e5 Isfjorden bedehus, som ligger i sm\u00f8r\u00f8yet for turer b\u00e5de i Venjedalen, Skorgedalen og resten av Isfjorden. Man m\u00e5 ha med liggeunderlag og sovepose, da det ikke er senger i bedehuset. Vi krysser fingrene for sol og p\u00e5skestemning!<\/div>\n<div class=\"x11i5rnm xat24cr x1mh8g0r x1vvkbs xtlvy1s\">Turmuligheter i omr\u00e5det:<br class=\"html-br\" \/>Venjetind, Kyrkjetaket, Sm\u00f8rbottind, Bl\u00e5nebba, Loftskarstind, Skarven &#8211; listen er lang, og man finner alt for enhver smak.<\/div>\n<div class=\"x11i5rnm xat24cr x1mh8g0r x1vvkbs xtlvy1s\">MINIMUMSKRAV:<br class=\"html-br\" \/>Gyldig medlemskap i NTNUI kreves for \u00e5 melde seg p\u00e5.<br class=\"html-br\" \/>Dere m\u00e5 ha med eget skredutstyr, sender\/mottaker, spade og s\u00f8kestang. TF har noen f\u00e5 skredpakker til utleie, send mail til tf-nestleder@ntnui.no dersom det er av interesse. Vi har dessverre ikke noe annet utstyr til leie.<br class=\"html-br\" \/>Egnet toppturutstyr til \u00e5 g\u00e5 tur med, toppturski, telemark, splitboard etc.<br class=\"html-br\" \/>Alle deltakere m\u00e5 mestre den grunnleggende bruken av b\u00e5de skred- og skiutstyret. Du m\u00e5 ha v\u00e6rt p\u00e5 tur f\u00f8r og kunne ta vare p\u00e5 deg selv i vinterfjellet. Har du ingen erfaring med toppturer p\u00e5 vinteren kan nybegynnerkurs hos DNT eller et av de profesjonelle guideselskapene anbefales som inngang til denne herlige sporten.<br class=\"html-br\" \/>Ingen av TFs turer er guidet, her st\u00e5r man fritt til \u00e5 legge opp turer selv. Ettersom omr\u00e5det inneholder en haug av lekre turer gir dette store muligheter for flotte opplevelser! Dette legger ansvaret p\u00e5 den enkelte deltaker, b\u00e5de i turplanlegging og avgj\u00f8relser som tas p\u00e5 tur. TF har ikke ansvar for deg og du er heller ikke forsikret gjennom TF n\u00e5r du er p\u00e5 tur med oss. Egen reiseforsikring anbefales sterkt.<br class=\"html-br\" \/>Ved kj\u00f8p av billetten s\u00e5 godkjenner dere TF sin ansvarsfraskrivelse. Den kan og skal leses her:<\/div>\n<div class=\"x11i5rnm xat24cr x1mh8g0r x1vvkbs xtlvy1s\"><a class=\"x1i10hfl xjbqb8w x1ejq31n xd10rxx x1sy0etr x17r0tee x972fbf xcfux6l x1qhh985 xm0m39n x9f619 x1ypdohk xt0psk2 xe8uvvx xdj266r x11i5rnm xat24cr x1mh8g0r xexx8yu x4uap5 x18d9i69 xkhd6sd x16tdsg8 x1hl2dhg xggy1nq x1a2a7pz x1sur9pj xkrqix3 x1fey0fg x1s688f\" role=\"link\" href=\"https:\/\/l.facebook.com\/l.php?u=https%3A%2F%2Fdocs.google.com%2Fdocument%2Fd%2F13epxdiCaEWolp1GUcXg31fVVpaPJNDXwCrM3qEZ-ofU%2Fedit%3Fusp%3Dsharing%26fbclid%3DIwZXh0bgNhZW0CMTAAAR2xJqBcDKC9rVAo-VaS_V1OCj2mpvT4qJ7POWdXMMp8DAfTgeY6fqYRyXE_aem_aXXKUdviy27Ndf30kTIyMQ&amp;h=AT0TAiMY88f-wfO8LYJp78ax0s9CoUcr8Q3qkut1cczYWZ6yFWqm9AZ2N_p-l2E0yxfsoHzA7JBSibdxPI60QJ5xP-hXcQ5pDtlvb2fIUOHVoEVvO2KTvcwRojfjJnkqxGhZq5nkn1nmvXMYZQ_I5zPRsQ&amp;__tn__=q&amp;c[0]=AT3nPBNg_B8K0aWrvfwu4TclEsb_LrhEpRZLJY-3gtt6gi6_waDT4S0nsSqYUERVpQICm3U9CHkVHP-T8ezUiM4BEaanqfRnnTGZnltsXdrkkNST_bD2fjAllXTIpwAmBTntneBo1Veh8YMCelZqkYl5MgPHVbQfgRk5Qw\" target=\"_blank\" rel=\"nofollow noopener noreferrer\">https:\/\/docs.google.com\/&#8230;\/13epxdiCaEWolp1GUcXg3&#8230;\/edit&#8230;<\/a><\/div>\n<div class=\"x11i5rnm xat24cr x1mh8g0r x1vvkbs xtlvy1s\">KOSTNADER:<br class=\"html-br\" \/>Turen vil koste 1060 kr. Det inkluderer transport, overnatting, middag(torsdag\/fredag\/l\u00f8rdag) og frokost(fredag\/l\u00f8rdag\/s\u00f8ndag). Lunsj og snacks st\u00e5r deltakeren for selv. P\u00e5meldingen er bindende. Kan du ikke delta p\u00e5 turen er du selv ansvarlig for \u00e5 selge billetten videre. Ved videresalg er det viktig at vi f\u00e5r kontaktinformasjon til den som overtok plassen. Ved videresalg av billetter eller andre sp\u00f8rsm\u00e5l, ta kontakt p\u00e5; stubrud.hege@gmail.com.<\/div>\n<div class=\"x11i5rnm xat24cr x1mh8g0r x1vvkbs xtlvy1s\">TRANSPORT:<br class=\"html-br\" \/>For \u00e5 komme oss tur, er vi avhengig av at noen deltakere stiller med bil. Ta kontakt med korterud36@gmail.com. Sj\u00e5f\u00f8rer er sikret plass p\u00e5 turen f\u00f8r p\u00e5meldingen, og blir kompensert 3,5 kr\/km. Det er KUN sj\u00e5f\u00f8rer som er akseptert av arrang\u00f8rene som vil bli kompensert. Bilen din m\u00e5 ha plass til deg selv og tre andre personer og alt av utstyr. Biler med takboks og god plass vil bli prioritert. Skriv merke og modell i mailen. Hvis du likevel ikke kan delta p\u00e5 turen er du selv ansvarlig for \u00e5 videreselge billetten din til noen som kan stille med bil. N\u00e5r du stiller med bil har du et ekstra ansvar for at alle faktisk kommer seg ut p\u00e5 tur hver dag. Ingen biler skal forlate hytta halvtomme, og bruker man den ikke selv s\u00e5 m\u00e5 man v\u00e6re forberedt p\u00e5 \u00e5 l\u00e5ne den bort.<\/div>\n<div class=\"x11i5rnm xat24cr x1mh8g0r x1vvkbs xtlvy1s\"><\/div>\n<div class=\"x11i5rnm xat24cr x1mh8g0r x1vvkbs xtlvy1s\">\u2014&#8212;&#8212;&#8212;&#8212;&#8212;&#8212;&#8212;&#8212;&#8212;&#8212;&#8212;&#8212;&#8212;&#8212;&#8212;&#8212;&#8212;&#8212;&#8212;&#8212;&#8212;&#8212;&#8212;&#8212;&#8212;&#8212;&#8212;&#8212;&#8212;&#8212;&#8212;&#8212;&#8212;&#8212;&#8212;&#8212;&#8212;&#8212;<br class=\"html-br\" \/>ENGLISH<\/div>\n<div class=\"x11i5rnm xat24cr x1mh8g0r x1vvkbs xtlvy1s\"><\/div>\n<div class=\"x11i5rnm xat24cr x1mh8g0r x1vvkbs xtlvy1s\">IMPORTANT DATES:<br class=\"html-br\" \/>05.03 Early-Bird registration opens at 12.00 (only for committee members)<br class=\"html-br\" \/>06.03 Ordinary registration opens at 12.00<br class=\"html-br\" \/>Ordinary registration will be posted here in the Facebook event. The trip has 24 number of participants, of which half is reserved for committee members.<br class=\"html-br\" \/>The departure will be thursday 20.03 at 15:00 o\u00b4clock, from Hovedbygget at Gl\u00f8shaugen to Isfjorden in Romsdalen<\/div>\n<div class=\"x11i5rnm xat24cr x1mh8g0r x1vvkbs xtlvy1s\">ABOUT THE TRIP:<br class=\"html-br\" \/>The trip will go to Isfjorden in beautiful Romsdalen. Departure will be Thursday 20th of Mars at 15:00 o\u2019clock, and we will be back on Sunday 23th of Mars. We will be sleeping at \u201cIsfjorden bedehus\u201d, which is located in the middle of Isfjorden &#8211; a nice starting place for a lot of trips in Romsdalen. There are no beds at the \u201cbedehus\u201d, so you have to bring your own sleeping bag and sleeping mat. We are hoping for sun and nice weather, but anyways it will be a nice trip!<\/div>\n<div class=\"x11i5rnm xat24cr x1mh8g0r x1vvkbs xtlvy1s\">TOUR OPPORTUNITIES:<br class=\"html-br\" \/>Venjetind, Kyrkjetaket, Sm\u00f8rbottind, Bl\u00e5nebba, Loftskarstind, Skarven &#8211; the opportunities are endless!<\/div>\n<div class=\"x11i5rnm xat24cr x1mh8g0r x1vvkbs xtlvy1s\">MINIMUM REQUIREMENTS:<br class=\"html-br\" \/>A valid NTNUI membership is mandatory for attending this trip.<br class=\"html-br\" \/>You must bring your own avalanche equipment, e.g transmitter \/ receiver, shovel and search probe. TF has a few avalanche packages for rent, send an email to tf-nestleder@ntnui.no if it is of interest. We unfortunately have no other equipment for rent.<br class=\"html-br\" \/>You must bring suitable equipment for ski touring e.g ski touring gear, telemark, splitboard etc.<br class=\"html-br\" \/>All participants must master the basic use of both the avalanche equipment and ski equipment. You must have ski toured in the mountains before and be able to take care of yourself in winter conditions. If you have no experience with ski touring, a beginner&#8217;s course at DNT or one of the professional guide companies can be recommended as an entrance to this wonderful sport.<br class=\"html-br\" \/>None of TF&#8217;s tours are guided, here you are free to plan tours yourself. As the area contains a bunch of tours, this provides great opportunities for great experiences! This places the responsibility on the individual participant, both in trip planning and decisions made in the mountains. TF is not responsible for you and you are not insured through TF when you are on a trip with us. Personal travel insurance is highly recommended.<br class=\"html-br\" \/>By filling out the registration, you approve TFs disclaimer of responsibility. It can be read here:<br class=\"html-br\" \/><a class=\"x1i10hfl xjbqb8w x1ejq31n xd10rxx x1sy0etr x17r0tee x972fbf xcfux6l x1qhh985 xm0m39n x9f619 x1ypdohk xt0psk2 xe8uvvx xdj266r x11i5rnm xat24cr x1mh8g0r xexx8yu x4uap5 x18d9i69 xkhd6sd x16tdsg8 x1hl2dhg xggy1nq x1a2a7pz x1sur9pj xkrqix3 x1fey0fg x1s688f\" role=\"link\" href=\"https:\/\/l.facebook.com\/l.php?u=https%3A%2F%2Fdocs.google.com%2Fdocument%2Fd%2F13epxdiCaEWolp1GUcXg31fVVpaPJNDXwCrM3qEZ-ofU%2Fedit%3Fusp%3Dsharing%26fbclid%3DIwZXh0bgNhZW0CMTAAAR2Uo9B7kr96xnp5sxtyR1KO8r7VNiBTj1zmyjzTiy7N6rRXKWEAuQ1DXxE_aem_6gEBNhi5yclOKov0IR45Jg&amp;h=AT0TAiMY88f-wfO8LYJp78ax0s9CoUcr8Q3qkut1cczYWZ6yFWqm9AZ2N_p-l2E0yxfsoHzA7JBSibdxPI60QJ5xP-hXcQ5pDtlvb2fIUOHVoEVvO2KTvcwRojfjJnkqxGhZq5nkn1nmvXMYZQ_I5zPRsQ&amp;__tn__=q&amp;c[0]=AT3nPBNg_B8K0aWrvfwu4TclEsb_LrhEpRZLJY-3gtt6gi6_waDT4S0nsSqYUERVpQICm3U9CHkVHP-T8ezUiM4BEaanqfRnnTGZnltsXdrkkNST_bD2fjAllXTIpwAmBTntneBo1Veh8YMCelZqkYl5MgPHVbQfgRk5Qw\" target=\"_blank\" rel=\"nofollow noopener noreferrer\">https:\/\/docs.google.com\/&#8230;\/13epxdiCaEWolp1GUcXg3&#8230;\/edit&#8230;<\/a><\/div>\n<div class=\"x11i5rnm xat24cr x1mh8g0r x1vvkbs xtlvy1s\"><\/div>\n<div class=\"x11i5rnm xat24cr x1mh8g0r x1vvkbs xtlvy1s\">COSTS:<br class=\"html-br\" \/>The trip will cost 1060 NOK. It includes transport, accommodation, dinner (Thursday\/Friday \/ Saturday) and breakfast (Friday\/ Saturday \/ Sunday). The participant has to bring their own lunch and snacks. The registration is binding. If you can not participate, you are responsible for reselling the ticket. In the case of resale, it is important that we receive contact information for the person who took over the place. Please send this to stubrud.hege@gmail.com<\/div>\n<div class=\"x11i5rnm xat24cr x1mh8g0r x1vvkbs xtlvy1s\"><\/div>\n<div class=\"x11i5rnm xat24cr x1mh8g0r x1vvkbs xtlvy1s\">TRANSPORTATION:<br class=\"html-br\" \/>In order to get our turn, we depend on some participants posing by car. Contact korterud36@gmail.com. Drivers are guaranteed a place on the trip before registration, and will be compensated NOK 3.5 \/ km. ONLY the drivers which are accepted by the trip organisers will be refunded. Your car must have room for yourself and three other people and all equipment. Write the brand and model in the email. Roomy cars with a roof box will be preferred. Should you for any reason be hindered from participating on the trip, you\u2019re responsible for selling your ticket to someone else who can offer a car. If you are a driver, you have an extra responsibility to ensure that everyone actually gets out on a trip every day. No cars should leave the cabin half empty, and if you do not use it yourself, you must be prepared to lend it out.<\/div>\n<div class=\"x78zum5 x1a02dak\">\n<div>\n<div class=\"x6s0dn4 x1qhmfi1 x1lcm9me x1yr5g0i xrt01vj x10y3i5r x9f619 x78zum5 xl56j7k x12nagc x1gslohp x1y1aw1k x1sxyh0 xwib8y2 xurb0ha\"><\/div>\n<\/div>\n<\/div>\n<\/div>\n","protected":false},"excerpt":{"rendered":"<p>Ved \u00e5 kj\u00f8pe v\u00e5rt produkt godtar du v\u00e5re reisebetingelser<\/p>\n<hr \/>\n<p>By purchasing our product you accept our terms of travel<\/p>\n<p><em><a href=\"https:\/\/ntnui.no\/toppturogfrikjoring\/reisebetingelser-2\">Reisebetingelser<\/a>\/<a href=\"https:\/\/ntnui.no\/toppturogfrikjoring\/en\/terms-of-travel\/\">Terms of travel<\/a><\/em><\/p>\n","protected":false},"featured_media":6536,"comment_status":"open","ping_status":"closed","template":"","meta":{"inline_featured_image":false,"_coblocks_attr":"","_coblocks_dimensions":"","_coblocks_responsive_height":"","_coblocks_accordion_ie_support":"","_price":"1060","_stock":"2","_tribe_ticket_header":"","_tribe_default_ticket_provider":"","_tribe_ticket_capacity":"10","_ticket_start_date":"","_ticket_end_date":"","_tribe_ticket_show_description":"","_tribe_ticket_show_not_going":false,"_tribe_ticket_use_global_stock":"","_tribe_ticket_global_stock_level":"","_global_stock_mode":"","_global_stock_cap":"","_tribe_rsvp_for_event":"","_tribe_ticket_going_count":"","_tribe_ticket_not_going_count":"","_tribe_tickets_list":[],"_tribe_ticket_has_attendee_info_fields":false},"product_brand":[],"product_cat":[39],"product_tag":[],"class_list":{"0":"post-6539","1":"product","2":"type-product","3":"status-publish","4":"has-post-thumbnail","6":"product_cat-trip","8":"first","9":"instock","10":"virtual","11":"sold-individually","12":"purchasable","13":"product-type-simple"},"_links":{"self":[{"href":"https:\/\/ntnui.no\/toppturogfrikjoring\/wp-json\/wp\/v2\/product\/6539","targetHints":{"allow":["GET"]}}],"collection":[{"href":"https:\/\/ntnui.no\/toppturogfrikjoring\/wp-json\/wp\/v2\/product"}],"about":[{"href":"https:\/\/ntnui.no\/toppturogfrikjoring\/wp-json\/wp\/v2\/types\/product"}],"replies":[{"embeddable":true,"href":"https:\/\/ntnui.no\/toppturogfrikjoring\/wp-json\/wp\/v2\/comments?post=6539"}],"wp:featuredmedia":[{"embeddable":true,"href":"https:\/\/ntnui.no\/toppturogfrikjoring\/wp-json\/wp\/v2\/media\/6536"}],"wp:attachment":[{"href":"https:\/\/ntnui.no\/toppturogfrikjoring\/wp-json\/wp\/v2\/media?parent=6539"}],"wp:term":[{"taxonomy":"product_brand","embeddable":true,"href":"https:\/\/ntnui.no\/toppturogfrikjoring\/wp-json\/wp\/v2\/product_brand?post=6539"},{"taxonomy":"product_cat","embeddable":true,"href":"https:\/\/ntnui.no\/toppturogfrikjoring\/wp-json\/wp\/v2\/product_cat?post=6539"},{"taxonomy":"product_tag","embeddable":true,"href":"https:\/\/ntnui.no\/toppturogfrikjoring\/wp-json\/wp\/v2\/product_tag?post=6539"}],"curies":[{"name":"wp","href":"https:\/\/api.w.org\/{rel}","templated":true}]}}