{"id":6465,"date":"2025-02-07T12:00:14","date_gmt":"2025-02-07T11:00:14","guid":{"rendered":"https:\/\/ntnui.no\/toppturogfrikjoring\/?post_type=product&#038;p=6465"},"modified":"2025-02-22T23:30:43","modified_gmt":"2025-02-22T22:30:43","slug":"romsdalssamling-ordinaer","status":"publish","type":"product","link":"https:\/\/ntnui.no\/toppturogfrikjoring\/product\/romsdalssamling-ordinaer\/","title":{"rendered":"Romsdalssamling, Ordin\u00e6r"},"content":{"rendered":"<div class=\"xdj266r x11i5rnm xat24cr x1mh8g0r x1vvkbs\">\n<div class=\"x11i5rnm xat24cr x1mh8g0r x1vvkbs xtlvy1s\">Vi arrangerer i \u00e5r som ifjor, toppturhelg til vakre Romsdalen! Det blir \u00e5pent for 20 plasser, og prisen blir rundt kr 1000 kr per person. Dette vil dekke bo, mat (unntatt lunsj, snacks og drikke) samt transport til og fra Isfjorden.<\/div>\n<div class=\"x11i5rnm xat24cr x1mh8g0r x1vvkbs xtlvy1s\">Turen vil v\u00e6re fra 20.- 23. februar. Vi skal bo p\u00e5 Isfjorden bedehus, som ligger i sm\u00f8r\u00f8yet for turer b\u00e5de i Venjedalen, Skorgedalen og resten av Isfjorden. Man m\u00e5 ha med liggeunderlag og sovepose, da det ikke er senger i bedehuset. Vi krysser fingrene for sol og p\u00e5skestemning, men hyggelig tur blir det uansett!<\/div>\n<div class=\"x11i5rnm xat24cr x1mh8g0r x1vvkbs xtlvy1s\">Dere m\u00e5 ha med eget skredutstyr, sender\/mottaker, spade og s\u00f8kestang. TF har noen f\u00e5 skredpakker til utleie, send mail til tf-nestleder@ntnui.no dersom det er av interesse. Vi har dessverre ikke noe annet utstyr til leie.<br class=\"html-br\" \/>Egnet toppturutstyr til \u00e5 g\u00e5 tur med, toppturski, telemark, splitboard etc.<br class=\"html-br\" \/>Alle deltakere m\u00e5 mestre den grunnleggende bruken av b\u00e5de skred- og skiutstyret. Du m\u00e5 ha v\u00e6rt p\u00e5 tur f\u00f8r og kunne ta vare p\u00e5 deg selv i vinterfjellet. Har du ingen erfaring med toppturer p\u00e5 vinteren kan nybegynnerkurs hos DNT eller et av de profesjonelle guideselskapene anbefales som inngang til denne herlige sporten.<\/div>\n<div class=\"x11i5rnm xat24cr x1mh8g0r x1vvkbs xtlvy1s\">Vi er avhengige av at deltakere p\u00e5 turen stiller med biler. Ettersom at vi er 32 deltakere trenger vi mellom 7-9 biler, alt etter hvor god plass folk har i bilene sine, og hvor mye bagasje som skal med! Dersom du har lyst til \u00e5 v\u00e6re med og har mulighet til \u00e5 stille med bil, vil du kunne sikre deg en plass f\u00f8r p\u00e5melding. Kj\u00f8rekostnader vil bli dekket. Har du en bil til r\u00e5dighet kan du sende mail til fredrik@gaudestad.no<\/div>\n<div class=\"x11i5rnm xat24cr x1mh8g0r x1vvkbs xtlvy1s\">MINIMUMSKRAV:<br class=\"html-br\" \/>Gyldig medlemskap i NTNUI kreves for \u00e5 melde seg p\u00e5.<\/div>\n<div class=\"x11i5rnm xat24cr x1mh8g0r x1vvkbs xtlvy1s\"><\/div>\n<div class=\"x11i5rnm xat24cr x1mh8g0r x1vvkbs xtlvy1s\">&#8212;&#8212;&#8212;&#8212;&#8212;&#8212;- English &#8212;&#8212;&#8212;&#8212;&#8212;&#8212;-<\/div>\n<div class=\"x11i5rnm xat24cr x1mh8g0r x1vvkbs xtlvy1s\"><\/div>\n<div class=\"x11i5rnm xat24cr x1mh8g0r x1vvkbs xtlvy1s\">Remember to be quick\u2014spots fill up fast!<\/div>\n<div class=\"x11i5rnm xat24cr x1mh8g0r x1vvkbs xtlvy1s\">We are once again organizing a ski touring weekend in the beautiful Romsdalen! There will be 20 available spots, and the price will be around NOK 1000 per person. This will cover accommodation, meals (except lunch, snacks, and drinks), as well as transport to and from Isfjorden.<\/div>\n<div class=\"x11i5rnm xat24cr x1mh8g0r x1vvkbs xtlvy1s\">The trip will take place from February 20th to 23rd. We will be staying at Isfjorden Bedehus, which is ideally located for tours in Venjedalen, Skorgedalen, and the rest of Isfjorden. You must bring a sleeping mat and a sleeping bag, as there are no beds at the venue. We\u2019re hoping for sunshine and a spring-skiing atmosphere, but a great trip is guaranteed either way!<\/div>\n<div class=\"x11i5rnm xat24cr x1mh8g0r x1vvkbs xtlvy1s\">All participants must bring their own avalanche safety equipment: transceiver, shovel, and probe. TF has a limited number of avalanche gear sets available for rent\u2014if interested, please email tf-nestleder@ntnui.no. Unfortunately, we do not have other equipment for rent.<\/div>\n<div class=\"x11i5rnm xat24cr x1mh8g0r x1vvkbs xtlvy1s\">You will also need appropriate ski touring equipment, such as ski touring skis, telemark skis, or a splitboard. All participants must be proficient in using both avalanche and ski equipment. You should have previous experience in winter mountain touring and be able to take care of yourself in alpine conditions. If you have no experience with ski touring in winter, we recommend taking a beginner\u2019s course with DNT or a professional guiding company before joining.<\/div>\n<div class=\"x11i5rnm xat24cr x1mh8g0r x1vvkbs xtlvy1s\">We rely on participants providing cars for transportation. Since we have 32 participants, we need 7\u20139 cars, depending on space and luggage capacity. If you can bring a car, you will secure a spot before registration opens. Travel costs will be covered. If you have a car available, please email fredrik@gaudestad.no.<\/div>\n<div class=\"x11i5rnm xat24cr x1mh8g0r x1vvkbs xtlvy1s\">REQUIREMENTS:<br class=\"html-br\" \/>A valid NTNUI membership is required for registration.<\/div>\n<\/div>\n","protected":false},"excerpt":{"rendered":"<p>Ved \u00e5 kj\u00f8pe v\u00e5rt produkt godtar du v\u00e5re reisebetingelser<\/p>\n<hr \/>\n<p>By purchasing our product you accept our terms of travel<\/p>\n<p><em><a href=\"https:\/\/ntnui.no\/toppturogfrikjoring\/reisebetingelser-2\">Reisebetingelser<\/a>\/<a href=\"https:\/\/ntnui.no\/toppturogfrikjoring\/en\/terms-of-travel\/\">Terms of travel<\/a><\/em><\/p>\n","protected":false},"featured_media":6464,"comment_status":"open","ping_status":"closed","template":"","meta":{"inline_featured_image":false,"_coblocks_attr":"","_coblocks_dimensions":"","_coblocks_responsive_height":"","_coblocks_accordion_ie_support":"","_price":"930","_stock":"0","_tribe_ticket_header":"","_tribe_default_ticket_provider":"","_tribe_ticket_capacity":"10","_ticket_start_date":"","_ticket_end_date":"","_tribe_ticket_show_description":"","_tribe_ticket_show_not_going":false,"_tribe_ticket_use_global_stock":"","_tribe_ticket_global_stock_level":"","_global_stock_mode":"","_global_stock_cap":"","_tribe_rsvp_for_event":"","_tribe_ticket_going_count":"","_tribe_ticket_not_going_count":"","_tribe_tickets_list":[],"_tribe_ticket_has_attendee_info_fields":false},"product_brand":[],"product_cat":[39],"product_tag":[],"class_list":{"0":"post-6465","1":"product","2":"type-product","3":"status-publish","4":"has-post-thumbnail","6":"product_cat-trip","8":"first","9":"outofstock","10":"virtual","11":"sold-individually","12":"purchasable","13":"product-type-simple"},"_links":{"self":[{"href":"https:\/\/ntnui.no\/toppturogfrikjoring\/wp-json\/wp\/v2\/product\/6465","targetHints":{"allow":["GET"]}}],"collection":[{"href":"https:\/\/ntnui.no\/toppturogfrikjoring\/wp-json\/wp\/v2\/product"}],"about":[{"href":"https:\/\/ntnui.no\/toppturogfrikjoring\/wp-json\/wp\/v2\/types\/product"}],"replies":[{"embeddable":true,"href":"https:\/\/ntnui.no\/toppturogfrikjoring\/wp-json\/wp\/v2\/comments?post=6465"}],"wp:featuredmedia":[{"embeddable":true,"href":"https:\/\/ntnui.no\/toppturogfrikjoring\/wp-json\/wp\/v2\/media\/6464"}],"wp:attachment":[{"href":"https:\/\/ntnui.no\/toppturogfrikjoring\/wp-json\/wp\/v2\/media?parent=6465"}],"wp:term":[{"taxonomy":"product_brand","embeddable":true,"href":"https:\/\/ntnui.no\/toppturogfrikjoring\/wp-json\/wp\/v2\/product_brand?post=6465"},{"taxonomy":"product_cat","embeddable":true,"href":"https:\/\/ntnui.no\/toppturogfrikjoring\/wp-json\/wp\/v2\/product_cat?post=6465"},{"taxonomy":"product_tag","embeddable":true,"href":"https:\/\/ntnui.no\/toppturogfrikjoring\/wp-json\/wp\/v2\/product_tag?post=6465"}],"curies":[{"name":"wp","href":"https:\/\/api.w.org\/{rel}","templated":true}]}}