{"id":6225,"date":"2025-01-17T10:00:18","date_gmt":"2025-01-17T09:00:18","guid":{"rendered":"https:\/\/ntnui.no\/toppturogfrikjoring\/?post_type=product&#038;p=6225"},"modified":"2025-04-01T16:15:31","modified_gmt":"2025-04-01T14:15:31","slug":"lofoten-2","status":"publish","type":"product","link":"https:\/\/ntnui.no\/toppturogfrikjoring\/product\/lofoten-2\/","title":{"rendered":"LOFOTEN!! EarlyBird!"},"content":{"rendered":"<div class=\"xdj266r x11i5rnm xat24cr x1mh8g0r x1vvkbs\">Hei alle fine skifolk!!<\/div>\n<div class=\"x11i5rnm xat24cr x1mh8g0r x1vvkbs xtlvy1s\">I \u00e5r g\u00e5r langturen til Lofoten!! Turen vil v\u00e6re fra 5-12 april og vi skal bo p\u00e5 koselige hytter p\u00e5 Lofoten feriesenter i Svolv\u00e6r! Hyttene ligger veldig fint til, og det er mange fine topper i omr\u00e5det.<\/div>\n<div class=\"x11i5rnm xat24cr x1mh8g0r x1vvkbs xtlvy1s\"><\/div>\n<div class=\"x11i5rnm xat24cr x1mh8g0r x1vvkbs xtlvy1s\">Oppm\u00f8te:<\/div>\n<div class=\"x11i5rnm xat24cr x1mh8g0r x1vvkbs xtlvy1s\">Oppm\u00f8te blir i Bod\u00f8 5 april klokka 15. Vi har leid biler der og kommer til \u00e5 ta fergen som g\u00e5r 16.30 over til Moskenes f\u00f8r vi kj\u00f8rer videre til Svolv\u00e6r. Om man kommer med fly burde man senest lande i Bod\u00f8 14.30. Det g\u00e5r b\u00e5de direktefly fra Trondheim, og via Oslo med fler flyselskaper. Det er ogs\u00e5 mulig \u00e5 ta toget, men da m\u00e5 man finne overnatting i Bod\u00f8 selv. Husk \u00e5 kj\u00f8pe ungdomsbillett, da er det billigst. Vi vil avslutte turen i Bod\u00f8 ogs\u00e5 slik at alle har mulighet til \u00e5 reise hjem til p\u00e5skeferie der de selv \u00f8nsker, eller bli igjen i nord.<\/div>\n<div class=\"x11i5rnm xat24cr x1mh8g0r x1vvkbs xtlvy1s\"><\/div>\n<div class=\"x11i5rnm xat24cr x1mh8g0r x1vvkbs xtlvy1s\">Sj\u00e5f\u00f8rer:<\/div>\n<div class=\"x11i5rnm xat24cr x1mh8g0r x1vvkbs xtlvy1s\">Vi kommer til \u00e5 trenge sj\u00e5f\u00f8rer som kan kj\u00f8re bilene, og dette blir en egen billett. For \u00e5 kunne stille som sj\u00e5f\u00f8r M\u00c5 man ha hatt lappen sammenhengende i minst 2 \u00e5r, og f\u00f8le seg komfortabel med \u00e5 kj\u00f8re p\u00e5 vintervei.<\/div>\n<div class=\"x11i5rnm xat24cr x1mh8g0r x1vvkbs xtlvy1s\"><\/div>\n<div class=\"x11i5rnm xat24cr x1mh8g0r x1vvkbs xtlvy1s\">Billettslipp:<\/div>\n<div class=\"x11i5rnm xat24cr x1mh8g0r x1vvkbs xtlvy1s\">Billettslipp kommer til \u00e5 v\u00e6re fredag 17 januar klokka 10 for komitemedlemmer. Her vil det v\u00e6re 4 sj\u00e5f\u00f8rbilletter, og 4 vanlige billetter. Du huker av for hvilken billett du \u00f8nsker \u00e5 kj\u00f8pe inne p\u00e5 nettsiden.<\/div>\n<div class=\"x11i5rnm xat24cr x1mh8g0r x1vvkbs xtlvy1s\">For andre medlemmer er billettslipp 17 januar klokka 13.00. Her vil det ogs\u00e5 v\u00e6re 4 sj\u00e5f\u00f8rbilletter, og 4 vanlige billetter. Du huker av for hvilken billett du \u00f8nsker \u00e5 kj\u00f8pe p\u00e5 nettsiden.<\/div>\n<div class=\"x11i5rnm xat24cr x1mh8g0r x1vvkbs xtlvy1s\"><\/div>\n<div class=\"x11i5rnm xat24cr x1mh8g0r x1vvkbs xtlvy1s\">Kostnader:<\/div>\n<div class=\"x11i5rnm xat24cr x1mh8g0r x1vvkbs xtlvy1s\">Turen vil koste 4400 kr. Det inkluderer leiebil, ferge og overnatting. Middag planlegges innad i hyttene. Frokost, lunsj og snacks st\u00e5r hver enkelt for selv. P\u00e5meldingen er bindende. Kan du ikke delta p\u00e5 turen er du selv ansvarlig for \u00e5 selge billetten videre. Ved videresalg er det viktig at vi f\u00e5r kontaktinformasjon til den som overtok plassen.<\/div>\n<div class=\"x11i5rnm xat24cr x1mh8g0r x1vvkbs xtlvy1s\">Kontaktinfo ved videresalg: vilde.tuen@gmail.com<\/div>\n<div class=\"x11i5rnm xat24cr x1mh8g0r x1vvkbs xtlvy1s\"><\/div>\n<div class=\"x11i5rnm xat24cr x1mh8g0r x1vvkbs xtlvy1s\">Minimumskrav:<\/div>\n<div class=\"x11i5rnm xat24cr x1mh8g0r x1vvkbs xtlvy1s\">Gyldig medlemskap i NTNUI kreves for \u00e5 melde seg p\u00e5.<br class=\"html-br\" \/>Betalt \u00e5rsmedlemskap i TF. Dette er en medlemskontingent som kreves for \u00e5 delta p\u00e5 NTNUI Topptur og Frikj\u00f8ring sine turer. Dette m\u00e5 skaffes f\u00f8r turen og kan kj\u00f8pes her:\u00a0<a class=\"x1i10hfl xjbqb8w x1ejq31n xd10rxx x1sy0etr x17r0tee x972fbf xcfux6l x1qhh985 xm0m39n x9f619 x1ypdohk xt0psk2 xe8uvvx xdj266r x11i5rnm xat24cr x1mh8g0r xexx8yu x4uap5 x18d9i69 xkhd6sd x16tdsg8 x1hl2dhg xggy1nq x1a2a7pz x1sur9pj xkrqix3 x1fey0fg x1s688f\" role=\"link\" href=\"https:\/\/l.facebook.com\/l.php?u=https%3A%2F%2Fntnui.no%2F...%2Fmedlemskap-i-ntnui-topptur-og...%2F%3Ffbclid%3DIwZXh0bgNhZW0CMTAAAR2HNk2c3AaUB4csh37foN9XPfgPleJjZGRrzLf3SQPpTDIYTQ5suceRAnA_aem_9V8VxcomAwGVnRuG4M_GeA&amp;h=AT1CEm1dwXUY3ZbygcKfRJVOhoOerX828ixjfB_oqBPY8KoRYUWMHWJ5mwgmF-LgczZRHInngwGot3NG2nLp-Ng7l9FNKfsAwEs3TySjwMqunRlZkKQWHffDTMrxFGtUp24e1QU_Gg&amp;__tn__=q&amp;c[0]=AT1UdnFzw8CWhaZIix0lVaygz5-CkjlUCbveB9XVPXVLE6vkdC7SyJh-52xphVRayNVbh8_oEt2v3LA74aG2bJ_SjCMbCCs2AylV3nu_o6o-3yryWDtUcq6jHGeBwJ-yN3xJPpIhiUxPaa_2RZuBqCSWCV4QG3Elr2dvxA\" target=\"_blank\" rel=\"nofollow noopener noreferrer\">https:\/\/ntnui.no\/&#8230;\/medlemskap-i-ntnui-topptur-og&#8230;\/<\/a>&#8230;<br class=\"html-br\" \/>Dere m\u00e5 ha med eget skredutstyr, sender\/mottaker, spade og s\u00f8kestang. TF har noen f\u00e5 skredpakker til utleie, send mail til tf-nestleder@ntnui.no dersom det er av interesse. Vi har dessverre ikke noe annet utstyr til leie.<br class=\"html-br\" \/>Egnet toppturutstyr til \u00e5 g\u00e5 tur med, toppturski, telemark, splitboard etc.<br class=\"html-br\" \/>Alle deltakere m\u00e5 mestre den grunnleggende bruken av b\u00e5de skred- og skiutstyret. Du m\u00e5 ha v\u00e6rt p\u00e5 tur f\u00f8r og kunne ta vare p\u00e5 deg selv i vinterfjellet. Har du ingen erfaring med toppturer p\u00e5 vinteren kan nybegynnerkurs hos DNT eller et av de profesjonelle guider selskapene anbefales som inngang til denne herlige sporten.<br class=\"html-br\" \/>Ingen av TFs turer er guidet, her st\u00e5r man fritt til \u00e5 legge opp turer selv. Ettersom omr\u00e5det inneholder en haug av lekre turer gir dette store muligheter for flotte opplevelser! Dette legger ansvaret p\u00e5 den enkelte deltaker, b\u00e5de i turplanlegging og avgj\u00f8relser som tas p\u00e5 tur. TF har ikke ansvar for deg og du er heller ikke forsikret gjennom TF n\u00e5r du er p\u00e5 tur med oss. Egen reiseforsikring anbefales sterkt.<br class=\"html-br\" \/>Ved kj\u00f8p av billetten s\u00e5 godkjenner dere TF sin ansvarsfraskrivelse. Den kan leses her:\u00a0<a class=\"x1i10hfl xjbqb8w x1ejq31n xd10rxx x1sy0etr x17r0tee x972fbf xcfux6l x1qhh985 xm0m39n x9f619 x1ypdohk xt0psk2 xe8uvvx xdj266r x11i5rnm xat24cr x1mh8g0r xexx8yu x4uap5 x18d9i69 xkhd6sd x16tdsg8 x1hl2dhg xggy1nq x1a2a7pz x1sur9pj xkrqix3 x1fey0fg x1s688f\" role=\"link\" href=\"https:\/\/l.facebook.com\/l.php?u=https%3A%2F%2Fdocs.google.com%2F...%2F13epxdiCaEWolp1GUcXg3...%2Fedit%3Ffbclid%3DIwZXh0bgNhZW0CMTAAAR20OxbZ785UqH37AKXK7mrdJ-dMjqxEajTa2zUsjHpc86xi9f_Qs_Ajj2A_aem_6kbMxR8dJo8rJUvBSeyaaQ&amp;h=AT0gGUkwICPdc_ePqEjA-OGrk-wTzh_MLoNiqml3rFUYNBCn-bgfOCfvqsspfjVoOFnnef07b3uzY9hWSWqiNMD9nJfQveD1nFCK_59kEIWwN7c30CxPmTwQMEKXOI1Vm_CM1QG_CA&amp;__tn__=q&amp;c[0]=AT1UdnFzw8CWhaZIix0lVaygz5-CkjlUCbveB9XVPXVLE6vkdC7SyJh-52xphVRayNVbh8_oEt2v3LA74aG2bJ_SjCMbCCs2AylV3nu_o6o-3yryWDtUcq6jHGeBwJ-yN3xJPpIhiUxPaa_2RZuBqCSWCV4QG3Elr2dvxA\" target=\"_blank\" rel=\"nofollow noopener noreferrer\">https:\/\/docs.google.com\/&#8230;\/13epxdiCaEWolp1GUcXg3&#8230;\/edit<\/a>&#8230;<\/div>\n<div class=\"x11i5rnm xat24cr x1mh8g0r x1vvkbs xtlvy1s\"><\/div>\n<div class=\"x11i5rnm xat24cr x1mh8g0r x1vvkbs xtlvy1s\">ENGLISH:<\/div>\n<div class=\"x11i5rnm xat24cr x1mh8g0r x1vvkbs xtlvy1s\">Hello all you wonderful ski enthusiasts!<\/div>\n<div class=\"x11i5rnm xat24cr x1mh8g0r x1vvkbs xtlvy1s\">This year\u2019s \u201clong trip\u201d is headed to Lofoten! The trip will take place from April 5\u201312, and we\u2019ll be staying in cozy cabins at Lofoten Feriesenter in Svolv\u00e6r. The cabins are beautifully located, with many great peaks in the area.<\/div>\n<div class=\"x11i5rnm xat24cr x1mh8g0r x1vvkbs xtlvy1s\">Meeting Point:<\/div>\n<div class=\"x11i5rnm xat24cr x1mh8g0r x1vvkbs xtlvy1s\">We\u2019ll meet in Bod\u00f8 on April 5 at 3:00 PM. We\u2019ve rented cars there and will take the ferry departing at 4:30 PM to Moskenes before continuing to Svolv\u00e6r. If you\u2019re flying in, make sure to arrive in Bod\u00f8 by 2:30 PM at the latest. There are direct flights from Trondheim and connections via Oslo with multiple airlines. You can also take the train, but you\u2019ll need to arrange your own accommodation in Bod\u00f8. Remember to buy a youth ticket\u2014it\u2019s the cheapest option. We will end the trip in Bod\u00f8, giving everyone the opportunity to travel home for the Easter holiday wherever they wish or stay longer in the north.<\/div>\n<div class=\"x11i5rnm xat24cr x1mh8g0r x1vvkbs xtlvy1s\">Drivers Needed:<\/div>\n<div class=\"x11i5rnm xat24cr x1mh8g0r x1vvkbs xtlvy1s\">We\u2019ll need drivers to handle the rental cars, and this requires a special ticket. To qualify as a driver, you must have held your license continuously for at least 2 years and feel comfortable driving on winter roads.<br class=\"html-br\" \/>Ticket Release<br class=\"html-br\" \/>Tickets will be released on Friday, January 17, at 10:00 AM for committee members. There will be 4 driver tickets and 4 regular tickets available. When purchasing on the website, make sure to select the type of ticket you need.<br class=\"html-br\" \/>For other members, tickets will be released on January 17, at 1:00 PM. Again, there will be 4 driver tickets and 4 regular tickets available, and you\u2019ll select your ticket type on the website.<\/div>\n<div class=\"x11i5rnm xat24cr x1mh8g0r x1vvkbs xtlvy1s\">Costs:<\/div>\n<div class=\"x11i5rnm xat24cr x1mh8g0r x1vvkbs xtlvy1s\">The trip will cost 4,400 NOK, which includes car rental, ferry, and accommodation. Dinner will be planned within each cabin group, while breakfast, lunch, and snacks are your own responsibility. The registration is binding. If you\u2019re unable to attend, you\u2019re responsible for reselling your ticket. If you do resell, please provide us with the contact details of the person taking your place.<\/div>\n<div class=\"x11i5rnm xat24cr x1mh8g0r x1vvkbs xtlvy1s\">Contact info for resales: vilde.tuen@gmail.com<\/div>\n<div class=\"x11i5rnm xat24cr x1mh8g0r x1vvkbs xtlvy1s\">MINIMUM REQUIREMENTS:<\/div>\n<div class=\"x11i5rnm xat24cr x1mh8g0r x1vvkbs xtlvy1s\">A valid NTNUI membership is mandatory for attending this trip.<br class=\"html-br\" \/>A paid membership in NTNUI Topptur og Frikj\u00f8ring must be bought to join our trips. This must be fixed before the trip and can be purchased here:\u00a0<a class=\"x1i10hfl xjbqb8w x1ejq31n xd10rxx x1sy0etr x17r0tee x972fbf xcfux6l x1qhh985 xm0m39n x9f619 x1ypdohk xt0psk2 xe8uvvx xdj266r x11i5rnm xat24cr x1mh8g0r xexx8yu x4uap5 x18d9i69 xkhd6sd x16tdsg8 x1hl2dhg xggy1nq x1a2a7pz x1sur9pj xkrqix3 x1fey0fg x1s688f\" role=\"link\" href=\"https:\/\/l.facebook.com\/l.php?u=https%3A%2F%2Fntnui.no%2F...%2Fmedlemskap-i-ntnui-topptur-og...%2F%3Ffbclid%3DIwZXh0bgNhZW0CMTAAAR2mKQ8b2zWk0Bn4ivmDTjEJxGAxFDG0rTsbC-VCzoL44lRLNQkhSGZWFsg_aem__fScSJsgQglzyiq7X6DsWA&amp;h=AT1CEm1dwXUY3ZbygcKfRJVOhoOerX828ixjfB_oqBPY8KoRYUWMHWJ5mwgmF-LgczZRHInngwGot3NG2nLp-Ng7l9FNKfsAwEs3TySjwMqunRlZkKQWHffDTMrxFGtUp24e1QU_Gg&amp;__tn__=q&amp;c[0]=AT1UdnFzw8CWhaZIix0lVaygz5-CkjlUCbveB9XVPXVLE6vkdC7SyJh-52xphVRayNVbh8_oEt2v3LA74aG2bJ_SjCMbCCs2AylV3nu_o6o-3yryWDtUcq6jHGeBwJ-yN3xJPpIhiUxPaa_2RZuBqCSWCV4QG3Elr2dvxA\" target=\"_blank\" rel=\"nofollow noopener noreferrer\">https:\/\/ntnui.no\/&#8230;\/medlemskap-i-ntnui-topptur-og&#8230;\/<\/a>&#8230;<br class=\"html-br\" \/>You must bring your own avalanche equipment, e.g transmitter \/ receiver, shovel and search probe. TF has a few avalanche packages for rent, send an email to tf-nestleder@ntnui.no if it is of interest. We unfortunately have no other equipment for rent.<br class=\"html-br\" \/>You must bring suitable equipment for ski touring e.g ski touring gear, telemark, splitboard etc.<br class=\"html-br\" \/>All participants must master the basic use of both the avalanche equipment and ski equipment. You must have ski toured in the mountains before and be able to take care of yourself in winter conditions. If you have no experience with ski touring, a beginner&#8217;s course at DNT or one of the professional guide companies can be recommended as an entrance to this wonderful sport.<br class=\"html-br\" \/>None of TF&#8217;s tours are guided, here you are free to plan tours yourself. As the area contains a bunch of tours, this provides great opportunities for great experiences! This places the responsibility on the individual participant, both in trip planning and decisions made in the mountains. TF is not responsible for you and you are not insured through TF when you are on a trip with us. Personal travel insurance is highly recommended.<br class=\"html-br\" \/>By filling out the registration, you approve TFs disclaimer of responsibility. It can be read here:\u00a0<a class=\"x1i10hfl xjbqb8w x1ejq31n xd10rxx x1sy0etr x17r0tee x972fbf xcfux6l x1qhh985 xm0m39n x9f619 x1ypdohk xt0psk2 xe8uvvx xdj266r x11i5rnm xat24cr x1mh8g0r xexx8yu x4uap5 x18d9i69 xkhd6sd x16tdsg8 x1hl2dhg xggy1nq x1a2a7pz x1sur9pj xkrqix3 x1fey0fg x1s688f\" role=\"link\" href=\"https:\/\/docs.google.com\/...\/13epxdiCaEWolp1GUcXg3...\/edit?fbclid=IwZXh0bgNhZW0CMTAAAR334c8h9CUycqepuMioqia4OFRCbYxk0kWC73aNLSJEg4buqoAhKmqu_fE_aem_6pfm9EbmY_zMBGe708G7Rw\" target=\"_blank\" rel=\"nofollow noopener noreferrer\">https:\/\/docs.google.com\/&#8230;\/13epxdiCaEWolp1GUcXg3&#8230;\/edit<\/a>&#8230;<\/div>\n<p>&nbsp;<\/p>\n","protected":false},"excerpt":{"rendered":"<p>Hei alle fine skifolk!! I \u00e5r g\u00e5r langturen til Lofoten!! Turen vil v\u00e6re fra 5-12 april og vi skal bo p\u00e5 koselige hytter p\u00e5 Lofoten feriesenter i Svolv\u00e6r! Hyttene ligger veldig fint til, og det er mange fine topper i omr\u00e5det. Oppm\u00f8te: Oppm\u00f8te blir i Bod\u00f8 5 april klokka 15. Vi har leid biler der [&hellip;]<\/p>\n","protected":false},"featured_media":6259,"comment_status":"open","ping_status":"closed","template":"","meta":{"inline_featured_image":false,"_coblocks_attr":"","_coblocks_dimensions":"","_coblocks_responsive_height":"","_coblocks_accordion_ie_support":"","_price":"4400","_stock":"","_tribe_ticket_header":"","_tribe_default_ticket_provider":"","_tribe_ticket_capacity":"12","_ticket_start_date":"","_ticket_end_date":"","_tribe_ticket_show_description":"","_tribe_ticket_show_not_going":false,"_tribe_ticket_use_global_stock":"","_tribe_ticket_global_stock_level":"","_global_stock_mode":"","_global_stock_cap":"","_tribe_rsvp_for_event":"","_tribe_ticket_going_count":"","_tribe_ticket_not_going_count":"","_tribe_tickets_list":[],"_tribe_ticket_has_attendee_info_fields":false},"product_brand":[],"product_cat":[39],"product_tag":[],"class_list":{"0":"post-6225","1":"product","2":"type-product","3":"status-publish","4":"has-post-thumbnail","6":"product_cat-trip","8":"first","9":"outofstock","10":"shipping-taxable","11":"purchasable","12":"product-type-variable"},"_links":{"self":[{"href":"https:\/\/ntnui.no\/toppturogfrikjoring\/wp-json\/wp\/v2\/product\/6225","targetHints":{"allow":["GET"]}}],"collection":[{"href":"https:\/\/ntnui.no\/toppturogfrikjoring\/wp-json\/wp\/v2\/product"}],"about":[{"href":"https:\/\/ntnui.no\/toppturogfrikjoring\/wp-json\/wp\/v2\/types\/product"}],"replies":[{"embeddable":true,"href":"https:\/\/ntnui.no\/toppturogfrikjoring\/wp-json\/wp\/v2\/comments?post=6225"}],"wp:featuredmedia":[{"embeddable":true,"href":"https:\/\/ntnui.no\/toppturogfrikjoring\/wp-json\/wp\/v2\/media\/6259"}],"wp:attachment":[{"href":"https:\/\/ntnui.no\/toppturogfrikjoring\/wp-json\/wp\/v2\/media?parent=6225"}],"wp:term":[{"taxonomy":"product_brand","embeddable":true,"href":"https:\/\/ntnui.no\/toppturogfrikjoring\/wp-json\/wp\/v2\/product_brand?post=6225"},{"taxonomy":"product_cat","embeddable":true,"href":"https:\/\/ntnui.no\/toppturogfrikjoring\/wp-json\/wp\/v2\/product_cat?post=6225"},{"taxonomy":"product_tag","embeddable":true,"href":"https:\/\/ntnui.no\/toppturogfrikjoring\/wp-json\/wp\/v2\/product_tag?post=6225"}],"curies":[{"name":"wp","href":"https:\/\/api.w.org\/{rel}","templated":true}]}}